{"id":349,"date":"2022-09-30T12:52:00","date_gmt":"2022-09-30T11:52:00","guid":{"rendered":"http:\/\/styleswp.com\/gratis-sex-meet-webbplatser\/"},"modified":"2022-09-30T12:52:00","modified_gmt":"2022-09-30T11:52:00","slug":"gratis-sex-meet-webbplatser","status":"publish","type":"page","link":"https:\/\/styleswp.com\/sv\/gratis-sex-meet-webbplatser\/","title":{"rendered":"Gratis Sex Meet-webbplatser"},"content":{"rendered":"<p>Det finns en m\u00e4ngd olika sexsajter f\u00f6r vuxna som tillgodoser olika m\u00e5lgrupper. Vissa webbplatser \u00e4r inriktade p\u00e5 dem som letar efter avslappnade anslutningar, medan andra \u00e4r mer inriktade p\u00e5 dem som s\u00f6ker ett mer seri\u00f6st f\u00f6rh\u00e5llande. Oavsett vad ditt m\u00e5l \u00e4r finns det en sexwebbplats f\u00f6r vuxna som kan hj\u00e4lpa dig att hitta det du letar efter.<\/p>\n<p>N\u00e4r du v\u00e4ljer en sexsida f\u00f6r vuxna \u00e4r det viktigt att \u00f6verv\u00e4ga vad du letar efter och vad dina personliga gr\u00e4nser \u00e4r. Det \u00e4r ocks\u00e5 viktigt att se till att webbplatsen du anv\u00e4nder \u00e4r ansedd och s\u00e4ker. Det finns m\u00e5nga bedr\u00e4gerier d\u00e4r ute, s\u00e5 det \u00e4r viktigt att g\u00f6ra din forskning innan du registrerar dig f\u00f6r n\u00e5gonting.<\/p>\n<p>Om du letar efter en avslappnad anslutning finns det n\u00e5gra saker du kan g\u00f6ra f\u00f6r att \u00f6ka dina chanser att lyckas. Se f\u00f6rst till att du \u00e4r tydlig med vad du letar efter. Var uppriktig om dina f\u00f6rv\u00e4ntningar och vad du \u00e4r villig att g\u00f6ra. F\u00f6r det andra, var noga med att utbyta foton och kontaktinformation innan du tr\u00e4ffas. Detta hj\u00e4lper till att s\u00e4kerst\u00e4lla att ni b\u00e5da \u00e4r p\u00e5 samma sida och att det inte finns n\u00e5gra \u00f6verraskningar n\u00e4r ni tr\u00e4ffas personligen. Om du letar efter ett mer seri\u00f6st f\u00f6rh\u00e5llande kan sexsajter f\u00f6r vuxna fortfarande vara ett bra alternativ. Se bara till att vara tydlig med dina avsikter fr\u00e5n b\u00f6rjan. Var \u00e4rlig om vad du letar efter och var villig att l\u00e4gga ner arbetet f\u00f6r att hitta en kompatibel partner. Det kan ta lite tid, men det kommer att vara v\u00e4rt det i slut\u00e4ndan.<\/p>\n<h2>Sexdejting f\u00f6r vuxna<\/h2>\n<p>Det finns mycket debatt kring \u00e4mnet sexdejting f\u00f6r vuxna. Vissa m\u00e4nniskor tror att det \u00e4r ett helt acceptabelt s\u00e4tt att tr\u00e4ffa n\u00e5gon ny och ha kul, medan andra tror att det inte \u00e4r n\u00e5got annat \u00e4n ett s\u00e4tt att utnyttja n\u00e5gon k\u00e4nslom\u00e4ssigt eller sexuellt. Oavsett vad dina personliga \u00f6vertygelser \u00e4r, \u00e4r det viktigt att respektera andras \u00f6vertygelser n\u00e4r du deltar i sexdejting f\u00f6r vuxna. Om du inte \u00e4r bekv\u00e4m med tanken p\u00e5 sexdejting f\u00f6r vuxna, \u00e4r det f\u00f6rmodligen inte r\u00e4tt aktivitet f\u00f6r dig. Men om du \u00e4r \u00f6ppen och villig att prova, kanske du tycker att det \u00e4r mycket roligt och kan leda till n\u00e5gra fantastiska upplevelser.<\/p>\n<p>Sex kan vara ett bra s\u00e4tt att l\u00e4ra k\u00e4nna n\u00e5gon och ta reda p\u00e5 om du har en anslutning, men det \u00e4r inte alltid det b\u00e4sta s\u00e4ttet att hitta k\u00e4rlek. Om du letar efter n\u00e5got mer seri\u00f6st \u00e4r det viktigt att ta dig tid att l\u00e4ra k\u00e4nna n\u00e5gon innan du blir fysisk. sex kan vara ett bra s\u00e4tt att ha kul och utforska din sexualitet, men det \u00e4r inte alltid det b\u00e4sta s\u00e4ttet att hitta k\u00e4rlek.<\/p>\n<h2>Lokal anslutning<\/h2>\n<p>Det finns n\u00e5gra lokala sexsajter som har vunnit popularitet p\u00e5 senare tid som ett s\u00e4tt att dejta. Dessa sexsajter till\u00e5ter m\u00e4nniskor att f\u00e5 kontakt med andra som letar efter sexuella m\u00f6ten, antingen online eller offline. Webbplatserna har vanligtvis profiler av medlemmar som inneh\u00e5ller foton och grundl\u00e4ggande information om sig sj\u00e4lva, liksom vad de letar efter hos en sexpartner. N\u00e5gra av de mer popul\u00e4ra lokala sexsajterna inkluderar Fling, Adult Friend Finder och Get Laid Tonight.<\/p>\n<h3>FriendFinder-X<\/h3>\n<p>FriendFinder-X \u00e4r en sexsajt f\u00f6r vuxna som fakturerar sig sj\u00e4lv som &#8221;v\u00e4rldens st\u00f6rsta dejting- och anslutningssida f\u00f6r vuxna.&#8221; Webbplatsen har \u00f6ver 90 miljoner medlemmar \u00f6ver hela v\u00e4rlden och den p\u00e5st\u00e5r sig vara ansvarig f\u00f6r \u00f6ver 10 000 nya relationer varje vecka. Webbplatsen \u00e4r gratis att g\u00e5 med, men du m\u00e5ste uppgradera till ett betalt medlemskap f\u00f6r att f\u00e5 tillg\u00e5ng till de flesta av webbplatsens funktioner.<\/p>\n<ul>\n<li>P\u00e5 plussidan erbjuder FriendFinder-X massor av funktioner f\u00f6r sina medlemmar, inklusive livevideochatt, ett &#8221;hett eller inte&#8221; -spel och en &#8221;livechatt&#8221; -funktion som g\u00f6r det m\u00f6jligt f\u00f6r medlemmar att chatta med varandra i realtid. Webbplatsen har ocks\u00e5 ett &#8221;po\u00e4ng&#8221; -system som g\u00f6r det m\u00f6jligt f\u00f6r medlemmar att tj\u00e4na po\u00e4ng genom att delta i olika aktiviteter p\u00e5 webbplatsen, som de sedan kan anv\u00e4nda f\u00f6r att k\u00f6pa virtuella presenter till andra medlemmar.<\/li>\n<li>P\u00e5 nackdelen \u00e4r FriendFinder-X lite av en blandad p\u00e5se. Webbplatsens design \u00e4r n\u00e5got daterad och det kan vara sv\u00e5rt att navigera. Dessutom erbjuder webbplatsens gratis medlemskap inte mycket i v\u00e4gen f\u00f6r funktioner, och du m\u00e5ste uppgradera till ett betalt medlemskap f\u00f6r att f\u00e5 tillg\u00e5ng till de flesta av webbplatsens funktioner. Sammantaget \u00e4r FriendFinder-X ett anst\u00e4ndigt alternativ f\u00f6r vuxna som letar efter en avslappnad anslutningssida.<\/li>\n<\/ul>\n<h3>Fling.com<\/h3>\n<p>Fling.com \u00e4r en popul\u00e4r sexdejtingapp f\u00f6r vuxna med en bred anv\u00e4ndarbas och intressanta funktioner. Dess anv\u00e4ndargr\u00e4nssnitt \u00e4r inte det mest intuitiva, men det \u00e4r l\u00e4tt att anv\u00e4nda n\u00e4r du v\u00e4l har f\u00e5tt tag p\u00e5 det. Appen har ett bra urval av singlar att v\u00e4lja mellan och \u00e4r l\u00e4tt att anv\u00e4nda n\u00e4r du v\u00e4l har f\u00e5tt tag p\u00e5 den. Sammantaget \u00e4r Fling.com en bra sexdejtingapp f\u00f6r vuxna och \u00e4r v\u00e4rt att kolla in.<\/p>\n<h3>DateMyAge<\/h3>\n<p>Det finns m\u00e5nga sexsajter f\u00f6r vuxna d\u00e4r ute och det kan vara sv\u00e5rt att hitta en som passar dina behov. Det \u00e4r d\u00e4rf\u00f6r vi granskar dejtingappen DateMyAge idag. Denna app \u00e4r utformad speciellt f\u00f6r personer som letar efter sexsajter f\u00f6r vuxna. Det \u00e4r ett bra s\u00e4tt att hitta en webbplats som passar dig och det \u00e4r ocks\u00e5 ett bra s\u00e4tt att tr\u00e4ffa nya m\u00e4nniskor. Appen \u00e4r gratis att ladda ner och den \u00e4r enkel att anv\u00e4nda. Du kan s\u00f6ka efter webbplatser efter plats, \u00e5lder och intressen. Du kan ocks\u00e5 l\u00e4sa recensioner av webbplatser innan du g\u00e5r med i dem. DateMyAge dejtingsapp \u00e4r ett utm\u00e4rkt s\u00e4tt att hitta den perfekta sexsidan f\u00f6r vuxna f\u00f6r dig.<\/p>\n","protected":false},"excerpt":{"rendered":"<div class=\"mh-excerpt\"><p>Det finns en m\u00e4ngd olika sexsajter f\u00f6r vuxna som tillgodoser olika m\u00e5lgrupper. Vissa webbplatser \u00e4r inriktade p\u00e5 dem som letar efter avslappnade anslutningar, medan andra <a class=\"mh-excerpt-more\" href=\"https:\/\/styleswp.com\/sv\/gratis-sex-meet-webbplatser\/\" title=\"Gratis Sex Meet-webbplatser\">[&#8230;]<\/a><\/p>\n<\/div>","protected":false},"author":1,"featured_media":0,"parent":0,"menu_order":0,"comment_status":"closed","ping_status":"closed","template":"","meta":[],"yoast_head":"<!-- This site is optimized with the Yoast SEO plugin v17.7.1 - https:\/\/yoast.com\/wordpress\/plugins\/seo\/ -->\n<title>Gratis Sex Meet-webbplatser - Relationship Guide<\/title>\n<meta name=\"robots\" content=\"index, follow, max-snippet:-1, max-image-preview:large, max-video-preview:-1\" \/>\n<link rel=\"canonical\" href=\"https:\/\/styleswp.com\/sv\/gratis-sex-meet-webbplatser\/\" \/>\n<meta property=\"og:locale\" content=\"sv_SE\" \/>\n<meta property=\"og:type\" content=\"article\" \/>\n<meta property=\"og:title\" content=\"Gratis Sex Meet-webbplatser - Relationship Guide\" \/>\n<meta property=\"og:description\" content=\"Det finns en m\u00e4ngd olika sexsajter f\u00f6r vuxna som tillgodoser olika m\u00e5lgrupper. Vissa webbplatser \u00e4r inriktade p\u00e5 dem som letar efter avslappnade anslutningar, medan andra [...]\" \/>\n<meta property=\"og:url\" content=\"https:\/\/styleswp.com\/sv\/gratis-sex-meet-webbplatser\/\" \/>\n<meta property=\"og:site_name\" content=\"Relationship Guide\" \/>\n<meta name=\"twitter:card\" content=\"summary_large_image\" \/>\n<meta name=\"twitter:label1\" content=\"Ber\u00e4knad l\u00e4stid\" \/>\n\t<meta name=\"twitter:data1\" content=\"5 minuter\" \/>\n<script type=\"application\/ld+json\" class=\"yoast-schema-graph\">{\"@context\":\"https:\/\/schema.org\",\"@graph\":[{\"@type\":\"WebSite\",\"@id\":\"http:\/\/styleswp.com\/fi\/#website\",\"url\":\"http:\/\/styleswp.com\/fi\/\",\"name\":\"Relationship Guide\",\"description\":\"Meet Your Match\",\"potentialAction\":[{\"@type\":\"SearchAction\",\"target\":{\"@type\":\"EntryPoint\",\"urlTemplate\":\"http:\/\/styleswp.com\/fi\/?s={search_term_string}\"},\"query-input\":\"required name=search_term_string\"}],\"inLanguage\":\"sv-SE\"},{\"@type\":\"WebPage\",\"@id\":\"https:\/\/styleswp.com\/sv\/gratis-sex-meet-webbplatser\/#webpage\",\"url\":\"https:\/\/styleswp.com\/sv\/gratis-sex-meet-webbplatser\/\",\"name\":\"Gratis Sex Meet-webbplatser - Relationship Guide\",\"isPartOf\":{\"@id\":\"http:\/\/styleswp.com\/fi\/#website\"},\"datePublished\":\"2022-09-30T11:52:00+00:00\",\"dateModified\":\"2022-09-30T11:52:00+00:00\",\"breadcrumb\":{\"@id\":\"https:\/\/styleswp.com\/sv\/gratis-sex-meet-webbplatser\/#breadcrumb\"},\"inLanguage\":\"sv-SE\",\"potentialAction\":[{\"@type\":\"ReadAction\",\"target\":[\"https:\/\/styleswp.com\/sv\/gratis-sex-meet-webbplatser\/\"]}]},{\"@type\":\"BreadcrumbList\",\"@id\":\"https:\/\/styleswp.com\/sv\/gratis-sex-meet-webbplatser\/#breadcrumb\",\"itemListElement\":[{\"@type\":\"ListItem\",\"position\":1,\"name\":\"Home\",\"item\":\"https:\/\/styleswp.com\/sv\/\"},{\"@type\":\"ListItem\",\"position\":2,\"name\":\"Gratis Sex Meet-webbplatser\"}]}]}<\/script>\n<!-- \/ Yoast SEO plugin. -->","yoast_head_json":{"title":"Gratis Sex Meet-webbplatser - Relationship Guide","robots":{"index":"index","follow":"follow","max-snippet":"max-snippet:-1","max-image-preview":"max-image-preview:large","max-video-preview":"max-video-preview:-1"},"canonical":"https:\/\/styleswp.com\/sv\/gratis-sex-meet-webbplatser\/","og_locale":"sv_SE","og_type":"article","og_title":"Gratis Sex Meet-webbplatser - Relationship Guide","og_description":"Det finns en m\u00e4ngd olika sexsajter f\u00f6r vuxna som tillgodoser olika m\u00e5lgrupper. Vissa webbplatser \u00e4r inriktade p\u00e5 dem som letar efter avslappnade anslutningar, medan andra [...]","og_url":"https:\/\/styleswp.com\/sv\/gratis-sex-meet-webbplatser\/","og_site_name":"Relationship Guide","twitter_card":"summary_large_image","twitter_misc":{"Ber\u00e4knad l\u00e4stid":"5 minuter"},"schema":{"@context":"https:\/\/schema.org","@graph":[{"@type":"WebSite","@id":"http:\/\/styleswp.com\/fi\/#website","url":"http:\/\/styleswp.com\/fi\/","name":"Relationship Guide","description":"Meet Your Match","potentialAction":[{"@type":"SearchAction","target":{"@type":"EntryPoint","urlTemplate":"http:\/\/styleswp.com\/fi\/?s={search_term_string}"},"query-input":"required name=search_term_string"}],"inLanguage":"sv-SE"},{"@type":"WebPage","@id":"https:\/\/styleswp.com\/sv\/gratis-sex-meet-webbplatser\/#webpage","url":"https:\/\/styleswp.com\/sv\/gratis-sex-meet-webbplatser\/","name":"Gratis Sex Meet-webbplatser - Relationship Guide","isPartOf":{"@id":"http:\/\/styleswp.com\/fi\/#website"},"datePublished":"2022-09-30T11:52:00+00:00","dateModified":"2022-09-30T11:52:00+00:00","breadcrumb":{"@id":"https:\/\/styleswp.com\/sv\/gratis-sex-meet-webbplatser\/#breadcrumb"},"inLanguage":"sv-SE","potentialAction":[{"@type":"ReadAction","target":["https:\/\/styleswp.com\/sv\/gratis-sex-meet-webbplatser\/"]}]},{"@type":"BreadcrumbList","@id":"https:\/\/styleswp.com\/sv\/gratis-sex-meet-webbplatser\/#breadcrumb","itemListElement":[{"@type":"ListItem","position":1,"name":"Home","item":"https:\/\/styleswp.com\/sv\/"},{"@type":"ListItem","position":2,"name":"Gratis Sex Meet-webbplatser"}]}]}},"_links":{"self":[{"href":"https:\/\/styleswp.com\/sv\/wp-json\/wp\/v2\/pages\/349"}],"collection":[{"href":"https:\/\/styleswp.com\/sv\/wp-json\/wp\/v2\/pages"}],"about":[{"href":"https:\/\/styleswp.com\/sv\/wp-json\/wp\/v2\/types\/page"}],"author":[{"embeddable":true,"href":"https:\/\/styleswp.com\/sv\/wp-json\/wp\/v2\/users\/1"}],"replies":[{"embeddable":true,"href":"https:\/\/styleswp.com\/sv\/wp-json\/wp\/v2\/comments?post=349"}],"version-history":[{"count":0,"href":"https:\/\/styleswp.com\/sv\/wp-json\/wp\/v2\/pages\/349\/revisions"}],"wp:attachment":[{"href":"https:\/\/styleswp.com\/sv\/wp-json\/wp\/v2\/media?parent=349"}],"curies":[{"name":"wp","href":"https:\/\/api.w.org\/{rel}","templated":true}]}}