{"id":169,"date":"2022-09-13T11:59:37","date_gmt":"2022-09-13T10:59:37","guid":{"rendered":"http:\/\/styleswp.com\/hitta-karlek-med-anslutningsappar\/"},"modified":"2022-09-13T11:59:37","modified_gmt":"2022-09-13T10:59:37","slug":"hitta-karlek-med-anslutningsappar","status":"publish","type":"page","link":"https:\/\/styleswp.com\/sv\/","title":{"rendered":"Hitta k\u00e4rlek med anslutningsappar"},"content":{"rendered":"<p>Casual hookups \u00e4r kortvariga m\u00f6ten som vanligtvis slutar efter sex. De \u00e4r roliga, enkla och avslappnade.<\/p>\n<p>Det finns gott om webbplatser online som tillgodoser specifikt avslappnade anslutningar. Dessa webbplatser till\u00e5ter medlemmar att tr\u00e4ffa andra m\u00e4nniskor som delar liknande intressen och \u00f6nskem\u00e5l. Vissa erbjuder betalda tj\u00e4nster, medan andra \u00e4r helt gratis.<\/p>\n<p>Oavsett om du f\u00f6redrar att betala f\u00f6r en tj\u00e4nst eller inte, \u00e4r det viktigt att komma ih\u00e5g att avslappnad anslutning inte alltid \u00e4r s\u00e4ker. Se till att du v\u00e4ljer en ansedd webbplats som erbjuder diskreta tj\u00e4nster och skyddar din integritet. F\u00f6rs\u00f6k ocks\u00e5 att undvika att tr\u00e4ffa n\u00e5gon personligen tills du k\u00e4nner dig bekv\u00e4m med att g\u00f6ra det.<\/p>\n<p>Det \u00e4r ocks\u00e5 viktigt att f\u00f6rst\u00e5 att vuxna anslutningar aldrig kommer att ers\u00e4tta l\u00e5ngsiktiga relationer. \u00c4ven om de kan ge en snabb l\u00f6sning f\u00f6r ensamhet, \u00e4r de inte avsedda att vara permanenta l\u00f6sningar. Ist\u00e4llet \u00e4r de bara ett annat alternativ f\u00f6r att hitta k\u00e4rleken.<\/p>\n<h2>Dating Hookup webbplatser<\/h2>\n<p>Anslutningar blir alltmer popul\u00e4ra bland singlar idag. Oavsett om du f\u00f6redrar att tr\u00e4ffa n\u00e5gon ansikte mot ansikte eller online, erbjuder anslutningar ett roligt alternativ till traditionella relationer.<\/p>\n<p>Det finns flera olika typer av anslutningar tillg\u00e4ngliga, inklusive avslappnade m\u00f6ten, trekanter och gruppsex. Tillf\u00e4lliga m\u00f6ten \u00e4r vanligtvis kortsiktiga aff\u00e4rer, medan trekanter och gruppsex vanligtvis \u00e4r l\u00e5ngsiktiga aff\u00e4rer.<\/p>\n<p>Oavsett om du f\u00f6redrar att ansluta online eller offline finns det gott om webbplatser som tillgodoser specifikt denna typ av aktivitet.<\/p>\n<h2>Varf\u00f6r du ska leta efter en anslutning online<\/h2>\n<p>Anslutningar \u00e4r roliga och sp\u00e4nnande, men de \u00e4r inte alltid s\u00e4kra. Det finns ingen garanti f\u00f6r att du tr\u00e4ffar n\u00e5gon som vill tr\u00e4ffa dig, \u00e4n mindre spendera pengar p\u00e5 middag och drinkar.<\/p>\n<p>Det \u00e4r d\u00e4rf\u00f6r det l\u00f6nar sig att ansluta online. Med webbplatser som Tinder, OkCupid, PlentyOfFish och Match kan du bl\u00e4ddra bland profiler och svepa \u00e5t v\u00e4nster eller h\u00f6ger baserat p\u00e5 foton och intressen. Sedan kan du meddela potentiella datum direkt fr\u00e5n appen. Dessa appar \u00e4r enkla att anv\u00e4nda och de l\u00e5ter dig filtrera matchningar baserat p\u00e5 plats, \u00e5lder, k\u00f6n, relationsstatus och andra preferenser. Dessutom kan du chatta med dina matchningar via textmeddelanden eller r\u00f6stsamtal.<\/p>\n<p>\u00c4ven om dessa appar \u00e4r praktiska \u00e4r de inte n\u00f6dv\u00e4ndigtvis s\u00e4kra. Vissa av dem kr\u00e4ver att anv\u00e4ndare delar personlig information, inklusive fullst\u00e4ndiga namn, f\u00f6delsedagar och platser. Andra kan be om betalning i f\u00f6rskott. S\u00e5 \u00e4ven om de \u00e4r ett bra alternativ f\u00f6r avslappnad sex, \u00e4r de inte idealiska f\u00f6r att tr\u00e4ffa l\u00e5ngsiktiga partners. F\u00f6r att undvika bedr\u00e4gerier, verifiera identiteten p\u00e5 varje person du kommunicerar med. Och kom ih\u00e5g att bara f\u00f6r att n\u00e5gon s\u00e4ger att han eller hon bor i n\u00e4rheten betyder det inte att de verkligen g\u00f6r det.<\/p>\n<p>Det \u00e4r ocks\u00e5 viktigt att vara f\u00f6rsiktig med vem du litar p\u00e5. Skicka inte pengar till fr\u00e4mlingar eller g\u00e5 med p\u00e5 att tr\u00e4ffa dem om du inte har tr\u00e4ffat dem \u00e4nnu. Betala aldrig f\u00f6r n\u00e5got via en tredje part. Ordna ist\u00e4llet allt sj\u00e4lv.<\/p>\n<h2>Varf\u00f6r dejtingappar fungerar f\u00f6r ensamma singlar<\/h2>\n<p>Det finns m\u00e5nga olika dejtingsappar tillg\u00e4ngliga idag, inklusive de som \u00e4r inriktade p\u00e5 specifik demografi. Vissa webbplatser tillgodoser specifikt personer \u00f6ver 40 \u00e5r, medan andra fokuserar p\u00e5 yngre vuxna. Det finns ocks\u00e5 nischwebbplatser som tillgodoser m\u00e4nniskor som f\u00f6redrar vissa aktiviteter, till exempel swingers eller polyamori.<\/p>\n<p>En sak att komma ih\u00e5g n\u00e4r du s\u00f6ker efter en avslappnad dejtingsajt \u00e4r att det alltid \u00e4r b\u00e4st att v\u00e4lja en som matchar din livsstil. Webbplatser som erbjuder medlemskap baserat p\u00e5 sexuell l\u00e4ggning eller k\u00f6nsidentitet tenderar att locka m\u00e4nniskor som \u00e4r \u00f6ppna f\u00f6r att utforska alternativa livsstilar. Andra faktorer att t\u00e4nka p\u00e5 inkluderar om webbplatsen erbjuder betalda medlemsalternativ, till\u00e5ter medlemmar att ladda upp foton och tillhandah\u00e5ller meddelandefunktioner.<\/p>\n<h3>S\u00e4kerhet<\/h3>\n<p>Det \u00e4r ocks\u00e5 viktigt att titta p\u00e5 sekretesspolicyn f\u00f6r potentiella webbplatser. M\u00e5nga lokala dejtingsajter kr\u00e4ver att medlemmar tillhandah\u00e5ller personlig information, till exempel fullst\u00e4ndiga namn, f\u00f6delsedatum och fysiska adresser. Se till att du f\u00f6rst\u00e5r exakt vilken information som samlas in och lagras, samt hur l\u00e4nge den f\u00f6rblir privat.<\/p>\n<p>Vissa webbplatser ber ocks\u00e5 medlemmar att betala en avgift f\u00f6r att g\u00e5 med. \u00c4ven om det \u00e4r vanligt att betala avgifter bland dejtingsajter f\u00f6r vuxna, \u00e4r det fortfarande v\u00e4rt att \u00f6verv\u00e4ga om du planerar att bes\u00f6ka ofta. Om du till exempel planerar att spendera $ 20 varje m\u00e5nad p\u00e5 en prenumeration kan du spara pengar genom att registrera dig f\u00f6r en gratis provperiod ist\u00e4llet.<\/p>\n<p>F\u00f6rutom att hitta en lokal dejtingsajt \u00e4r det ocks\u00e5 viktigt att st\u00e4lla f\u00f6rv\u00e4ntningar med din partner. N\u00e4r man tr\u00e4ffar n\u00e5gon f\u00f6r f\u00f6rsta g\u00e5ngen \u00e4r det naturligt att k\u00e4nna sig upphetsad och nerv\u00f6s. Det \u00e4r dock viktigt att kommunicera tydligt med din partner om dina avsikter. Ber\u00e4tta f\u00f6r honom eller henne vilken typ av person du s\u00f6ker och vad du f\u00f6rv\u00e4ntar dig av upplevelsen.<\/p>\n<p>Om du till exempel \u00e4r intresserad av att ha sex med fr\u00e4mlingar, l\u00e5t din partner veta i f\u00f6rv\u00e4g. F\u00f6rs\u00f6k ocks\u00e5 att undvika att prata om tidigare partners eller tidigare erfarenheter. Det \u00e4r okej att prata om dina egna \u00f6nskningar och fantasier, men det \u00e4r viktigt att respektera din partners gr\u00e4nser.<\/p>\n","protected":false},"excerpt":{"rendered":"<div class=\"mh-excerpt\"><p>Casual hookups \u00e4r kortvariga m\u00f6ten som vanligtvis slutar efter sex. De \u00e4r roliga, enkla och avslappnade. Det finns gott om webbplatser online som tillgodoser specifikt <a class=\"mh-excerpt-more\" href=\"https:\/\/styleswp.com\/sv\/\" title=\"Hitta k\u00e4rlek med anslutningsappar\">[&#8230;]<\/a><\/p>\n<\/div>","protected":false},"author":1,"featured_media":81,"parent":0,"menu_order":0,"comment_status":"closed","ping_status":"closed","template":"","meta":[],"yoast_head":"<!-- This site is optimized with the Yoast SEO plugin v17.7.1 - https:\/\/yoast.com\/wordpress\/plugins\/seo\/ -->\n<title>Hitta k\u00e4rlek med anslutningsappar - Relationship Guide<\/title>\n<meta name=\"robots\" content=\"index, follow, max-snippet:-1, max-image-preview:large, max-video-preview:-1\" \/>\n<link rel=\"canonical\" href=\"https:\/\/styleswp.com\/sv\/\" \/>\n<meta property=\"og:locale\" content=\"sv_SE\" \/>\n<meta property=\"og:type\" content=\"article\" \/>\n<meta property=\"og:title\" content=\"Hitta k\u00e4rlek med anslutningsappar - Relationship Guide\" \/>\n<meta property=\"og:description\" content=\"Casual hookups \u00e4r kortvariga m\u00f6ten som vanligtvis slutar efter sex. De \u00e4r roliga, enkla och avslappnade. Det finns gott om webbplatser online som tillgodoser specifikt [...]\" \/>\n<meta property=\"og:url\" content=\"https:\/\/styleswp.com\/sv\/\" \/>\n<meta property=\"og:site_name\" content=\"Relationship Guide\" \/>\n<meta property=\"og:image\" content=\"https:\/\/styleswp.com\/wp-content\/uploads\/2022\/09\/dates-and-more.jpeg\" \/>\n\t<meta property=\"og:image:width\" content=\"2249\" \/>\n\t<meta property=\"og:image:height\" content=\"1500\" \/>\n<meta name=\"twitter:card\" content=\"summary_large_image\" \/>\n<meta name=\"twitter:label1\" content=\"Ber\u00e4knad l\u00e4stid\" \/>\n\t<meta name=\"twitter:data1\" content=\"5 minuter\" \/>\n<script type=\"application\/ld+json\" class=\"yoast-schema-graph\">{\"@context\":\"https:\/\/schema.org\",\"@graph\":[{\"@type\":\"WebSite\",\"@id\":\"http:\/\/styleswp.com\/fi\/#website\",\"url\":\"http:\/\/styleswp.com\/fi\/\",\"name\":\"Relationship Guide\",\"description\":\"Meet Your Match\",\"potentialAction\":[{\"@type\":\"SearchAction\",\"target\":{\"@type\":\"EntryPoint\",\"urlTemplate\":\"http:\/\/styleswp.com\/fi\/?s={search_term_string}\"},\"query-input\":\"required name=search_term_string\"}],\"inLanguage\":\"sv-SE\"},{\"@type\":\"ImageObject\",\"@id\":\"https:\/\/styleswp.com\/sv\/#primaryimage\",\"inLanguage\":\"sv-SE\",\"url\":\"https:\/\/styleswp.com\/wp-content\/uploads\/2022\/09\/dates-and-more.jpeg\",\"contentUrl\":\"https:\/\/styleswp.com\/wp-content\/uploads\/2022\/09\/dates-and-more.jpeg\",\"width\":2249,\"height\":1500},{\"@type\":\"WebPage\",\"@id\":\"https:\/\/styleswp.com\/sv\/#webpage\",\"url\":\"https:\/\/styleswp.com\/sv\/\",\"name\":\"Hitta k\\u00e4rlek med anslutningsappar - Relationship Guide\",\"isPartOf\":{\"@id\":\"http:\/\/styleswp.com\/fi\/#website\"},\"primaryImageOfPage\":{\"@id\":\"https:\/\/styleswp.com\/sv\/#primaryimage\"},\"datePublished\":\"2022-09-13T10:59:37+00:00\",\"dateModified\":\"2022-09-13T10:59:37+00:00\",\"breadcrumb\":{\"@id\":\"https:\/\/styleswp.com\/sv\/#breadcrumb\"},\"inLanguage\":\"sv-SE\",\"potentialAction\":[{\"@type\":\"ReadAction\",\"target\":[\"https:\/\/styleswp.com\/sv\/\"]}]},{\"@type\":\"BreadcrumbList\",\"@id\":\"https:\/\/styleswp.com\/sv\/#breadcrumb\",\"itemListElement\":[{\"@type\":\"ListItem\",\"position\":1,\"name\":\"Home\",\"item\":\"https:\/\/styleswp.com\/sv\/\"},{\"@type\":\"ListItem\",\"position\":2,\"name\":\"Hitta k\\u00e4rlek med anslutningsappar\"}]}]}<\/script>\n<!-- \/ Yoast SEO plugin. -->","yoast_head_json":{"title":"Hitta k\u00e4rlek med anslutningsappar - Relationship Guide","robots":{"index":"index","follow":"follow","max-snippet":"max-snippet:-1","max-image-preview":"max-image-preview:large","max-video-preview":"max-video-preview:-1"},"canonical":"https:\/\/styleswp.com\/sv\/","og_locale":"sv_SE","og_type":"article","og_title":"Hitta k\u00e4rlek med anslutningsappar - Relationship Guide","og_description":"Casual hookups \u00e4r kortvariga m\u00f6ten som vanligtvis slutar efter sex. De \u00e4r roliga, enkla och avslappnade. Det finns gott om webbplatser online som tillgodoser specifikt [...]","og_url":"https:\/\/styleswp.com\/sv\/","og_site_name":"Relationship Guide","og_image":[{"width":2249,"height":1500,"url":"https:\/\/styleswp.com\/wp-content\/uploads\/2022\/09\/dates-and-more.jpeg","type":"image\/jpeg"}],"twitter_card":"summary_large_image","twitter_misc":{"Ber\u00e4knad l\u00e4stid":"5 minuter"},"schema":{"@context":"https:\/\/schema.org","@graph":[{"@type":"WebSite","@id":"http:\/\/styleswp.com\/fi\/#website","url":"http:\/\/styleswp.com\/fi\/","name":"Relationship Guide","description":"Meet Your Match","potentialAction":[{"@type":"SearchAction","target":{"@type":"EntryPoint","urlTemplate":"http:\/\/styleswp.com\/fi\/?s={search_term_string}"},"query-input":"required name=search_term_string"}],"inLanguage":"sv-SE"},{"@type":"ImageObject","@id":"https:\/\/styleswp.com\/sv\/#primaryimage","inLanguage":"sv-SE","url":"https:\/\/styleswp.com\/wp-content\/uploads\/2022\/09\/dates-and-more.jpeg","contentUrl":"https:\/\/styleswp.com\/wp-content\/uploads\/2022\/09\/dates-and-more.jpeg","width":2249,"height":1500},{"@type":"WebPage","@id":"https:\/\/styleswp.com\/sv\/#webpage","url":"https:\/\/styleswp.com\/sv\/","name":"Hitta k\u00e4rlek med anslutningsappar - Relationship Guide","isPartOf":{"@id":"http:\/\/styleswp.com\/fi\/#website"},"primaryImageOfPage":{"@id":"https:\/\/styleswp.com\/sv\/#primaryimage"},"datePublished":"2022-09-13T10:59:37+00:00","dateModified":"2022-09-13T10:59:37+00:00","breadcrumb":{"@id":"https:\/\/styleswp.com\/sv\/#breadcrumb"},"inLanguage":"sv-SE","potentialAction":[{"@type":"ReadAction","target":["https:\/\/styleswp.com\/sv\/"]}]},{"@type":"BreadcrumbList","@id":"https:\/\/styleswp.com\/sv\/#breadcrumb","itemListElement":[{"@type":"ListItem","position":1,"name":"Home","item":"https:\/\/styleswp.com\/sv\/"},{"@type":"ListItem","position":2,"name":"Hitta k\u00e4rlek med anslutningsappar"}]}]}},"_links":{"self":[{"href":"https:\/\/styleswp.com\/sv\/wp-json\/wp\/v2\/pages\/169"}],"collection":[{"href":"https:\/\/styleswp.com\/sv\/wp-json\/wp\/v2\/pages"}],"about":[{"href":"https:\/\/styleswp.com\/sv\/wp-json\/wp\/v2\/types\/page"}],"author":[{"embeddable":true,"href":"https:\/\/styleswp.com\/sv\/wp-json\/wp\/v2\/users\/1"}],"replies":[{"embeddable":true,"href":"https:\/\/styleswp.com\/sv\/wp-json\/wp\/v2\/comments?post=169"}],"version-history":[{"count":0,"href":"https:\/\/styleswp.com\/sv\/wp-json\/wp\/v2\/pages\/169\/revisions"}],"wp:featuredmedia":[{"embeddable":true,"href":"https:\/\/styleswp.com\/sv\/wp-json\/wp\/v2\/media\/81"}],"wp:attachment":[{"href":"https:\/\/styleswp.com\/sv\/wp-json\/wp\/v2\/media?parent=169"}],"curies":[{"name":"wp","href":"https:\/\/api.w.org\/{rel}","templated":true}]}}