{"id":154,"date":"2022-09-13T12:36:36","date_gmt":"2022-09-13T11:36:36","guid":{"rendered":"http:\/\/styleswp.com\/appar-for-affarer-och-endast-kausal-sex\/"},"modified":"2022-10-17T14:15:15","modified_gmt":"2022-10-17T13:15:15","slug":"appar-for-affarer-och-endast-kausal-sex","status":"publish","type":"page","link":"https:\/\/styleswp.com\/sv\/appar-for-affarer-och-endast-kausal-sex\/","title":{"rendered":"Appar f\u00f6r aff\u00e4rer och endast kausal sex!"},"content":{"rendered":"<p>Anslutningar \u00e4r roliga, enkla och praktiska &#8211; men de \u00e4r inte alltid s\u00e4kra. Det finns gott om webbplatser och appar som erbjuder anslutningar, men de kan ocks\u00e5 leda till farliga situationer.<\/p>\n<p>Om n\u00e5gon till exempel anv\u00e4nder en dejtingapp f\u00f6r att tr\u00e4ffa fr\u00e4mlingar <a href=\"http:\/\/www.dejtagratis.com\/gratis-sex-kontakte\/\">gratis sexkontakte<\/a> kan de sluta tr\u00e4ffa en person som antingen \u00e4r gift eller involverad i ett annat f\u00f6rh\u00e5llande. \u00c4ven om de inte tr\u00e4ffar n\u00e5gon annan kan de fortfarande f\u00e5 oskyddat sex.<\/p>\n<h3>Vilken \u00e4r den b\u00e4sta dejtingsajten f\u00f6r att ha en aff\u00e4r?<\/h3>\n<p>Det b\u00e4sta st\u00e4llet f\u00f6r att ha en aff\u00e4r \u00e4r att anv\u00e4nda en webbplats som <a href=\"http:\/\/styleswp.com\/sv\/hitta-en-knullkompis-i-ditt-omrade\/\">Ashley Madison<\/a>. Detta beror p\u00e5 att de erbjuder diskreta relationer d\u00e4r b\u00e5da parter inte beh\u00f6ver avsl\u00f6ja personlig information om sig sj\u00e4lva. De ger ocks\u00e5 en s\u00e4ker milj\u00f6 d\u00e4r anv\u00e4ndare kan hitta andra medlemmar som delar liknande intressen.<\/p>\n<h3>Vilka \u00e4r de 5 b\u00e4sta dejtingsajterna f\u00f6r gifta m\u00e4nniskor?<\/h3>\n<p>De 5 b\u00e4sta dejtingsajterna f\u00f6r ensamst\u00e5ende m\u00e4n inkluderar Match.com, eHarmony, PlentyOfFish, OkCupid och ChristianMingle. De 5 b\u00e4sta dejtingsajterna som kvinnor anv\u00e4nder inkluderar Match.com, OK Cupid, Christian Mingle, eHarmony och Zoosk.<\/p>\n<h3>Varf\u00f6r anv\u00e4nder m\u00e4nniskor online dating webbplatser f\u00f6r aff\u00e4rer?<\/h3>\n<p>Online dating webbplatser anv\u00e4nds f\u00f6r aff\u00e4rer eftersom de till\u00e5ter m\u00e4nniskor att tr\u00e4ffa <a href=\"https:\/\/www.nsa-hookup.net\/fi\/ilmaiset-seksipelit-ei-luottokorttia\/\">seksipelit<\/a> andra som delar liknande intressen och v\u00e4rderingar. M\u00e4nniskor anv\u00e4nder dem ocks\u00e5 f\u00f6r att hitta n\u00e5gon att dejta, eller bara f\u00f6r att flirta med andra singlar. Det b\u00e4sta s\u00e4ttet att ta reda p\u00e5 om en person \u00e4r intresserad av att ha en aff\u00e4r \u00e4r att fr\u00e5ga dem direkt.<\/p>\n<h3>B\u00e4sta fuskare dejtingappar?<\/h3>\n<p>Det finns flera fuskappar tillg\u00e4ngliga f\u00f6r Android- och iOS-enheter. N\u00e5gra av dem inkluderar: Tinder, Bumble, Happn, Grindr och OkCupid. Dessa appar till\u00e5ter anv\u00e4ndare att hitta andra singlar som delar liknande intressen. Det b\u00e4sta s\u00e4ttet att anv\u00e4nda dessa appar \u00e4r att skapa en profil och s\u00f6ka igenom profiler tills du hittar n\u00e5gon intressant. N\u00e4r du har hittat n\u00e5gon du gillar kan du skicka meddelanden till dem och fr\u00e5ga ut dem. Om de accepterar kan du b\u00f6rja chatta och s\u00e5 sm\u00e5ningom ansluta!<\/p>\n<h3>\u00c4r det okej att ha sex utan f\u00f6rbeh\u00e5ll?<\/h3>\n<p>Att ha sex med n\u00e5gon som inte vill ha n\u00e5got av dig \u00e4r bra! Men att ha sex f\u00f6r pengar <a href=\"https:\/\/www.jerkoffforme.com\/da\/gratis-voyeur-websteder\/\">live voyeur<\/a> \u00e4r fel. Om du vill ha betalt f\u00f6r sex b\u00f6r du g\u00f6ra det p\u00e5 en bordell d\u00e4r du kan v\u00e4lja vilken tjej du vill ha sex med.<\/p>\n<h3>Vad heter sex utan f\u00f6rbeh\u00e5ll?<\/h3>\n<p>Sex utan str\u00e4ngar bifogas kallas avslappnad sex. Tillf\u00e4lligt sex \u00e4r vanligtvis kortvariga sexuella m\u00f6ten mellan tv\u00e5 individer som inte k\u00e4nner varandra v\u00e4l. Vissa m\u00e4nniskor anv\u00e4nder dock termen &#8221;avslappnad&#8221; f\u00f6r att beskriva alla typer av sex de hade med n\u00e5gon de inte ville tr\u00e4ffa.<\/p>\n<h3>Hur ber du om inga str\u00e4ngar under sex?<\/h3>\n<p>Om du vill undvika att ha n\u00e5gra str\u00e4ngar kopplade n\u00e4r du har sex, b\u00f6r du vara tydlig med vad du vill fr\u00e5n b\u00f6rjan. Det b\u00e4sta s\u00e4ttet att kommunicera detta \u00e4r att anv\u00e4nda ord som &#8221;inga str\u00e4ngar&#8221; eller &#8221;Jag vill inte ha n\u00e5got annat.&#8221; P\u00e5 s\u00e5 s\u00e4tt vet b\u00e5da parter exakt vad de ger sig in p\u00e5.<\/p>\n<h3>Hur kan en tjej vara p\u00e5 utan f\u00f6rbeh\u00e5ll?<\/h3>\n<p>Att vara p\u00e5 inga str\u00e4ngar inneb\u00e4r att ha sex med n\u00e5gon som inte vill ha n\u00e5got fr\u00e5n dig annat \u00e4n njutning. Detta g\u00f6rs vanligtvis n\u00e4r en person vill experimentera med avslappnad dejting. Termen &#8221;no strings attached&#8221; kommer fr\u00e5n tanken att det inte finns n\u00e5gra f\u00f6rv\u00e4ntningar p\u00e5 n\u00e5gon av de inblandade parterna.<\/p>\n","protected":false},"excerpt":{"rendered":"<div class=\"mh-excerpt\"><p>Anslutningar \u00e4r roliga, enkla och praktiska &#8211; men de \u00e4r inte alltid s\u00e4kra. Det finns gott om webbplatser och appar som erbjuder anslutningar, men de <a class=\"mh-excerpt-more\" href=\"https:\/\/styleswp.com\/sv\/appar-for-affarer-och-endast-kausal-sex\/\" title=\"Appar f\u00f6r aff\u00e4rer och endast kausal sex!\">[&#8230;]<\/a><\/p>\n<\/div>","protected":false},"author":1,"featured_media":0,"parent":0,"menu_order":0,"comment_status":"closed","ping_status":"closed","template":"","meta":[],"yoast_head":"<!-- This site is optimized with the Yoast SEO plugin v17.7.1 - https:\/\/yoast.com\/wordpress\/plugins\/seo\/ -->\n<title>Appar f\u00f6r aff\u00e4rer och endast kausal sex! - Relationship Guide<\/title>\n<meta name=\"robots\" content=\"index, follow, max-snippet:-1, max-image-preview:large, max-video-preview:-1\" \/>\n<link rel=\"canonical\" href=\"https:\/\/styleswp.com\/sv\/appar-for-affarer-och-endast-kausal-sex\/\" \/>\n<meta property=\"og:locale\" content=\"sv_SE\" \/>\n<meta property=\"og:type\" content=\"article\" \/>\n<meta property=\"og:title\" content=\"Appar f\u00f6r aff\u00e4rer och endast kausal sex! - Relationship Guide\" \/>\n<meta property=\"og:description\" content=\"Anslutningar \u00e4r roliga, enkla och praktiska &#8211; men de \u00e4r inte alltid s\u00e4kra. Det finns gott om webbplatser och appar som erbjuder anslutningar, men de [...]\" \/>\n<meta property=\"og:url\" content=\"https:\/\/styleswp.com\/sv\/appar-for-affarer-och-endast-kausal-sex\/\" \/>\n<meta property=\"og:site_name\" content=\"Relationship Guide\" \/>\n<meta property=\"article:modified_time\" content=\"2022-10-17T13:15:15+00:00\" \/>\n<meta name=\"twitter:card\" content=\"summary_large_image\" \/>\n<meta name=\"twitter:label1\" content=\"Ber\u00e4knad l\u00e4stid\" \/>\n\t<meta name=\"twitter:data1\" content=\"3 minuter\" \/>\n<script type=\"application\/ld+json\" class=\"yoast-schema-graph\">{\"@context\":\"https:\/\/schema.org\",\"@graph\":[{\"@type\":\"WebSite\",\"@id\":\"http:\/\/styleswp.com\/fi\/#website\",\"url\":\"http:\/\/styleswp.com\/fi\/\",\"name\":\"Relationship Guide\",\"description\":\"Meet Your Match\",\"potentialAction\":[{\"@type\":\"SearchAction\",\"target\":{\"@type\":\"EntryPoint\",\"urlTemplate\":\"http:\/\/styleswp.com\/fi\/?s={search_term_string}\"},\"query-input\":\"required name=search_term_string\"}],\"inLanguage\":\"sv-SE\"},{\"@type\":\"WebPage\",\"@id\":\"https:\/\/styleswp.com\/sv\/appar-for-affarer-och-endast-kausal-sex\/#webpage\",\"url\":\"https:\/\/styleswp.com\/sv\/appar-for-affarer-och-endast-kausal-sex\/\",\"name\":\"Appar f\\u00f6r aff\\u00e4rer och endast kausal sex! - Relationship Guide\",\"isPartOf\":{\"@id\":\"http:\/\/styleswp.com\/fi\/#website\"},\"datePublished\":\"2022-09-13T11:36:36+00:00\",\"dateModified\":\"2022-10-17T13:15:15+00:00\",\"breadcrumb\":{\"@id\":\"https:\/\/styleswp.com\/sv\/appar-for-affarer-och-endast-kausal-sex\/#breadcrumb\"},\"inLanguage\":\"sv-SE\",\"potentialAction\":[{\"@type\":\"ReadAction\",\"target\":[\"https:\/\/styleswp.com\/sv\/appar-for-affarer-och-endast-kausal-sex\/\"]}]},{\"@type\":\"BreadcrumbList\",\"@id\":\"https:\/\/styleswp.com\/sv\/appar-for-affarer-och-endast-kausal-sex\/#breadcrumb\",\"itemListElement\":[{\"@type\":\"ListItem\",\"position\":1,\"name\":\"Home\",\"item\":\"https:\/\/styleswp.com\/sv\/\"},{\"@type\":\"ListItem\",\"position\":2,\"name\":\"Appar f\\u00f6r aff\\u00e4rer och endast kausal sex!\"}]}]}<\/script>\n<!-- \/ Yoast SEO plugin. -->","yoast_head_json":{"title":"Appar f\u00f6r aff\u00e4rer och endast kausal sex! - Relationship Guide","robots":{"index":"index","follow":"follow","max-snippet":"max-snippet:-1","max-image-preview":"max-image-preview:large","max-video-preview":"max-video-preview:-1"},"canonical":"https:\/\/styleswp.com\/sv\/appar-for-affarer-och-endast-kausal-sex\/","og_locale":"sv_SE","og_type":"article","og_title":"Appar f\u00f6r aff\u00e4rer och endast kausal sex! - Relationship Guide","og_description":"Anslutningar \u00e4r roliga, enkla och praktiska &#8211; men de \u00e4r inte alltid s\u00e4kra. Det finns gott om webbplatser och appar som erbjuder anslutningar, men de [...]","og_url":"https:\/\/styleswp.com\/sv\/appar-for-affarer-och-endast-kausal-sex\/","og_site_name":"Relationship Guide","article_modified_time":"2022-10-17T13:15:15+00:00","twitter_card":"summary_large_image","twitter_misc":{"Ber\u00e4knad l\u00e4stid":"3 minuter"},"schema":{"@context":"https:\/\/schema.org","@graph":[{"@type":"WebSite","@id":"http:\/\/styleswp.com\/fi\/#website","url":"http:\/\/styleswp.com\/fi\/","name":"Relationship Guide","description":"Meet Your Match","potentialAction":[{"@type":"SearchAction","target":{"@type":"EntryPoint","urlTemplate":"http:\/\/styleswp.com\/fi\/?s={search_term_string}"},"query-input":"required name=search_term_string"}],"inLanguage":"sv-SE"},{"@type":"WebPage","@id":"https:\/\/styleswp.com\/sv\/appar-for-affarer-och-endast-kausal-sex\/#webpage","url":"https:\/\/styleswp.com\/sv\/appar-for-affarer-och-endast-kausal-sex\/","name":"Appar f\u00f6r aff\u00e4rer och endast kausal sex! - Relationship Guide","isPartOf":{"@id":"http:\/\/styleswp.com\/fi\/#website"},"datePublished":"2022-09-13T11:36:36+00:00","dateModified":"2022-10-17T13:15:15+00:00","breadcrumb":{"@id":"https:\/\/styleswp.com\/sv\/appar-for-affarer-och-endast-kausal-sex\/#breadcrumb"},"inLanguage":"sv-SE","potentialAction":[{"@type":"ReadAction","target":["https:\/\/styleswp.com\/sv\/appar-for-affarer-och-endast-kausal-sex\/"]}]},{"@type":"BreadcrumbList","@id":"https:\/\/styleswp.com\/sv\/appar-for-affarer-och-endast-kausal-sex\/#breadcrumb","itemListElement":[{"@type":"ListItem","position":1,"name":"Home","item":"https:\/\/styleswp.com\/sv\/"},{"@type":"ListItem","position":2,"name":"Appar f\u00f6r aff\u00e4rer och endast kausal sex!"}]}]}},"_links":{"self":[{"href":"https:\/\/styleswp.com\/sv\/wp-json\/wp\/v2\/pages\/154"}],"collection":[{"href":"https:\/\/styleswp.com\/sv\/wp-json\/wp\/v2\/pages"}],"about":[{"href":"https:\/\/styleswp.com\/sv\/wp-json\/wp\/v2\/types\/page"}],"author":[{"embeddable":true,"href":"https:\/\/styleswp.com\/sv\/wp-json\/wp\/v2\/users\/1"}],"replies":[{"embeddable":true,"href":"https:\/\/styleswp.com\/sv\/wp-json\/wp\/v2\/comments?post=154"}],"version-history":[{"count":1,"href":"https:\/\/styleswp.com\/sv\/wp-json\/wp\/v2\/pages\/154\/revisions"}],"predecessor-version":[{"id":398,"href":"https:\/\/styleswp.com\/sv\/wp-json\/wp\/v2\/pages\/154\/revisions\/398"}],"wp:attachment":[{"href":"https:\/\/styleswp.com\/sv\/wp-json\/wp\/v2\/media?parent=154"}],"curies":[{"name":"wp","href":"https:\/\/api.w.org\/{rel}","templated":true}]}}