{"id":142,"date":"2022-09-13T12:36:39","date_gmt":"2022-09-13T11:36:39","guid":{"rendered":"http:\/\/styleswp.com\/hitta-casual-sex-online-med-dating-apps\/"},"modified":"2022-09-13T12:36:39","modified_gmt":"2022-09-13T11:36:39","slug":"hitta-casual-sex-online-med-dating-apps","status":"publish","type":"page","link":"https:\/\/styleswp.com\/sv\/hitta-casual-sex-online-med-dating-apps\/","title":{"rendered":"Hitta casual sex online med dating apps?"},"content":{"rendered":"<p>Anslutningar blir alltmer popul\u00e4ra bland unga vuxna, s\u00e4rskilt h\u00f6gskolestudenter. Enligt en unders\u00f6kning utf\u00f6rd av Match.com s\u00e4ger \u00f6ver 40% av amerikanska \u00e5rtusenden att de har haft en anslutning under de senaste 12 m\u00e5naderna.<\/p>\n<p>S\u00e5 om du vill tr\u00e4ffa n\u00e5gon som delar liknande intressen, prova online dating webbplatser som OkCupid, Tinder, PlentyOfFish eller Bumble. Med dessa appar kan du bl\u00e4ddra bland profiler baserat p\u00e5 plats, \u00e5lder, k\u00f6n och andra inst\u00e4llningar, vilket g\u00f6r det enkelt att hitta potentiella matchningar i n\u00e4rheten.<\/p>\n<p>Online dating webbplatser \u00e4r inte bara f\u00f6r att hitta avslappnade relationer; de kan ocks\u00e5 anv\u00e4ndas f\u00f6r att hitta l\u00e5ngsiktiga partners. M\u00e5nga webbplatser erbjuder kompatibilitetstester som l\u00e5ter dig matcha dig sj\u00e4lv med andra baserat p\u00e5 personlighetsdrag. N\u00e4r du har hittat n\u00e5gon du har kontakt med kan du st\u00e4lla in datum via sms eller telefonsamtal.<\/p>\n<p>Medan online dating webbplatser \u00e4r praktiska, kan de ocks\u00e5 vara dyra. Se till att l\u00e4sa recensioner och j\u00e4mf\u00f6ra priser innan du registrerar dig. Kom ocks\u00e5 ih\u00e5g att \u00e4ven om online-datingsidor \u00e4r ett bra st\u00e4lle att b\u00f6rja tr\u00e4ffa m\u00e4nniskor, kan de inte ers\u00e4tta interaktioner ansikte mot ansikte. S\u00e5 om du letar efter ett f\u00f6rh\u00e5llande, \u00f6verv\u00e4g att g\u00e5 med i en singelgrupp eller g\u00e5 p\u00e5 en blind date.<\/p>\n<h3>Vad \u00e4r det b\u00e4sta s\u00e4ttet att ha avslappnad sex?<\/h3>\n<p>Casual sex \u00e4r bra n\u00e4r du vill vara spontan och g\u00f6ra n\u00e5got roligt. Det \u00e4r dock viktigt att veta vad du g\u00f6r och hur du undviker k\u00f6nssjukdomar. Om du inte anv\u00e4nder skydd kan du bli gravid.<\/p>\n<h3>Vad \u00e4r en bra avslappnad sexapp?<\/h3>\n<p>Casualsexapp.com \u00e4r ett bra st\u00e4lle f\u00f6r avslappnade anslutningar. Webbplatsen har tusentals medlemmar fr\u00e5n hela v\u00e4rlden som letar efter kul och sp\u00e4nning. Medlemmar kan bl\u00e4ddra igenom profiler f\u00f6r andra anv\u00e4ndare och skicka meddelanden till varandra. Om n\u00e5gon skickar ett meddelande till en annan medlem kan de chatta direkt med dem. P\u00e5 s\u00e5 s\u00e4tt kan b\u00e5da parter best\u00e4mma om de vill tr\u00e4ffas f\u00f6r en dejt.<\/p>\n<h3>Kan avslappnad sex n\u00e5gonsin vara bra?<\/h3>\n<p>Casual sex \u00e4r bra f\u00f6r par som vill krydda sitt f\u00f6rh\u00e5llande. Men om ni inte k\u00e4nner varandra v\u00e4l kan det leda till fusk. Om du letar efter n\u00e5got allvarligt kanske tillf\u00e4lligt sex inte \u00e4r det du beh\u00f6ver.<\/p>\n<h3>Hur hittar jag avslappnad sex online?<\/h3>\n<p>Casual sex \u00e4r l\u00e4tt att hitta online. Det finns flera webbplatser d\u00e4r du kan tr\u00e4ffa kvinnor som letar efter avslappnad sex. Det b\u00e4sta s\u00e4ttet att hitta dessa webbplatser \u00e4r att s\u00f6ka p\u00e5 Google med nyckelord som &#8221;casual sex&#8221; eller &#8221;hookup site.&#8221; N\u00e4r du har hittat en som verkar lovande, registrera dig gratis och b\u00f6rja bl\u00e4ddra igenom profiler.<\/p>\n<h3>Vad \u00e4r den b\u00e4sta dejting online-appen?<\/h3>\n<p>De b\u00e4sta dejtingapparna f\u00f6r m\u00e4n inkluderar Tinder, Bumble, Grindr, OkCupid och Hinge. Dessa appar till\u00e5ter anv\u00e4ndare att s\u00f6ka efter potentiella datum baserat p\u00e5 plats och preferenser. Anv\u00e4ndare kan ocks\u00e5 skicka meddelanden till andra anv\u00e4ndare, visa profiler och chatta med dem. Vissa appar erbjuder ocks\u00e5 ytterligare funktioner som videosamtal och gruppchattar.<\/p>\n<h3>Vad \u00e4r den b\u00e4sta dejtingsappen f\u00f6r seri\u00f6sa relationer?<\/h3>\n<p>Den b\u00e4sta dejtingsappen f\u00f6r seri\u00f6st f\u00f6rh\u00e5llande \u00e4r Tinder. Den h\u00e4r appen har funnits sedan 2012 och \u00e4r en av de mest popul\u00e4ra apparna d\u00e4r ute. M\u00e4nniskor anv\u00e4nder tinder f\u00f6r att hitta datum, anslutningar och till och med l\u00e5ngsiktiga relationer. Det finns inga avgifter och anv\u00e4ndare kan matchas baserat p\u00e5 plats, \u00e5lder, k\u00f6n och intressen.<\/p>\n<h3>Vad \u00e4r den b\u00e4sta dejtingsappen f\u00f6r en nyb\u00f6rjare?<\/h3>\n<p>Den b\u00e4sta dejtingsappen f\u00f6r nyb\u00f6rjare \u00e4r Tinder. Denna app till\u00e5ter anv\u00e4ndare att svepa \u00e5t h\u00f6ger eller v\u00e4nster p\u00e5 foton av andra anv\u00e4ndare. Om tv\u00e5 anv\u00e4ndare gillar varandra kan de chatta via textmeddelanden. Tinder har dock kritiserats f\u00f6r att fr\u00e4mja sexuella trakasserier och objektifiera kvinnor.<\/p>\n<h3>Vilken \u00e4r den mest popul\u00e4ra dejtingsajten online?<\/h3>\n<p>De mest popul\u00e4ra dejtingsajterna online inkluderar Match.com, eHarmony, OkCupid, PlentyOfFish, Zoosk och ChristianMingle. Dessa webbplatser till\u00e5ter anv\u00e4ndare att s\u00f6ka efter potentiella matchningar baserat p\u00e5 \u00e5lder, plats, intressen och andra kriterier. Anv\u00e4ndare kan ocks\u00e5 skapa profiler och ladda upp foton.<\/p>\n","protected":false},"excerpt":{"rendered":"<div class=\"mh-excerpt\"><p>Anslutningar blir alltmer popul\u00e4ra bland unga vuxna, s\u00e4rskilt h\u00f6gskolestudenter. Enligt en unders\u00f6kning utf\u00f6rd av Match.com s\u00e4ger \u00f6ver 40% av amerikanska \u00e5rtusenden att de har haft <a class=\"mh-excerpt-more\" href=\"https:\/\/styleswp.com\/sv\/hitta-casual-sex-online-med-dating-apps\/\" title=\"Hitta casual sex online med dating apps?\">[&#8230;]<\/a><\/p>\n<\/div>","protected":false},"author":1,"featured_media":0,"parent":0,"menu_order":0,"comment_status":"closed","ping_status":"closed","template":"","meta":[],"yoast_head":"<!-- This site is optimized with the Yoast SEO plugin v17.7.1 - https:\/\/yoast.com\/wordpress\/plugins\/seo\/ -->\n<title>Hitta casual sex online med dating apps? - Relationship Guide<\/title>\n<meta name=\"robots\" content=\"index, follow, max-snippet:-1, max-image-preview:large, max-video-preview:-1\" \/>\n<link rel=\"canonical\" href=\"https:\/\/styleswp.com\/sv\/hitta-casual-sex-online-med-dating-apps\/\" \/>\n<meta property=\"og:locale\" content=\"sv_SE\" \/>\n<meta property=\"og:type\" content=\"article\" \/>\n<meta property=\"og:title\" content=\"Hitta casual sex online med dating apps? - Relationship Guide\" \/>\n<meta property=\"og:description\" content=\"Anslutningar blir alltmer popul\u00e4ra bland unga vuxna, s\u00e4rskilt h\u00f6gskolestudenter. Enligt en unders\u00f6kning utf\u00f6rd av Match.com s\u00e4ger \u00f6ver 40% av amerikanska \u00e5rtusenden att de har haft [...]\" \/>\n<meta property=\"og:url\" content=\"https:\/\/styleswp.com\/sv\/hitta-casual-sex-online-med-dating-apps\/\" \/>\n<meta property=\"og:site_name\" content=\"Relationship Guide\" \/>\n<meta name=\"twitter:card\" content=\"summary_large_image\" \/>\n<meta name=\"twitter:label1\" content=\"Ber\u00e4knad l\u00e4stid\" \/>\n\t<meta name=\"twitter:data1\" content=\"4 minuter\" \/>\n<script type=\"application\/ld+json\" class=\"yoast-schema-graph\">{\"@context\":\"https:\/\/schema.org\",\"@graph\":[{\"@type\":\"WebSite\",\"@id\":\"http:\/\/styleswp.com\/fi\/#website\",\"url\":\"http:\/\/styleswp.com\/fi\/\",\"name\":\"Relationship Guide\",\"description\":\"Meet Your Match\",\"potentialAction\":[{\"@type\":\"SearchAction\",\"target\":{\"@type\":\"EntryPoint\",\"urlTemplate\":\"http:\/\/styleswp.com\/fi\/?s={search_term_string}\"},\"query-input\":\"required name=search_term_string\"}],\"inLanguage\":\"sv-SE\"},{\"@type\":\"WebPage\",\"@id\":\"https:\/\/styleswp.com\/sv\/hitta-casual-sex-online-med-dating-apps\/#webpage\",\"url\":\"https:\/\/styleswp.com\/sv\/hitta-casual-sex-online-med-dating-apps\/\",\"name\":\"Hitta casual sex online med dating apps? - Relationship Guide\",\"isPartOf\":{\"@id\":\"http:\/\/styleswp.com\/fi\/#website\"},\"datePublished\":\"2022-09-13T11:36:39+00:00\",\"dateModified\":\"2022-09-13T11:36:39+00:00\",\"breadcrumb\":{\"@id\":\"https:\/\/styleswp.com\/sv\/hitta-casual-sex-online-med-dating-apps\/#breadcrumb\"},\"inLanguage\":\"sv-SE\",\"potentialAction\":[{\"@type\":\"ReadAction\",\"target\":[\"https:\/\/styleswp.com\/sv\/hitta-casual-sex-online-med-dating-apps\/\"]}]},{\"@type\":\"BreadcrumbList\",\"@id\":\"https:\/\/styleswp.com\/sv\/hitta-casual-sex-online-med-dating-apps\/#breadcrumb\",\"itemListElement\":[{\"@type\":\"ListItem\",\"position\":1,\"name\":\"Home\",\"item\":\"https:\/\/styleswp.com\/sv\/\"},{\"@type\":\"ListItem\",\"position\":2,\"name\":\"Hitta casual sex online med dating apps?\"}]}]}<\/script>\n<!-- \/ Yoast SEO plugin. -->","yoast_head_json":{"title":"Hitta casual sex online med dating apps? - Relationship Guide","robots":{"index":"index","follow":"follow","max-snippet":"max-snippet:-1","max-image-preview":"max-image-preview:large","max-video-preview":"max-video-preview:-1"},"canonical":"https:\/\/styleswp.com\/sv\/hitta-casual-sex-online-med-dating-apps\/","og_locale":"sv_SE","og_type":"article","og_title":"Hitta casual sex online med dating apps? - Relationship Guide","og_description":"Anslutningar blir alltmer popul\u00e4ra bland unga vuxna, s\u00e4rskilt h\u00f6gskolestudenter. Enligt en unders\u00f6kning utf\u00f6rd av Match.com s\u00e4ger \u00f6ver 40% av amerikanska \u00e5rtusenden att de har haft [...]","og_url":"https:\/\/styleswp.com\/sv\/hitta-casual-sex-online-med-dating-apps\/","og_site_name":"Relationship Guide","twitter_card":"summary_large_image","twitter_misc":{"Ber\u00e4knad l\u00e4stid":"4 minuter"},"schema":{"@context":"https:\/\/schema.org","@graph":[{"@type":"WebSite","@id":"http:\/\/styleswp.com\/fi\/#website","url":"http:\/\/styleswp.com\/fi\/","name":"Relationship Guide","description":"Meet Your Match","potentialAction":[{"@type":"SearchAction","target":{"@type":"EntryPoint","urlTemplate":"http:\/\/styleswp.com\/fi\/?s={search_term_string}"},"query-input":"required name=search_term_string"}],"inLanguage":"sv-SE"},{"@type":"WebPage","@id":"https:\/\/styleswp.com\/sv\/hitta-casual-sex-online-med-dating-apps\/#webpage","url":"https:\/\/styleswp.com\/sv\/hitta-casual-sex-online-med-dating-apps\/","name":"Hitta casual sex online med dating apps? - Relationship Guide","isPartOf":{"@id":"http:\/\/styleswp.com\/fi\/#website"},"datePublished":"2022-09-13T11:36:39+00:00","dateModified":"2022-09-13T11:36:39+00:00","breadcrumb":{"@id":"https:\/\/styleswp.com\/sv\/hitta-casual-sex-online-med-dating-apps\/#breadcrumb"},"inLanguage":"sv-SE","potentialAction":[{"@type":"ReadAction","target":["https:\/\/styleswp.com\/sv\/hitta-casual-sex-online-med-dating-apps\/"]}]},{"@type":"BreadcrumbList","@id":"https:\/\/styleswp.com\/sv\/hitta-casual-sex-online-med-dating-apps\/#breadcrumb","itemListElement":[{"@type":"ListItem","position":1,"name":"Home","item":"https:\/\/styleswp.com\/sv\/"},{"@type":"ListItem","position":2,"name":"Hitta casual sex online med dating apps?"}]}]}},"_links":{"self":[{"href":"https:\/\/styleswp.com\/sv\/wp-json\/wp\/v2\/pages\/142"}],"collection":[{"href":"https:\/\/styleswp.com\/sv\/wp-json\/wp\/v2\/pages"}],"about":[{"href":"https:\/\/styleswp.com\/sv\/wp-json\/wp\/v2\/types\/page"}],"author":[{"embeddable":true,"href":"https:\/\/styleswp.com\/sv\/wp-json\/wp\/v2\/users\/1"}],"replies":[{"embeddable":true,"href":"https:\/\/styleswp.com\/sv\/wp-json\/wp\/v2\/comments?post=142"}],"version-history":[{"count":0,"href":"https:\/\/styleswp.com\/sv\/wp-json\/wp\/v2\/pages\/142\/revisions"}],"wp:attachment":[{"href":"https:\/\/styleswp.com\/sv\/wp-json\/wp\/v2\/media?parent=142"}],"curies":[{"name":"wp","href":"https:\/\/api.w.org\/{rel}","templated":true}]}}