{"id":133,"date":"2022-09-13T12:36:41","date_gmt":"2022-09-13T11:36:41","guid":{"rendered":"http:\/\/styleswp.com\/ar-tinder-vart-det-for-sexting\/"},"modified":"2022-10-17T14:16:02","modified_gmt":"2022-10-17T13:16:02","slug":"ar-tinder-vart-det-for-sexting","status":"publish","type":"page","link":"https:\/\/styleswp.com\/sv\/ar-tinder-vart-det-for-sexting\/","title":{"rendered":"\u00c4r Tinder v\u00e4rt det f\u00f6r sexting?"},"content":{"rendered":"<p>Sexting \u00e4r en popul\u00e4r aktivitet bland ton\u00e5ringar och unga vuxna idag. \u00c4ven om det vanligtvis g\u00f6rs via textmeddelanden kan det ocks\u00e5 h\u00e4nda \u00f6ver andra former av kommunikation som Snapchat och Instagram.<\/p>\n<p>\u00c4ven om det finns f\u00f6rdelar med att anv\u00e4nda dessa appar, finns det ocks\u00e5 nackdelar. Appar som Kik och WhatsApp \u00e4r mindre s\u00e4kra \u00e4n sms-appar som iMessage och Facebook Messenger. Och eftersom de inte \u00e4r krypterade kan de potentiellt hackas.<\/p>\n<p>S\u00e5 om du best\u00e4mmer dig f\u00f6r att prova sexting, se till att du v\u00e4ljer en s\u00e4ker app <a href=\"http:\/\/www.sex-chat-rooms.com\/sv\/trans-dejtingsajt\/\">trans dejting<\/a> som erbjuder end-to-end-kryptering. \u00d6verv\u00e4g ocks\u00e5 att vidta f\u00f6rsiktighets\u00e5tg\u00e4rder som att h\u00e5lla din personliga information privat och undvika att dela din plats.<\/p>\n<h3>Vad \u00e4r framg\u00e5ngsgraden f\u00f6r Tinder?<\/h3>\n<p>Framg\u00e5ngsgraden f\u00f6r Tinder \u00e4r cirka 50%. Det betyder att av 100 m\u00e4n som anv\u00e4nder Tinder kommer bara h\u00e4lften av dem att tr\u00e4ffa n\u00e5gon de gillar. Kvinnor tenderar dock att vara mer selektiva n\u00e4r de anv\u00e4nder dejtingsappar som Tinder.<\/p>\n<h3>\u00c4r Tinder faktiskt effektivt?<\/h3>\n<p>Ja, Tinder har visat sig vara effektivt f\u00f6r att matcha anv\u00e4ndare baserat <a href=\"https:\/\/wank.io\/sv\/gratis-lokala-fitta-webbplatser\/\">gratis fitta<\/a> p\u00e5 \u00f6msesidiga intressen. Appen lanserades 2012 och har nu \u00f6ver 40 miljoner aktiva m\u00e5natliga anv\u00e4ndare.<\/p>\n<h3>\u00c4r det v\u00e4rt att dejta p\u00e5 Tinder?<\/h3>\n<p>Att dejta p\u00e5 Tinder \u00e4r roligt och enkelt, men det har ocks\u00e5 n\u00e5gra nackdelar. F\u00f6rst m\u00e5ste du vara f\u00f6rsiktig med vem du sveper \u00e5t h\u00f6ger f\u00f6r. Om du sveper \u00e5t h\u00f6ger f\u00f6r n\u00e5gon som inte gillar dig tillbaka, sl\u00f6sar du bort din tid. F\u00f6r det andra vet du inte vilken typ av person de \u00e4r f\u00f6rr\u00e4n efter att du har tr\u00e4ffat dem. F\u00f6r det tredje kan du sluta tr\u00e4ffa n\u00e5gon som inte \u00e4r kompatibel med dig. Slutligen kan du hitta dig sj\u00e4lv svepa \u00e5t v\u00e4nster f\u00f6r alla!<\/p>\n<h3>Finns det en app f\u00f6r smutsigt prat?<\/h3>\n<p>Ja! Det finns en app som heter Dirty Talk som g\u00f6r det m\u00f6jligt f\u00f6r anv\u00e4ndare att spela in sig sj\u00e4lva och s\u00e4ga stygga saker medan de tittar p\u00e5 sig sj\u00e4lva som g\u00f6r det. Appen har ocks\u00e5 en funktion d\u00e4r anv\u00e4ndare kan skicka varandra &#8221;smutsiga&#8221; meddelanden.<\/p>\n<h3>Vad \u00e4r den s\u00e4kraste appen f\u00f6r sexting?<\/h3>\n<p>Den s\u00e4kraste appen f\u00f6r sexting heter &#8221;Tinychat&#8221; som har rankats som en <a href=\"https:\/\/www.fucklocals.org\/sv\/gratis-porr-spel-nej-registrera-dig\/\">vuxenkul chat<\/a> av de b\u00e4sta apparna f\u00f6r sexting. Tinychat anv\u00e4nder end-to-end-krypteringsteknik f\u00f6r att s\u00e4kerst\u00e4lla att ingen tredje part kan komma \u00e5t dina meddelanden. Det betyder att bara du och personen du chattar med kan l\u00e4sa det du skriver.<\/p>\n<h3>Hur g\u00f6r du sexting online?<\/h3>\n<p>Sexting g\u00f6rs via appar som Kik, Snapchat, Grindr, etc. Det b\u00e4sta s\u00e4ttet att hitta n\u00e5gon f\u00f6r sexting \u00e4r att anv\u00e4nda en dejtingsapp som Tinder. Om du vill vara diskret om dina sextingaktiviteter b\u00f6r du anv\u00e4nda en privat chattapplikation ist\u00e4llet f\u00f6r offentliga chattapplikationer.<\/p>\n<h3>Hur f\u00e5r man nakenbilder online?<\/h3>\n<p>Om du vill f\u00e5 nakna bilder online b\u00f6r du anv\u00e4nda en webbplats som NudeVault.com d\u00e4r du kan ladda upp dina nakenbilder gratis. Webbplatsen erbjuder ocks\u00e5 andra funktioner som videochattrum, webbkamerashower och live sexkameror.<\/p>\n","protected":false},"excerpt":{"rendered":"<div class=\"mh-excerpt\"><p>Sexting \u00e4r en popul\u00e4r aktivitet bland ton\u00e5ringar och unga vuxna idag. \u00c4ven om det vanligtvis g\u00f6rs via textmeddelanden kan det ocks\u00e5 h\u00e4nda \u00f6ver andra former <a class=\"mh-excerpt-more\" href=\"https:\/\/styleswp.com\/sv\/ar-tinder-vart-det-for-sexting\/\" title=\"\u00c4r Tinder v\u00e4rt det f\u00f6r sexting?\">[&#8230;]<\/a><\/p>\n<\/div>","protected":false},"author":1,"featured_media":0,"parent":0,"menu_order":0,"comment_status":"closed","ping_status":"closed","template":"","meta":[],"yoast_head":"<!-- This site is optimized with the Yoast SEO plugin v17.7.1 - https:\/\/yoast.com\/wordpress\/plugins\/seo\/ -->\n<title>\u00c4r Tinder v\u00e4rt det f\u00f6r sexting? - Relationship Guide<\/title>\n<meta name=\"robots\" content=\"index, follow, max-snippet:-1, max-image-preview:large, max-video-preview:-1\" \/>\n<link rel=\"canonical\" href=\"https:\/\/styleswp.com\/sv\/ar-tinder-vart-det-for-sexting\/\" \/>\n<meta property=\"og:locale\" content=\"sv_SE\" \/>\n<meta property=\"og:type\" content=\"article\" \/>\n<meta property=\"og:title\" content=\"\u00c4r Tinder v\u00e4rt det f\u00f6r sexting? - Relationship Guide\" \/>\n<meta property=\"og:description\" content=\"Sexting \u00e4r en popul\u00e4r aktivitet bland ton\u00e5ringar och unga vuxna idag. \u00c4ven om det vanligtvis g\u00f6rs via textmeddelanden kan det ocks\u00e5 h\u00e4nda \u00f6ver andra former [...]\" \/>\n<meta property=\"og:url\" content=\"https:\/\/styleswp.com\/sv\/ar-tinder-vart-det-for-sexting\/\" \/>\n<meta property=\"og:site_name\" content=\"Relationship Guide\" \/>\n<meta property=\"article:modified_time\" content=\"2022-10-17T13:16:02+00:00\" \/>\n<meta name=\"twitter:card\" content=\"summary_large_image\" \/>\n<meta name=\"twitter:label1\" content=\"Ber\u00e4knad l\u00e4stid\" \/>\n\t<meta name=\"twitter:data1\" content=\"3 minuter\" \/>\n<script type=\"application\/ld+json\" class=\"yoast-schema-graph\">{\"@context\":\"https:\/\/schema.org\",\"@graph\":[{\"@type\":\"WebSite\",\"@id\":\"http:\/\/styleswp.com\/fi\/#website\",\"url\":\"http:\/\/styleswp.com\/fi\/\",\"name\":\"Relationship Guide\",\"description\":\"Meet Your Match\",\"potentialAction\":[{\"@type\":\"SearchAction\",\"target\":{\"@type\":\"EntryPoint\",\"urlTemplate\":\"http:\/\/styleswp.com\/fi\/?s={search_term_string}\"},\"query-input\":\"required name=search_term_string\"}],\"inLanguage\":\"sv-SE\"},{\"@type\":\"WebPage\",\"@id\":\"https:\/\/styleswp.com\/sv\/ar-tinder-vart-det-for-sexting\/#webpage\",\"url\":\"https:\/\/styleswp.com\/sv\/ar-tinder-vart-det-for-sexting\/\",\"name\":\"\\u00c4r Tinder v\\u00e4rt det f\\u00f6r sexting? - Relationship Guide\",\"isPartOf\":{\"@id\":\"http:\/\/styleswp.com\/fi\/#website\"},\"datePublished\":\"2022-09-13T11:36:41+00:00\",\"dateModified\":\"2022-10-17T13:16:02+00:00\",\"breadcrumb\":{\"@id\":\"https:\/\/styleswp.com\/sv\/ar-tinder-vart-det-for-sexting\/#breadcrumb\"},\"inLanguage\":\"sv-SE\",\"potentialAction\":[{\"@type\":\"ReadAction\",\"target\":[\"https:\/\/styleswp.com\/sv\/ar-tinder-vart-det-for-sexting\/\"]}]},{\"@type\":\"BreadcrumbList\",\"@id\":\"https:\/\/styleswp.com\/sv\/ar-tinder-vart-det-for-sexting\/#breadcrumb\",\"itemListElement\":[{\"@type\":\"ListItem\",\"position\":1,\"name\":\"Home\",\"item\":\"https:\/\/styleswp.com\/sv\/\"},{\"@type\":\"ListItem\",\"position\":2,\"name\":\"\\u00c4r Tinder v\\u00e4rt det f\\u00f6r sexting?\"}]}]}<\/script>\n<!-- \/ Yoast SEO plugin. -->","yoast_head_json":{"title":"\u00c4r Tinder v\u00e4rt det f\u00f6r sexting? - Relationship Guide","robots":{"index":"index","follow":"follow","max-snippet":"max-snippet:-1","max-image-preview":"max-image-preview:large","max-video-preview":"max-video-preview:-1"},"canonical":"https:\/\/styleswp.com\/sv\/ar-tinder-vart-det-for-sexting\/","og_locale":"sv_SE","og_type":"article","og_title":"\u00c4r Tinder v\u00e4rt det f\u00f6r sexting? - Relationship Guide","og_description":"Sexting \u00e4r en popul\u00e4r aktivitet bland ton\u00e5ringar och unga vuxna idag. \u00c4ven om det vanligtvis g\u00f6rs via textmeddelanden kan det ocks\u00e5 h\u00e4nda \u00f6ver andra former [...]","og_url":"https:\/\/styleswp.com\/sv\/ar-tinder-vart-det-for-sexting\/","og_site_name":"Relationship Guide","article_modified_time":"2022-10-17T13:16:02+00:00","twitter_card":"summary_large_image","twitter_misc":{"Ber\u00e4knad l\u00e4stid":"3 minuter"},"schema":{"@context":"https:\/\/schema.org","@graph":[{"@type":"WebSite","@id":"http:\/\/styleswp.com\/fi\/#website","url":"http:\/\/styleswp.com\/fi\/","name":"Relationship Guide","description":"Meet Your Match","potentialAction":[{"@type":"SearchAction","target":{"@type":"EntryPoint","urlTemplate":"http:\/\/styleswp.com\/fi\/?s={search_term_string}"},"query-input":"required name=search_term_string"}],"inLanguage":"sv-SE"},{"@type":"WebPage","@id":"https:\/\/styleswp.com\/sv\/ar-tinder-vart-det-for-sexting\/#webpage","url":"https:\/\/styleswp.com\/sv\/ar-tinder-vart-det-for-sexting\/","name":"\u00c4r Tinder v\u00e4rt det f\u00f6r sexting? - Relationship Guide","isPartOf":{"@id":"http:\/\/styleswp.com\/fi\/#website"},"datePublished":"2022-09-13T11:36:41+00:00","dateModified":"2022-10-17T13:16:02+00:00","breadcrumb":{"@id":"https:\/\/styleswp.com\/sv\/ar-tinder-vart-det-for-sexting\/#breadcrumb"},"inLanguage":"sv-SE","potentialAction":[{"@type":"ReadAction","target":["https:\/\/styleswp.com\/sv\/ar-tinder-vart-det-for-sexting\/"]}]},{"@type":"BreadcrumbList","@id":"https:\/\/styleswp.com\/sv\/ar-tinder-vart-det-for-sexting\/#breadcrumb","itemListElement":[{"@type":"ListItem","position":1,"name":"Home","item":"https:\/\/styleswp.com\/sv\/"},{"@type":"ListItem","position":2,"name":"\u00c4r Tinder v\u00e4rt det f\u00f6r sexting?"}]}]}},"_links":{"self":[{"href":"https:\/\/styleswp.com\/sv\/wp-json\/wp\/v2\/pages\/133"}],"collection":[{"href":"https:\/\/styleswp.com\/sv\/wp-json\/wp\/v2\/pages"}],"about":[{"href":"https:\/\/styleswp.com\/sv\/wp-json\/wp\/v2\/types\/page"}],"author":[{"embeddable":true,"href":"https:\/\/styleswp.com\/sv\/wp-json\/wp\/v2\/users\/1"}],"replies":[{"embeddable":true,"href":"https:\/\/styleswp.com\/sv\/wp-json\/wp\/v2\/comments?post=133"}],"version-history":[{"count":2,"href":"https:\/\/styleswp.com\/sv\/wp-json\/wp\/v2\/pages\/133\/revisions"}],"predecessor-version":[{"id":401,"href":"https:\/\/styleswp.com\/sv\/wp-json\/wp\/v2\/pages\/133\/revisions\/401"}],"wp:attachment":[{"href":"https:\/\/styleswp.com\/sv\/wp-json\/wp\/v2\/media?parent=133"}],"curies":[{"name":"wp","href":"https:\/\/api.w.org\/{rel}","templated":true}]}}