{"id":121,"date":"2022-09-13T12:37:43","date_gmt":"2022-09-13T11:37:43","guid":{"rendered":"http:\/\/styleswp.com\/hitta-en-knullkompis-i-ditt-omrade\/"},"modified":"2022-10-17T14:15:39","modified_gmt":"2022-10-17T13:15:39","slug":"hitta-en-knullkompis-i-ditt-omrade","status":"publish","type":"page","link":"https:\/\/styleswp.com\/sv\/hitta-en-knullkompis-i-ditt-omrade\/","title":{"rendered":"Hitta en knullkompis i ditt omr\u00e5de"},"content":{"rendered":"<p>Det finns m\u00e5nga anledningar till varf\u00f6r n\u00e5gon skulle vilja <a href=\"http:\/\/styleswp.com\/sv\/mot-lokala-asiater-for-sex\/\">hitta en knullkompis<\/a>. Kanske \u00e4r de singlar och letar efter en v\u00e4n som delar liknande intressen. Eller kanske vill de bara utforska sin sexualitet. Oavsett anledning kan det vara roligt och sp\u00e4nnande att hitta en knullkompis.<\/p>\n<p>S\u00e5 nu n\u00e4r du f\u00f6rst\u00e5r riskerna, l\u00e5t oss prata om hur du hittar <a href=\"http:\/\/www.sex-chat-rooms.com\/sv\/gratis-fitta-i-mitt-omrade\/\">gratis fitta<\/a> en knullkompis! Det finns flera olika alternativ tillg\u00e4ngliga f\u00f6r dig beroende p\u00e5 dina behov och \u00f6nskem\u00e5l.<\/p>\n<h3>Vad \u00e4r en knullkompis?<\/h3>\n<p>En knullkompis \u00e4r n\u00e5gon som har sex med dig gratis. Den h\u00e4r personen kan vara din flickv\u00e4n, fru, make, pojkv\u00e4n eller n\u00e5gon annan partner. Begreppet &#8221;knullkompis&#8221; myntades p\u00e5 1980-talet n\u00e4r m\u00e4n hade f\u00e4rre sexpartners p\u00e5 grund av aids.<\/p>\n<h3>Ska du h\u00e5lla det avslappnat med en knullkompis?<\/h3>\n<p>Casual sex \u00e4r bra f\u00f6r ett par som vill krydda sitt f\u00f6rh\u00e5llande. Tillf\u00e4lligt sex b\u00f6r dock endast h\u00e5llas p\u00e5 sovrumsniv\u00e5. Om du vill starta ett seri\u00f6st f\u00f6rh\u00e5llande m\u00e5ste du tr\u00e4ffa n\u00e5gon f\u00f6rst.<\/p>\n<h3>B\u00e4sta sexappen f\u00f6r att tr\u00e4ffa en knullkompis?<\/h3>\n<p>De b\u00e4sta sexapparna f\u00f6r att tr\u00e4ffa en knullkompis inkluderar Tinder, Grindr, Scruff och Jack&#8217;d. Dessa appar till\u00e5ter anv\u00e4ndare att s\u00f6ka efter potentiella partners baserat p\u00e5 plats, \u00e5lder, k\u00f6n, sexuell l\u00e4ggning och andra kriterier. Anv\u00e4ndare kan ocks\u00e5 skicka meddelanden till varandra via dessa appar.<\/p>\n<h3>Hur m\u00e5nga knullkompisar kan man ha samtidigt?<\/h3>\n<p>Svaret beror p\u00e5 hur mycket pengar du har. Om du har $ 10,000 kan <a href=\"http:\/\/www.meet-single-women.net\/sv\/ingen-registrering-gratis-sexsajter\/\">sexsajter<\/a> du ha 10 knullkompisar p\u00e5 en g\u00e5ng. Men om du har 1 miljon dollar kan du ha 100 knullkompisar p\u00e5 en g\u00e5ng.<\/p>\n<h3>Var kan jag chatta med fr\u00e4mlingar online gratis?<\/h3>\n<p>Det finns flera webbplatser d\u00e4r du kan tr\u00e4ffa nya m\u00e4nniskor fr\u00e5n hela v\u00e4rlden. Dessa webbplatser inkluderar: Facebook, Twitter, Reddit, Quora, Google Plus, LinkedIn och Meetup.com. Det b\u00e4sta s\u00e4ttet att hitta dessa webbplatser \u00e4r att s\u00f6ka &#8221;gratis dejting&#8221; eller &#8221;tr\u00e4ffa nya m\u00e4nniskor.&#8221;<\/p>\n<h3>Vad \u00e4r den b\u00e4sta plattformen f\u00f6r slumpm\u00e4ssiga fr\u00e4mlingar?<\/h3>\n<p>TextRandomStrangers \u00e4r en gratis app f\u00f6r Android-telefoner som till\u00e5ter anv\u00e4ndare att skicka anonyma <a href=\"https:\/\/vrpguide.com\/da\/vr-sex-games-info-anmeldelser\/\">vr porno games<\/a> texter till andra anv\u00e4ndare som ocks\u00e5 anv\u00e4nder appen. Appen har laddats ner \u00f6ver 10 miljoner g\u00e5nger sedan lanseringen 2013. Anv\u00e4ndare kan v\u00e4lja fr\u00e5n en lista med f\u00f6rskrivna meddelanden som &#8221;Jag \u00e4r uttr\u00e5kad&#8221;, &#8221;Jag beh\u00f6ver hj\u00e4lp&#8221; eller &#8221;L\u00e5t oss tr\u00e4ffas&#8221;.<\/p>\n<h3>Finns det en gratis app f\u00f6r att prata med fr\u00e4mlingar?<\/h3>\n<p>Ja! Det finns flera appar tillg\u00e4ngliga f\u00f6r att chatta med slumpm\u00e4ssiga fr\u00e4mlingar. Den b\u00e4sta jag har anv\u00e4nt heter &#8221;Talk To Strangers&#8221; som har funnits sedan 2008. Denna app l\u00e5ter dig chatta med fr\u00e4mlingar fr\u00e5n hela v\u00e4rlden.<\/p>\n<h3>\u00c4r sexting online s\u00e4kert?<\/h3>\n<p>Sexting \u00e4r en form av n\u00e4tmobbning som \u00e4r olaglig i vissa l\u00e4nder som Australien, Kanada, England, Irland, Nya Zeeland, Skottland, Wales och andra. Om du vill vara s\u00e4ker n\u00e4r du skickar sexiga bilder, anv\u00e4nd sedan en s\u00e4ker meddelandeapp som Signal, WhatsApp, Viber, WeChat, etc.<\/p>\n","protected":false},"excerpt":{"rendered":"<div class=\"mh-excerpt\"><p>Det finns m\u00e5nga anledningar till varf\u00f6r n\u00e5gon skulle vilja hitta en knullkompis. Kanske \u00e4r de singlar och letar efter en v\u00e4n som delar liknande intressen. <a class=\"mh-excerpt-more\" href=\"https:\/\/styleswp.com\/sv\/hitta-en-knullkompis-i-ditt-omrade\/\" title=\"Hitta en knullkompis i ditt omr\u00e5de\">[&#8230;]<\/a><\/p>\n<\/div>","protected":false},"author":1,"featured_media":0,"parent":0,"menu_order":0,"comment_status":"closed","ping_status":"closed","template":"","meta":[],"yoast_head":"<!-- This site is optimized with the Yoast SEO plugin v17.7.1 - https:\/\/yoast.com\/wordpress\/plugins\/seo\/ -->\n<title>Hitta en knullkompis i ditt omr\u00e5de - Relationship Guide<\/title>\n<meta name=\"robots\" content=\"index, follow, max-snippet:-1, max-image-preview:large, max-video-preview:-1\" \/>\n<link rel=\"canonical\" href=\"https:\/\/styleswp.com\/sv\/hitta-en-knullkompis-i-ditt-omrade\/\" \/>\n<meta property=\"og:locale\" content=\"sv_SE\" \/>\n<meta property=\"og:type\" content=\"article\" \/>\n<meta property=\"og:title\" content=\"Hitta en knullkompis i ditt omr\u00e5de - Relationship Guide\" \/>\n<meta property=\"og:description\" content=\"Det finns m\u00e5nga anledningar till varf\u00f6r n\u00e5gon skulle vilja hitta en knullkompis. Kanske \u00e4r de singlar och letar efter en v\u00e4n som delar liknande intressen. [...]\" \/>\n<meta property=\"og:url\" content=\"https:\/\/styleswp.com\/sv\/hitta-en-knullkompis-i-ditt-omrade\/\" \/>\n<meta property=\"og:site_name\" content=\"Relationship Guide\" \/>\n<meta property=\"article:modified_time\" content=\"2022-10-17T13:15:39+00:00\" \/>\n<meta name=\"twitter:card\" content=\"summary_large_image\" \/>\n<meta name=\"twitter:label1\" content=\"Ber\u00e4knad l\u00e4stid\" \/>\n\t<meta name=\"twitter:data1\" content=\"3 minuter\" \/>\n<script type=\"application\/ld+json\" class=\"yoast-schema-graph\">{\"@context\":\"https:\/\/schema.org\",\"@graph\":[{\"@type\":\"WebSite\",\"@id\":\"http:\/\/styleswp.com\/fi\/#website\",\"url\":\"http:\/\/styleswp.com\/fi\/\",\"name\":\"Relationship Guide\",\"description\":\"Meet Your Match\",\"potentialAction\":[{\"@type\":\"SearchAction\",\"target\":{\"@type\":\"EntryPoint\",\"urlTemplate\":\"http:\/\/styleswp.com\/fi\/?s={search_term_string}\"},\"query-input\":\"required name=search_term_string\"}],\"inLanguage\":\"sv-SE\"},{\"@type\":\"WebPage\",\"@id\":\"https:\/\/styleswp.com\/sv\/hitta-en-knullkompis-i-ditt-omrade\/#webpage\",\"url\":\"https:\/\/styleswp.com\/sv\/hitta-en-knullkompis-i-ditt-omrade\/\",\"name\":\"Hitta en knullkompis i ditt omr\\u00e5de - Relationship Guide\",\"isPartOf\":{\"@id\":\"http:\/\/styleswp.com\/fi\/#website\"},\"datePublished\":\"2022-09-13T11:37:43+00:00\",\"dateModified\":\"2022-10-17T13:15:39+00:00\",\"breadcrumb\":{\"@id\":\"https:\/\/styleswp.com\/sv\/hitta-en-knullkompis-i-ditt-omrade\/#breadcrumb\"},\"inLanguage\":\"sv-SE\",\"potentialAction\":[{\"@type\":\"ReadAction\",\"target\":[\"https:\/\/styleswp.com\/sv\/hitta-en-knullkompis-i-ditt-omrade\/\"]}]},{\"@type\":\"BreadcrumbList\",\"@id\":\"https:\/\/styleswp.com\/sv\/hitta-en-knullkompis-i-ditt-omrade\/#breadcrumb\",\"itemListElement\":[{\"@type\":\"ListItem\",\"position\":1,\"name\":\"Home\",\"item\":\"https:\/\/styleswp.com\/sv\/\"},{\"@type\":\"ListItem\",\"position\":2,\"name\":\"Hitta en knullkompis i ditt omr\\u00e5de\"}]}]}<\/script>\n<!-- \/ Yoast SEO plugin. -->","yoast_head_json":{"title":"Hitta en knullkompis i ditt omr\u00e5de - Relationship Guide","robots":{"index":"index","follow":"follow","max-snippet":"max-snippet:-1","max-image-preview":"max-image-preview:large","max-video-preview":"max-video-preview:-1"},"canonical":"https:\/\/styleswp.com\/sv\/hitta-en-knullkompis-i-ditt-omrade\/","og_locale":"sv_SE","og_type":"article","og_title":"Hitta en knullkompis i ditt omr\u00e5de - Relationship Guide","og_description":"Det finns m\u00e5nga anledningar till varf\u00f6r n\u00e5gon skulle vilja hitta en knullkompis. Kanske \u00e4r de singlar och letar efter en v\u00e4n som delar liknande intressen. [...]","og_url":"https:\/\/styleswp.com\/sv\/hitta-en-knullkompis-i-ditt-omrade\/","og_site_name":"Relationship Guide","article_modified_time":"2022-10-17T13:15:39+00:00","twitter_card":"summary_large_image","twitter_misc":{"Ber\u00e4knad l\u00e4stid":"3 minuter"},"schema":{"@context":"https:\/\/schema.org","@graph":[{"@type":"WebSite","@id":"http:\/\/styleswp.com\/fi\/#website","url":"http:\/\/styleswp.com\/fi\/","name":"Relationship Guide","description":"Meet Your Match","potentialAction":[{"@type":"SearchAction","target":{"@type":"EntryPoint","urlTemplate":"http:\/\/styleswp.com\/fi\/?s={search_term_string}"},"query-input":"required name=search_term_string"}],"inLanguage":"sv-SE"},{"@type":"WebPage","@id":"https:\/\/styleswp.com\/sv\/hitta-en-knullkompis-i-ditt-omrade\/#webpage","url":"https:\/\/styleswp.com\/sv\/hitta-en-knullkompis-i-ditt-omrade\/","name":"Hitta en knullkompis i ditt omr\u00e5de - Relationship Guide","isPartOf":{"@id":"http:\/\/styleswp.com\/fi\/#website"},"datePublished":"2022-09-13T11:37:43+00:00","dateModified":"2022-10-17T13:15:39+00:00","breadcrumb":{"@id":"https:\/\/styleswp.com\/sv\/hitta-en-knullkompis-i-ditt-omrade\/#breadcrumb"},"inLanguage":"sv-SE","potentialAction":[{"@type":"ReadAction","target":["https:\/\/styleswp.com\/sv\/hitta-en-knullkompis-i-ditt-omrade\/"]}]},{"@type":"BreadcrumbList","@id":"https:\/\/styleswp.com\/sv\/hitta-en-knullkompis-i-ditt-omrade\/#breadcrumb","itemListElement":[{"@type":"ListItem","position":1,"name":"Home","item":"https:\/\/styleswp.com\/sv\/"},{"@type":"ListItem","position":2,"name":"Hitta en knullkompis i ditt omr\u00e5de"}]}]}},"_links":{"self":[{"href":"https:\/\/styleswp.com\/sv\/wp-json\/wp\/v2\/pages\/121"}],"collection":[{"href":"https:\/\/styleswp.com\/sv\/wp-json\/wp\/v2\/pages"}],"about":[{"href":"https:\/\/styleswp.com\/sv\/wp-json\/wp\/v2\/types\/page"}],"author":[{"embeddable":true,"href":"https:\/\/styleswp.com\/sv\/wp-json\/wp\/v2\/users\/1"}],"replies":[{"embeddable":true,"href":"https:\/\/styleswp.com\/sv\/wp-json\/wp\/v2\/comments?post=121"}],"version-history":[{"count":1,"href":"https:\/\/styleswp.com\/sv\/wp-json\/wp\/v2\/pages\/121\/revisions"}],"predecessor-version":[{"id":399,"href":"https:\/\/styleswp.com\/sv\/wp-json\/wp\/v2\/pages\/121\/revisions\/399"}],"wp:attachment":[{"href":"https:\/\/styleswp.com\/sv\/wp-json\/wp\/v2\/media?parent=121"}],"curies":[{"name":"wp","href":"https:\/\/api.w.org\/{rel}","templated":true}]}}