{"id":96,"date":"2022-09-13T12:39:25","date_gmt":"2022-09-13T11:39:25","guid":{"rendered":"http:\/\/styleswp.com\/poznaj-lokalnych-azjatow-na-seks\/"},"modified":"2022-09-13T12:39:25","modified_gmt":"2022-09-13T11:39:25","slug":"poznaj-lokalnych-azjatow-na-seks","status":"publish","type":"page","link":"https:\/\/styleswp.com\/pl\/poznaj-lokalnych-azjatow-na-seks\/","title":{"rendered":"Poznaj lokalnych Azjat\u00f3w na seks"},"content":{"rendered":"<p>Azjatyckie serwisy randkowe staj\u0105 si\u0119 coraz bardziej popularne w\u015br\u00f3d ludzi Zachodu, kt\u00f3rzy s\u0105 zm\u0119czeni tradycyjnymi metodami randkowymi. Te <a href=\"http:\/\/styleswp.com\/pl\/kink-randki\/\">platformy internetowe<\/a> umo\u017cliwiaj\u0105 singlom \u0142\u0105czenie si\u0119 z innymi azjatyckimi kobietami i m\u0119\u017cczyznami w oparciu o lokalizacj\u0119, zainteresowania i wzajemn\u0105 kompatybilno\u015b\u0107.<\/p>\n<p>Podczas gdy azjatyckie serwisy randkowe zyskuj\u0105 na popularno\u015bci, wci\u0105\u017c maj\u0105 przed sob\u0105 d\u0142ug\u0105 drog\u0119, zanim stan\u0105 si\u0119 g\u0142\u00f3wnym nurtem. Obecnie dost\u0119pnych jest tylko kilka renomowanych azjatyckich serwis\u00f3w randkowych, a wiele z nich obs\u0142uguje wy\u0142\u0105cznie singli chi\u0144skich, japo\u0144skich, korea\u0144skich, filipi\u0144skich, tajskich, wietnamskich, malezyjskich, indonezyjskich, singapurskich, tajwa\u0144skich i indyjskich. Je\u015bli jednak jeste\u015b zainteresowany znalezieniem mi\u0142o\u015bci za granic\u0105, te strony mog\u0105 by\u0107 w\u0142a\u015bnie tym, czego szukasz.<\/p>\n<h3>Czy jest jaki\u015b darmowy azjatycki serwis randkowy?<\/h3>\n<p>Tak, istnieje kilka bezp\u0142atnych azjatyckich serwis\u00f3w randkowych dost\u0119pnych dla singli z ca\u0142ego \u015bwiata. Najlepsze darmowe azjatyckie serwisy randkowe to: OkCupid, PlentyOfFish, Match, eHarmony, Zoosk i Tinder. Witryny te umo\u017cliwiaj\u0105 u\u017cytkownikom wyszukiwanie innych cz\u0142onk\u00f3w na podstawie lokalizacji, wieku, p\u0142ci, pochodzenia etnicznego, religii, orientacji seksualnej i statusu zwi\u0105zku.<\/p>\n<h3>Co to jest aplikacja asiaasiamelody?<\/h3>\n<p>Asiaasiamelody to nowa us\u0142uga strumieniowego przesy\u0142ania muzyki dla azjatyckich artyst\u00f3w. Firma nawi\u0105za\u0142a wsp\u00f3\u0142prac\u0119 z najwi\u0119kszymi wytw\u00f3rniami, takimi jak Warner Music Group, Universal Music Group, Sony Music Entertainment, EMI Music Publishing i BMG Rights Management, aby zapewni\u0107 dost\u0119p do milion\u00f3w utwor\u00f3w z tych wytw\u00f3rni. Us\u0142uga oferuje r\u00f3wnie\u017c ekskluzywne tre\u015bci od najlepszych azjatyckich muzyk\u00f3w, takich jak Jay Chou, Nicki Minaj i PSY.<\/p>\n<h3>Jak pozna\u0107 azjatyckich singli za darmo?<\/h3>\n<p>Je\u015bli chcesz znale\u017a\u0107 mi\u0142o\u015b\u0107 w Azji, powiniene\u015b spr\u00f3bowa\u0107 u\u017cy\u0107 aplikacji randkowych, takich jak Tinder. Ta aplikacja pozwala u\u017cytkownikom przesuwa\u0107 palcem w lewo lub w prawo, aby wskaza\u0107, czy s\u0105 zainteresowani spotkaniem z kim\u015b nowym. Najlepsze w tych aplikacjach jest to, \u017ce pozwalaj\u0105 u\u017cytkownikom anonimowo przegl\u0105da\u0107 profile, co oznacza, \u017ce nie musisz si\u0119 martwi\u0107 o odrzucenie z mecz\u00f3w na podstawie Twojego wygl\u0105du.<\/p>\n<h3>Czym jest asiand8 serwis randkowy?<\/h3>\n<p>Asiand8 to darmowy azjatycki serwis randkowy dla m\u0119\u017cczyzn szukaj\u0105cych kobiet z Azji. Strona istnieje od 2004 roku i obecnie ma ponad 1 milion cz\u0142onk\u00f3w na ca\u0142ym \u015bwiecie. Nie ma \u017cadnych op\u0142at za do\u0142\u0105czenie, a ca\u0142a komunikacja mi\u0119dzy u\u017cytkownikami jest ca\u0142kowicie bezp\u0142atna.<\/p>\n<h3>Jak pozna\u0107 azjatyckich singli za darmo?<\/h3>\n<p>Je\u015bli chcesz znale\u017a\u0107 azjatyckie kobiety na randki, powiniene\u015b skorzysta\u0107 z jednego z najlepszych azjatyckich serwis\u00f3w randkowych, takich jak www.AsianDate.com. Ta strona ma miliony cz\u0142onk\u00f3w z ca\u0142ego \u015bwiata i szukaj\u0105 mi\u0142o\u015bci tak jak Ty. Oferuj\u0105 r\u00f3wnie\u017c wspania\u0142e funkcje, takie jak pokoje czatu na \u017cywo, czat wideo i aplikacje mobilne.<\/p>\n<h3>Jakie s\u0105 najlepsze azjatyckie serwisy randkowe?<\/h3>\n<p>Najlepszy azjatycki serwis randkowy to prawdopodobnie taki, kt\u00f3ry istnieje od dawna i ma du\u017c\u0105 liczb\u0119 cz\u0142onk\u00f3w. W ten spos\u00f3b wiesz, \u017ce od jakiego\u015b czasu robi\u0105 wszystko dobrze. Sprawd\u017a r\u00f3wnie\u017c, jak aktywna jest spo\u0142eczno\u015b\u0107 i czy oferuj\u0105 dodatkowe funkcje, takie jak czat wideo.<\/p>\n<h3>Czy dateinasia jest azjatyckim serwisem randkowym?<\/h3>\n<p>Tak, DateinAsia to azjatycki serwis randkowy dla m\u0119\u017cczyzn z ca\u0142ej Azji szukaj\u0105cych mi\u0142o\u015bci. Zapewniamy bezp\u0142atne cz\u0142onkostwo dla kobiet, kt\u00f3re chc\u0105 znale\u017a\u0107 m\u0119\u017cczyzn\u0119 z Chin, Japonii, Korei, Indonezji, Filipin, Malezji, Tajlandii, Wietnamu, Singapuru, Kambod\u017cy, Indii, Sri Lanki, Bangladeszu, Pakistanu, Nepalu, Bhutanu, Mongolii, Rosji, Ukrainy, Bia\u0142orusi, Kazachstanu, Kirgistanu, Uzbekistanu, Tad\u017cykistanu, Turkmenistanu, Armenii, Azerbejd\u017canu, Gruzji, Izraela, Palestyny, Libanu, Syrii, Jordanii, Egiptu, Libii, Tunezji, Algierii, Maroka, Omanu, Arabii Saudyjskiej, Kuwejtu,  Katar, Bahrajn,<\/p>\n<h3>Jakie s\u0105 najlepsze miejsca na spotkanie azjatyckich kobiet na ma\u0142\u017ce\u0144stwo?<\/h3>\n<p>Istnieje kilka stron internetowych, na kt\u00f3rych mo\u017cna znale\u017a\u0107 samotne Azjatyckie kobiety szukaj\u0105ce mi\u0142o\u015bci. Pierwsz\u0105 rzecz\u0105, kt\u00f3r\u0105 musisz zrobi\u0107 podczas poszukiwania potencjalnego partnera, jest spojrzenie na jej profil i podj\u0119cie decyzji, czy jest dla Ciebie odpowiednia. Je\u015bli podoba ci si\u0119 to, co widzisz, powiniene\u015b skontaktowa\u0107 si\u0119 z ni\u0105 przez e-mail lub telefon.<\/p>\n","protected":false},"excerpt":{"rendered":"<div class=\"mh-excerpt\"><p>Azjatyckie serwisy randkowe staj\u0105 si\u0119 coraz bardziej popularne w\u015br\u00f3d ludzi Zachodu, kt\u00f3rzy s\u0105 zm\u0119czeni tradycyjnymi metodami randkowymi. Te platformy internetowe umo\u017cliwiaj\u0105 singlom \u0142\u0105czenie si\u0119 z <a class=\"mh-excerpt-more\" href=\"https:\/\/styleswp.com\/pl\/poznaj-lokalnych-azjatow-na-seks\/\" title=\"Poznaj lokalnych Azjat\u00f3w na seks\">[&#8230;]<\/a><\/p>\n<\/div>","protected":false},"author":1,"featured_media":0,"parent":0,"menu_order":0,"comment_status":"closed","ping_status":"closed","template":"","meta":[],"yoast_head":"<!-- This site is optimized with the Yoast SEO plugin v17.7.1 - https:\/\/yoast.com\/wordpress\/plugins\/seo\/ -->\n<title>Poznaj lokalnych Azjat\u00f3w na seks - Relationship Guide<\/title>\n<meta name=\"robots\" content=\"index, follow, max-snippet:-1, max-image-preview:large, max-video-preview:-1\" \/>\n<link rel=\"canonical\" href=\"https:\/\/styleswp.com\/pl\/poznaj-lokalnych-azjatow-na-seks\/\" \/>\n<meta property=\"og:locale\" content=\"pl_PL\" \/>\n<meta property=\"og:type\" content=\"article\" \/>\n<meta property=\"og:title\" content=\"Poznaj lokalnych Azjat\u00f3w na seks - Relationship Guide\" \/>\n<meta property=\"og:description\" content=\"Azjatyckie serwisy randkowe staj\u0105 si\u0119 coraz bardziej popularne w\u015br\u00f3d ludzi Zachodu, kt\u00f3rzy s\u0105 zm\u0119czeni tradycyjnymi metodami randkowymi. Te platformy internetowe umo\u017cliwiaj\u0105 singlom \u0142\u0105czenie si\u0119 z [...]\" \/>\n<meta property=\"og:url\" content=\"https:\/\/styleswp.com\/pl\/poznaj-lokalnych-azjatow-na-seks\/\" \/>\n<meta property=\"og:site_name\" content=\"Relationship Guide\" \/>\n<meta name=\"twitter:card\" content=\"summary_large_image\" \/>\n<meta name=\"twitter:label1\" content=\"Szacowany czas czytania\" \/>\n\t<meta name=\"twitter:data1\" content=\"3 minuty\" \/>\n<script type=\"application\/ld+json\" class=\"yoast-schema-graph\">{\"@context\":\"https:\/\/schema.org\",\"@graph\":[{\"@type\":\"WebSite\",\"@id\":\"http:\/\/styleswp.com\/fi\/#website\",\"url\":\"http:\/\/styleswp.com\/fi\/\",\"name\":\"Relationship Guide\",\"description\":\"Meet Your Match\",\"potentialAction\":[{\"@type\":\"SearchAction\",\"target\":{\"@type\":\"EntryPoint\",\"urlTemplate\":\"http:\/\/styleswp.com\/fi\/?s={search_term_string}\"},\"query-input\":\"required name=search_term_string\"}],\"inLanguage\":\"pl-PL\"},{\"@type\":\"WebPage\",\"@id\":\"https:\/\/styleswp.com\/pl\/poznaj-lokalnych-azjatow-na-seks\/#webpage\",\"url\":\"https:\/\/styleswp.com\/pl\/poznaj-lokalnych-azjatow-na-seks\/\",\"name\":\"Poznaj lokalnych Azjat\\u00f3w na seks - Relationship Guide\",\"isPartOf\":{\"@id\":\"http:\/\/styleswp.com\/fi\/#website\"},\"datePublished\":\"2022-09-13T11:39:25+00:00\",\"dateModified\":\"2022-09-13T11:39:25+00:00\",\"breadcrumb\":{\"@id\":\"https:\/\/styleswp.com\/pl\/poznaj-lokalnych-azjatow-na-seks\/#breadcrumb\"},\"inLanguage\":\"pl-PL\",\"potentialAction\":[{\"@type\":\"ReadAction\",\"target\":[\"https:\/\/styleswp.com\/pl\/poznaj-lokalnych-azjatow-na-seks\/\"]}]},{\"@type\":\"BreadcrumbList\",\"@id\":\"https:\/\/styleswp.com\/pl\/poznaj-lokalnych-azjatow-na-seks\/#breadcrumb\",\"itemListElement\":[{\"@type\":\"ListItem\",\"position\":1,\"name\":\"Home\",\"item\":\"https:\/\/styleswp.com\/pl\/\"},{\"@type\":\"ListItem\",\"position\":2,\"name\":\"Poznaj lokalnych Azjat\\u00f3w na seks\"}]}]}<\/script>\n<!-- \/ Yoast SEO plugin. -->","yoast_head_json":{"title":"Poznaj lokalnych Azjat\u00f3w na seks - Relationship Guide","robots":{"index":"index","follow":"follow","max-snippet":"max-snippet:-1","max-image-preview":"max-image-preview:large","max-video-preview":"max-video-preview:-1"},"canonical":"https:\/\/styleswp.com\/pl\/poznaj-lokalnych-azjatow-na-seks\/","og_locale":"pl_PL","og_type":"article","og_title":"Poznaj lokalnych Azjat\u00f3w na seks - Relationship Guide","og_description":"Azjatyckie serwisy randkowe staj\u0105 si\u0119 coraz bardziej popularne w\u015br\u00f3d ludzi Zachodu, kt\u00f3rzy s\u0105 zm\u0119czeni tradycyjnymi metodami randkowymi. Te platformy internetowe umo\u017cliwiaj\u0105 singlom \u0142\u0105czenie si\u0119 z [...]","og_url":"https:\/\/styleswp.com\/pl\/poznaj-lokalnych-azjatow-na-seks\/","og_site_name":"Relationship Guide","twitter_card":"summary_large_image","twitter_misc":{"Szacowany czas czytania":"3 minuty"},"schema":{"@context":"https:\/\/schema.org","@graph":[{"@type":"WebSite","@id":"http:\/\/styleswp.com\/fi\/#website","url":"http:\/\/styleswp.com\/fi\/","name":"Relationship Guide","description":"Meet Your Match","potentialAction":[{"@type":"SearchAction","target":{"@type":"EntryPoint","urlTemplate":"http:\/\/styleswp.com\/fi\/?s={search_term_string}"},"query-input":"required name=search_term_string"}],"inLanguage":"pl-PL"},{"@type":"WebPage","@id":"https:\/\/styleswp.com\/pl\/poznaj-lokalnych-azjatow-na-seks\/#webpage","url":"https:\/\/styleswp.com\/pl\/poznaj-lokalnych-azjatow-na-seks\/","name":"Poznaj lokalnych Azjat\u00f3w na seks - Relationship Guide","isPartOf":{"@id":"http:\/\/styleswp.com\/fi\/#website"},"datePublished":"2022-09-13T11:39:25+00:00","dateModified":"2022-09-13T11:39:25+00:00","breadcrumb":{"@id":"https:\/\/styleswp.com\/pl\/poznaj-lokalnych-azjatow-na-seks\/#breadcrumb"},"inLanguage":"pl-PL","potentialAction":[{"@type":"ReadAction","target":["https:\/\/styleswp.com\/pl\/poznaj-lokalnych-azjatow-na-seks\/"]}]},{"@type":"BreadcrumbList","@id":"https:\/\/styleswp.com\/pl\/poznaj-lokalnych-azjatow-na-seks\/#breadcrumb","itemListElement":[{"@type":"ListItem","position":1,"name":"Home","item":"https:\/\/styleswp.com\/pl\/"},{"@type":"ListItem","position":2,"name":"Poznaj lokalnych Azjat\u00f3w na seks"}]}]}},"_links":{"self":[{"href":"https:\/\/styleswp.com\/pl\/wp-json\/wp\/v2\/pages\/96"}],"collection":[{"href":"https:\/\/styleswp.com\/pl\/wp-json\/wp\/v2\/pages"}],"about":[{"href":"https:\/\/styleswp.com\/pl\/wp-json\/wp\/v2\/types\/page"}],"author":[{"embeddable":true,"href":"https:\/\/styleswp.com\/pl\/wp-json\/wp\/v2\/users\/1"}],"replies":[{"embeddable":true,"href":"https:\/\/styleswp.com\/pl\/wp-json\/wp\/v2\/comments?post=96"}],"version-history":[{"count":0,"href":"https:\/\/styleswp.com\/pl\/wp-json\/wp\/v2\/pages\/96\/revisions"}],"wp:attachment":[{"href":"https:\/\/styleswp.com\/pl\/wp-json\/wp\/v2\/media?parent=96"}],"curies":[{"name":"wp","href":"https:\/\/api.w.org\/{rel}","templated":true}]}}