{"id":354,"date":"2022-09-30T12:51:13","date_gmt":"2022-09-30T11:51:13","guid":{"rendered":"http:\/\/styleswp.com\/perwersyjne-personalia\/"},"modified":"2022-09-30T12:51:13","modified_gmt":"2022-09-30T11:51:13","slug":"perwersyjne-personalia","status":"publish","type":"page","link":"https:\/\/styleswp.com\/pl\/perwersyjne-personalia\/","title":{"rendered":"Perwersyjne personalia"},"content":{"rendered":"<p>Istnieje wiele stron internetowych obs\u0142uguj\u0105cych spo\u0142eczno\u015b\u0107 BDSM, kt\u00f3re mog\u0105 by\u0107 doskona\u0142ym \u017ar\u00f3d\u0142em informacji o podobnych pogl\u0105dach, z kt\u00f3rymi mo\u017cna si\u0119 po\u0142\u0105czy\u0107. Witryny te zazwyczaj maj\u0105 fora i pokoje rozm\u00f3w, w kt\u00f3rych cz\u0142onkowie mog\u0105 \u0142\u0105czy\u0107 si\u0119 ze sob\u0105, a tak\u017ce mog\u0105 mie\u0107 wydarzenia i grupy, do kt\u00f3rych cz\u0142onkowie mog\u0105 do\u0142\u0105czy\u0107. Mo\u017ce to by\u0107 \u015bwietny spos\u00f3b na poznanie ludzi, kt\u00f3rzy podzielaj\u0105 Twoje zainteresowania i anga\u017cuj\u0105 si\u0119 w spo\u0142eczno\u015b\u0107 BDSM. Jednak wa\u017cne jest, aby pami\u0119ta\u0107, \u017ce nie wszyscy na tych stronach szukaj\u0105 przypadkowego po\u0142\u0105czenia, dlatego wa\u017cne jest, aby jasno okre\u015bli\u0107 swoje intencje przed spotkaniem z kimkolwiek.<\/p>\n<h2>Serwisy randkowe BDSM<\/h2>\n<p>Je\u015bli szukasz najlepszej wyszukiwarki randek bdsm, b\u0119dziesz chcia\u0142 sprawdzi\u0107 t\u0119 stron\u0119. Jest to \u015bwietne \u017ar\u00f3d\u0142o informacji na temat znajdowania partner\u00f3w randkowych bdsm, a tak\u017ce porad i informacji na temat stylu \u017cycia. Jest tu du\u017ca spo\u0142eczno\u015b\u0107 ludzi, kt\u00f3rzy ch\u0119tnie pomog\u0105 Ci zacz\u0105\u0107, a nawet mo\u017cesz znale\u017a\u0107 partnera, kt\u00f3ry pomo\u017ce Ci zacz\u0105\u0107, je\u015bli nie jeste\u015b pewien, od czego zacz\u0105\u0107. Niezale\u017cnie od tego, czy jeste\u015b nowicjuszem w stylu \u017cycia, czy do\u015bwiadczonym graczem, ta strona jest dla Ciebie.<\/p>\n<p>Ka\u017cdy znajdzie co\u015b dla siebie na perwersyjnych osobisto\u015bciach. Niezale\u017cnie od tego, czy szukasz partnera BDSM, kt\u00f3ry Ci\u0119 zdominuje, czy te\u017c uleg\u0142ego, znajdziesz tutaj to, czego szukasz. Mo\u017cesz wyszukiwa\u0107 partner\u00f3w wed\u0142ug lokalizacji, wieku, za\u0142ama\u0144 i innych. Przy tak wielu cz\u0142onkach na pewno znajdziesz kogo\u015b, kto spe\u0142ni Twoje potrzeby. Utw\u00f3rz bezp\u0142atny profil i zacznij przegl\u0105da\u0107 perwersyjne osobisto\u015bci ju\u017c dzi\u015b.<\/p>\n<h2>Witryny Kink<\/h2>\n<p>Istnieje wiele stron kink dost\u0119pnych online, kt\u00f3re zaspokajaj\u0105 potrzeby os\u00f3b o okre\u015blonych zainteresowaniach seksualnych. Mog\u0105 to by\u0107 \u015bwietny spos\u00f3b na nawi\u0105zanie kontaktu z podobnie my\u015bl\u0105cymi lud\u017ami i odkrywanie swojej seksualno\u015bci w bezpieczny i zgodny spos\u00f3b. Nale\u017cy jednak pami\u0119ta\u0107, \u017ce nie wszystkie witryny kink s\u0105 sobie r\u00f3wne. Niekt\u00f3rzy mog\u0105 nie by\u0107 tak dobrze moderowani jak inni i zawsze istnieje mo\u017cliwo\u015b\u0107 napotkania kogo\u015b, kto nie szanuje granic. Podobnie jak w przypadku ka\u017cdej aktywno\u015bci online, wa\u017cne jest, aby zachowa\u0107 ostro\u017cno\u015b\u0107 i zdawa\u0107 sobie spraw\u0119 z zwi\u0105zanego z tym ryzyka.<\/p>\n<h3>Milfaholic \u2022<\/h3>\n<p>Milfaholic to aplikacja randkowa, kt\u00f3ra jest skierowana specjalnie do starszych kobiet lub &#8222;matek, kt\u00f3re chcia\u0142bym&#8221;. Aplikacja zosta\u0142a zaprojektowana, aby pom\u00f3c u\u017cytkownikom spotyka\u0107 si\u0119 ze starszymi kobietami w celu przypadkowych pod\u0142\u0105cze\u0144 i seksu. Interfejs aplikacji jest prosty i bezpo\u015bredni, a tak\u017ce \u0142atwy w u\u017cyciu. Mo\u017cesz wyszukiwa\u0107 starsze kobiety wed\u0142ug lokalizacji, wieku i zainteresowa\u0144. Aplikacja zawiera r\u00f3wnie\u017c funkcj\u0119 przesy\u0142ania wiadomo\u015bci, dzi\u0119ki czemu mo\u017cesz rozmawia\u0107 z potencjalnymi po\u0142\u0105czeniami. Og\u00f3lnie rzecz bior\u0105c, Milfaholic to \u015bwietna opcja dla ka\u017cdego, kto szuka \u0142atwego sposobu na poznanie starszych kobiet na przygodny seks.<\/p>\n<h3>Ashley Madison<\/h3>\n<p>Ashley Madison to aplikacja randkowa przeznaczona dla os\u00f3b, kt\u00f3re szukaj\u0105 romans\u00f3w pozama\u0142\u017ce\u0144skich. Aplikacja jest \u0142atwa w u\u017cyciu i ma wiele funkcji, kt\u00f3re sprawiaj\u0105, \u017ce jest dobrym wyborem dla os\u00f3b zainteresowanych tego typu rzeczami. Aplikacja jest do pobrania za darmo i ma wiele dobrych recenzji.<\/p>\n<h3>Outpersonal.com<\/h3>\n<p>Je\u015bli szukasz perwersyjnego pod\u0142\u0105czenia, Outpersonal.com jest \u015bwietn\u0105 opcj\u0105. Z ponad 1,5 miliona cz\u0142onk\u00f3w, jest to jedna z najwi\u0119kszych witryn BDSM na \u015bwiecie. A dzi\u0119ki 3-miesi\u0119cznej gwarancji na pewno znajdziesz kogo\u015b, z kim mo\u017cesz si\u0119 bawi\u0107.<\/p>\n<p>Witryna jest \u0142atwa w nawigacji i ma wszystkie funkcje potrzebne do znalezienia perwersyjnego partnera. Mo\u017cesz wyszukiwa\u0107 wed\u0142ug lokalizacji, za\u0142amania lub obu. I mo\u017cesz wysy\u0142a\u0107 wiadomo\u015bci do cz\u0142onk\u00f3w za darmo.<\/p>\n<p>Jedynym minusem jest to, \u017ce istnieje wiele fa\u0142szywych profili. Ale je\u015bli chcesz je przechwa\u015bci\u0107, na pewno znajdziesz kogo\u015b prawdziwego, z kim mo\u017cesz si\u0119 po\u0142\u0105czy\u0107.<\/p>\n","protected":false},"excerpt":{"rendered":"<div class=\"mh-excerpt\"><p>Istnieje wiele stron internetowych obs\u0142uguj\u0105cych spo\u0142eczno\u015b\u0107 BDSM, kt\u00f3re mog\u0105 by\u0107 doskona\u0142ym \u017ar\u00f3d\u0142em informacji o podobnych pogl\u0105dach, z kt\u00f3rymi mo\u017cna si\u0119 po\u0142\u0105czy\u0107. Witryny te zazwyczaj maj\u0105 <a class=\"mh-excerpt-more\" href=\"https:\/\/styleswp.com\/pl\/perwersyjne-personalia\/\" title=\"Perwersyjne personalia\">[&#8230;]<\/a><\/p>\n<\/div>","protected":false},"author":1,"featured_media":0,"parent":0,"menu_order":0,"comment_status":"closed","ping_status":"closed","template":"","meta":[],"yoast_head":"<!-- This site is optimized with the Yoast SEO plugin v17.7.1 - https:\/\/yoast.com\/wordpress\/plugins\/seo\/ -->\n<title>Perwersyjne personalia - Relationship Guide<\/title>\n<meta name=\"robots\" content=\"index, follow, max-snippet:-1, max-image-preview:large, max-video-preview:-1\" \/>\n<link rel=\"canonical\" href=\"https:\/\/styleswp.com\/pl\/perwersyjne-personalia\/\" \/>\n<meta property=\"og:locale\" content=\"pl_PL\" \/>\n<meta property=\"og:type\" content=\"article\" \/>\n<meta property=\"og:title\" content=\"Perwersyjne personalia - Relationship Guide\" \/>\n<meta property=\"og:description\" content=\"Istnieje wiele stron internetowych obs\u0142uguj\u0105cych spo\u0142eczno\u015b\u0107 BDSM, kt\u00f3re mog\u0105 by\u0107 doskona\u0142ym \u017ar\u00f3d\u0142em informacji o podobnych pogl\u0105dach, z kt\u00f3rymi mo\u017cna si\u0119 po\u0142\u0105czy\u0107. Witryny te zazwyczaj maj\u0105 [...]\" \/>\n<meta property=\"og:url\" content=\"https:\/\/styleswp.com\/pl\/perwersyjne-personalia\/\" \/>\n<meta property=\"og:site_name\" content=\"Relationship Guide\" \/>\n<meta name=\"twitter:card\" content=\"summary_large_image\" \/>\n<meta name=\"twitter:label1\" content=\"Szacowany czas czytania\" \/>\n\t<meta name=\"twitter:data1\" content=\"3 minuty\" \/>\n<script type=\"application\/ld+json\" class=\"yoast-schema-graph\">{\"@context\":\"https:\/\/schema.org\",\"@graph\":[{\"@type\":\"WebSite\",\"@id\":\"http:\/\/styleswp.com\/fi\/#website\",\"url\":\"http:\/\/styleswp.com\/fi\/\",\"name\":\"Relationship Guide\",\"description\":\"Meet Your Match\",\"potentialAction\":[{\"@type\":\"SearchAction\",\"target\":{\"@type\":\"EntryPoint\",\"urlTemplate\":\"http:\/\/styleswp.com\/fi\/?s={search_term_string}\"},\"query-input\":\"required name=search_term_string\"}],\"inLanguage\":\"pl-PL\"},{\"@type\":\"WebPage\",\"@id\":\"https:\/\/styleswp.com\/pl\/perwersyjne-personalia\/#webpage\",\"url\":\"https:\/\/styleswp.com\/pl\/perwersyjne-personalia\/\",\"name\":\"Perwersyjne personalia - Relationship Guide\",\"isPartOf\":{\"@id\":\"http:\/\/styleswp.com\/fi\/#website\"},\"datePublished\":\"2022-09-30T11:51:13+00:00\",\"dateModified\":\"2022-09-30T11:51:13+00:00\",\"breadcrumb\":{\"@id\":\"https:\/\/styleswp.com\/pl\/perwersyjne-personalia\/#breadcrumb\"},\"inLanguage\":\"pl-PL\",\"potentialAction\":[{\"@type\":\"ReadAction\",\"target\":[\"https:\/\/styleswp.com\/pl\/perwersyjne-personalia\/\"]}]},{\"@type\":\"BreadcrumbList\",\"@id\":\"https:\/\/styleswp.com\/pl\/perwersyjne-personalia\/#breadcrumb\",\"itemListElement\":[{\"@type\":\"ListItem\",\"position\":1,\"name\":\"Home\",\"item\":\"https:\/\/styleswp.com\/pl\/\"},{\"@type\":\"ListItem\",\"position\":2,\"name\":\"Perwersyjne personalia\"}]}]}<\/script>\n<!-- \/ Yoast SEO plugin. -->","yoast_head_json":{"title":"Perwersyjne personalia - Relationship Guide","robots":{"index":"index","follow":"follow","max-snippet":"max-snippet:-1","max-image-preview":"max-image-preview:large","max-video-preview":"max-video-preview:-1"},"canonical":"https:\/\/styleswp.com\/pl\/perwersyjne-personalia\/","og_locale":"pl_PL","og_type":"article","og_title":"Perwersyjne personalia - Relationship Guide","og_description":"Istnieje wiele stron internetowych obs\u0142uguj\u0105cych spo\u0142eczno\u015b\u0107 BDSM, kt\u00f3re mog\u0105 by\u0107 doskona\u0142ym \u017ar\u00f3d\u0142em informacji o podobnych pogl\u0105dach, z kt\u00f3rymi mo\u017cna si\u0119 po\u0142\u0105czy\u0107. Witryny te zazwyczaj maj\u0105 [...]","og_url":"https:\/\/styleswp.com\/pl\/perwersyjne-personalia\/","og_site_name":"Relationship Guide","twitter_card":"summary_large_image","twitter_misc":{"Szacowany czas czytania":"3 minuty"},"schema":{"@context":"https:\/\/schema.org","@graph":[{"@type":"WebSite","@id":"http:\/\/styleswp.com\/fi\/#website","url":"http:\/\/styleswp.com\/fi\/","name":"Relationship Guide","description":"Meet Your Match","potentialAction":[{"@type":"SearchAction","target":{"@type":"EntryPoint","urlTemplate":"http:\/\/styleswp.com\/fi\/?s={search_term_string}"},"query-input":"required name=search_term_string"}],"inLanguage":"pl-PL"},{"@type":"WebPage","@id":"https:\/\/styleswp.com\/pl\/perwersyjne-personalia\/#webpage","url":"https:\/\/styleswp.com\/pl\/perwersyjne-personalia\/","name":"Perwersyjne personalia - Relationship Guide","isPartOf":{"@id":"http:\/\/styleswp.com\/fi\/#website"},"datePublished":"2022-09-30T11:51:13+00:00","dateModified":"2022-09-30T11:51:13+00:00","breadcrumb":{"@id":"https:\/\/styleswp.com\/pl\/perwersyjne-personalia\/#breadcrumb"},"inLanguage":"pl-PL","potentialAction":[{"@type":"ReadAction","target":["https:\/\/styleswp.com\/pl\/perwersyjne-personalia\/"]}]},{"@type":"BreadcrumbList","@id":"https:\/\/styleswp.com\/pl\/perwersyjne-personalia\/#breadcrumb","itemListElement":[{"@type":"ListItem","position":1,"name":"Home","item":"https:\/\/styleswp.com\/pl\/"},{"@type":"ListItem","position":2,"name":"Perwersyjne personalia"}]}]}},"_links":{"self":[{"href":"https:\/\/styleswp.com\/pl\/wp-json\/wp\/v2\/pages\/354"}],"collection":[{"href":"https:\/\/styleswp.com\/pl\/wp-json\/wp\/v2\/pages"}],"about":[{"href":"https:\/\/styleswp.com\/pl\/wp-json\/wp\/v2\/types\/page"}],"author":[{"embeddable":true,"href":"https:\/\/styleswp.com\/pl\/wp-json\/wp\/v2\/users\/1"}],"replies":[{"embeddable":true,"href":"https:\/\/styleswp.com\/pl\/wp-json\/wp\/v2\/comments?post=354"}],"version-history":[{"count":0,"href":"https:\/\/styleswp.com\/pl\/wp-json\/wp\/v2\/pages\/354\/revisions"}],"wp:attachment":[{"href":"https:\/\/styleswp.com\/pl\/wp-json\/wp\/v2\/media?parent=354"}],"curies":[{"name":"wp","href":"https:\/\/api.w.org\/{rel}","templated":true}]}}