{"id":132,"date":"2022-09-13T12:36:41","date_gmt":"2022-09-13T11:36:41","guid":{"rendered":"http:\/\/styleswp.com\/czy-tinder-jest-tego-wart-seksu\/"},"modified":"2022-09-13T12:36:41","modified_gmt":"2022-09-13T11:36:41","slug":"czy-tinder-jest-tego-wart-seksu","status":"publish","type":"page","link":"https:\/\/styleswp.com\/pl\/czy-tinder-jest-tego-wart-seksu\/","title":{"rendered":"Czy Tinder jest tego wart seksu?"},"content":{"rendered":"<p>Sexting jest dzi\u015b popularn\u0105 aktywno\u015bci\u0105 w\u015br\u00f3d nastolatk\u00f3w i m\u0142odych doros\u0142ych. Chocia\u017c zwykle odbywa si\u0119 to za po\u015brednictwem wiadomo\u015bci tekstowych, mo\u017ce si\u0119 to r\u00f3wnie\u017c zdarzy\u0107 w innych formach komunikacji, takich jak Snapchat i Instagram.<\/p>\n<p>Chocia\u017c korzystanie z tych aplikacji przynosi korzy\u015bci, istniej\u0105 r\u00f3wnie\u017c wady. Aplikacje takie jak Kik i WhatsApp s\u0105 mniej bezpieczne ni\u017c aplikacje tekstowe, takie jak iMessage i Facebook Messenger. A poniewa\u017c nie s\u0105 szyfrowane, mog\u0105 potencjalnie zosta\u0107 zhakowane.<\/p>\n<p>Je\u015bli wi\u0119c zdecydujesz si\u0119 wypr\u00f3bowa\u0107 sexting, upewnij si\u0119, \u017ce wybra\u0142e\u015b bezpieczn\u0105 aplikacj\u0119, kt\u00f3ra oferuje szyfrowanie end-to-end. Rozwa\u017c r\u00f3wnie\u017c podj\u0119cie \u015brodk\u00f3w ostro\u017cno\u015bci, takich jak zachowanie prywatno\u015bci danych osobowych i unikanie udost\u0119pniania swojej lokalizacji.<\/p>\n<h3>Jaki jest wska\u017anik sukcesu Tindera?<\/h3>\n<p>Wska\u017anik sukcesu Tindera wynosi oko\u0142o 50%. Oznacza to, \u017ce na 100 m\u0119\u017cczyzn, kt\u00f3rzy korzystaj\u0105 z Tindera, tylko po\u0142owa z nich spotka kogo\u015b, kogo lubi\u0105. Jednak kobiety wydaj\u0105 si\u0119 by\u0107 bardziej selektywne podczas korzystania z aplikacji randkowych, takich jak Tinder.<\/p>\n<h3>Czy Tinder jest rzeczywi\u015bcie skuteczny?<\/h3>\n<p>Tak, Tinder okaza\u0142 si\u0119 skuteczny w dopasowywaniu u\u017cytkownik\u00f3w w oparciu o wzajemne zainteresowania. Aplikacja zosta\u0142a uruchomiona w 2012 roku i obecnie ma ponad 40 milion\u00f3w aktywnych u\u017cytkownik\u00f3w miesi\u0119cznie.<\/p>\n<h3>Czy randki na Tinderze s\u0105 tego warte?<\/h3>\n<p>Randki na Tinderze s\u0105 zabawne i \u0142atwe, ale maj\u0105 te\u017c pewne wady. Po pierwsze, musisz uwa\u017ca\u0107 na to, dla kogo przesuwasz palcem w prawo. Je\u015bli przesuniesz palcem w prawo dla kogo\u015b, kto ci\u0119 nie lubi, marnujesz sw\u00f3j czas. Po drugie, nie wiesz, jak\u0105 to jest osoba, dop\u00f3ki jej nie spotkasz. Po trzecie, mo\u017cesz spotka\u0107 kogo\u015b, kto nie jest z tob\u0105 kompatybilny. Wreszcie, mo\u017ce si\u0119 okaza\u0107, \u017ce przesuwasz palcem w lewo dla wszystkich!<\/p>\n<h3>Czy istnieje aplikacja do brudnego m\u00f3wienia?<\/h3>\n<p>Tak! Istnieje aplikacja o nazwie Dirty Talk, kt\u00f3ra pozwala u\u017cytkownikom nagrywa\u0107 siebie m\u00f3wi\u0105cych niegrzeczne rzeczy, podczas gdy oni patrz\u0105, jak to robi\u0105. Aplikacja ma r\u00f3wnie\u017c funkcj\u0119, w kt\u00f3rej u\u017cytkownicy mog\u0105 wysy\u0142a\u0107 sobie nawzajem &#8222;brudne&#8221; wiadomo\u015bci.<\/p>\n<h3>Jaka jest najbezpieczniejsza aplikacja do sekstowania?<\/h3>\n<p>Najbezpieczniejsza aplikacja do sekstowania nazywa si\u0119 &#8222;Tinychat&#8221;, kt\u00f3ra zosta\u0142a oceniona jako jedna z najlepszych aplikacji do sekstowania. Tinychat wykorzystuje technologi\u0119 szyfrowania end-to-end, aby zapewni\u0107, \u017ce \u017cadna strona trzecia nie mo\u017ce uzyska\u0107 dost\u0119pu do Twoich wiadomo\u015bci. Oznacza to, \u017ce tylko Ty i osoba, z kt\u00f3r\u0105 rozmawiasz, mo\u017cecie przeczyta\u0107 to, co piszecie.<\/p>\n<h3>Jak robisz sekstowanie online?<\/h3>\n<p>Sexting odbywa si\u0119 za po\u015brednictwem aplikacji takich jak Kik, Snapchat, Grindr itp. Najlepszym sposobem na znalezienie kogo\u015b do seksu jest skorzystanie z aplikacji randkowej, takiej jak Tinder. Je\u015bli chcesz by\u0107 dyskretny w swoich dzia\u0142aniach zwi\u0105zanych z sekstowaniem, powiniene\u015b u\u017cy\u0107 aplikacji do czatu prywatnego zamiast aplikacji do czatu publicznego.<\/p>\n<h3>Jak uzyska\u0107 akty online?<\/h3>\n<p>Je\u015bli chcesz uzyska\u0107 nagie zdj\u0119cia online, powiniene\u015b skorzysta\u0107 z witryny takiej jak NudeVault.com, na kt\u00f3rej mo\u017cesz przes\u0142a\u0107 swoje nagie zdj\u0119cia za darmo. Witryna oferuje r\u00f3wnie\u017c inne funkcje, takie jak czaty wideo, pokazy kamer internetowych i kamery erotyczne na \u017cywo.<\/p>\n","protected":false},"excerpt":{"rendered":"<div class=\"mh-excerpt\"><p>Sexting jest dzi\u015b popularn\u0105 aktywno\u015bci\u0105 w\u015br\u00f3d nastolatk\u00f3w i m\u0142odych doros\u0142ych. Chocia\u017c zwykle odbywa si\u0119 to za po\u015brednictwem wiadomo\u015bci tekstowych, mo\u017ce si\u0119 to r\u00f3wnie\u017c zdarzy\u0107 w <a class=\"mh-excerpt-more\" href=\"https:\/\/styleswp.com\/pl\/czy-tinder-jest-tego-wart-seksu\/\" title=\"Czy Tinder jest tego wart seksu?\">[&#8230;]<\/a><\/p>\n<\/div>","protected":false},"author":1,"featured_media":0,"parent":0,"menu_order":0,"comment_status":"closed","ping_status":"closed","template":"","meta":[],"yoast_head":"<!-- This site is optimized with the Yoast SEO plugin v17.7.1 - https:\/\/yoast.com\/wordpress\/plugins\/seo\/ -->\n<title>Czy Tinder jest tego wart seksu? - Relationship Guide<\/title>\n<meta name=\"robots\" content=\"index, follow, max-snippet:-1, max-image-preview:large, max-video-preview:-1\" \/>\n<link rel=\"canonical\" href=\"https:\/\/styleswp.com\/pl\/czy-tinder-jest-tego-wart-seksu\/\" \/>\n<meta property=\"og:locale\" content=\"pl_PL\" \/>\n<meta property=\"og:type\" content=\"article\" \/>\n<meta property=\"og:title\" content=\"Czy Tinder jest tego wart seksu? - Relationship Guide\" \/>\n<meta property=\"og:description\" content=\"Sexting jest dzi\u015b popularn\u0105 aktywno\u015bci\u0105 w\u015br\u00f3d nastolatk\u00f3w i m\u0142odych doros\u0142ych. Chocia\u017c zwykle odbywa si\u0119 to za po\u015brednictwem wiadomo\u015bci tekstowych, mo\u017ce si\u0119 to r\u00f3wnie\u017c zdarzy\u0107 w [...]\" \/>\n<meta property=\"og:url\" content=\"https:\/\/styleswp.com\/pl\/czy-tinder-jest-tego-wart-seksu\/\" \/>\n<meta property=\"og:site_name\" content=\"Relationship Guide\" \/>\n<meta name=\"twitter:card\" content=\"summary_large_image\" \/>\n<meta name=\"twitter:label1\" content=\"Szacowany czas czytania\" \/>\n\t<meta name=\"twitter:data1\" content=\"3 minuty\" \/>\n<script type=\"application\/ld+json\" class=\"yoast-schema-graph\">{\"@context\":\"https:\/\/schema.org\",\"@graph\":[{\"@type\":\"WebSite\",\"@id\":\"http:\/\/styleswp.com\/fi\/#website\",\"url\":\"http:\/\/styleswp.com\/fi\/\",\"name\":\"Relationship Guide\",\"description\":\"Meet Your Match\",\"potentialAction\":[{\"@type\":\"SearchAction\",\"target\":{\"@type\":\"EntryPoint\",\"urlTemplate\":\"http:\/\/styleswp.com\/fi\/?s={search_term_string}\"},\"query-input\":\"required name=search_term_string\"}],\"inLanguage\":\"pl-PL\"},{\"@type\":\"WebPage\",\"@id\":\"https:\/\/styleswp.com\/pl\/czy-tinder-jest-tego-wart-seksu\/#webpage\",\"url\":\"https:\/\/styleswp.com\/pl\/czy-tinder-jest-tego-wart-seksu\/\",\"name\":\"Czy Tinder jest tego wart seksu? - Relationship Guide\",\"isPartOf\":{\"@id\":\"http:\/\/styleswp.com\/fi\/#website\"},\"datePublished\":\"2022-09-13T11:36:41+00:00\",\"dateModified\":\"2022-09-13T11:36:41+00:00\",\"breadcrumb\":{\"@id\":\"https:\/\/styleswp.com\/pl\/czy-tinder-jest-tego-wart-seksu\/#breadcrumb\"},\"inLanguage\":\"pl-PL\",\"potentialAction\":[{\"@type\":\"ReadAction\",\"target\":[\"https:\/\/styleswp.com\/pl\/czy-tinder-jest-tego-wart-seksu\/\"]}]},{\"@type\":\"BreadcrumbList\",\"@id\":\"https:\/\/styleswp.com\/pl\/czy-tinder-jest-tego-wart-seksu\/#breadcrumb\",\"itemListElement\":[{\"@type\":\"ListItem\",\"position\":1,\"name\":\"Home\",\"item\":\"https:\/\/styleswp.com\/pl\/\"},{\"@type\":\"ListItem\",\"position\":2,\"name\":\"Czy Tinder jest tego wart seksu?\"}]}]}<\/script>\n<!-- \/ Yoast SEO plugin. -->","yoast_head_json":{"title":"Czy Tinder jest tego wart seksu? - Relationship Guide","robots":{"index":"index","follow":"follow","max-snippet":"max-snippet:-1","max-image-preview":"max-image-preview:large","max-video-preview":"max-video-preview:-1"},"canonical":"https:\/\/styleswp.com\/pl\/czy-tinder-jest-tego-wart-seksu\/","og_locale":"pl_PL","og_type":"article","og_title":"Czy Tinder jest tego wart seksu? - Relationship Guide","og_description":"Sexting jest dzi\u015b popularn\u0105 aktywno\u015bci\u0105 w\u015br\u00f3d nastolatk\u00f3w i m\u0142odych doros\u0142ych. Chocia\u017c zwykle odbywa si\u0119 to za po\u015brednictwem wiadomo\u015bci tekstowych, mo\u017ce si\u0119 to r\u00f3wnie\u017c zdarzy\u0107 w [...]","og_url":"https:\/\/styleswp.com\/pl\/czy-tinder-jest-tego-wart-seksu\/","og_site_name":"Relationship Guide","twitter_card":"summary_large_image","twitter_misc":{"Szacowany czas czytania":"3 minuty"},"schema":{"@context":"https:\/\/schema.org","@graph":[{"@type":"WebSite","@id":"http:\/\/styleswp.com\/fi\/#website","url":"http:\/\/styleswp.com\/fi\/","name":"Relationship Guide","description":"Meet Your Match","potentialAction":[{"@type":"SearchAction","target":{"@type":"EntryPoint","urlTemplate":"http:\/\/styleswp.com\/fi\/?s={search_term_string}"},"query-input":"required name=search_term_string"}],"inLanguage":"pl-PL"},{"@type":"WebPage","@id":"https:\/\/styleswp.com\/pl\/czy-tinder-jest-tego-wart-seksu\/#webpage","url":"https:\/\/styleswp.com\/pl\/czy-tinder-jest-tego-wart-seksu\/","name":"Czy Tinder jest tego wart seksu? - Relationship Guide","isPartOf":{"@id":"http:\/\/styleswp.com\/fi\/#website"},"datePublished":"2022-09-13T11:36:41+00:00","dateModified":"2022-09-13T11:36:41+00:00","breadcrumb":{"@id":"https:\/\/styleswp.com\/pl\/czy-tinder-jest-tego-wart-seksu\/#breadcrumb"},"inLanguage":"pl-PL","potentialAction":[{"@type":"ReadAction","target":["https:\/\/styleswp.com\/pl\/czy-tinder-jest-tego-wart-seksu\/"]}]},{"@type":"BreadcrumbList","@id":"https:\/\/styleswp.com\/pl\/czy-tinder-jest-tego-wart-seksu\/#breadcrumb","itemListElement":[{"@type":"ListItem","position":1,"name":"Home","item":"https:\/\/styleswp.com\/pl\/"},{"@type":"ListItem","position":2,"name":"Czy Tinder jest tego wart seksu?"}]}]}},"_links":{"self":[{"href":"https:\/\/styleswp.com\/pl\/wp-json\/wp\/v2\/pages\/132"}],"collection":[{"href":"https:\/\/styleswp.com\/pl\/wp-json\/wp\/v2\/pages"}],"about":[{"href":"https:\/\/styleswp.com\/pl\/wp-json\/wp\/v2\/types\/page"}],"author":[{"embeddable":true,"href":"https:\/\/styleswp.com\/pl\/wp-json\/wp\/v2\/users\/1"}],"replies":[{"embeddable":true,"href":"https:\/\/styleswp.com\/pl\/wp-json\/wp\/v2\/comments?post=132"}],"version-history":[{"count":0,"href":"https:\/\/styleswp.com\/pl\/wp-json\/wp\/v2\/pages\/132\/revisions"}],"wp:attachment":[{"href":"https:\/\/styleswp.com\/pl\/wp-json\/wp\/v2\/media?parent=132"}],"curies":[{"name":"wp","href":"https:\/\/api.w.org\/{rel}","templated":true}]}}