{"id":119,"date":"2022-09-13T12:37:43","date_gmt":"2022-09-13T11:37:43","guid":{"rendered":"http:\/\/styleswp.com\/znajdz-pieprzonego-kumpla-w-swojej-okolicy\/"},"modified":"2022-09-13T12:37:43","modified_gmt":"2022-09-13T11:37:43","slug":"znajdz-pieprzonego-kumpla-w-swojej-okolicy","status":"publish","type":"page","link":"https:\/\/styleswp.com\/pl\/znajdz-pieprzonego-kumpla-w-swojej-okolicy\/","title":{"rendered":"Znajd\u017a pieprzonego kumpla w swojej okolicy"},"content":{"rendered":"<p>Istnieje wiele powod\u00f3w, dla kt\u00f3rych kto\u015b chcia\u0142by <a href=\"http:\/\/styleswp.com\/pl\/poznaj-lokalnych-azjatow-na-seks\/\">znale\u017a\u0107 pieprzonego kumpla<\/a>. Mo\u017ce s\u0105 samotni i szukaj\u0105 przyjaciela, kt\u00f3ry ma podobne zainteresowania. A mo\u017ce po prostu chc\u0105 odkrywa\u0107 swoj\u0105 seksualno\u015b\u0107. Niezale\u017cnie od przyczyny, znalezienie pieprzonego kumpla mo\u017ce by\u0107 zabawne i ekscytuj\u0105ce.<\/p>\n<p>Teraz, gdy rozumiesz zwi\u0105zane z tym ryzyko, porozmawiajmy o tym, jak znale\u017a\u0107 pieprzonego kumpla! Istnieje kilka r\u00f3\u017cnych opcji dost\u0119pnych dla Ciebie w zale\u017cno\u015bci od Twoich potrzeb i pragnie\u0144.<\/p>\n<h3>Co to jest pieprzony kumpel?<\/h3>\n<p>Fuck buddy to kto\u015b, kto uprawia z tob\u0105 seks za darmo. Ta osoba mo\u017ce by\u0107 twoj\u0105 dziewczyn\u0105, \u017con\u0105, m\u0119\u017cem, ch\u0142opakiem lub innym partnerem. Termin &#8222;fuck buddy&#8221; zosta\u0142 ukuty w 1980 roku, kiedy m\u0119\u017cczy\u017ani mieli mniej partnerek seksualnych z powodu AIDS.<\/p>\n<h3>Czy powiniene\u015b zachowa\u0107 to na luzie z pieprzonym kumplem?<\/h3>\n<p>Przypadkowy seks jest \u015bwietny dla pary, kt\u00f3ra chce urozmaici\u0107 sw\u00f3j zwi\u0105zek. Jednak przygodny seks powinien by\u0107 utrzymywany tylko na poziomie sypialni. Je\u015bli chcesz rozpocz\u0105\u0107 powa\u017cny zwi\u0105zek, musisz najpierw kogo\u015b pozna\u0107.<\/p>\n<h3>Najlepsza aplikacja seksualna na spotkanie z pieprzonym kumplem?<\/h3>\n<p>Najlepsze aplikacje erotyczne na spotkanie z pieprzonym kumplem to Tinder, Grindr, Scruff i Jack&#8217;d. Te aplikacje umo\u017cliwiaj\u0105 u\u017cytkownikom wyszukiwanie potencjalnych partner\u00f3w na podstawie lokalizacji, wieku, p\u0142ci, orientacji seksualnej i innych kryteri\u00f3w. U\u017cytkownicy mog\u0105 r\u00f3wnie\u017c wysy\u0142a\u0107 wiadomo\u015bci do siebie nawzajem za po\u015brednictwem tych aplikacji.<\/p>\n<h3>Ilu pieprzonych kumpli mo\u017cesz mie\u0107 naraz?<\/h3>\n<p>Odpowied\u017a zale\u017cy od tego, ile masz pieni\u0119dzy. Je\u015bli masz 10 000 $, mo\u017cesz mie\u0107 10 pieprzonych kumpli naraz. Je\u015bli jednak masz 1 milion dolar\u00f3w, mo\u017cesz mie\u0107 100 pieprzonych kumpli naraz.<\/p>\n<h3>Gdzie mog\u0119 rozmawia\u0107 z nieznajomymi online za darmo?<\/h3>\n<p>Istnieje kilka stron internetowych, na kt\u00f3rych mo\u017cna pozna\u0107 nowych ludzi z ca\u0142ego \u015bwiata. Witryny te obejmuj\u0105: Facebook, Twitter, Reddit, Quora, Google Plus, LinkedIn i Meetup.com. Najlepszym sposobem na znalezienie tych stron jest wyszukanie &#8222;darmowych randek&#8221; lub &#8222;poznawanie nowych ludzi&#8221;.<\/p>\n<h3>Jaka jest najlepsza platforma tekstowa dla przypadkowych nieznajomych?<\/h3>\n<p>TextRandomStrangers to bezp\u0142atna aplikacja na telefony z Androidem, kt\u00f3ra pozwala u\u017cytkownikom wysy\u0142a\u0107 anonimowe SMS-y do innych u\u017cytkownik\u00f3w, kt\u00f3rzy r\u00f3wnie\u017c korzystaj\u0105 z aplikacji. Aplikacja zosta\u0142a pobrana ponad 10 milion\u00f3w razy od czasu jej uruchomienia w 2013 roku. U\u017cytkownicy mog\u0105 wybiera\u0107 z listy wst\u0119pnie napisanych wiadomo\u015bci, takich jak &#8222;Jestem znudzony&#8221;, &#8222;Potrzebuj\u0119 pomocy&#8221; lub &#8222;Spotkajmy si\u0119&#8221;.<\/p>\n<h3>Czy istnieje bezp\u0142atna aplikacja do rozmowy z nieznajomymi?<\/h3>\n<p>Tak! Dost\u0119pnych jest kilka aplikacji do czatowania z przypadkowymi nieznajomymi. Najlepszy, jakiego u\u017cy\u0142em, nazywa si\u0119 &#8222;Talk To Strangers&#8221;, kt\u00f3ry istnieje od 2008 roku. Ta aplikacja pozwala rozmawia\u0107 z nieznajomymi z ca\u0142ego \u015bwiata.<\/p>\n<h3>Czy sexting online jest bezpieczny?<\/h3>\n<p>Sexting jest form\u0105 cyberprzemocy, kt\u00f3ra jest nielegalna w niekt\u00f3rych krajach, takich jak Australia, Kanada, Anglia, Irlandia, Nowa Zelandia, Szkocja, Walia i inne. Je\u015bli chcesz by\u0107 bezpieczny podczas wysy\u0142ania seksownych zdj\u0119\u0107, u\u017cyj bezpiecznej aplikacji do przesy\u0142ania wiadomo\u015bci, takiej jak Signal, WhatsApp, Viber, WeChat itp.<\/p>\n","protected":false},"excerpt":{"rendered":"<div class=\"mh-excerpt\"><p>Istnieje wiele powod\u00f3w, dla kt\u00f3rych kto\u015b chcia\u0142by znale\u017a\u0107 pieprzonego kumpla. Mo\u017ce s\u0105 samotni i szukaj\u0105 przyjaciela, kt\u00f3ry ma podobne zainteresowania. A mo\u017ce po prostu chc\u0105 <a class=\"mh-excerpt-more\" href=\"https:\/\/styleswp.com\/pl\/znajdz-pieprzonego-kumpla-w-swojej-okolicy\/\" title=\"Znajd\u017a pieprzonego kumpla w swojej okolicy\">[&#8230;]<\/a><\/p>\n<\/div>","protected":false},"author":1,"featured_media":0,"parent":0,"menu_order":0,"comment_status":"closed","ping_status":"closed","template":"","meta":[],"yoast_head":"<!-- This site is optimized with the Yoast SEO plugin v17.7.1 - https:\/\/yoast.com\/wordpress\/plugins\/seo\/ -->\n<title>Znajd\u017a pieprzonego kumpla w swojej okolicy - Relationship Guide<\/title>\n<meta name=\"robots\" content=\"index, follow, max-snippet:-1, max-image-preview:large, max-video-preview:-1\" \/>\n<link rel=\"canonical\" href=\"https:\/\/styleswp.com\/pl\/znajdz-pieprzonego-kumpla-w-swojej-okolicy\/\" \/>\n<meta property=\"og:locale\" content=\"pl_PL\" \/>\n<meta property=\"og:type\" content=\"article\" \/>\n<meta property=\"og:title\" content=\"Znajd\u017a pieprzonego kumpla w swojej okolicy - Relationship Guide\" \/>\n<meta property=\"og:description\" content=\"Istnieje wiele powod\u00f3w, dla kt\u00f3rych kto\u015b chcia\u0142by znale\u017a\u0107 pieprzonego kumpla. Mo\u017ce s\u0105 samotni i szukaj\u0105 przyjaciela, kt\u00f3ry ma podobne zainteresowania. A mo\u017ce po prostu chc\u0105 [...]\" \/>\n<meta property=\"og:url\" content=\"https:\/\/styleswp.com\/pl\/znajdz-pieprzonego-kumpla-w-swojej-okolicy\/\" \/>\n<meta property=\"og:site_name\" content=\"Relationship Guide\" \/>\n<meta name=\"twitter:card\" content=\"summary_large_image\" \/>\n<meta name=\"twitter:label1\" content=\"Szacowany czas czytania\" \/>\n\t<meta name=\"twitter:data1\" content=\"2 minuty\" \/>\n<script type=\"application\/ld+json\" class=\"yoast-schema-graph\">{\"@context\":\"https:\/\/schema.org\",\"@graph\":[{\"@type\":\"WebSite\",\"@id\":\"http:\/\/styleswp.com\/fi\/#website\",\"url\":\"http:\/\/styleswp.com\/fi\/\",\"name\":\"Relationship Guide\",\"description\":\"Meet Your Match\",\"potentialAction\":[{\"@type\":\"SearchAction\",\"target\":{\"@type\":\"EntryPoint\",\"urlTemplate\":\"http:\/\/styleswp.com\/fi\/?s={search_term_string}\"},\"query-input\":\"required name=search_term_string\"}],\"inLanguage\":\"pl-PL\"},{\"@type\":\"WebPage\",\"@id\":\"https:\/\/styleswp.com\/pl\/znajdz-pieprzonego-kumpla-w-swojej-okolicy\/#webpage\",\"url\":\"https:\/\/styleswp.com\/pl\/znajdz-pieprzonego-kumpla-w-swojej-okolicy\/\",\"name\":\"Znajd\\u017a pieprzonego kumpla w swojej okolicy - Relationship Guide\",\"isPartOf\":{\"@id\":\"http:\/\/styleswp.com\/fi\/#website\"},\"datePublished\":\"2022-09-13T11:37:43+00:00\",\"dateModified\":\"2022-09-13T11:37:43+00:00\",\"breadcrumb\":{\"@id\":\"https:\/\/styleswp.com\/pl\/znajdz-pieprzonego-kumpla-w-swojej-okolicy\/#breadcrumb\"},\"inLanguage\":\"pl-PL\",\"potentialAction\":[{\"@type\":\"ReadAction\",\"target\":[\"https:\/\/styleswp.com\/pl\/znajdz-pieprzonego-kumpla-w-swojej-okolicy\/\"]}]},{\"@type\":\"BreadcrumbList\",\"@id\":\"https:\/\/styleswp.com\/pl\/znajdz-pieprzonego-kumpla-w-swojej-okolicy\/#breadcrumb\",\"itemListElement\":[{\"@type\":\"ListItem\",\"position\":1,\"name\":\"Home\",\"item\":\"https:\/\/styleswp.com\/pl\/\"},{\"@type\":\"ListItem\",\"position\":2,\"name\":\"Znajd\\u017a pieprzonego kumpla w swojej okolicy\"}]}]}<\/script>\n<!-- \/ Yoast SEO plugin. -->","yoast_head_json":{"title":"Znajd\u017a pieprzonego kumpla w swojej okolicy - Relationship Guide","robots":{"index":"index","follow":"follow","max-snippet":"max-snippet:-1","max-image-preview":"max-image-preview:large","max-video-preview":"max-video-preview:-1"},"canonical":"https:\/\/styleswp.com\/pl\/znajdz-pieprzonego-kumpla-w-swojej-okolicy\/","og_locale":"pl_PL","og_type":"article","og_title":"Znajd\u017a pieprzonego kumpla w swojej okolicy - Relationship Guide","og_description":"Istnieje wiele powod\u00f3w, dla kt\u00f3rych kto\u015b chcia\u0142by znale\u017a\u0107 pieprzonego kumpla. Mo\u017ce s\u0105 samotni i szukaj\u0105 przyjaciela, kt\u00f3ry ma podobne zainteresowania. A mo\u017ce po prostu chc\u0105 [...]","og_url":"https:\/\/styleswp.com\/pl\/znajdz-pieprzonego-kumpla-w-swojej-okolicy\/","og_site_name":"Relationship Guide","twitter_card":"summary_large_image","twitter_misc":{"Szacowany czas czytania":"2 minuty"},"schema":{"@context":"https:\/\/schema.org","@graph":[{"@type":"WebSite","@id":"http:\/\/styleswp.com\/fi\/#website","url":"http:\/\/styleswp.com\/fi\/","name":"Relationship Guide","description":"Meet Your Match","potentialAction":[{"@type":"SearchAction","target":{"@type":"EntryPoint","urlTemplate":"http:\/\/styleswp.com\/fi\/?s={search_term_string}"},"query-input":"required name=search_term_string"}],"inLanguage":"pl-PL"},{"@type":"WebPage","@id":"https:\/\/styleswp.com\/pl\/znajdz-pieprzonego-kumpla-w-swojej-okolicy\/#webpage","url":"https:\/\/styleswp.com\/pl\/znajdz-pieprzonego-kumpla-w-swojej-okolicy\/","name":"Znajd\u017a pieprzonego kumpla w swojej okolicy - Relationship Guide","isPartOf":{"@id":"http:\/\/styleswp.com\/fi\/#website"},"datePublished":"2022-09-13T11:37:43+00:00","dateModified":"2022-09-13T11:37:43+00:00","breadcrumb":{"@id":"https:\/\/styleswp.com\/pl\/znajdz-pieprzonego-kumpla-w-swojej-okolicy\/#breadcrumb"},"inLanguage":"pl-PL","potentialAction":[{"@type":"ReadAction","target":["https:\/\/styleswp.com\/pl\/znajdz-pieprzonego-kumpla-w-swojej-okolicy\/"]}]},{"@type":"BreadcrumbList","@id":"https:\/\/styleswp.com\/pl\/znajdz-pieprzonego-kumpla-w-swojej-okolicy\/#breadcrumb","itemListElement":[{"@type":"ListItem","position":1,"name":"Home","item":"https:\/\/styleswp.com\/pl\/"},{"@type":"ListItem","position":2,"name":"Znajd\u017a pieprzonego kumpla w swojej okolicy"}]}]}},"_links":{"self":[{"href":"https:\/\/styleswp.com\/pl\/wp-json\/wp\/v2\/pages\/119"}],"collection":[{"href":"https:\/\/styleswp.com\/pl\/wp-json\/wp\/v2\/pages"}],"about":[{"href":"https:\/\/styleswp.com\/pl\/wp-json\/wp\/v2\/types\/page"}],"author":[{"embeddable":true,"href":"https:\/\/styleswp.com\/pl\/wp-json\/wp\/v2\/users\/1"}],"replies":[{"embeddable":true,"href":"https:\/\/styleswp.com\/pl\/wp-json\/wp\/v2\/comments?post=119"}],"version-history":[{"count":0,"href":"https:\/\/styleswp.com\/pl\/wp-json\/wp\/v2\/pages\/119\/revisions"}],"wp:attachment":[{"href":"https:\/\/styleswp.com\/pl\/wp-json\/wp\/v2\/media?parent=119"}],"curies":[{"name":"wp","href":"https:\/\/api.w.org\/{rel}","templated":true}]}}