{"id":350,"date":"2022-09-30T12:51:13","date_gmt":"2022-09-30T11:51:13","guid":{"rendered":"http:\/\/styleswp.com\/kinky-personals\/"},"modified":"2022-09-30T12:51:13","modified_gmt":"2022-09-30T11:51:13","slug":"kinky-personals","status":"publish","type":"page","link":"https:\/\/styleswp.com\/it\/kinky-personals\/","title":{"rendered":"Kinky Personals"},"content":{"rendered":"<p>Ci sono un certo numero di siti web che si rivolgono alla comunit\u00e0 BDSM, che pu\u00f2 essere una grande risorsa per trovare persone che la pensano allo stesso modo con cui collegarsi. Questi siti in genere dispongono di forum e chat room in cui i membri possono connettersi tra loro e possono anche avere eventi e gruppi a cui i membri possono partecipare. Questo pu\u00f2 essere un ottimo modo per incontrare persone che condividono i tuoi interessi e partecipare alla comunit\u00e0 BDSM. Tuttavia, \u00e8 importante ricordare che non tutti su questi siti sono alla ricerca di un collegamento casuale, quindi \u00e8 importante essere chiari sulle proprie intenzioni prima di incontrare qualcuno.<\/p>\n<h2>Siti di incontri BDSM<\/h2>\n<p>Se stai cercando il miglior cercatore di appuntamenti bdsm, allora ti consigliamo di dare un&#8217;occhiata a questo sito. \u00c8 una grande risorsa per trovare partner di appuntamenti bdsm, nonch\u00e9 consigli e informazioni sullo stile di vita. C&#8217;\u00e8 una grande comunit\u00e0 di persone qui che sono felici di aiutarti a iniziare, e puoi persino trovare un partner per aiutarti a iniziare se non sei sicuro da dove iniziare. Che tu sia nuovo nello stile di vita o un giocatore esperto, questo \u00e8 il sito che fa per te.<\/p>\n<p>C&#8217;\u00e8 qualcosa per tutti su stravaganti personali. Sia che tu stia cercando un partner BDSM per dominarti o un sottomesso da servire, qui troverai quello che stai cercando. Puoi cercare partner per posizione, et\u00e0, nodi e altro ancora. Con cos\u00ec tanti membri, sei sicuro di trovare qualcuno che soddisfi le tue esigenze. Crea un profilo gratuito e inizia a navigare tra i personali stravaganti oggi.<\/p>\n<h2>Siti Kink<\/h2>\n<p>Ci sono un certo numero di siti kink disponibili online che si rivolgono a coloro che hanno interessi sessuali specifici. Questi possono essere un ottimo modo per connettersi con persone che la pensano allo stesso modo ed esplorare la tua sessualit\u00e0 in modo sicuro e consensuale. Tuttavia, \u00e8 importante ricordare che non tutti i siti kink sono creati uguali. Alcuni potrebbero non essere cos\u00ec moderati come altri, e c&#8217;\u00e8 sempre il potenziale per imbattersi in qualcuno che non \u00e8 rispettoso dei confini. Come per qualsiasi attivit\u00e0 online, \u00e8 importante prestare attenzione ed essere consapevoli dei rischi connessi.<\/p>\n<h3>Milfaholic<\/h3>\n<p>Milfaholic \u00e8 un&#8217;app di appuntamenti che si rivolge specificamente alle donne anziane o &#8220;mamme che vorrei&#8221;. L&#8217;app \u00e8 progettata per aiutare gli utenti a incontrarsi con donne anziane per incontri casuali e sesso. L&#8217;interfaccia dell&#8217;app \u00e8 semplice e diretta ed \u00e8 facile da usare. Puoi cercare donne anziane per posizione, et\u00e0 e interessi. L&#8217;app include anche una funzione di messaggistica, in modo da poter chattare con potenziali collegamenti. Nel complesso, Milfaholic \u00e8 un&#8217;ottima opzione per chiunque cerchi un modo semplice per incontrare donne anziane per il sesso occasionale.<\/p>\n<h3>Ashley Madison<\/h3>\n<p>Ashley Madison \u00e8 un&#8217;app di appuntamenti progettata per le persone che sono alla ricerca di relazioni extraconiugali. L&#8217;app \u00e8 facile da usare e ha molte funzionalit\u00e0 che la rendono una buona scelta per le persone interessate a questo tipo di cose. L&#8217;app \u00e8 scaricabile gratuitamente e ha molte buone recensioni.<\/p>\n<h3>Outpersonal.com<\/h3>\n<p>Se stai cercando un collegamento stravagante, Outpersonal.com \u00e8 un&#8217;ottima opzione. Con oltre 1,5 milioni di membri, \u00e8 uno dei pi\u00f9 grandi siti BDSM al mondo. E, con una garanzia di 3 mesi, sei sicuro di trovare qualcuno con cui giocare.<\/p>\n<p>Il sito \u00e8 facile da navigare e ha tutte le funzionalit\u00e0 necessarie per trovare un partner stravagante. Puoi cercare per posizione, nodo o entrambi. E puoi inviare messaggi ai membri gratuitamente.<\/p>\n<p>L&#8217;unico aspetto negativo \u00e8 che ci sono molti profili falsi. Ma, se sei disposto a diserbarli, sei sicuro di trovare qualcuno reale con cui collegarti.<\/p>\n","protected":false},"excerpt":{"rendered":"<div class=\"mh-excerpt\"><p>Ci sono un certo numero di siti web che si rivolgono alla comunit\u00e0 BDSM, che pu\u00f2 essere una grande risorsa per trovare persone che la <a class=\"mh-excerpt-more\" href=\"https:\/\/styleswp.com\/it\/kinky-personals\/\" title=\"Kinky Personals\">[&#8230;]<\/a><\/p>\n<\/div>","protected":false},"author":1,"featured_media":0,"parent":0,"menu_order":0,"comment_status":"closed","ping_status":"closed","template":"","meta":[],"yoast_head":"<!-- This site is optimized with the Yoast SEO plugin v17.7.1 - https:\/\/yoast.com\/wordpress\/plugins\/seo\/ -->\n<title>Kinky Personals - Relationship Guide<\/title>\n<meta name=\"robots\" content=\"index, follow, max-snippet:-1, max-image-preview:large, max-video-preview:-1\" \/>\n<link rel=\"canonical\" href=\"https:\/\/styleswp.com\/it\/kinky-personals\/\" \/>\n<meta property=\"og:locale\" content=\"it_IT\" \/>\n<meta property=\"og:type\" content=\"article\" \/>\n<meta property=\"og:title\" content=\"Kinky Personals - Relationship Guide\" \/>\n<meta property=\"og:description\" content=\"Ci sono un certo numero di siti web che si rivolgono alla comunit\u00e0 BDSM, che pu\u00f2 essere una grande risorsa per trovare persone che la [...]\" \/>\n<meta property=\"og:url\" content=\"https:\/\/styleswp.com\/it\/kinky-personals\/\" \/>\n<meta property=\"og:site_name\" content=\"Relationship Guide\" \/>\n<meta name=\"twitter:card\" content=\"summary_large_image\" \/>\n<meta name=\"twitter:label1\" content=\"Tempo di lettura stimato\" \/>\n\t<meta name=\"twitter:data1\" content=\"3 minuti\" \/>\n<script type=\"application\/ld+json\" class=\"yoast-schema-graph\">{\"@context\":\"https:\/\/schema.org\",\"@graph\":[{\"@type\":\"WebSite\",\"@id\":\"http:\/\/styleswp.com\/fi\/#website\",\"url\":\"http:\/\/styleswp.com\/fi\/\",\"name\":\"Relationship Guide\",\"description\":\"Meet Your Match\",\"potentialAction\":[{\"@type\":\"SearchAction\",\"target\":{\"@type\":\"EntryPoint\",\"urlTemplate\":\"http:\/\/styleswp.com\/fi\/?s={search_term_string}\"},\"query-input\":\"required name=search_term_string\"}],\"inLanguage\":\"it-IT\"},{\"@type\":\"WebPage\",\"@id\":\"https:\/\/styleswp.com\/it\/kinky-personals\/#webpage\",\"url\":\"https:\/\/styleswp.com\/it\/kinky-personals\/\",\"name\":\"Kinky Personals - Relationship Guide\",\"isPartOf\":{\"@id\":\"http:\/\/styleswp.com\/fi\/#website\"},\"datePublished\":\"2022-09-30T11:51:13+00:00\",\"dateModified\":\"2022-09-30T11:51:13+00:00\",\"breadcrumb\":{\"@id\":\"https:\/\/styleswp.com\/it\/kinky-personals\/#breadcrumb\"},\"inLanguage\":\"it-IT\",\"potentialAction\":[{\"@type\":\"ReadAction\",\"target\":[\"https:\/\/styleswp.com\/it\/kinky-personals\/\"]}]},{\"@type\":\"BreadcrumbList\",\"@id\":\"https:\/\/styleswp.com\/it\/kinky-personals\/#breadcrumb\",\"itemListElement\":[{\"@type\":\"ListItem\",\"position\":1,\"name\":\"Home\",\"item\":\"https:\/\/styleswp.com\/it\/\"},{\"@type\":\"ListItem\",\"position\":2,\"name\":\"Kinky Personals\"}]}]}<\/script>\n<!-- \/ Yoast SEO plugin. -->","yoast_head_json":{"title":"Kinky Personals - Relationship Guide","robots":{"index":"index","follow":"follow","max-snippet":"max-snippet:-1","max-image-preview":"max-image-preview:large","max-video-preview":"max-video-preview:-1"},"canonical":"https:\/\/styleswp.com\/it\/kinky-personals\/","og_locale":"it_IT","og_type":"article","og_title":"Kinky Personals - Relationship Guide","og_description":"Ci sono un certo numero di siti web che si rivolgono alla comunit\u00e0 BDSM, che pu\u00f2 essere una grande risorsa per trovare persone che la [...]","og_url":"https:\/\/styleswp.com\/it\/kinky-personals\/","og_site_name":"Relationship Guide","twitter_card":"summary_large_image","twitter_misc":{"Tempo di lettura stimato":"3 minuti"},"schema":{"@context":"https:\/\/schema.org","@graph":[{"@type":"WebSite","@id":"http:\/\/styleswp.com\/fi\/#website","url":"http:\/\/styleswp.com\/fi\/","name":"Relationship Guide","description":"Meet Your Match","potentialAction":[{"@type":"SearchAction","target":{"@type":"EntryPoint","urlTemplate":"http:\/\/styleswp.com\/fi\/?s={search_term_string}"},"query-input":"required name=search_term_string"}],"inLanguage":"it-IT"},{"@type":"WebPage","@id":"https:\/\/styleswp.com\/it\/kinky-personals\/#webpage","url":"https:\/\/styleswp.com\/it\/kinky-personals\/","name":"Kinky Personals - Relationship Guide","isPartOf":{"@id":"http:\/\/styleswp.com\/fi\/#website"},"datePublished":"2022-09-30T11:51:13+00:00","dateModified":"2022-09-30T11:51:13+00:00","breadcrumb":{"@id":"https:\/\/styleswp.com\/it\/kinky-personals\/#breadcrumb"},"inLanguage":"it-IT","potentialAction":[{"@type":"ReadAction","target":["https:\/\/styleswp.com\/it\/kinky-personals\/"]}]},{"@type":"BreadcrumbList","@id":"https:\/\/styleswp.com\/it\/kinky-personals\/#breadcrumb","itemListElement":[{"@type":"ListItem","position":1,"name":"Home","item":"https:\/\/styleswp.com\/it\/"},{"@type":"ListItem","position":2,"name":"Kinky Personals"}]}]}},"_links":{"self":[{"href":"https:\/\/styleswp.com\/it\/wp-json\/wp\/v2\/pages\/350"}],"collection":[{"href":"https:\/\/styleswp.com\/it\/wp-json\/wp\/v2\/pages"}],"about":[{"href":"https:\/\/styleswp.com\/it\/wp-json\/wp\/v2\/types\/page"}],"author":[{"embeddable":true,"href":"https:\/\/styleswp.com\/it\/wp-json\/wp\/v2\/users\/1"}],"replies":[{"embeddable":true,"href":"https:\/\/styleswp.com\/it\/wp-json\/wp\/v2\/comments?post=350"}],"version-history":[{"count":0,"href":"https:\/\/styleswp.com\/it\/wp-json\/wp\/v2\/pages\/350\/revisions"}],"wp:attachment":[{"href":"https:\/\/styleswp.com\/it\/wp-json\/wp\/v2\/media?parent=350"}],"curies":[{"name":"wp","href":"https:\/\/api.w.org\/{rel}","templated":true}]}}