{"id":342,"date":"2022-09-30T12:52:00","date_gmt":"2022-09-30T11:52:00","guid":{"rendered":"http:\/\/styleswp.com\/siti-di-incontri-sessuali-gratuiti\/"},"modified":"2022-09-30T12:52:00","modified_gmt":"2022-09-30T11:52:00","slug":"siti-di-incontri-sessuali-gratuiti","status":"publish","type":"page","link":"https:\/\/styleswp.com\/it\/siti-di-incontri-sessuali-gratuiti\/","title":{"rendered":"Siti di incontri sessuali gratuiti"},"content":{"rendered":"<p>Ci sono una variet\u00e0 di siti di sesso per adulti che si rivolgono a pubblici diversi. Alcuni siti sono orientati verso coloro che cercano collegamenti casuali, mentre altri sono pi\u00f9 orientati verso coloro che cercano una relazione pi\u00f9 seria. Non importa quale sia il tuo obiettivo, c&#8217;\u00e8 un sito di sesso per adulti che pu\u00f2 aiutarti a trovare quello che stai cercando.<\/p>\n<p>Quando scegli un sito di sesso per adulti, \u00e8 importante considerare cosa stai cercando e quali sono i tuoi confini personali. \u00c8 anche importante assicurarsi che il sito che stai utilizzando sia affidabile e sicuro. Ci sono molte truffe l\u00e0 fuori, quindi \u00e8 importante fare le tue ricerche prima di iscriverti a qualsiasi cosa.<\/p>\n<p>Se stai cercando un collegamento casuale, ci sono alcune cose che puoi fare per aumentare le tue possibilit\u00e0 di successo. Innanzitutto, assicurati di essere chiaro su ci\u00f2 che stai cercando. Sii sincero sulle tue aspettative e su ci\u00f2 che sei disposto a fare. In secondo luogo, assicurati di scambiare foto e informazioni di contatto prima di incontrarti. Questo ti aiuter\u00e0 a garantire che tu sia sulla stessa pagina e che non ci siano sorprese quando ti incontri di persona. Se stai cercando una relazione pi\u00f9 seria, i siti di sesso per adulti possono ancora essere un&#8217;ottima opzione. Assicurati solo di essere chiaro sulle tue intenzioni fin dall&#8217;inizio. Sii onesto su ci\u00f2 che stai cercando e sii disposto a metterti al lavoro per trovare un partner compatibile. Potrebbe volerci del tempo, ma alla fine ne varr\u00e0 la pena.<\/p>\n<h2>Incontri sessuali per adulti<\/h2>\n<p>C&#8217;\u00e8 un sacco di dibattito che circonda l&#8217;argomento degli appuntamenti sessuali per adulti. Alcune persone credono che sia un modo perfettamente accettabile per incontrare qualcuno di nuovo e divertirsi, mentre altri credono che non sia altro che un modo per sfruttare qualcuno emotivamente o sessualmente. Non importa quali siano le tue convinzioni personali, \u00e8 importante essere rispettosi delle convinzioni degli altri quando ti impegni in appuntamenti sessuali per adulti. Se non ti senti a tuo agio con l&#8217;idea di appuntamenti sessuali per adulti, probabilmente non \u00e8 l&#8217;attivit\u00e0 giusta per te. Tuttavia, se sei di mentalit\u00e0 aperta e disposto a provarlo, potresti scoprire che \u00e8 molto divertente e pu\u00f2 portare ad alcune grandi esperienze.<\/p>\n<p>Il sesso pu\u00f2 essere un ottimo modo per conoscere qualcuno e capire se hai una connessione, ma non \u00e8 sempre il modo migliore per trovare l&#8217;amore. Se stai cercando qualcosa di pi\u00f9 serio, \u00e8 importante prendersi il tempo per conoscere qualcuno prima di diventare fisici. il sesso pu\u00f2 essere un ottimo modo per divertirsi ed esplorare la tua sessualit\u00e0, ma non \u00e8 sempre il modo migliore per trovare l&#8217;amore.<\/p>\n<h2>Collegamento locale<\/h2>\n<p>Ci sono alcuni siti di sesso locale che hanno guadagnato popolarit\u00e0 ultimamente come mezzo di appuntamenti. Questi siti di sesso consentono alle persone di connettersi con altri che sono alla ricerca di incontri sessuali, sia online che offline. I siti in genere hanno profili di membri che includono foto e informazioni di base su se stessi, nonch\u00e9 su ci\u00f2 che stanno cercando in un partner sessuale. Alcuni dei siti di sesso locali pi\u00f9 popolari includono Fling, Adult Friend Finder e Get Laid Tonight.<\/p>\n<h3>FriendFinder-X<\/h3>\n<p>FriendFinder-X \u00e8 un sito di sesso per adulti che si autodefinisce il &#8220;pi\u00f9 grande sito di incontri e collegamenti per adulti al mondo&#8221;. Il sito ha oltre 90 milioni di membri in tutto il mondo e afferma di essere responsabile di oltre 10.000 nuove relazioni ogni settimana. L&#8217;iscrizione al sito \u00e8 gratuita, ma dovrai eseguire l&#8217;aggiornamento a un abbonamento a pagamento per accedere alla maggior parte delle funzionalit\u00e0 del sito.<\/p>\n<ul>\n<li>Tra i lati positivi, FriendFinder-X offre un sacco di funzionalit\u00e0 per i suoi membri, tra cui chat video dal vivo, un gioco &#8220;caldo o no&#8221; e una funzione di &#8220;chat dal vivo&#8221; che consente ai membri di chattare tra loro in tempo reale. Il sito ha anche un sistema di &#8220;punti&#8221; che consente ai membri di guadagnare punti partecipando a varie attivit\u00e0 sul sito, che possono quindi utilizzare per acquistare regali virtuali per altri membri.<\/li>\n<li>Al rovescio della medaglia, FriendFinder-X \u00e8 un po &#8216;una borsa mista. Il design del sito \u00e8 un po &#8216;datato e pu\u00f2 essere difficile da navigare. Inoltre, l&#8217;abbonamento gratuito del sito non offre molto in termini di funzionalit\u00e0 e dovrai eseguire l&#8217;aggiornamento a un abbonamento a pagamento per accedere alla maggior parte delle funzionalit\u00e0 del sito. Nel complesso, FriendFinder-X \u00e8 un&#8217;opzione decente per gli adulti che cercano un sito di collegamento casuale.<\/li>\n<\/ul>\n<h3>Fling.com<\/h3>\n<p>Fling.com \u00e8 una popolare app di appuntamenti sessuali per adulti con un&#8217;ampia base di utenti e funzionalit\u00e0 interessanti. La sua interfaccia utente non \u00e8 la pi\u00f9 intuitiva, ma \u00e8 facile da usare una volta capito. L&#8217;app ha una buona selezione di single tra cui scegliere ed \u00e8 facile da usare una volta capito. Nel complesso, Fling.com \u00e8 una buona app di appuntamenti sessuali per adulti e vale la pena dare un&#8217;occhiata.<\/p>\n<h3>DateMyAge<\/h3>\n<p>Ci sono molti siti di sesso per adulti l\u00e0 fuori e pu\u00f2 essere difficile trovarne uno che si adatti alle tue esigenze. Ecco perch\u00e9 stiamo rivedendo l&#8217;app di appuntamenti DateMyAge oggi. Questa app \u00e8 progettata specificamente per le persone che sono alla ricerca di siti di sesso per adulti. \u00c8 un ottimo modo per trovare un sito adatto a te ed \u00e8 anche un ottimo modo per incontrare nuove persone. L&#8217;app \u00e8 scaricabile gratuitamente ed \u00e8 facile da usare. Puoi cercare i siti per posizione, et\u00e0 e interessi. Puoi anche leggere le recensioni dei siti prima di unirti a loro. L&#8217;app di appuntamenti DateMyAge \u00e8 un ottimo modo per trovare il sito di sesso per adulti perfetto per te.<\/p>\n","protected":false},"excerpt":{"rendered":"<div class=\"mh-excerpt\"><p>Ci sono una variet\u00e0 di siti di sesso per adulti che si rivolgono a pubblici diversi. Alcuni siti sono orientati verso coloro che cercano collegamenti <a class=\"mh-excerpt-more\" href=\"https:\/\/styleswp.com\/it\/siti-di-incontri-sessuali-gratuiti\/\" title=\"Siti di incontri sessuali gratuiti\">[&#8230;]<\/a><\/p>\n<\/div>","protected":false},"author":1,"featured_media":0,"parent":0,"menu_order":0,"comment_status":"closed","ping_status":"closed","template":"","meta":[],"yoast_head":"<!-- This site is optimized with the Yoast SEO plugin v17.7.1 - https:\/\/yoast.com\/wordpress\/plugins\/seo\/ -->\n<title>Siti di incontri sessuali gratuiti - Relationship Guide<\/title>\n<meta name=\"robots\" content=\"index, follow, max-snippet:-1, max-image-preview:large, max-video-preview:-1\" \/>\n<link rel=\"canonical\" href=\"https:\/\/styleswp.com\/it\/siti-di-incontri-sessuali-gratuiti\/\" \/>\n<meta property=\"og:locale\" content=\"it_IT\" \/>\n<meta property=\"og:type\" content=\"article\" \/>\n<meta property=\"og:title\" content=\"Siti di incontri sessuali gratuiti - Relationship Guide\" \/>\n<meta property=\"og:description\" content=\"Ci sono una variet\u00e0 di siti di sesso per adulti che si rivolgono a pubblici diversi. Alcuni siti sono orientati verso coloro che cercano collegamenti [...]\" \/>\n<meta property=\"og:url\" content=\"https:\/\/styleswp.com\/it\/siti-di-incontri-sessuali-gratuiti\/\" \/>\n<meta property=\"og:site_name\" content=\"Relationship Guide\" \/>\n<meta name=\"twitter:card\" content=\"summary_large_image\" \/>\n<meta name=\"twitter:label1\" content=\"Tempo di lettura stimato\" \/>\n\t<meta name=\"twitter:data1\" content=\"5 minuti\" \/>\n<script type=\"application\/ld+json\" class=\"yoast-schema-graph\">{\"@context\":\"https:\/\/schema.org\",\"@graph\":[{\"@type\":\"WebSite\",\"@id\":\"http:\/\/styleswp.com\/fi\/#website\",\"url\":\"http:\/\/styleswp.com\/fi\/\",\"name\":\"Relationship Guide\",\"description\":\"Meet Your Match\",\"potentialAction\":[{\"@type\":\"SearchAction\",\"target\":{\"@type\":\"EntryPoint\",\"urlTemplate\":\"http:\/\/styleswp.com\/fi\/?s={search_term_string}\"},\"query-input\":\"required name=search_term_string\"}],\"inLanguage\":\"it-IT\"},{\"@type\":\"WebPage\",\"@id\":\"https:\/\/styleswp.com\/it\/siti-di-incontri-sessuali-gratuiti\/#webpage\",\"url\":\"https:\/\/styleswp.com\/it\/siti-di-incontri-sessuali-gratuiti\/\",\"name\":\"Siti di incontri sessuali gratuiti - Relationship Guide\",\"isPartOf\":{\"@id\":\"http:\/\/styleswp.com\/fi\/#website\"},\"datePublished\":\"2022-09-30T11:52:00+00:00\",\"dateModified\":\"2022-09-30T11:52:00+00:00\",\"breadcrumb\":{\"@id\":\"https:\/\/styleswp.com\/it\/siti-di-incontri-sessuali-gratuiti\/#breadcrumb\"},\"inLanguage\":\"it-IT\",\"potentialAction\":[{\"@type\":\"ReadAction\",\"target\":[\"https:\/\/styleswp.com\/it\/siti-di-incontri-sessuali-gratuiti\/\"]}]},{\"@type\":\"BreadcrumbList\",\"@id\":\"https:\/\/styleswp.com\/it\/siti-di-incontri-sessuali-gratuiti\/#breadcrumb\",\"itemListElement\":[{\"@type\":\"ListItem\",\"position\":1,\"name\":\"Home\",\"item\":\"https:\/\/styleswp.com\/it\/\"},{\"@type\":\"ListItem\",\"position\":2,\"name\":\"Siti di incontri sessuali gratuiti\"}]}]}<\/script>\n<!-- \/ Yoast SEO plugin. -->","yoast_head_json":{"title":"Siti di incontri sessuali gratuiti - Relationship Guide","robots":{"index":"index","follow":"follow","max-snippet":"max-snippet:-1","max-image-preview":"max-image-preview:large","max-video-preview":"max-video-preview:-1"},"canonical":"https:\/\/styleswp.com\/it\/siti-di-incontri-sessuali-gratuiti\/","og_locale":"it_IT","og_type":"article","og_title":"Siti di incontri sessuali gratuiti - Relationship Guide","og_description":"Ci sono una variet\u00e0 di siti di sesso per adulti che si rivolgono a pubblici diversi. Alcuni siti sono orientati verso coloro che cercano collegamenti [...]","og_url":"https:\/\/styleswp.com\/it\/siti-di-incontri-sessuali-gratuiti\/","og_site_name":"Relationship Guide","twitter_card":"summary_large_image","twitter_misc":{"Tempo di lettura stimato":"5 minuti"},"schema":{"@context":"https:\/\/schema.org","@graph":[{"@type":"WebSite","@id":"http:\/\/styleswp.com\/fi\/#website","url":"http:\/\/styleswp.com\/fi\/","name":"Relationship Guide","description":"Meet Your Match","potentialAction":[{"@type":"SearchAction","target":{"@type":"EntryPoint","urlTemplate":"http:\/\/styleswp.com\/fi\/?s={search_term_string}"},"query-input":"required name=search_term_string"}],"inLanguage":"it-IT"},{"@type":"WebPage","@id":"https:\/\/styleswp.com\/it\/siti-di-incontri-sessuali-gratuiti\/#webpage","url":"https:\/\/styleswp.com\/it\/siti-di-incontri-sessuali-gratuiti\/","name":"Siti di incontri sessuali gratuiti - Relationship Guide","isPartOf":{"@id":"http:\/\/styleswp.com\/fi\/#website"},"datePublished":"2022-09-30T11:52:00+00:00","dateModified":"2022-09-30T11:52:00+00:00","breadcrumb":{"@id":"https:\/\/styleswp.com\/it\/siti-di-incontri-sessuali-gratuiti\/#breadcrumb"},"inLanguage":"it-IT","potentialAction":[{"@type":"ReadAction","target":["https:\/\/styleswp.com\/it\/siti-di-incontri-sessuali-gratuiti\/"]}]},{"@type":"BreadcrumbList","@id":"https:\/\/styleswp.com\/it\/siti-di-incontri-sessuali-gratuiti\/#breadcrumb","itemListElement":[{"@type":"ListItem","position":1,"name":"Home","item":"https:\/\/styleswp.com\/it\/"},{"@type":"ListItem","position":2,"name":"Siti di incontri sessuali gratuiti"}]}]}},"_links":{"self":[{"href":"https:\/\/styleswp.com\/it\/wp-json\/wp\/v2\/pages\/342"}],"collection":[{"href":"https:\/\/styleswp.com\/it\/wp-json\/wp\/v2\/pages"}],"about":[{"href":"https:\/\/styleswp.com\/it\/wp-json\/wp\/v2\/types\/page"}],"author":[{"embeddable":true,"href":"https:\/\/styleswp.com\/it\/wp-json\/wp\/v2\/users\/1"}],"replies":[{"embeddable":true,"href":"https:\/\/styleswp.com\/it\/wp-json\/wp\/v2\/comments?post=342"}],"version-history":[{"count":0,"href":"https:\/\/styleswp.com\/it\/wp-json\/wp\/v2\/pages\/342\/revisions"}],"wp:attachment":[{"href":"https:\/\/styleswp.com\/it\/wp-json\/wp\/v2\/media?parent=342"}],"curies":[{"name":"wp","href":"https:\/\/api.w.org\/{rel}","templated":true}]}}