{"id":164,"date":"2022-09-13T11:59:37","date_gmt":"2022-09-13T10:59:37","guid":{"rendered":"http:\/\/styleswp.com\/trovare-lamore-con-le-app-di-collegamento\/"},"modified":"2022-09-13T11:59:37","modified_gmt":"2022-09-13T10:59:37","slug":"trovare-lamore-con-le-app-di-collegamento","status":"publish","type":"page","link":"https:\/\/styleswp.com\/it\/","title":{"rendered":"Trovare l&#8217;amore con le app di collegamento"},"content":{"rendered":"<p>I collegamenti casuali sono incontri a breve termine che di solito finiscono dopo il sesso. Sono divertenti, facili e casual.<\/p>\n<p>Ci sono molti siti online che si rivolgono specificamente ai collegamenti casuali. Questi siti consentono ai membri di incontrare altre persone che condividono interessi e desideri simili. Alcuni offrono servizi a pagamento, mentre altri sono completamente gratuiti.<\/p>\n<p>Che tu preferisca pagare per un servizio o meno, \u00e8 importante ricordare che i collegamenti casuali non sono sempre sicuri. Assicurati di scegliere un sito affidabile che offra servizi discreti e protegga la tua privacy. Inoltre, cerca di evitare di incontrare qualcuno di persona fino a quando non ti senti a tuo agio nel farlo.<\/p>\n<p>\u00c8 anche importante capire che i collegamenti per adulti non sostituiranno mai le relazioni a lungo termine. Mentre possono fornire una soluzione rapida per la solitudine, non sono pensati per essere soluzioni permanenti. Invece, sono solo un&#8217;altra opzione per trovare l&#8217;amore.<\/p>\n<h2>Siti di incontri di collegamento<\/h2>\n<p>I collegamenti stanno diventando sempre pi\u00f9 popolari tra i single di oggi. Sia che tu preferisca incontrare qualcuno faccia a faccia o online, i collegamenti offrono un&#8217;alternativa divertente alle relazioni tradizionali.<\/p>\n<p>Ci sono diversi tipi di collegamenti disponibili, tra cui incontri casuali, trio e sesso di gruppo. Gli incontri casuali sono di solito affari a breve termine, mentre i rapporti a tre e il sesso di gruppo sono in genere affari a lungo termine.<\/p>\n<p>Indipendentemente dal fatto che tu preferisca collegarti online o offline, ci sono molti siti che si rivolgono specificamente a questo tipo di attivit\u00e0.<\/p>\n<h2>Perch\u00e9 dovresti cercare un collegamento online<\/h2>\n<p>I collegamenti sono divertenti ed eccitanti, ma non sono sempre sicuri. Non c&#8217;\u00e8 alcuna garanzia che incontrerai qualcuno che vuole uscire con te, per non parlare di spendere soldi per cena e bevande.<\/p>\n<p>Ecco perch\u00e9 vale la pena collegarsi online. Con siti come Tinder, OkCupid, PlentyOfFish e Match, puoi sfogliare i profili e scorrere verso sinistra o destra in base a foto e interessi. Quindi puoi inviare messaggi potenziali date direttamente dall&#8217;interno dell&#8217;app. Queste app sono facili da usare e ti consentono di filtrare le corrispondenze in base a posizione, et\u00e0, sesso, stato della relazione e altre preferenze. Inoltre, puoi chattare con le tue partite tramite messaggi di testo o chiamate vocali.<\/p>\n<p>Sebbene queste app siano convenienti, non sono necessariamente sicure. Alcuni di essi richiedono agli utenti di condividere informazioni personali, inclusi nomi completi, compleanni e posizioni. Altri potrebbero chiedere il pagamento in anticipo. Quindi, mentre sono un&#8217;ottima opzione per il sesso occasionale, non sono l&#8217;ideale per incontrare partner a lungo termine. Per evitare truffe, verifica l&#8217;identit\u00e0 di ogni persona con cui comunichi. E ricorda che solo perch\u00e9 qualcuno dice di vivere nelle vicinanze non significa che lo faccia davvero.<\/p>\n<p>\u00c8 anche importante fare attenzione a chi ti fidi. Non inviare denaro a estranei o accettare di incontrarli se non li hai ancora incontrati. Inoltre, non pagare mai nulla tramite una terza parte. Invece, organizza tutto da solo.<\/p>\n<h2>Perch\u00e9 le app di appuntamenti funzionano per single solitari<\/h2>\n<p>Ci sono molte diverse app di appuntamenti disponibili oggi, comprese quelle orientate verso dati demografici specifici. Alcuni siti si rivolgono specificamente a persone di et\u00e0 superiore ai 40 anni, mentre altri si concentrano sui giovani adulti. Ci sono anche siti di nicchia che si rivolgono a persone che preferiscono determinate attivit\u00e0, come scambisti o poliamore.<\/p>\n<p>Una cosa da ricordare quando si cerca un sito di incontri casuali \u00e8 che \u00e8 sempre meglio sceglierne uno che corrisponda al tuo stile di vita. I siti che offrono abbonamenti basati sull&#8217;orientamento sessuale o sull&#8217;identit\u00e0 di genere tendono ad attrarre persone aperte all&#8217;esplorazione di stili di vita alternativi. Altri fattori da considerare includono se il sito offre opzioni di abbonamento a pagamento, consente ai membri di caricare foto e fornisce funzionalit\u00e0 di messaggistica.<\/p>\n<h3>Sicurezza<\/h3>\n<p>\u00c8 anche importante esaminare le politiche sulla privacy dei potenziali siti. Molti siti di incontri locali richiedono ai membri di fornire informazioni personali, come nomi completi, date di nascita e indirizzi fisici. Assicurati di capire esattamente quali informazioni vengono raccolte e archiviate, nonch\u00e9 per quanto tempo rimangono private.<\/p>\n<p>Alcuni siti chiedono anche ai membri di pagare una quota per iscriversi. Mentre il pagamento delle tasse \u00e8 una pratica comune tra i siti di incontri per adulti, vale comunque la pena considerare se si prevede di visitare frequentemente. Ad esempio, se prevedi di spendere $ 20 ogni mese per un abbonamento, potresti risparmiare denaro iscrivendoti invece a una prova gratuita.<\/p>\n<p>Oltre a trovare un sito di incontri locale, \u00e8 anche importante impostare le aspettative con il tuo partner. Quando si incontra qualcuno per la prima volta, \u00e8 naturale sentirsi eccitati e nervosi. Tuttavia, \u00e8 importante comunicare chiaramente con il tuo partner sulle tue intenzioni. Digli che tipo di persona stai cercando e cosa ti aspetti dall&#8217;esperienza.<\/p>\n<p>Ad esempio, se sei interessato a fare sesso con estranei, informa il tuo partner in anticipo. Inoltre, cerca di evitare di parlare di partner passati o esperienze precedenti. Va bene parlare dei propri desideri e fantasie, ma \u00e8 importante rispettare i confini del proprio partner.<\/p>\n","protected":false},"excerpt":{"rendered":"<div class=\"mh-excerpt\"><p>I collegamenti casuali sono incontri a breve termine che di solito finiscono dopo il sesso. Sono divertenti, facili e casual. Ci sono molti siti online <a class=\"mh-excerpt-more\" href=\"https:\/\/styleswp.com\/it\/\" title=\"Trovare l&#8217;amore con le app di collegamento\">[&#8230;]<\/a><\/p>\n<\/div>","protected":false},"author":1,"featured_media":77,"parent":0,"menu_order":0,"comment_status":"closed","ping_status":"closed","template":"","meta":[],"yoast_head":"<!-- This site is optimized with the Yoast SEO plugin v17.7.1 - https:\/\/yoast.com\/wordpress\/plugins\/seo\/ -->\n<title>Trovare l&#039;amore con le app di collegamento - Relationship Guide<\/title>\n<meta name=\"robots\" content=\"index, follow, max-snippet:-1, max-image-preview:large, max-video-preview:-1\" \/>\n<link rel=\"canonical\" href=\"https:\/\/styleswp.com\/it\/\" \/>\n<meta property=\"og:locale\" content=\"it_IT\" \/>\n<meta property=\"og:type\" content=\"article\" \/>\n<meta property=\"og:title\" content=\"Trovare l&#039;amore con le app di collegamento - Relationship Guide\" \/>\n<meta property=\"og:description\" content=\"I collegamenti casuali sono incontri a breve termine che di solito finiscono dopo il sesso. Sono divertenti, facili e casual. Ci sono molti siti online [...]\" \/>\n<meta property=\"og:url\" content=\"https:\/\/styleswp.com\/it\/\" \/>\n<meta property=\"og:site_name\" content=\"Relationship Guide\" \/>\n<meta property=\"og:image\" content=\"https:\/\/styleswp.com\/wp-content\/uploads\/2022\/09\/dates-and-more.jpeg\" \/>\n\t<meta property=\"og:image:width\" content=\"2249\" \/>\n\t<meta property=\"og:image:height\" content=\"1500\" \/>\n<meta name=\"twitter:card\" content=\"summary_large_image\" \/>\n<meta name=\"twitter:label1\" content=\"Tempo di lettura stimato\" \/>\n\t<meta name=\"twitter:data1\" content=\"4 minuti\" \/>\n<script type=\"application\/ld+json\" class=\"yoast-schema-graph\">{\"@context\":\"https:\/\/schema.org\",\"@graph\":[{\"@type\":\"WebSite\",\"@id\":\"http:\/\/styleswp.com\/fi\/#website\",\"url\":\"http:\/\/styleswp.com\/fi\/\",\"name\":\"Relationship Guide\",\"description\":\"Meet Your Match\",\"potentialAction\":[{\"@type\":\"SearchAction\",\"target\":{\"@type\":\"EntryPoint\",\"urlTemplate\":\"http:\/\/styleswp.com\/fi\/?s={search_term_string}\"},\"query-input\":\"required name=search_term_string\"}],\"inLanguage\":\"it-IT\"},{\"@type\":\"ImageObject\",\"@id\":\"https:\/\/styleswp.com\/it\/#primaryimage\",\"inLanguage\":\"it-IT\",\"url\":\"https:\/\/styleswp.com\/wp-content\/uploads\/2022\/09\/dates-and-more.jpeg\",\"contentUrl\":\"https:\/\/styleswp.com\/wp-content\/uploads\/2022\/09\/dates-and-more.jpeg\",\"width\":2249,\"height\":1500},{\"@type\":\"WebPage\",\"@id\":\"https:\/\/styleswp.com\/it\/#webpage\",\"url\":\"https:\/\/styleswp.com\/it\/\",\"name\":\"Trovare l'amore con le app di collegamento - Relationship Guide\",\"isPartOf\":{\"@id\":\"http:\/\/styleswp.com\/fi\/#website\"},\"primaryImageOfPage\":{\"@id\":\"https:\/\/styleswp.com\/it\/#primaryimage\"},\"datePublished\":\"2022-09-13T10:59:37+00:00\",\"dateModified\":\"2022-09-13T10:59:37+00:00\",\"breadcrumb\":{\"@id\":\"https:\/\/styleswp.com\/it\/#breadcrumb\"},\"inLanguage\":\"it-IT\",\"potentialAction\":[{\"@type\":\"ReadAction\",\"target\":[\"https:\/\/styleswp.com\/it\/\"]}]},{\"@type\":\"BreadcrumbList\",\"@id\":\"https:\/\/styleswp.com\/it\/#breadcrumb\",\"itemListElement\":[{\"@type\":\"ListItem\",\"position\":1,\"name\":\"Home\",\"item\":\"https:\/\/styleswp.com\/it\/\"},{\"@type\":\"ListItem\",\"position\":2,\"name\":\"Trovare l&#8217;amore con le app di collegamento\"}]}]}<\/script>\n<!-- \/ Yoast SEO plugin. -->","yoast_head_json":{"title":"Trovare l'amore con le app di collegamento - Relationship Guide","robots":{"index":"index","follow":"follow","max-snippet":"max-snippet:-1","max-image-preview":"max-image-preview:large","max-video-preview":"max-video-preview:-1"},"canonical":"https:\/\/styleswp.com\/it\/","og_locale":"it_IT","og_type":"article","og_title":"Trovare l'amore con le app di collegamento - Relationship Guide","og_description":"I collegamenti casuali sono incontri a breve termine che di solito finiscono dopo il sesso. Sono divertenti, facili e casual. Ci sono molti siti online [...]","og_url":"https:\/\/styleswp.com\/it\/","og_site_name":"Relationship Guide","og_image":[{"width":2249,"height":1500,"url":"https:\/\/styleswp.com\/wp-content\/uploads\/2022\/09\/dates-and-more.jpeg","type":"image\/jpeg"}],"twitter_card":"summary_large_image","twitter_misc":{"Tempo di lettura stimato":"4 minuti"},"schema":{"@context":"https:\/\/schema.org","@graph":[{"@type":"WebSite","@id":"http:\/\/styleswp.com\/fi\/#website","url":"http:\/\/styleswp.com\/fi\/","name":"Relationship Guide","description":"Meet Your Match","potentialAction":[{"@type":"SearchAction","target":{"@type":"EntryPoint","urlTemplate":"http:\/\/styleswp.com\/fi\/?s={search_term_string}"},"query-input":"required name=search_term_string"}],"inLanguage":"it-IT"},{"@type":"ImageObject","@id":"https:\/\/styleswp.com\/it\/#primaryimage","inLanguage":"it-IT","url":"https:\/\/styleswp.com\/wp-content\/uploads\/2022\/09\/dates-and-more.jpeg","contentUrl":"https:\/\/styleswp.com\/wp-content\/uploads\/2022\/09\/dates-and-more.jpeg","width":2249,"height":1500},{"@type":"WebPage","@id":"https:\/\/styleswp.com\/it\/#webpage","url":"https:\/\/styleswp.com\/it\/","name":"Trovare l'amore con le app di collegamento - Relationship Guide","isPartOf":{"@id":"http:\/\/styleswp.com\/fi\/#website"},"primaryImageOfPage":{"@id":"https:\/\/styleswp.com\/it\/#primaryimage"},"datePublished":"2022-09-13T10:59:37+00:00","dateModified":"2022-09-13T10:59:37+00:00","breadcrumb":{"@id":"https:\/\/styleswp.com\/it\/#breadcrumb"},"inLanguage":"it-IT","potentialAction":[{"@type":"ReadAction","target":["https:\/\/styleswp.com\/it\/"]}]},{"@type":"BreadcrumbList","@id":"https:\/\/styleswp.com\/it\/#breadcrumb","itemListElement":[{"@type":"ListItem","position":1,"name":"Home","item":"https:\/\/styleswp.com\/it\/"},{"@type":"ListItem","position":2,"name":"Trovare l&#8217;amore con le app di collegamento"}]}]}},"_links":{"self":[{"href":"https:\/\/styleswp.com\/it\/wp-json\/wp\/v2\/pages\/164"}],"collection":[{"href":"https:\/\/styleswp.com\/it\/wp-json\/wp\/v2\/pages"}],"about":[{"href":"https:\/\/styleswp.com\/it\/wp-json\/wp\/v2\/types\/page"}],"author":[{"embeddable":true,"href":"https:\/\/styleswp.com\/it\/wp-json\/wp\/v2\/users\/1"}],"replies":[{"embeddable":true,"href":"https:\/\/styleswp.com\/it\/wp-json\/wp\/v2\/comments?post=164"}],"version-history":[{"count":0,"href":"https:\/\/styleswp.com\/it\/wp-json\/wp\/v2\/pages\/164\/revisions"}],"wp:featuredmedia":[{"embeddable":true,"href":"https:\/\/styleswp.com\/it\/wp-json\/wp\/v2\/media\/77"}],"wp:attachment":[{"href":"https:\/\/styleswp.com\/it\/wp-json\/wp\/v2\/media?parent=164"}],"curies":[{"name":"wp","href":"https:\/\/api.w.org\/{rel}","templated":true}]}}