{"id":135,"date":"2022-09-13T12:36:41","date_gmt":"2022-09-13T11:36:41","guid":{"rendered":"http:\/\/styleswp.com\/tinder-vale-la-pena-per-il-sexting\/"},"modified":"2022-10-17T11:42:48","modified_gmt":"2022-10-17T10:42:48","slug":"tinder-vale-la-pena-per-il-sexting","status":"publish","type":"page","link":"https:\/\/styleswp.com\/it\/tinder-vale-la-pena-per-il-sexting\/","title":{"rendered":"Tinder vale la pena per il sexting?"},"content":{"rendered":"<p>Il sexting \u00e8 un&#8217;attivit\u00e0 popolare tra gli adolescenti e i giovani adulti di oggi. Mentre in genere viene fatto tramite messaggi di testo, pu\u00f2 anche accadere su altre forme di comunicazione come Snapchat e Instagram.<\/p>\n<p>Mentre ci sono vantaggi nell&#8217;utilizzo di queste app, ci sono anche degli svantaggi. App come Kik e WhatsApp sono meno sicure delle app di messaggistica come iMessage e Facebook Messenger. E poich\u00e9 non sono crittografati, potrebbero potenzialmente essere violati.<\/p>\n<p>Quindi, se decidi di provare il sexting, assicurati di scegliere un&#8217;app sicura <a href=\"https:\/\/www.nsadating.net\/it\/siti-di-sexting-gratuiti-nessuna-registrazione\/\">sito per sexting<\/a> che offra la crittografia end-to-end. Considera anche di prendere precauzioni come mantenere private le tue informazioni personali ed evitare di condividere la tua posizione.<\/p>\n<h3>Qual \u00e8 il tasso di successo di Tinder?<\/h3>\n<p>Il tasso di successo di Tinder \u00e8 di circa il 50%. Ci\u00f2 significa che su 100 uomini che usano Tinder, solo la met\u00e0 di loro incontrer\u00e0 qualcuno che gli piace. Tuttavia, le donne tendono ad essere pi\u00f9 selettive quando utilizzano app di appuntamenti come Tinder.<\/p>\n<h3>Tinder \u00e8 effettivamente efficace?<\/h3>\n<p>S\u00ec, Tinder ha dimostrato di essere efficace nell&#8217;abbinare gli utenti in base agli interessi reciproci. L&#8217;app \u00e8 stata lanciata nel 2012 e ora ha oltre 40 milioni di utenti mensili attivi.<\/p>\n<h3>Vale la pena uscire con Tinder?<\/h3>\n<p>Uscire su Tinder \u00e8 divertente e facile, ma ha anche alcuni aspetti negativi. Innanzitutto, devi stare attento a chi scorri verso destra. Se scorri verso destra per qualcuno a cui non piaci, stai sprecando il tuo tempo. In secondo luogo, non sai che tipo di persona sono fino a quando non li hai incontrati. In terzo luogo, potresti finire per incontrare qualcuno <a href=\"https:\/\/www.local-fuck.net\/it\/chat-room-bdsm\/\">chat BDSM<\/a> che non \u00e8 compatibile con te. Infine, potresti ritrovarti a scorrere a sinistra per tutti!<\/p>\n<h3>Esiste un&#8217;app per parlare sporco?<\/h3>\n<p>S\u00ec! C&#8217;\u00e8 un&#8217;app chiamata Dirty Talk che consente agli utenti di registrarsi dicendo cose cattive mentre si guardano mentre lo fanno. L&#8217;app ha anche una funzione in cui gli utenti possono scambiarsi messaggi &#8220;sporchi&#8221;.<\/p>\n<h3>Qual \u00e8 l&#8217;app pi\u00f9 sicura per il sexting?<\/h3>\n<p>L&#8217;app pi\u00f9 sicura per il sexting si chiama &#8220;Tinychat&#8221; che \u00e8 stata valutata come una delle migliori app per il sexting. Tinychat utilizza la tecnologia di crittografia end-to-end per garantire che nessuna terza parte possa accedere ai tuoi messaggi. Ci\u00f2 significa che solo tu e la persona con cui stai chattando puoi leggere ci\u00f2 che scrivi.<\/p>\n<h3>Come si fa il sexting online?<\/h3>\n<p>Il sexting viene eseguito tramite app come Kik, Snapchat, Grindr, ecc. Il modo migliore per trovare qualcuno per il sexting \u00e8 utilizzare un&#8217;app <a href=\"http:\/\/www.adult-dating.net\/it\/incontri-fetish\/\">incontri fetish<\/a> di appuntamenti come Tinder. Se vuoi essere discreto sulle tue attivit\u00e0 di sexting, allora dovresti usare un&#8217;applicazione di chat privata invece di applicazioni di chat pubbliche.<\/p>\n<h3>Come ottenere nudi online?<\/h3>\n<p>Se vuoi ottenere foto di nudo online, allora dovresti usare un sito come NudeVault.com dove puoi caricare gratuitamente le tue foto di nudo. Il sito Web offre anche altre funzionalit\u00e0 come chat room video, spettacoli webcam e videocamere sessuali in diretta.<\/p>\n","protected":false},"excerpt":{"rendered":"<div class=\"mh-excerpt\"><p>Il sexting \u00e8 un&#8217;attivit\u00e0 popolare tra gli adolescenti e i giovani adulti di oggi. Mentre in genere viene fatto tramite messaggi di testo, pu\u00f2 anche <a class=\"mh-excerpt-more\" href=\"https:\/\/styleswp.com\/it\/tinder-vale-la-pena-per-il-sexting\/\" title=\"Tinder vale la pena per il sexting?\">[&#8230;]<\/a><\/p>\n<\/div>","protected":false},"author":1,"featured_media":0,"parent":0,"menu_order":0,"comment_status":"closed","ping_status":"closed","template":"","meta":[],"yoast_head":"<!-- This site is optimized with the Yoast SEO plugin v17.7.1 - https:\/\/yoast.com\/wordpress\/plugins\/seo\/ -->\n<title>Tinder vale la pena per il sexting? - Relationship Guide<\/title>\n<meta name=\"robots\" content=\"index, follow, max-snippet:-1, max-image-preview:large, max-video-preview:-1\" \/>\n<link rel=\"canonical\" href=\"https:\/\/styleswp.com\/it\/tinder-vale-la-pena-per-il-sexting\/\" \/>\n<meta property=\"og:locale\" content=\"it_IT\" \/>\n<meta property=\"og:type\" content=\"article\" \/>\n<meta property=\"og:title\" content=\"Tinder vale la pena per il sexting? - Relationship Guide\" \/>\n<meta property=\"og:description\" content=\"Il sexting \u00e8 un&#8217;attivit\u00e0 popolare tra gli adolescenti e i giovani adulti di oggi. Mentre in genere viene fatto tramite messaggi di testo, pu\u00f2 anche [...]\" \/>\n<meta property=\"og:url\" content=\"https:\/\/styleswp.com\/it\/tinder-vale-la-pena-per-il-sexting\/\" \/>\n<meta property=\"og:site_name\" content=\"Relationship Guide\" \/>\n<meta property=\"article:modified_time\" content=\"2022-10-17T10:42:48+00:00\" \/>\n<meta name=\"twitter:card\" content=\"summary_large_image\" \/>\n<meta name=\"twitter:label1\" content=\"Tempo di lettura stimato\" \/>\n\t<meta name=\"twitter:data1\" content=\"2 minuti\" \/>\n<script type=\"application\/ld+json\" class=\"yoast-schema-graph\">{\"@context\":\"https:\/\/schema.org\",\"@graph\":[{\"@type\":\"WebSite\",\"@id\":\"http:\/\/styleswp.com\/fi\/#website\",\"url\":\"http:\/\/styleswp.com\/fi\/\",\"name\":\"Relationship Guide\",\"description\":\"Meet Your Match\",\"potentialAction\":[{\"@type\":\"SearchAction\",\"target\":{\"@type\":\"EntryPoint\",\"urlTemplate\":\"http:\/\/styleswp.com\/fi\/?s={search_term_string}\"},\"query-input\":\"required name=search_term_string\"}],\"inLanguage\":\"it-IT\"},{\"@type\":\"WebPage\",\"@id\":\"https:\/\/styleswp.com\/it\/tinder-vale-la-pena-per-il-sexting\/#webpage\",\"url\":\"https:\/\/styleswp.com\/it\/tinder-vale-la-pena-per-il-sexting\/\",\"name\":\"Tinder vale la pena per il sexting? - Relationship Guide\",\"isPartOf\":{\"@id\":\"http:\/\/styleswp.com\/fi\/#website\"},\"datePublished\":\"2022-09-13T11:36:41+00:00\",\"dateModified\":\"2022-10-17T10:42:48+00:00\",\"breadcrumb\":{\"@id\":\"https:\/\/styleswp.com\/it\/tinder-vale-la-pena-per-il-sexting\/#breadcrumb\"},\"inLanguage\":\"it-IT\",\"potentialAction\":[{\"@type\":\"ReadAction\",\"target\":[\"https:\/\/styleswp.com\/it\/tinder-vale-la-pena-per-il-sexting\/\"]}]},{\"@type\":\"BreadcrumbList\",\"@id\":\"https:\/\/styleswp.com\/it\/tinder-vale-la-pena-per-il-sexting\/#breadcrumb\",\"itemListElement\":[{\"@type\":\"ListItem\",\"position\":1,\"name\":\"Home\",\"item\":\"https:\/\/styleswp.com\/it\/\"},{\"@type\":\"ListItem\",\"position\":2,\"name\":\"Tinder vale la pena per il sexting?\"}]}]}<\/script>\n<!-- \/ Yoast SEO plugin. -->","yoast_head_json":{"title":"Tinder vale la pena per il sexting? - Relationship Guide","robots":{"index":"index","follow":"follow","max-snippet":"max-snippet:-1","max-image-preview":"max-image-preview:large","max-video-preview":"max-video-preview:-1"},"canonical":"https:\/\/styleswp.com\/it\/tinder-vale-la-pena-per-il-sexting\/","og_locale":"it_IT","og_type":"article","og_title":"Tinder vale la pena per il sexting? - Relationship Guide","og_description":"Il sexting \u00e8 un&#8217;attivit\u00e0 popolare tra gli adolescenti e i giovani adulti di oggi. Mentre in genere viene fatto tramite messaggi di testo, pu\u00f2 anche [...]","og_url":"https:\/\/styleswp.com\/it\/tinder-vale-la-pena-per-il-sexting\/","og_site_name":"Relationship Guide","article_modified_time":"2022-10-17T10:42:48+00:00","twitter_card":"summary_large_image","twitter_misc":{"Tempo di lettura stimato":"2 minuti"},"schema":{"@context":"https:\/\/schema.org","@graph":[{"@type":"WebSite","@id":"http:\/\/styleswp.com\/fi\/#website","url":"http:\/\/styleswp.com\/fi\/","name":"Relationship Guide","description":"Meet Your Match","potentialAction":[{"@type":"SearchAction","target":{"@type":"EntryPoint","urlTemplate":"http:\/\/styleswp.com\/fi\/?s={search_term_string}"},"query-input":"required name=search_term_string"}],"inLanguage":"it-IT"},{"@type":"WebPage","@id":"https:\/\/styleswp.com\/it\/tinder-vale-la-pena-per-il-sexting\/#webpage","url":"https:\/\/styleswp.com\/it\/tinder-vale-la-pena-per-il-sexting\/","name":"Tinder vale la pena per il sexting? - Relationship Guide","isPartOf":{"@id":"http:\/\/styleswp.com\/fi\/#website"},"datePublished":"2022-09-13T11:36:41+00:00","dateModified":"2022-10-17T10:42:48+00:00","breadcrumb":{"@id":"https:\/\/styleswp.com\/it\/tinder-vale-la-pena-per-il-sexting\/#breadcrumb"},"inLanguage":"it-IT","potentialAction":[{"@type":"ReadAction","target":["https:\/\/styleswp.com\/it\/tinder-vale-la-pena-per-il-sexting\/"]}]},{"@type":"BreadcrumbList","@id":"https:\/\/styleswp.com\/it\/tinder-vale-la-pena-per-il-sexting\/#breadcrumb","itemListElement":[{"@type":"ListItem","position":1,"name":"Home","item":"https:\/\/styleswp.com\/it\/"},{"@type":"ListItem","position":2,"name":"Tinder vale la pena per il sexting?"}]}]}},"_links":{"self":[{"href":"https:\/\/styleswp.com\/it\/wp-json\/wp\/v2\/pages\/135"}],"collection":[{"href":"https:\/\/styleswp.com\/it\/wp-json\/wp\/v2\/pages"}],"about":[{"href":"https:\/\/styleswp.com\/it\/wp-json\/wp\/v2\/types\/page"}],"author":[{"embeddable":true,"href":"https:\/\/styleswp.com\/it\/wp-json\/wp\/v2\/users\/1"}],"replies":[{"embeddable":true,"href":"https:\/\/styleswp.com\/it\/wp-json\/wp\/v2\/comments?post=135"}],"version-history":[{"count":1,"href":"https:\/\/styleswp.com\/it\/wp-json\/wp\/v2\/pages\/135\/revisions"}],"predecessor-version":[{"id":371,"href":"https:\/\/styleswp.com\/it\/wp-json\/wp\/v2\/pages\/135\/revisions\/371"}],"wp:attachment":[{"href":"https:\/\/styleswp.com\/it\/wp-json\/wp\/v2\/media?parent=135"}],"curies":[{"name":"wp","href":"https:\/\/api.w.org\/{rel}","templated":true}]}}