{"id":124,"date":"2022-09-13T12:39:05","date_gmt":"2022-09-13T11:39:05","guid":{"rendered":"http:\/\/styleswp.com\/kink-incontri\/"},"modified":"2022-10-17T11:41:11","modified_gmt":"2022-10-17T10:41:11","slug":"kink-incontri","status":"publish","type":"page","link":"https:\/\/styleswp.com\/it\/kink-incontri\/","title":{"rendered":"Kink Incontri"},"content":{"rendered":"<p>Il BDSM \u00e8 una pratica sessuale che coinvolge la schiavit\u00f9, la disciplina, il dominio, la sottomissione, il sadismo, il masochismo e altre attivit\u00e0 correlate. I siti di incontri bondage si rivolgono <a href=\"https:\/\/www.hookup-now.com\/it\/giochi-di-sesso-nessuna-iscrizione\/\">giochi porno senza iscrizione<\/a> a persone che amano le relazioni BDSM. Questi tipi di siti consentono ai membri di sfogliare profili, chattare e organizzare date.<\/p>\n<p>Ci sono diversi vantaggi <a href=\"http:\/\/styleswp.com\/lgbt-dating-faq\/\">nell&#8217;aderire a un sito di incontri bondage<\/a> . In primo luogo, ti consente di incontrare altri che condividono interessi simili. In secondo luogo, ti d\u00e0 l&#8217;opportunit\u00e0 di esplorare diversi nodi in modo sicuro e anonimo. In terzo luogo, fornisce un ambiente sicuro per provare cose nuove. Infine, pu\u00f2 offrirti l&#8217;opportunit\u00e0 di espandere la tua rete e saperne di pi\u00f9 su di te.<\/p>\n<p>Mentre ci sono molti vantaggi nell&#8217;aderire a un servizio di appuntamenti bondage, ci sono anche dei rischi. Prima di iscriverti, assicurati di leggere le recensioni, parlare con gli amici e ricercare a fondo il sito. Inoltre, ricorda che mentre potresti sentirti a tuo agio nell&#8217;incontrare qualcuno online, \u00e8 ancora possibile che tu possa <a href=\"https:\/\/www.jerkoffforme.com\/it\/\">web cam per adulti<\/a> finire per fare sesso con qualcuno che hai incontrato online. Quindi, fai attenzione!<\/p>\n<h3>Come si inizia un nodo?<\/h3>\n<p>Il sesso kinky \u00e8 uno dei modi migliori per alleviare lo stress e l&#8217;ansia. Se vuoi provare alcune nuove posizioni sessuali, allora dovresti visitare un negozio per adulti locale dove puoi trovare tutti i tipi di giocattoli e altri oggetti per il sesso stravagante.<\/p>\n<h3>Come posso aggiungere un nodo alla mia camera da letto?<\/h3>\n<p>Il modo migliore per aggiungere un nodo alla tua camera da letto \u00e8 usare un kit bondage. I kit bondage sono disponibili <a href=\"https:\/\/www.no-strings-attached-sex.com\/it\/siti-di-incontri-gratis-senza-spese\/\">sesso gratis incontri<\/a> in diverse dimensioni e forme. Alcuni includono manette, bende, fruste, flogger, morsetti per capezzoli e altri accessori. Se vuoi qualcosa di specifico, come un vibratore, allora dovresti cercarne uno in un sexy shop.<\/p>\n<h3>Cosa significa kink a letto?<\/h3>\n<p>Sesso kinky significa avere attivit\u00e0 sessuali che includono bondage, dominazione, disciplina, sadismo, masochismo, giochi di ruolo e altre forme di sesso non standard. Il termine &#8220;kinky&#8221; \u00e8 stato usato per la prima volta nel 1970 quando il BDSM \u00e8 diventato popolare tra gli uomini gay. Oggi, la parola \u00e8 diventata sinonimo di qualsiasi tipo di sessualit\u00e0 non convenzionale.<\/p>\n<h3>Cosa sono i nodi del gioco di ruolo?<\/h3>\n<p>Un gioco di ruolo \u00e8 quando una persona prende il controllo del corpo di un&#8217;altra persona per piacere sessuale. Questo di solito accade durante il gioco sessuale, in cui un partner recita fantasie di fare sesso con qualcun altro. Alcuni esempi comuni includono: un uomo che indossa abiti femminili, una donna che si veste come un personaggio maschile di un libro o di un film, o una coppia che recita insieme una scena di uno show televisivo.<\/p>\n","protected":false},"excerpt":{"rendered":"<div class=\"mh-excerpt\"><p>Il BDSM \u00e8 una pratica sessuale che coinvolge la schiavit\u00f9, la disciplina, il dominio, la sottomissione, il sadismo, il masochismo e altre attivit\u00e0 correlate. I <a class=\"mh-excerpt-more\" href=\"https:\/\/styleswp.com\/it\/kink-incontri\/\" title=\"Kink Incontri\">[&#8230;]<\/a><\/p>\n<\/div>","protected":false},"author":1,"featured_media":0,"parent":0,"menu_order":0,"comment_status":"closed","ping_status":"closed","template":"","meta":[],"yoast_head":"<!-- This site is optimized with the Yoast SEO plugin v17.7.1 - https:\/\/yoast.com\/wordpress\/plugins\/seo\/ -->\n<title>Kink Incontri - Relationship Guide<\/title>\n<meta name=\"robots\" content=\"index, follow, max-snippet:-1, max-image-preview:large, max-video-preview:-1\" \/>\n<link rel=\"canonical\" href=\"https:\/\/styleswp.com\/it\/kink-incontri\/\" \/>\n<meta property=\"og:locale\" content=\"it_IT\" \/>\n<meta property=\"og:type\" content=\"article\" \/>\n<meta property=\"og:title\" content=\"Kink Incontri - Relationship Guide\" \/>\n<meta property=\"og:description\" content=\"Il BDSM \u00e8 una pratica sessuale che coinvolge la schiavit\u00f9, la disciplina, il dominio, la sottomissione, il sadismo, il masochismo e altre attivit\u00e0 correlate. I [...]\" \/>\n<meta property=\"og:url\" content=\"https:\/\/styleswp.com\/it\/kink-incontri\/\" \/>\n<meta property=\"og:site_name\" content=\"Relationship Guide\" \/>\n<meta property=\"article:modified_time\" content=\"2022-10-17T10:41:11+00:00\" \/>\n<meta name=\"twitter:card\" content=\"summary_large_image\" \/>\n<meta name=\"twitter:label1\" content=\"Tempo di lettura stimato\" \/>\n\t<meta name=\"twitter:data1\" content=\"2 minuti\" \/>\n<script type=\"application\/ld+json\" class=\"yoast-schema-graph\">{\"@context\":\"https:\/\/schema.org\",\"@graph\":[{\"@type\":\"WebSite\",\"@id\":\"http:\/\/styleswp.com\/fi\/#website\",\"url\":\"http:\/\/styleswp.com\/fi\/\",\"name\":\"Relationship Guide\",\"description\":\"Meet Your Match\",\"potentialAction\":[{\"@type\":\"SearchAction\",\"target\":{\"@type\":\"EntryPoint\",\"urlTemplate\":\"http:\/\/styleswp.com\/fi\/?s={search_term_string}\"},\"query-input\":\"required name=search_term_string\"}],\"inLanguage\":\"it-IT\"},{\"@type\":\"WebPage\",\"@id\":\"https:\/\/styleswp.com\/it\/kink-incontri\/#webpage\",\"url\":\"https:\/\/styleswp.com\/it\/kink-incontri\/\",\"name\":\"Kink Incontri - Relationship Guide\",\"isPartOf\":{\"@id\":\"http:\/\/styleswp.com\/fi\/#website\"},\"datePublished\":\"2022-09-13T11:39:05+00:00\",\"dateModified\":\"2022-10-17T10:41:11+00:00\",\"breadcrumb\":{\"@id\":\"https:\/\/styleswp.com\/it\/kink-incontri\/#breadcrumb\"},\"inLanguage\":\"it-IT\",\"potentialAction\":[{\"@type\":\"ReadAction\",\"target\":[\"https:\/\/styleswp.com\/it\/kink-incontri\/\"]}]},{\"@type\":\"BreadcrumbList\",\"@id\":\"https:\/\/styleswp.com\/it\/kink-incontri\/#breadcrumb\",\"itemListElement\":[{\"@type\":\"ListItem\",\"position\":1,\"name\":\"Home\",\"item\":\"https:\/\/styleswp.com\/it\/\"},{\"@type\":\"ListItem\",\"position\":2,\"name\":\"Kink Incontri\"}]}]}<\/script>\n<!-- \/ Yoast SEO plugin. -->","yoast_head_json":{"title":"Kink Incontri - Relationship Guide","robots":{"index":"index","follow":"follow","max-snippet":"max-snippet:-1","max-image-preview":"max-image-preview:large","max-video-preview":"max-video-preview:-1"},"canonical":"https:\/\/styleswp.com\/it\/kink-incontri\/","og_locale":"it_IT","og_type":"article","og_title":"Kink Incontri - Relationship Guide","og_description":"Il BDSM \u00e8 una pratica sessuale che coinvolge la schiavit\u00f9, la disciplina, il dominio, la sottomissione, il sadismo, il masochismo e altre attivit\u00e0 correlate. I [...]","og_url":"https:\/\/styleswp.com\/it\/kink-incontri\/","og_site_name":"Relationship Guide","article_modified_time":"2022-10-17T10:41:11+00:00","twitter_card":"summary_large_image","twitter_misc":{"Tempo di lettura stimato":"2 minuti"},"schema":{"@context":"https:\/\/schema.org","@graph":[{"@type":"WebSite","@id":"http:\/\/styleswp.com\/fi\/#website","url":"http:\/\/styleswp.com\/fi\/","name":"Relationship Guide","description":"Meet Your Match","potentialAction":[{"@type":"SearchAction","target":{"@type":"EntryPoint","urlTemplate":"http:\/\/styleswp.com\/fi\/?s={search_term_string}"},"query-input":"required name=search_term_string"}],"inLanguage":"it-IT"},{"@type":"WebPage","@id":"https:\/\/styleswp.com\/it\/kink-incontri\/#webpage","url":"https:\/\/styleswp.com\/it\/kink-incontri\/","name":"Kink Incontri - Relationship Guide","isPartOf":{"@id":"http:\/\/styleswp.com\/fi\/#website"},"datePublished":"2022-09-13T11:39:05+00:00","dateModified":"2022-10-17T10:41:11+00:00","breadcrumb":{"@id":"https:\/\/styleswp.com\/it\/kink-incontri\/#breadcrumb"},"inLanguage":"it-IT","potentialAction":[{"@type":"ReadAction","target":["https:\/\/styleswp.com\/it\/kink-incontri\/"]}]},{"@type":"BreadcrumbList","@id":"https:\/\/styleswp.com\/it\/kink-incontri\/#breadcrumb","itemListElement":[{"@type":"ListItem","position":1,"name":"Home","item":"https:\/\/styleswp.com\/it\/"},{"@type":"ListItem","position":2,"name":"Kink Incontri"}]}]}},"_links":{"self":[{"href":"https:\/\/styleswp.com\/it\/wp-json\/wp\/v2\/pages\/124"}],"collection":[{"href":"https:\/\/styleswp.com\/it\/wp-json\/wp\/v2\/pages"}],"about":[{"href":"https:\/\/styleswp.com\/it\/wp-json\/wp\/v2\/types\/page"}],"author":[{"embeddable":true,"href":"https:\/\/styleswp.com\/it\/wp-json\/wp\/v2\/users\/1"}],"replies":[{"embeddable":true,"href":"https:\/\/styleswp.com\/it\/wp-json\/wp\/v2\/comments?post=124"}],"version-history":[{"count":1,"href":"https:\/\/styleswp.com\/it\/wp-json\/wp\/v2\/pages\/124\/revisions"}],"predecessor-version":[{"id":368,"href":"https:\/\/styleswp.com\/it\/wp-json\/wp\/v2\/pages\/124\/revisions\/368"}],"wp:attachment":[{"href":"https:\/\/styleswp.com\/it\/wp-json\/wp\/v2\/media?parent=124"}],"curies":[{"name":"wp","href":"https:\/\/api.w.org\/{rel}","templated":true}]}}