{"id":117,"date":"2022-09-13T12:37:43","date_gmt":"2022-09-13T11:37:43","guid":{"rendered":"http:\/\/styleswp.com\/trouvez-un-copain-de-baise-dans-votre-region\/"},"modified":"2022-10-17T12:42:02","modified_gmt":"2022-10-17T11:42:02","slug":"trouvez-un-copain-de-baise-dans-votre-region","status":"publish","type":"page","link":"https:\/\/styleswp.com\/fr\/trouvez-un-copain-de-baise-dans-votre-region\/","title":{"rendered":"Trouvez un copain de baise dans votre r\u00e9gion"},"content":{"rendered":"<p>Il y a beaucoup de raisons pour lesquelles quelqu\u2019un voudrait <a href=\"http:\/\/styleswp.com\/fr\/rencontrez-des-asiatiques-locaux-pour-le-sexe\/\">trouver un copain de baise<\/a>. Peut-\u00eatre qu\u2019ils sont c\u00e9libataires et \u00e0 la recherche d\u2019un ami qui partage des int\u00e9r\u00eats similaires. Ou peut-\u00eatre veulent-ils simplement explorer leur sexualit\u00e9. Quelle que soit la raison, trouver un copain de baise peut \u00eatre amusant et excitant.<\/p>\n<p>Alors maintenant que vous comprenez les risques encourus, parlons <a href=\"https:\/\/wank.io\/fr\/jeux-porno-gratuits-pour-iphone\/\">pornogratuits<\/a> de la fa\u00e7on de trouver un copain de baise! Plusieurs options s\u2019offrent \u00e0 vous en fonction de vos besoins et de vos envies.<\/p>\n<h3>Qu\u2019est-ce qu\u2019un copain de baise?<\/h3>\n<p>Un copain de baise est quelqu\u2019un qui a des relations sexuelles avec vous gratuitement. Cette personne peut \u00eatre votre petite amie, votre femme, votre mari, votre petit ami ou tout autre partenaire. Le terme \u00ab&nbsp;fuck buddy&nbsp;\u00bb a \u00e9t\u00e9 invent\u00e9 dans les ann\u00e9es 1980 lorsque les hommes avaient moins de partenaires sexuels en raison du sida.<\/p>\n<h3>Devriez-vous le garder d\u00e9contract\u00e9 avec un copain de baise?<\/h3>\n<p>Le sexe occasionnel est id\u00e9al pour un couple qui veut pimenter leur relation. Cependant, le sexe occasionnel ne doit \u00eatre gard\u00e9 qu\u2019au niveau de la chambre \u00e0 coucher. Si vous voulez commencer une relation s\u00e9rieuse, alors vous devez d\u2019abord rencontrer quelqu\u2019un.<\/p>\n<h3>Meilleure application de sexe pour rencontrer <a href=\"https:\/\/www.nsa-hookup.net\/fr\/jeux-sexuels-gratuits-sans-carte-de-credit\/\">jeux pornographiques gratuits<\/a> un copain de baise?<\/h3>\n<p>Les meilleures applications sexuelles pour rencontrer un copain de baise incluent Tinder, Grindr, Scruff et Jack\u2019d. Ces applications permettent aux utilisateurs de rechercher des partenaires potentiels en fonction de l\u2019emplacement, de l\u2019\u00e2ge, du sexe, de l\u2019orientation sexuelle et d\u2019autres crit\u00e8res. Les utilisateurs peuvent \u00e9galement s\u2019envoyer des messages via ces applications.<\/p>\n<h3>Combien de copains de baise pouvez-vous avoir \u00e0 la fois?<\/h3>\n<p>La r\u00e9ponse d\u00e9pend de combien d\u2019argent vous avez. Si vous avez 10 000 $, vous pouvez avoir 10 copains \u00e0 la fois. Cependant, si vous avez 1 million de dollars, vous pouvez avoir 100 copains de baise \u00e0 la fois.<\/p>\n<h3>O\u00f9 puis-je discuter avec des \u00e9trangers en ligne gratuitement?<\/h3>\n<p>Il existe plusieurs sites Web o\u00f9 vous pouvez rencontrer de nouvelles personnes du monde entier. Ces sites comprennent: Facebook, Twitter, Reddit, Quora, Google Plus, LinkedIn et Meetup.com. La meilleure fa\u00e7on de trouver ces sites est de rechercher \u00ab&nbsp;rencontres gratuites&nbsp;\u00bb ou \u00ab&nbsp;rencontrer de nouvelles personnes&nbsp;\u00bb.<\/p>\n<h3>Quelle est la meilleure plate-forme de texte al\u00e9atoire d\u2019\u00e9trangers?<\/h3>\n<p>TextRandomStrangers est une application gratuite pour les t\u00e9l\u00e9phones Android qui permet aux utilisateurs d\u2019envoyer des SMS anonymes \u00e0 d\u2019autres utilisateurs qui utilisent \u00e9galement l\u2019application. L\u2019application a \u00e9t\u00e9 t\u00e9l\u00e9charg\u00e9e plus de 10 millions de fois depuis son lancement en 2013. Les utilisateurs peuvent choisir parmi une liste <a href=\"http:\/\/www.rencontre-sexe-gratuit.com\/plan-cul-totalement-gratuit\/\">plan sexe gratuit<\/a> de messages pr\u00e9\u00e9crits tels que \u00ab&nbsp;Je m\u2019ennuie&nbsp;\u00bb, \u00ab&nbsp;J\u2019ai besoin d\u2019aide&nbsp;\u00bb ou \u00ab&nbsp;Rencontrons-nous&nbsp;\u00bb.<\/p>\n<h3>Existe-t-il une application gratuite pour parler \u00e0 des \u00e9trangers?<\/h3>\n<p>Oui! Il existe plusieurs applications disponibles pour discuter avec des inconnus au hasard. Le meilleur que j\u2019ai utilis\u00e9 s\u2019appelle \u00ab&nbsp;Talk To Strangers&nbsp;\u00bb qui existe depuis 2008. Cette application vous permet de discuter avec des \u00e9trangers du monde entier.<\/p>\n<h3>Le sexting en ligne est-il s\u00fbr?<\/h3>\n<p>Le sexting est une forme de cyberintimidation ill\u00e9gale dans certains pays tels que l\u2019Australie, le Canada, l\u2019Angleterre, l\u2019Irlande, la Nouvelle-Z\u00e9lande, l\u2019\u00c9cosse, le Pays de Galles et d\u2019autres. Si vous voulez \u00eatre en s\u00e9curit\u00e9 lors de l\u2019envoi de photos sexy, utilisez une application de messagerie s\u00e9curis\u00e9e comme Signal, WhatsApp, Viber, WeChat, etc.<\/p>\n","protected":false},"excerpt":{"rendered":"<div class=\"mh-excerpt\"><p>Il y a beaucoup de raisons pour lesquelles quelqu\u2019un voudrait trouver un copain de baise. Peut-\u00eatre qu\u2019ils sont c\u00e9libataires et \u00e0 la recherche d\u2019un ami <a class=\"mh-excerpt-more\" href=\"https:\/\/styleswp.com\/fr\/trouvez-un-copain-de-baise-dans-votre-region\/\" title=\"Trouvez un copain de baise dans votre r\u00e9gion\">[&#8230;]<\/a><\/p>\n<\/div>","protected":false},"author":1,"featured_media":0,"parent":0,"menu_order":0,"comment_status":"closed","ping_status":"closed","template":"","meta":[],"yoast_head":"<!-- This site is optimized with the Yoast SEO plugin v17.7.1 - https:\/\/yoast.com\/wordpress\/plugins\/seo\/ -->\n<title>Trouvez un copain de baise dans votre r\u00e9gion - Relationship Guide<\/title>\n<meta name=\"robots\" content=\"index, follow, max-snippet:-1, max-image-preview:large, max-video-preview:-1\" \/>\n<link rel=\"canonical\" href=\"https:\/\/styleswp.com\/fr\/trouvez-un-copain-de-baise-dans-votre-region\/\" \/>\n<meta property=\"og:locale\" content=\"fr_FR\" \/>\n<meta property=\"og:type\" content=\"article\" \/>\n<meta property=\"og:title\" content=\"Trouvez un copain de baise dans votre r\u00e9gion - Relationship Guide\" \/>\n<meta property=\"og:description\" content=\"Il y a beaucoup de raisons pour lesquelles quelqu\u2019un voudrait trouver un copain de baise. Peut-\u00eatre qu\u2019ils sont c\u00e9libataires et \u00e0 la recherche d\u2019un ami [...]\" \/>\n<meta property=\"og:url\" content=\"https:\/\/styleswp.com\/fr\/trouvez-un-copain-de-baise-dans-votre-region\/\" \/>\n<meta property=\"og:site_name\" content=\"Relationship Guide\" \/>\n<meta property=\"article:modified_time\" content=\"2022-10-17T11:42:02+00:00\" \/>\n<meta name=\"twitter:card\" content=\"summary_large_image\" \/>\n<meta name=\"twitter:label1\" content=\"Dur\u00e9e de lecture estim\u00e9e\" \/>\n\t<meta name=\"twitter:data1\" content=\"3 minutes\" \/>\n<script type=\"application\/ld+json\" class=\"yoast-schema-graph\">{\"@context\":\"https:\/\/schema.org\",\"@graph\":[{\"@type\":\"WebSite\",\"@id\":\"http:\/\/styleswp.com\/fi\/#website\",\"url\":\"http:\/\/styleswp.com\/fi\/\",\"name\":\"Relationship Guide\",\"description\":\"Meet Your Match\",\"potentialAction\":[{\"@type\":\"SearchAction\",\"target\":{\"@type\":\"EntryPoint\",\"urlTemplate\":\"http:\/\/styleswp.com\/fi\/?s={search_term_string}\"},\"query-input\":\"required name=search_term_string\"}],\"inLanguage\":\"fr-FR\"},{\"@type\":\"WebPage\",\"@id\":\"https:\/\/styleswp.com\/fr\/trouvez-un-copain-de-baise-dans-votre-region\/#webpage\",\"url\":\"https:\/\/styleswp.com\/fr\/trouvez-un-copain-de-baise-dans-votre-region\/\",\"name\":\"Trouvez un copain de baise dans votre r\\u00e9gion - Relationship Guide\",\"isPartOf\":{\"@id\":\"http:\/\/styleswp.com\/fi\/#website\"},\"datePublished\":\"2022-09-13T11:37:43+00:00\",\"dateModified\":\"2022-10-17T11:42:02+00:00\",\"breadcrumb\":{\"@id\":\"https:\/\/styleswp.com\/fr\/trouvez-un-copain-de-baise-dans-votre-region\/#breadcrumb\"},\"inLanguage\":\"fr-FR\",\"potentialAction\":[{\"@type\":\"ReadAction\",\"target\":[\"https:\/\/styleswp.com\/fr\/trouvez-un-copain-de-baise-dans-votre-region\/\"]}]},{\"@type\":\"BreadcrumbList\",\"@id\":\"https:\/\/styleswp.com\/fr\/trouvez-un-copain-de-baise-dans-votre-region\/#breadcrumb\",\"itemListElement\":[{\"@type\":\"ListItem\",\"position\":1,\"name\":\"Home\",\"item\":\"https:\/\/styleswp.com\/fr\/\"},{\"@type\":\"ListItem\",\"position\":2,\"name\":\"Trouvez un copain de baise dans votre r\\u00e9gion\"}]}]}<\/script>\n<!-- \/ Yoast SEO plugin. -->","yoast_head_json":{"title":"Trouvez un copain de baise dans votre r\u00e9gion - Relationship Guide","robots":{"index":"index","follow":"follow","max-snippet":"max-snippet:-1","max-image-preview":"max-image-preview:large","max-video-preview":"max-video-preview:-1"},"canonical":"https:\/\/styleswp.com\/fr\/trouvez-un-copain-de-baise-dans-votre-region\/","og_locale":"fr_FR","og_type":"article","og_title":"Trouvez un copain de baise dans votre r\u00e9gion - Relationship Guide","og_description":"Il y a beaucoup de raisons pour lesquelles quelqu\u2019un voudrait trouver un copain de baise. Peut-\u00eatre qu\u2019ils sont c\u00e9libataires et \u00e0 la recherche d\u2019un ami [...]","og_url":"https:\/\/styleswp.com\/fr\/trouvez-un-copain-de-baise-dans-votre-region\/","og_site_name":"Relationship Guide","article_modified_time":"2022-10-17T11:42:02+00:00","twitter_card":"summary_large_image","twitter_misc":{"Dur\u00e9e de lecture estim\u00e9e":"3 minutes"},"schema":{"@context":"https:\/\/schema.org","@graph":[{"@type":"WebSite","@id":"http:\/\/styleswp.com\/fi\/#website","url":"http:\/\/styleswp.com\/fi\/","name":"Relationship Guide","description":"Meet Your Match","potentialAction":[{"@type":"SearchAction","target":{"@type":"EntryPoint","urlTemplate":"http:\/\/styleswp.com\/fi\/?s={search_term_string}"},"query-input":"required name=search_term_string"}],"inLanguage":"fr-FR"},{"@type":"WebPage","@id":"https:\/\/styleswp.com\/fr\/trouvez-un-copain-de-baise-dans-votre-region\/#webpage","url":"https:\/\/styleswp.com\/fr\/trouvez-un-copain-de-baise-dans-votre-region\/","name":"Trouvez un copain de baise dans votre r\u00e9gion - Relationship Guide","isPartOf":{"@id":"http:\/\/styleswp.com\/fi\/#website"},"datePublished":"2022-09-13T11:37:43+00:00","dateModified":"2022-10-17T11:42:02+00:00","breadcrumb":{"@id":"https:\/\/styleswp.com\/fr\/trouvez-un-copain-de-baise-dans-votre-region\/#breadcrumb"},"inLanguage":"fr-FR","potentialAction":[{"@type":"ReadAction","target":["https:\/\/styleswp.com\/fr\/trouvez-un-copain-de-baise-dans-votre-region\/"]}]},{"@type":"BreadcrumbList","@id":"https:\/\/styleswp.com\/fr\/trouvez-un-copain-de-baise-dans-votre-region\/#breadcrumb","itemListElement":[{"@type":"ListItem","position":1,"name":"Home","item":"https:\/\/styleswp.com\/fr\/"},{"@type":"ListItem","position":2,"name":"Trouvez un copain de baise dans votre r\u00e9gion"}]}]}},"_links":{"self":[{"href":"https:\/\/styleswp.com\/fr\/wp-json\/wp\/v2\/pages\/117"}],"collection":[{"href":"https:\/\/styleswp.com\/fr\/wp-json\/wp\/v2\/pages"}],"about":[{"href":"https:\/\/styleswp.com\/fr\/wp-json\/wp\/v2\/types\/page"}],"author":[{"embeddable":true,"href":"https:\/\/styleswp.com\/fr\/wp-json\/wp\/v2\/users\/1"}],"replies":[{"embeddable":true,"href":"https:\/\/styleswp.com\/fr\/wp-json\/wp\/v2\/comments?post=117"}],"version-history":[{"count":1,"href":"https:\/\/styleswp.com\/fr\/wp-json\/wp\/v2\/pages\/117\/revisions"}],"predecessor-version":[{"id":386,"href":"https:\/\/styleswp.com\/fr\/wp-json\/wp\/v2\/pages\/117\/revisions\/386"}],"wp:attachment":[{"href":"https:\/\/styleswp.com\/fr\/wp-json\/wp\/v2\/media?parent=117"}],"curies":[{"name":"wp","href":"https:\/\/api.w.org\/{rel}","templated":true}]}}