{"id":112,"date":"2022-09-13T12:39:25","date_gmt":"2022-09-13T11:39:25","guid":{"rendered":"http:\/\/styleswp.com\/rencontrez-des-asiatiques-locaux-pour-le-sexe\/"},"modified":"2022-10-17T12:42:27","modified_gmt":"2022-10-17T11:42:27","slug":"rencontrez-des-asiatiques-locaux-pour-le-sexe","status":"publish","type":"page","link":"https:\/\/styleswp.com\/fr\/rencontrez-des-asiatiques-locaux-pour-le-sexe\/","title":{"rendered":"Rencontrez des Asiatiques locaux pour le sexe"},"content":{"rendered":"<p>Les sites de rencontres asiatiques sont de plus en plus populaires parmi les Occidentaux qui en ont assez des m\u00e9thodes de rencontres traditionnelles. Ces <a href=\"http:\/\/styleswp.com\/fr\/rencontres-kink\/\">plateformes en ligne<\/a> permettent aux c\u00e9libataires de se connecter avec d\u2019autres femmes et hommes asiatiques en fonction de l\u2019emplacement, des int\u00e9r\u00eats et de la compatibilit\u00e9 mutuelle.<\/p>\n<p>Alors que les sites de rencontres asiatiques gagnent du terrain, ils ont encore un long chemin \u00e0 parcourir avant de devenir grand public. Il n\u2019existe actuellement qu\u2019une poign\u00e9e de sites de rencontres asiatiques r\u00e9put\u00e9s disponibles, et beaucoup d\u2019entre eux s\u2019adressent exclusivement aux c\u00e9libataires chinois, japonais, cor\u00e9ens, philippins, tha\u00eflandais, vietnamiens, malaisiens, indon\u00e9siens, singapouriens, ta\u00efwanais et indiens. Cependant, si vous \u00eates int\u00e9ress\u00e9 \u00e0 trouver l\u2019amour \u00e0 l\u2019\u00e9tranger, ces sites pourraient \u00eatre exactement ce que vous recherchez.<\/p>\n<h3>Existe-t-il un site de rencontre asiatique gratuit?<\/h3>\n<p>Oui, il existe plusieurs sites de rencontres asiatiques gratuits disponibles pour les c\u00e9libataires <a href=\"http:\/\/www.adult-dating.net\/fr\/site-de-rencontre-transgenre\/\">rencontre trans gratuit<\/a> du monde entier. Les meilleurs sites de rencontres asiatiques gratuits incluent: OkCupid, PlentyOfFish, Match, eHarmony, Zoosk et Tinder. Ces sites Web permettent aux utilisateurs de rechercher d\u2019autres membres en fonction de l\u2019emplacement, de l\u2019\u00e2ge, du sexe, de l\u2019origine ethnique, de la religion, de l\u2019orientation sexuelle et du statut de la relation.<\/p>\n<h3>Qu\u2019est-ce que l\u2019application asiaasiamelody?<\/h3>\n<p>Asiaasiamelody est un nouveau service de streaming musical pour les artistes asiatiques. La soci\u00e9t\u00e9 s\u2019est associ\u00e9e \u00e0 de grands labels tels que Warner Music Group, Universal Music Group, Sony Music Entertainment, EMI Music Publishing et BMG Rights Management pour donner acc\u00e8s \u00e0 des millions de chansons de ces labels. Le service propose \u00e9galement du contenu exclusif des meilleurs musiciens asiatiques comme Jay Chou, Nicki Minaj et PSY.<\/p>\n<h3>Comment rencontrer des c\u00e9libataires asiatiques gratuitement?<\/h3>\n<p>Si vous voulez trouver l\u2019amour en Asie, alors vous devriez essayer d\u2019utiliser <a href=\"https:\/\/www.sex-chat-rooms.com\/fr\/\">chat sexuel en ligne<\/a> des applications de rencontres comme Tinder. Cette application permet aux utilisateurs de glisser vers la gauche ou la droite pour indiquer s\u2019ils sont int\u00e9ress\u00e9s \u00e0 rencontrer quelqu\u2019un de nouveau. La meilleure partie de ces applications est qu\u2019elles permettent aux utilisateurs de parcourir les profils de mani\u00e8re anonyme, ce qui signifie que vous n\u2019avez pas \u00e0 vous soucier d\u2019\u00eatre rejet\u00e9 des correspondances en fonction de votre apparence.<\/p>\n<h3>Qu\u2019est-ce que le site de rencontre asiand8?<\/h3>\n<p>Asiand8 est un site de rencontre asiatique gratuit pour les hommes \u00e0 la recherche de femmes d\u2019Asie. Le site existe depuis 2004 et compte actuellement plus de 1 million de membres dans le monde. Il n\u2019y a pas de frais pour s\u2019inscrire et toutes les communications entre les utilisateurs sont enti\u00e8rement gratuites.<\/p>\n<h3>Comment rencontrer des c\u00e9libataires asiatiques gratuitement?<\/h3>\n<p>Si vous voulez trouver des femmes asiatiques pour les rencontres, alors vous devriez utiliser l\u2019un des meilleurs sites de rencontres asiatiques comme www.AsianDate.com. Ce site compte des millions de membres du monde entier, et ils recherchent l\u2019amour tout comme vous. Ils offrent \u00e9galement d\u2019excellentes fonctionnalit\u00e9s telles <a href=\"http:\/\/www.site-de-rencontre-sexe.com\/rencontre-ephemere-en-ligne-gratuit\/\">rencontre ephemere<\/a> que des salles de chat en direct, un chat vid\u00e9o et des applications mobiles.<\/p>\n<h3>Quels sont les meilleurs sites de rencontres asiatiques?<\/h3>\n<p>Le meilleur site de rencontre asiatique est probablement celui qui existe depuis longtemps et compte un grand nombre de membres. De cette fa\u00e7on, vous savez qu\u2019ils font les choses correctement depuis un certain temps. Regardez \u00e9galement \u00e0 quel point la communaut\u00e9 est active et si elle offre ou non des fonctionnalit\u00e9s suppl\u00e9mentaires telles que le chat vid\u00e9o.<\/p>\n<h3>Dateinasia est-il un site de rencontre asiatique?<\/h3>\n<p>Oui, DateinAsia est un site de rencontre asiatique pour les hommes de toute l\u2019Asie \u00e0 la recherche d\u2019amour. Nous offrons une adh\u00e9sion gratuite pour les femmes qui veulent trouver un homme de Chine, Japon, Cor\u00e9e, Indon\u00e9sie, Philippines, Malaisie, Tha\u00eflande, Vietnam, Singapour, Cambodge, Inde, Sri Lanka, Bangladesh, Pakistan, N\u00e9pal, Bhoutan, Mongolie, Russie, Ukraine, Bi\u00e9lorussie, Kazakhstan, Kirghizistan, Ouzb\u00e9kistan, Tadjikistan, Turkm\u00e9nistan, Arm\u00e9nie, Azerba\u00efdjan, G\u00e9orgie, Isra\u00ebl, Palestine, Liban, Syrie, Jordanie, \u00c9gypte, Libye, Tunisie, Alg\u00e9rie, Maroc, Oman, Arabie saoudite, Kowe\u00eft,  Qatar, Bahre\u00efn,<\/p>\n<h3>Quels sont les meilleurs sites pour rencontrer des femmes asiatiques pour le mariage?<\/h3>\n<p>Il existe plusieurs sites Web o\u00f9 vous pouvez trouver des femmes asiatiques c\u00e9libataires \u00e0 la recherche de l\u2019amour. La premi\u00e8re chose que vous devez faire lors de la recherche d\u2019un partenaire potentiel est de regarder son profil et de d\u00e9cider si elle vous convient. Si vous aimez ce que vous voyez, vous devriez la contacter par e-mail ou par t\u00e9l\u00e9phone.<\/p>\n","protected":false},"excerpt":{"rendered":"<div class=\"mh-excerpt\"><p>Les sites de rencontres asiatiques sont de plus en plus populaires parmi les Occidentaux qui en ont assez des m\u00e9thodes de rencontres traditionnelles. Ces plateformes <a class=\"mh-excerpt-more\" href=\"https:\/\/styleswp.com\/fr\/rencontrez-des-asiatiques-locaux-pour-le-sexe\/\" title=\"Rencontrez des Asiatiques locaux pour le sexe\">[&#8230;]<\/a><\/p>\n<\/div>","protected":false},"author":1,"featured_media":0,"parent":0,"menu_order":0,"comment_status":"closed","ping_status":"closed","template":"","meta":[],"yoast_head":"<!-- This site is optimized with the Yoast SEO plugin v17.7.1 - https:\/\/yoast.com\/wordpress\/plugins\/seo\/ -->\n<title>Rencontrez des Asiatiques locaux pour le sexe - Relationship Guide<\/title>\n<meta name=\"robots\" content=\"index, follow, max-snippet:-1, max-image-preview:large, max-video-preview:-1\" \/>\n<link rel=\"canonical\" href=\"https:\/\/styleswp.com\/fr\/rencontrez-des-asiatiques-locaux-pour-le-sexe\/\" \/>\n<meta property=\"og:locale\" content=\"fr_FR\" \/>\n<meta property=\"og:type\" content=\"article\" \/>\n<meta property=\"og:title\" content=\"Rencontrez des Asiatiques locaux pour le sexe - Relationship Guide\" \/>\n<meta property=\"og:description\" content=\"Les sites de rencontres asiatiques sont de plus en plus populaires parmi les Occidentaux qui en ont assez des m\u00e9thodes de rencontres traditionnelles. Ces plateformes [...]\" \/>\n<meta property=\"og:url\" content=\"https:\/\/styleswp.com\/fr\/rencontrez-des-asiatiques-locaux-pour-le-sexe\/\" \/>\n<meta property=\"og:site_name\" content=\"Relationship Guide\" \/>\n<meta property=\"article:modified_time\" content=\"2022-10-17T11:42:27+00:00\" \/>\n<meta name=\"twitter:card\" content=\"summary_large_image\" \/>\n<meta name=\"twitter:label1\" content=\"Dur\u00e9e de lecture estim\u00e9e\" \/>\n\t<meta name=\"twitter:data1\" content=\"4 minutes\" \/>\n<script type=\"application\/ld+json\" class=\"yoast-schema-graph\">{\"@context\":\"https:\/\/schema.org\",\"@graph\":[{\"@type\":\"WebSite\",\"@id\":\"http:\/\/styleswp.com\/fi\/#website\",\"url\":\"http:\/\/styleswp.com\/fi\/\",\"name\":\"Relationship Guide\",\"description\":\"Meet Your Match\",\"potentialAction\":[{\"@type\":\"SearchAction\",\"target\":{\"@type\":\"EntryPoint\",\"urlTemplate\":\"http:\/\/styleswp.com\/fi\/?s={search_term_string}\"},\"query-input\":\"required name=search_term_string\"}],\"inLanguage\":\"fr-FR\"},{\"@type\":\"WebPage\",\"@id\":\"https:\/\/styleswp.com\/fr\/rencontrez-des-asiatiques-locaux-pour-le-sexe\/#webpage\",\"url\":\"https:\/\/styleswp.com\/fr\/rencontrez-des-asiatiques-locaux-pour-le-sexe\/\",\"name\":\"Rencontrez des Asiatiques locaux pour le sexe - Relationship Guide\",\"isPartOf\":{\"@id\":\"http:\/\/styleswp.com\/fi\/#website\"},\"datePublished\":\"2022-09-13T11:39:25+00:00\",\"dateModified\":\"2022-10-17T11:42:27+00:00\",\"breadcrumb\":{\"@id\":\"https:\/\/styleswp.com\/fr\/rencontrez-des-asiatiques-locaux-pour-le-sexe\/#breadcrumb\"},\"inLanguage\":\"fr-FR\",\"potentialAction\":[{\"@type\":\"ReadAction\",\"target\":[\"https:\/\/styleswp.com\/fr\/rencontrez-des-asiatiques-locaux-pour-le-sexe\/\"]}]},{\"@type\":\"BreadcrumbList\",\"@id\":\"https:\/\/styleswp.com\/fr\/rencontrez-des-asiatiques-locaux-pour-le-sexe\/#breadcrumb\",\"itemListElement\":[{\"@type\":\"ListItem\",\"position\":1,\"name\":\"Home\",\"item\":\"https:\/\/styleswp.com\/fr\/\"},{\"@type\":\"ListItem\",\"position\":2,\"name\":\"Rencontrez des Asiatiques locaux pour le sexe\"}]}]}<\/script>\n<!-- \/ Yoast SEO plugin. -->","yoast_head_json":{"title":"Rencontrez des Asiatiques locaux pour le sexe - Relationship Guide","robots":{"index":"index","follow":"follow","max-snippet":"max-snippet:-1","max-image-preview":"max-image-preview:large","max-video-preview":"max-video-preview:-1"},"canonical":"https:\/\/styleswp.com\/fr\/rencontrez-des-asiatiques-locaux-pour-le-sexe\/","og_locale":"fr_FR","og_type":"article","og_title":"Rencontrez des Asiatiques locaux pour le sexe - Relationship Guide","og_description":"Les sites de rencontres asiatiques sont de plus en plus populaires parmi les Occidentaux qui en ont assez des m\u00e9thodes de rencontres traditionnelles. Ces plateformes [...]","og_url":"https:\/\/styleswp.com\/fr\/rencontrez-des-asiatiques-locaux-pour-le-sexe\/","og_site_name":"Relationship Guide","article_modified_time":"2022-10-17T11:42:27+00:00","twitter_card":"summary_large_image","twitter_misc":{"Dur\u00e9e de lecture estim\u00e9e":"4 minutes"},"schema":{"@context":"https:\/\/schema.org","@graph":[{"@type":"WebSite","@id":"http:\/\/styleswp.com\/fi\/#website","url":"http:\/\/styleswp.com\/fi\/","name":"Relationship Guide","description":"Meet Your Match","potentialAction":[{"@type":"SearchAction","target":{"@type":"EntryPoint","urlTemplate":"http:\/\/styleswp.com\/fi\/?s={search_term_string}"},"query-input":"required name=search_term_string"}],"inLanguage":"fr-FR"},{"@type":"WebPage","@id":"https:\/\/styleswp.com\/fr\/rencontrez-des-asiatiques-locaux-pour-le-sexe\/#webpage","url":"https:\/\/styleswp.com\/fr\/rencontrez-des-asiatiques-locaux-pour-le-sexe\/","name":"Rencontrez des Asiatiques locaux pour le sexe - Relationship Guide","isPartOf":{"@id":"http:\/\/styleswp.com\/fi\/#website"},"datePublished":"2022-09-13T11:39:25+00:00","dateModified":"2022-10-17T11:42:27+00:00","breadcrumb":{"@id":"https:\/\/styleswp.com\/fr\/rencontrez-des-asiatiques-locaux-pour-le-sexe\/#breadcrumb"},"inLanguage":"fr-FR","potentialAction":[{"@type":"ReadAction","target":["https:\/\/styleswp.com\/fr\/rencontrez-des-asiatiques-locaux-pour-le-sexe\/"]}]},{"@type":"BreadcrumbList","@id":"https:\/\/styleswp.com\/fr\/rencontrez-des-asiatiques-locaux-pour-le-sexe\/#breadcrumb","itemListElement":[{"@type":"ListItem","position":1,"name":"Home","item":"https:\/\/styleswp.com\/fr\/"},{"@type":"ListItem","position":2,"name":"Rencontrez des Asiatiques locaux pour le sexe"}]}]}},"_links":{"self":[{"href":"https:\/\/styleswp.com\/fr\/wp-json\/wp\/v2\/pages\/112"}],"collection":[{"href":"https:\/\/styleswp.com\/fr\/wp-json\/wp\/v2\/pages"}],"about":[{"href":"https:\/\/styleswp.com\/fr\/wp-json\/wp\/v2\/types\/page"}],"author":[{"embeddable":true,"href":"https:\/\/styleswp.com\/fr\/wp-json\/wp\/v2\/users\/1"}],"replies":[{"embeddable":true,"href":"https:\/\/styleswp.com\/fr\/wp-json\/wp\/v2\/comments?post=112"}],"version-history":[{"count":1,"href":"https:\/\/styleswp.com\/fr\/wp-json\/wp\/v2\/pages\/112\/revisions"}],"predecessor-version":[{"id":387,"href":"https:\/\/styleswp.com\/fr\/wp-json\/wp\/v2\/pages\/112\/revisions\/387"}],"wp:attachment":[{"href":"https:\/\/styleswp.com\/fr\/wp-json\/wp\/v2\/media?parent=112"}],"curies":[{"name":"wp","href":"https:\/\/api.w.org\/{rel}","templated":true}]}}