{"id":103,"date":"2022-09-13T12:39:05","date_gmt":"2022-09-13T11:39:05","guid":{"rendered":"http:\/\/styleswp.com\/rencontres-kink\/"},"modified":"2022-10-17T12:40:26","modified_gmt":"2022-10-17T11:40:26","slug":"rencontres-kink","status":"publish","type":"page","link":"https:\/\/styleswp.com\/fr\/rencontres-kink\/","title":{"rendered":"Rencontres Kink"},"content":{"rendered":"<p>Le BDSM est une pratique sexuelle impliquant le bondage, la discipline, la domination, la soumission, le sadisme, le masochisme et d\u2019autres activit\u00e9s connexes. Les sites de rencontres bondage s\u2019adressent aux personnes qui aiment les relations BDSM. Ces types de sites permettent aux membres de parcourir les profils, de discuter et d\u2019organiser des dates.<\/p>\n<p>Il y a plusieurs avantages \u00e0 <a href=\"http:\/\/styleswp.com\/lgbt-dating-faq\/\">rejoindre un site de rencontre de bondage<\/a> . Tout d\u2019abord, cela vous permet de rencontrer d\u2019autres personnes qui partagent des int\u00e9r\u00eats similaires. Deuxi\u00e8mement, cela vous donne la possibilit\u00e9 d\u2019explorer diff\u00e9rents probl\u00e8mes en toute s\u00e9curit\u00e9 et de mani\u00e8re anonyme. Troisi\u00e8mement, il fournit un environnement s\u00fbr pour vous permettre d\u2019essayer de nouvelles choses. Enfin, cela peut vous donner l\u2019occasion d\u2019\u00e9largir votre r\u00e9seau et d\u2019en apprendre davantage sur vous-m\u00eame.<\/p>\n<p>Bien qu\u2019il y ait beaucoup d\u2019avantages \u00e0 rejoindre un service de <a href=\"https:\/\/www.hotsexychat.net\/fr\/jeux-porno-gratuits-sur-app-store\/\">jeu porn gratuit<\/a>, il y a aussi des risques impliqu\u00e9s. Avant de vous inscrire, assurez-vous de lire les critiques, de parler \u00e0 vos amis et de faire des recherches approfondies sur le site. De plus, rappelez-vous que m\u00eame si vous vous sentez \u00e0 l\u2019aise de rencontrer quelqu\u2019un en ligne, il est toujours possible que vous finissiez par avoir des relations sexuelles avec quelqu\u2019un que vous avez rencontr\u00e9 en ligne. Alors, soyez prudent !<\/p>\n<h3>Comment commencez-vous un kink?<\/h3>\n<p>Le sexe pervers est l\u2019un des meilleurs moyens de soulager le stress et l\u2019anxi\u00e9t\u00e9. Si vous voulez <a href=\"https:\/\/www.sexting-sites.com\/fr\/sexe-local-gratuit\/\">rencontre sexe local<\/a> essayer de nouvelles positions sexuelles, alors vous devriez visiter un magasin pour adultes local o\u00f9 vous pouvez trouver toutes sortes de jouets et d\u2019autres articles pour le sexe pervers.<\/p>\n<h3>Comment puis-je ajouter un pli \u00e0 ma chambre \u00e0 coucher?<\/h3>\n<p>La meilleure fa\u00e7on d\u2019ajouter un pli \u00e0 votre chambre \u00e0 coucher est d\u2019utiliser un kit de bondage. Les kits de bondage sont disponibles en diff\u00e9rentes tailles et formes. Certains comprennent des menottes, des bandeaux sur les yeux, des fouets, des enregistreurs, des pinces \u00e0 mamelon et d\u2019autres accessoires. Si vous voulez quelque chose de sp\u00e9cifique, comme un vibromasseur, alors vous devriez en chercher un dans un sex-shop.<\/p>\n<h3>Que signifie se plier au lit?<\/h3>\n<p>Le sexe pervers signifie avoir des activit\u00e9s sexuelles qui incluent le <a href=\"https:\/\/www.free-adult-cams.com\/fr\/\">cam adultes<\/a>, la domination, la discipline, le sadisme, le masochisme, les jeux de r\u00f4le et d\u2019autres formes de sexe atypique. Le terme \u00ab&nbsp;kinky&nbsp;\u00bb a \u00e9t\u00e9 utilis\u00e9 pour la premi\u00e8re fois dans les ann\u00e9es 1970 lorsque le BDSM est devenu populaire parmi les hommes homosexuels. Aujourd\u2019hui, le mot est devenu synonyme de toute sorte de sexualit\u00e9 non conventionnelle.<\/p>\n<h3>Que sont les kinks de jeu de r\u00f4le?<\/h3>\n<p>Un jeu de r\u00f4le est quand une personne prend le contr\u00f4le du corps d\u2019une autre personne pour le plaisir sexuel. Cela se produit g\u00e9n\u00e9ralement pendant les jeux sexuels, o\u00f9 un partenaire \u00e9met des fantasmes sur le fait d\u2019avoir des relations sexuelles avec quelqu\u2019un d\u2019autre. Quelques exemples courants incluent: un homme portant des v\u00eatements de femme, une femme s\u2019habillant comme un personnage masculin d\u2019un livre ou d\u2019un film, ou un couple jouant une sc\u00e8ne d\u2019une \u00e9mission de t\u00e9l\u00e9vision ensemble.<\/p>\n","protected":false},"excerpt":{"rendered":"<div class=\"mh-excerpt\"><p>Le BDSM est une pratique sexuelle impliquant le bondage, la discipline, la domination, la soumission, le sadisme, le masochisme et d\u2019autres activit\u00e9s connexes. Les sites <a class=\"mh-excerpt-more\" href=\"https:\/\/styleswp.com\/fr\/rencontres-kink\/\" title=\"Rencontres Kink\">[&#8230;]<\/a><\/p>\n<\/div>","protected":false},"author":1,"featured_media":0,"parent":0,"menu_order":0,"comment_status":"closed","ping_status":"closed","template":"","meta":[],"yoast_head":"<!-- This site is optimized with the Yoast SEO plugin v17.7.1 - https:\/\/yoast.com\/wordpress\/plugins\/seo\/ -->\n<title>Rencontres Kink - Relationship Guide<\/title>\n<meta name=\"robots\" content=\"index, follow, max-snippet:-1, max-image-preview:large, max-video-preview:-1\" \/>\n<link rel=\"canonical\" href=\"https:\/\/styleswp.com\/fr\/rencontres-kink\/\" \/>\n<meta property=\"og:locale\" content=\"fr_FR\" \/>\n<meta property=\"og:type\" content=\"article\" \/>\n<meta property=\"og:title\" content=\"Rencontres Kink - Relationship Guide\" \/>\n<meta property=\"og:description\" content=\"Le BDSM est une pratique sexuelle impliquant le bondage, la discipline, la domination, la soumission, le sadisme, le masochisme et d\u2019autres activit\u00e9s connexes. Les sites [...]\" \/>\n<meta property=\"og:url\" content=\"https:\/\/styleswp.com\/fr\/rencontres-kink\/\" \/>\n<meta property=\"og:site_name\" content=\"Relationship Guide\" \/>\n<meta property=\"article:modified_time\" content=\"2022-10-17T11:40:26+00:00\" \/>\n<meta name=\"twitter:card\" content=\"summary_large_image\" \/>\n<meta name=\"twitter:label1\" content=\"Dur\u00e9e de lecture estim\u00e9e\" \/>\n\t<meta name=\"twitter:data1\" content=\"3 minutes\" \/>\n<script type=\"application\/ld+json\" class=\"yoast-schema-graph\">{\"@context\":\"https:\/\/schema.org\",\"@graph\":[{\"@type\":\"WebSite\",\"@id\":\"http:\/\/styleswp.com\/fi\/#website\",\"url\":\"http:\/\/styleswp.com\/fi\/\",\"name\":\"Relationship Guide\",\"description\":\"Meet Your Match\",\"potentialAction\":[{\"@type\":\"SearchAction\",\"target\":{\"@type\":\"EntryPoint\",\"urlTemplate\":\"http:\/\/styleswp.com\/fi\/?s={search_term_string}\"},\"query-input\":\"required name=search_term_string\"}],\"inLanguage\":\"fr-FR\"},{\"@type\":\"WebPage\",\"@id\":\"https:\/\/styleswp.com\/fr\/rencontres-kink\/#webpage\",\"url\":\"https:\/\/styleswp.com\/fr\/rencontres-kink\/\",\"name\":\"Rencontres Kink - Relationship Guide\",\"isPartOf\":{\"@id\":\"http:\/\/styleswp.com\/fi\/#website\"},\"datePublished\":\"2022-09-13T11:39:05+00:00\",\"dateModified\":\"2022-10-17T11:40:26+00:00\",\"breadcrumb\":{\"@id\":\"https:\/\/styleswp.com\/fr\/rencontres-kink\/#breadcrumb\"},\"inLanguage\":\"fr-FR\",\"potentialAction\":[{\"@type\":\"ReadAction\",\"target\":[\"https:\/\/styleswp.com\/fr\/rencontres-kink\/\"]}]},{\"@type\":\"BreadcrumbList\",\"@id\":\"https:\/\/styleswp.com\/fr\/rencontres-kink\/#breadcrumb\",\"itemListElement\":[{\"@type\":\"ListItem\",\"position\":1,\"name\":\"Home\",\"item\":\"https:\/\/styleswp.com\/fr\/\"},{\"@type\":\"ListItem\",\"position\":2,\"name\":\"Rencontres Kink\"}]}]}<\/script>\n<!-- \/ Yoast SEO plugin. -->","yoast_head_json":{"title":"Rencontres Kink - Relationship Guide","robots":{"index":"index","follow":"follow","max-snippet":"max-snippet:-1","max-image-preview":"max-image-preview:large","max-video-preview":"max-video-preview:-1"},"canonical":"https:\/\/styleswp.com\/fr\/rencontres-kink\/","og_locale":"fr_FR","og_type":"article","og_title":"Rencontres Kink - Relationship Guide","og_description":"Le BDSM est une pratique sexuelle impliquant le bondage, la discipline, la domination, la soumission, le sadisme, le masochisme et d\u2019autres activit\u00e9s connexes. Les sites [...]","og_url":"https:\/\/styleswp.com\/fr\/rencontres-kink\/","og_site_name":"Relationship Guide","article_modified_time":"2022-10-17T11:40:26+00:00","twitter_card":"summary_large_image","twitter_misc":{"Dur\u00e9e de lecture estim\u00e9e":"3 minutes"},"schema":{"@context":"https:\/\/schema.org","@graph":[{"@type":"WebSite","@id":"http:\/\/styleswp.com\/fi\/#website","url":"http:\/\/styleswp.com\/fi\/","name":"Relationship Guide","description":"Meet Your Match","potentialAction":[{"@type":"SearchAction","target":{"@type":"EntryPoint","urlTemplate":"http:\/\/styleswp.com\/fi\/?s={search_term_string}"},"query-input":"required name=search_term_string"}],"inLanguage":"fr-FR"},{"@type":"WebPage","@id":"https:\/\/styleswp.com\/fr\/rencontres-kink\/#webpage","url":"https:\/\/styleswp.com\/fr\/rencontres-kink\/","name":"Rencontres Kink - Relationship Guide","isPartOf":{"@id":"http:\/\/styleswp.com\/fi\/#website"},"datePublished":"2022-09-13T11:39:05+00:00","dateModified":"2022-10-17T11:40:26+00:00","breadcrumb":{"@id":"https:\/\/styleswp.com\/fr\/rencontres-kink\/#breadcrumb"},"inLanguage":"fr-FR","potentialAction":[{"@type":"ReadAction","target":["https:\/\/styleswp.com\/fr\/rencontres-kink\/"]}]},{"@type":"BreadcrumbList","@id":"https:\/\/styleswp.com\/fr\/rencontres-kink\/#breadcrumb","itemListElement":[{"@type":"ListItem","position":1,"name":"Home","item":"https:\/\/styleswp.com\/fr\/"},{"@type":"ListItem","position":2,"name":"Rencontres Kink"}]}]}},"_links":{"self":[{"href":"https:\/\/styleswp.com\/fr\/wp-json\/wp\/v2\/pages\/103"}],"collection":[{"href":"https:\/\/styleswp.com\/fr\/wp-json\/wp\/v2\/pages"}],"about":[{"href":"https:\/\/styleswp.com\/fr\/wp-json\/wp\/v2\/types\/page"}],"author":[{"embeddable":true,"href":"https:\/\/styleswp.com\/fr\/wp-json\/wp\/v2\/users\/1"}],"replies":[{"embeddable":true,"href":"https:\/\/styleswp.com\/fr\/wp-json\/wp\/v2\/comments?post=103"}],"version-history":[{"count":1,"href":"https:\/\/styleswp.com\/fr\/wp-json\/wp\/v2\/pages\/103\/revisions"}],"predecessor-version":[{"id":383,"href":"https:\/\/styleswp.com\/fr\/wp-json\/wp\/v2\/pages\/103\/revisions\/383"}],"wp:attachment":[{"href":"https:\/\/styleswp.com\/fr\/wp-json\/wp\/v2\/media?parent=103"}],"curies":[{"name":"wp","href":"https:\/\/api.w.org\/{rel}","templated":true}]}}