{"id":148,"date":"2022-09-13T11:59:37","date_gmt":"2022-09-13T10:59:37","guid":{"rendered":"http:\/\/styleswp.com\/rakkauden-loytaminen-hookup-sovelluksilla\/"},"modified":"2022-09-13T11:59:37","modified_gmt":"2022-09-13T10:59:37","slug":"rakkauden-loytaminen-hookup-sovelluksilla","status":"publish","type":"page","link":"https:\/\/styleswp.com\/fi\/","title":{"rendered":"Rakkauden l\u00f6yt\u00e4minen hookup-sovelluksilla"},"content":{"rendered":"<p>Satunnaiset kytkenn\u00e4t ovat lyhytaikaisia kohtaamisia, jotka yleens\u00e4 p\u00e4\u00e4ttyv\u00e4t seksin j\u00e4lkeen. Ne ovat hauskoja, helppoja ja rentoja.<\/p>\n<p>Verkossa on paljon sivustoja, jotka palvelevat erityisesti satunnaisia kytkent\u00f6j\u00e4. N\u00e4iden sivustojen avulla j\u00e4senet voivat tavata muita ihmisi\u00e4, joilla on samanlaisia kiinnostuksen kohteita ja toiveita. Jotkut tarjoavat maksullisia palveluja, kun taas toiset ovat t\u00e4ysin ilmaisia.<\/p>\n<p>Riippumatta siit\u00e4, maksatko mieluummin palvelusta vai et, on t\u00e4rke\u00e4\u00e4 muistaa, ett\u00e4 satunnainen kytkeminen ei ole aina turvallista. Varmista, ett\u00e4 valitset hyv\u00e4maineisen sivuston, joka tarjoaa huomaamattomia palveluita ja suojaa yksityisyytt\u00e4si. Yrit\u00e4 my\u00f6s v\u00e4ltt\u00e4\u00e4 tapaamasta jotakuta henkil\u00f6kohtaisesti, kunnes tunnet olosi mukavaksi tehd\u00e4 niin.<\/p>\n<p>On my\u00f6s t\u00e4rke\u00e4\u00e4 ymm\u00e4rt\u00e4\u00e4, ett\u00e4 aikuisten kytkenn\u00e4t eiv\u00e4t koskaan korvaa pitk\u00e4aikaisia suhteita. Vaikka ne voivat tarjota nopean korjauksen yksin\u00e4isyyteen, niiden ei ole tarkoitus olla pysyvi\u00e4 ratkaisuja. Sen sijaan ne ovat vain yksi vaihtoehto rakkauden l\u00f6yt\u00e4miseen.<\/p>\n<h2>Treffit Seurustelun kytkent\u00e4sivustot<\/h2>\n<p>Kytkenn\u00e4t ovat nyky\u00e4\u00e4n yh\u00e4 suositumpia sinkkujen keskuudessa. Halusitpa sitten tavata jonkun kasvokkain tai verkossa, kytkenn\u00e4t tarjoavat hauskan vaihtoehdon perinteisille suhteille.<\/p>\n<p>Saatavilla on useita erityyppisi\u00e4 kytkent\u00f6j\u00e4, mukaan lukien satunnaiset kohtaamiset, kolmen kimppa ja ryhm\u00e4seksi. Satunnaiset kohtaamiset ovat yleens\u00e4 lyhytaikaisia asioita, kun taas kolmen kimppa ja ryhm\u00e4seksi ovat tyypillisesti pitk\u00e4aikaisia asioita.<\/p>\n<p>Riippumatta siit\u00e4, haluatko kytke\u00e4 yhteyden verkossa vai offline-tilassa, on paljon sivustoja, jotka palvelevat erityisesti t\u00e4m\u00e4n tyyppist\u00e4 toimintaa.<\/p>\n<h2>Miksi sinun pit\u00e4isi etsi\u00e4 yhteytt\u00e4 verkossa<\/h2>\n<p>Kytkenn\u00e4t ovat hauskoja ja j\u00e4nnitt\u00e4vi\u00e4, mutta ne eiv\u00e4t aina ole turvallisia. Ei ole mit\u00e4\u00e4n takeita siit\u00e4, ett\u00e4 tapaat jonkun, joka haluaa seurustella kanssasi, puhumattakaan siit\u00e4, ett\u00e4 k\u00e4yt\u00e4t rahaa illalliseen ja juomiin.<\/p>\n<p>Siksi verkkoyhteys kannattaa. Sivustoilla, kuten Tinder, OkCupid, PlentyOfFish ja Match, voit selata profiileja ja pyyhk\u00e4ist\u00e4 vasemmalle tai oikealle valokuvien ja kiinnostuksen kohteiden perusteella. Sitten voit l\u00e4hett\u00e4\u00e4 viestej\u00e4 mahdollisille p\u00e4iv\u00e4m\u00e4\u00e4rille suoraan sovelluksesta. N\u00e4it\u00e4 sovelluksia on helppo k\u00e4ytt\u00e4\u00e4, ja niiden avulla voit suodattaa vastaavuuksia sijainnin, i\u00e4n, sukupuolen, parisuhteen tilan ja muiden mieltymysten perusteella. Lis\u00e4ksi voit keskustella otteluidesi kanssa tekstiviestien tai \u00e4\u00e4nipuheluiden kautta.<\/p>\n<p>Vaikka n\u00e4m\u00e4 sovellukset ovat k\u00e4tevi\u00e4, ne eiv\u00e4t v\u00e4ltt\u00e4m\u00e4tt\u00e4 ole turvallisia. Jotkut heist\u00e4 vaativat k\u00e4ytt\u00e4ji\u00e4 jakamaan henkil\u00f6kohtaisia tietoja, mukaan lukien koko nimet, syntym\u00e4p\u00e4iv\u00e4t ja sijainnit. Toiset voivat pyyt\u00e4\u00e4 maksua etuk\u00e4teen. Joten vaikka ne ovat loistava vaihtoehto satunnaiselle seksille, ne eiv\u00e4t ole ihanteellisia pitk\u00e4aikaisten kumppaneiden tapaamiseen. Huijausten v\u00e4ltt\u00e4miseksi tarkista jokaisen henkil\u00f6n henkil\u00f6llisyys, jonka kanssa olet yhteydess\u00e4. Ja muista, ett\u00e4 se, ett\u00e4 joku sanoo asuvansa l\u00e4hell\u00e4, ei tarkoita, ett\u00e4 he todella asuvat.<\/p>\n<p>On my\u00f6s t\u00e4rke\u00e4\u00e4 olla varovainen sen suhteen, keneen luotat. \u00c4l\u00e4 l\u00e4het\u00e4 rahaa tuntemattomille tai suostu tapaamaan heit\u00e4, jos et ole viel\u00e4 tavannut heit\u00e4. \u00c4l\u00e4 my\u00f6sk\u00e4\u00e4n koskaan maksa mist\u00e4\u00e4n kolmannen osapuolen kautta. J\u00e4rjest\u00e4 sen sijaan kaikki itse.<\/p>\n<h2>Miksi treffisovellukset toimivat yksin\u00e4isille sinkuille<\/h2>\n<p>Nyky\u00e4\u00e4n on saatavilla monia erilaisia treffisovelluksia, mukaan lukien ne, jotka on suunnattu tietyille demografisille tiedoille. Jotkut sivustot palvelevat erityisesti yli 40-vuotiaita ihmisi\u00e4, kun taas toiset keskittyv\u00e4t nuorempiin aikuisiin. On my\u00f6s kapeita sivustoja, jotka palvelevat ihmisi\u00e4, jotka haluavat tiettyj\u00e4 toimintoja, kuten swingereit\u00e4 tai polyamoriaa.<\/p>\n<p>Yksi asia, joka on muistettava, kun etsit rentoa treffisivustoa, on se, ett\u00e4 on aina parasta valita sellainen, joka sopii el\u00e4m\u00e4ntyyliisi. Sivustot, jotka tarjoavat j\u00e4senyyteen seksuaalisen suuntautumisen tai sukupuoli-identiteetin perusteella, houkuttelevat yleens\u00e4 ihmisi\u00e4, jotka ovat avoimia tutkimaan vaihtoehtoisia el\u00e4m\u00e4ntapoja. Muita huomioon otettavia tekij\u00f6it\u00e4 ovat muun muassa se, tarjoaako sivusto maksullisia j\u00e4senyysvaihtoehtoja, antaako se j\u00e4senille mahdollisuuden ladata valokuvia ja tarjoaako se viestiominaisuuksia.<\/p>\n<h3>Arvopaperi<\/h3>\n<p>On my\u00f6s t\u00e4rke\u00e4\u00e4 tutkia mahdollisten sivustojen tietosuojak\u00e4yt\u00e4nt\u00f6j\u00e4. Monet paikalliset treffisivustot edellytt\u00e4v\u00e4t, ett\u00e4 j\u00e4senet antavat henkil\u00f6kohtaisia tietoja, kuten koko nimet, syntym\u00e4ajat ja fyysiset osoitteet. Varmista, ett\u00e4 ymm\u00e4rr\u00e4t tarkalleen, mit\u00e4 tietoja ker\u00e4t\u00e4\u00e4n ja s\u00e4ilytet\u00e4\u00e4n sek\u00e4 kuinka kauan ne pysyv\u00e4t yksityisin\u00e4.<\/p>\n<p>Jotkut sivustot pyyt\u00e4v\u00e4t my\u00f6s j\u00e4seni\u00e4 maksamaan maksun liittymisest\u00e4. Vaikka maksujen maksaminen on yleinen k\u00e4yt\u00e4nt\u00f6 aikuisten treffisivustojen keskuudessa, kannattaa silti harkita, jos aiot k\u00e4yd\u00e4 usein. Jos esimerkiksi aiot k\u00e4ytt\u00e4\u00e4 tilaukseen 20 dollaria joka kuukausi, saatat s\u00e4\u00e4st\u00e4\u00e4 rahaa rekister\u00f6itym\u00e4ll\u00e4 sen sijaan ilmaiseen kokeiluun.<\/p>\n<p>Paikallisen treffisivuston l\u00f6yt\u00e4misen lis\u00e4ksi on my\u00f6s t\u00e4rke\u00e4\u00e4 asettaa odotuksia kumppanisi kanssa. Kun tapaat jonkun ensimm\u00e4ist\u00e4 kertaa, on luonnollista tuntea olonsa innostuneeksi ja hermostuneeksi. On kuitenkin t\u00e4rke\u00e4\u00e4 kommunikoida selke\u00e4sti kumppanisi kanssa aikomuksistasi. Kerro h\u00e4nelle, millaista henkil\u00f6\u00e4 etsit ja mit\u00e4 odotat kokemukselta.<\/p>\n<p>Jos olet esimerkiksi kiinnostunut harrastamaan seksi\u00e4 tuntemattomien kanssa, ilmoita siit\u00e4 kumppanillesi etuk\u00e4teen. Yrit\u00e4 my\u00f6s v\u00e4ltt\u00e4\u00e4 puhumasta aiemmista kumppaneista tai aiemmista kokemuksista. On okei puhua omista toiveistasi ja fantasioistasi, mutta on t\u00e4rke\u00e4\u00e4 kunnioittaa kumppanisi rajoja.<\/p>\n","protected":false},"excerpt":{"rendered":"<div class=\"mh-excerpt\"><p>Satunnaiset kytkenn\u00e4t ovat lyhytaikaisia kohtaamisia, jotka yleens\u00e4 p\u00e4\u00e4ttyv\u00e4t seksin j\u00e4lkeen. Ne ovat hauskoja, helppoja ja rentoja. Verkossa on paljon sivustoja, jotka palvelevat erityisesti satunnaisia kytkent\u00f6j\u00e4. <a class=\"mh-excerpt-more\" href=\"https:\/\/styleswp.com\/fi\/\" title=\"Rakkauden l\u00f6yt\u00e4minen hookup-sovelluksilla\">[&#8230;]<\/a><\/p>\n<\/div>","protected":false},"author":1,"featured_media":74,"parent":0,"menu_order":0,"comment_status":"closed","ping_status":"closed","template":"","meta":[],"yoast_head":"<!-- This site is optimized with the Yoast SEO plugin v17.7.1 - https:\/\/yoast.com\/wordpress\/plugins\/seo\/ -->\n<title>Rakkauden l\u00f6yt\u00e4minen hookup-sovelluksilla - Relationship Guide<\/title>\n<meta name=\"robots\" content=\"index, follow, max-snippet:-1, max-image-preview:large, max-video-preview:-1\" \/>\n<link rel=\"canonical\" href=\"https:\/\/styleswp.com\/fi\/\" \/>\n<meta property=\"og:locale\" content=\"fi_FI\" \/>\n<meta property=\"og:type\" content=\"article\" \/>\n<meta property=\"og:title\" content=\"Rakkauden l\u00f6yt\u00e4minen hookup-sovelluksilla - Relationship Guide\" \/>\n<meta property=\"og:description\" content=\"Satunnaiset kytkenn\u00e4t ovat lyhytaikaisia kohtaamisia, jotka yleens\u00e4 p\u00e4\u00e4ttyv\u00e4t seksin j\u00e4lkeen. Ne ovat hauskoja, helppoja ja rentoja. Verkossa on paljon sivustoja, jotka palvelevat erityisesti satunnaisia kytkent\u00f6j\u00e4. [...]\" \/>\n<meta property=\"og:url\" content=\"https:\/\/styleswp.com\/fi\/\" \/>\n<meta property=\"og:site_name\" content=\"Relationship Guide\" \/>\n<meta property=\"og:image\" content=\"http:\/\/styleswp.com\/wp-content\/uploads\/2022\/09\/dates-and-more.jpeg\" \/>\n\t<meta property=\"og:image:width\" content=\"2249\" \/>\n\t<meta property=\"og:image:height\" content=\"1500\" \/>\n<meta name=\"twitter:card\" content=\"summary_large_image\" \/>\n<meta name=\"twitter:label1\" content=\"Arvioitu lukuaika\" \/>\n\t<meta name=\"twitter:data1\" content=\"4 minuuttia\" \/>\n<script type=\"application\/ld+json\" class=\"yoast-schema-graph\">{\"@context\":\"https:\/\/schema.org\",\"@graph\":[{\"@type\":\"WebSite\",\"@id\":\"http:\/\/styleswp.com\/fi\/#website\",\"url\":\"http:\/\/styleswp.com\/fi\/\",\"name\":\"Relationship Guide\",\"description\":\"Meet Your Match\",\"potentialAction\":[{\"@type\":\"SearchAction\",\"target\":{\"@type\":\"EntryPoint\",\"urlTemplate\":\"http:\/\/styleswp.com\/fi\/?s={search_term_string}\"},\"query-input\":\"required name=search_term_string\"}],\"inLanguage\":\"fi\"},{\"@type\":\"ImageObject\",\"@id\":\"https:\/\/styleswp.com\/fi\/#primaryimage\",\"inLanguage\":\"fi\",\"url\":\"https:\/\/styleswp.com\/wp-content\/uploads\/2022\/09\/dates-and-more.jpeg\",\"contentUrl\":\"https:\/\/styleswp.com\/wp-content\/uploads\/2022\/09\/dates-and-more.jpeg\",\"width\":2249,\"height\":1500},{\"@type\":\"WebPage\",\"@id\":\"https:\/\/styleswp.com\/fi\/#webpage\",\"url\":\"https:\/\/styleswp.com\/fi\/\",\"name\":\"Rakkauden l\\u00f6yt\\u00e4minen hookup-sovelluksilla - Relationship Guide\",\"isPartOf\":{\"@id\":\"http:\/\/styleswp.com\/fi\/#website\"},\"primaryImageOfPage\":{\"@id\":\"https:\/\/styleswp.com\/fi\/#primaryimage\"},\"datePublished\":\"2022-09-13T10:59:37+00:00\",\"dateModified\":\"2022-09-13T10:59:37+00:00\",\"breadcrumb\":{\"@id\":\"https:\/\/styleswp.com\/fi\/#breadcrumb\"},\"inLanguage\":\"fi\",\"potentialAction\":[{\"@type\":\"ReadAction\",\"target\":[\"https:\/\/styleswp.com\/fi\/\"]}]},{\"@type\":\"BreadcrumbList\",\"@id\":\"https:\/\/styleswp.com\/fi\/#breadcrumb\",\"itemListElement\":[{\"@type\":\"ListItem\",\"position\":1,\"name\":\"Home\",\"item\":\"http:\/\/styleswp.com\/fi\/\"},{\"@type\":\"ListItem\",\"position\":2,\"name\":\"Rakkauden l\\u00f6yt\\u00e4minen hookup-sovelluksilla\"}]}]}<\/script>\n<!-- \/ Yoast SEO plugin. -->","yoast_head_json":{"title":"Rakkauden l\u00f6yt\u00e4minen hookup-sovelluksilla - Relationship Guide","robots":{"index":"index","follow":"follow","max-snippet":"max-snippet:-1","max-image-preview":"max-image-preview:large","max-video-preview":"max-video-preview:-1"},"canonical":"https:\/\/styleswp.com\/fi\/","og_locale":"fi_FI","og_type":"article","og_title":"Rakkauden l\u00f6yt\u00e4minen hookup-sovelluksilla - Relationship Guide","og_description":"Satunnaiset kytkenn\u00e4t ovat lyhytaikaisia kohtaamisia, jotka yleens\u00e4 p\u00e4\u00e4ttyv\u00e4t seksin j\u00e4lkeen. Ne ovat hauskoja, helppoja ja rentoja. Verkossa on paljon sivustoja, jotka palvelevat erityisesti satunnaisia kytkent\u00f6j\u00e4. [...]","og_url":"https:\/\/styleswp.com\/fi\/","og_site_name":"Relationship Guide","og_image":[{"width":2249,"height":1500,"url":"http:\/\/styleswp.com\/wp-content\/uploads\/2022\/09\/dates-and-more.jpeg","type":"image\/jpeg"}],"twitter_card":"summary_large_image","twitter_misc":{"Arvioitu lukuaika":"4 minuuttia"},"schema":{"@context":"https:\/\/schema.org","@graph":[{"@type":"WebSite","@id":"http:\/\/styleswp.com\/fi\/#website","url":"http:\/\/styleswp.com\/fi\/","name":"Relationship Guide","description":"Meet Your Match","potentialAction":[{"@type":"SearchAction","target":{"@type":"EntryPoint","urlTemplate":"http:\/\/styleswp.com\/fi\/?s={search_term_string}"},"query-input":"required name=search_term_string"}],"inLanguage":"fi"},{"@type":"ImageObject","@id":"https:\/\/styleswp.com\/fi\/#primaryimage","inLanguage":"fi","url":"https:\/\/styleswp.com\/wp-content\/uploads\/2022\/09\/dates-and-more.jpeg","contentUrl":"https:\/\/styleswp.com\/wp-content\/uploads\/2022\/09\/dates-and-more.jpeg","width":2249,"height":1500},{"@type":"WebPage","@id":"https:\/\/styleswp.com\/fi\/#webpage","url":"https:\/\/styleswp.com\/fi\/","name":"Rakkauden l\u00f6yt\u00e4minen hookup-sovelluksilla - Relationship Guide","isPartOf":{"@id":"http:\/\/styleswp.com\/fi\/#website"},"primaryImageOfPage":{"@id":"https:\/\/styleswp.com\/fi\/#primaryimage"},"datePublished":"2022-09-13T10:59:37+00:00","dateModified":"2022-09-13T10:59:37+00:00","breadcrumb":{"@id":"https:\/\/styleswp.com\/fi\/#breadcrumb"},"inLanguage":"fi","potentialAction":[{"@type":"ReadAction","target":["https:\/\/styleswp.com\/fi\/"]}]},{"@type":"BreadcrumbList","@id":"https:\/\/styleswp.com\/fi\/#breadcrumb","itemListElement":[{"@type":"ListItem","position":1,"name":"Home","item":"http:\/\/styleswp.com\/fi\/"},{"@type":"ListItem","position":2,"name":"Rakkauden l\u00f6yt\u00e4minen hookup-sovelluksilla"}]}]}},"_links":{"self":[{"href":"https:\/\/styleswp.com\/fi\/wp-json\/wp\/v2\/pages\/148"}],"collection":[{"href":"https:\/\/styleswp.com\/fi\/wp-json\/wp\/v2\/pages"}],"about":[{"href":"https:\/\/styleswp.com\/fi\/wp-json\/wp\/v2\/types\/page"}],"author":[{"embeddable":true,"href":"https:\/\/styleswp.com\/fi\/wp-json\/wp\/v2\/users\/1"}],"replies":[{"embeddable":true,"href":"https:\/\/styleswp.com\/fi\/wp-json\/wp\/v2\/comments?post=148"}],"version-history":[{"count":0,"href":"https:\/\/styleswp.com\/fi\/wp-json\/wp\/v2\/pages\/148\/revisions"}],"wp:featuredmedia":[{"embeddable":true,"href":"https:\/\/styleswp.com\/fi\/wp-json\/wp\/v2\/media\/74"}],"wp:attachment":[{"href":"https:\/\/styleswp.com\/fi\/wp-json\/wp\/v2\/media?parent=148"}],"curies":[{"name":"wp","href":"https:\/\/api.w.org\/{rel}","templated":true}]}}