{"id":131,"date":"2022-09-13T12:37:43","date_gmt":"2022-09-13T11:37:43","guid":{"rendered":"http:\/\/styleswp.com\/loyda-vittukaveri-alueeltasi\/"},"modified":"2022-09-13T12:37:43","modified_gmt":"2022-09-13T11:37:43","slug":"loyda-vittukaveri-alueeltasi","status":"publish","type":"page","link":"https:\/\/styleswp.com\/fi\/loyda-vittukaveri-alueeltasi\/","title":{"rendered":"L\u00f6yd\u00e4 vittukaveri alueeltasi"},"content":{"rendered":"<p>On paljon syit\u00e4, miksi joku haluaisi <a href=\"http:\/\/styleswp.com\/fi\/tapaa-paikallisia-aasialaisia-seksia-varten\/\">l\u00f6yt\u00e4\u00e4 vittukaverin<\/a>. Ehk\u00e4 he ovat sinkkuja ja etsiv\u00e4t yst\u00e4v\u00e4\u00e4, jolla on samanlaiset kiinnostuksen kohteet. Tai ehk\u00e4 he haluavat vain tutkia seksuaalisuuttaan. Olipa syy mik\u00e4 tahansa, vittukaverin l\u00f6yt\u00e4minen voi olla hauskaa ja j\u00e4nnitt\u00e4v\u00e4\u00e4.<\/p>\n<p>Joten nyt kun ymm\u00e4rr\u00e4t riskit, puhutaanpa siit\u00e4, kuinka l\u00f6yt\u00e4\u00e4 vittukaveri! K\u00e4ytett\u00e4viss\u00e4si on useita erilaisia vaihtoehtoja tarpeidesi ja toiveidesi mukaan.<\/p>\n<h3>Mik\u00e4 on vitun kaveri?<\/h3>\n<p>Vitun kaveri on joku, joka harrastaa seksi\u00e4 kanssasi ilmaiseksi. T\u00e4m\u00e4 henkil\u00f6 voi olla tytt\u00f6yst\u00e4v\u00e4si, vaimosi, aviomiehesi, poikayst\u00e4v\u00e4si tai mik\u00e4 tahansa muu kumppani. Termi &#8221;vittu kaveri&#8221; keksittiin 1980-luvulla, kun miehill\u00e4 oli v\u00e4hemm\u00e4n seksikumppaneita aidsin vuoksi.<\/p>\n<h3>Pit\u00e4isik\u00f6 sinun pit\u00e4\u00e4 se rentona vittukaverin kanssa?<\/h3>\n<p>Rento seksi on hienoa pariskunnalle, joka haluaa pirist\u00e4\u00e4 suhdettaan. Rento seksi tulisi kuitenkin pit\u00e4\u00e4 vain makuuhuoneen tasolla. Jos haluat aloittaa vakavan suhteen, sinun on ensin tavattava joku.<\/p>\n<h3>Paras seksisovellus tavata vittu kaveri?<\/h3>\n<p>Parhaita seksisovelluksia vittukaverin tapaamiseen ovat Tinder, Grindr, Scruff ja Jack&#8217;d. N\u00e4iden sovellusten avulla k\u00e4ytt\u00e4j\u00e4t voivat etsi\u00e4 potentiaalisia kumppaneita sijainnin, i\u00e4n, sukupuolen, seksuaalisen suuntautumisen ja muiden kriteerien perusteella. K\u00e4ytt\u00e4j\u00e4t voivat my\u00f6s l\u00e4hett\u00e4\u00e4 viestej\u00e4 toisilleen n\u00e4iden sovellusten kautta.<\/p>\n<h3>Kuinka monta vittukaveria sinulla voi olla kerralla?<\/h3>\n<p>Vastaus riippuu siit\u00e4, kuinka paljon rahaa sinulla on. Jos sinulla on 10,000 10 dollaria, sinulla voi olla 10 vittukaveria kerralla. Kuitenkin, jos sinulla on 1 miljoona dollaria, sinulla voi olla 100 vittukaveria kerralla.<\/p>\n<h3>Miss\u00e4 voin keskustella tuntemattomien kanssa verkossa ilmaiseksi?<\/h3>\n<p>On olemassa useita verkkosivustoja, joissa voit tavata uusia ihmisi\u00e4 ymp\u00e4ri maailmaa. N\u00e4it\u00e4 sivustoja ovat: Facebook, Twitter, Reddit, Quora, Google Plus, LinkedIn ja Meetup.com. Paras tapa l\u00f6yt\u00e4\u00e4 n\u00e4m\u00e4 sivustot on etsi\u00e4 &#8221;ilmainen treffi&#8221; tai &#8221;tavata uusia ihmisi\u00e4&#8221;.<\/p>\n<h3>Mik\u00e4 on paras tekstin satunnaisten vieraiden alusta?<\/h3>\n<p>TextRandomStrangers on ilmainen sovellus Android-puhelimille, jonka avulla k\u00e4ytt\u00e4j\u00e4t voivat l\u00e4hett\u00e4\u00e4 nimett\u00f6mi\u00e4 tekstej\u00e4 muille k\u00e4ytt\u00e4jille, jotka my\u00f6s k\u00e4ytt\u00e4v\u00e4t sovellusta. Sovellus on ladattu yli 10 miljoonaa kertaa sen julkaisun j\u00e4lkeen vuonna 2013. K\u00e4ytt\u00e4j\u00e4t voivat valita ennalta kirjoitettujen viestien luettelosta, kuten &#8221;Olen kyll\u00e4stynyt&#8221;, &#8221;Tarvitsen apua&#8221; tai &#8221;Tavataan&#8221;.<\/p>\n<h3>Onko olemassa ilmaista sovellusta, jolla voit puhua tuntemattomien kanssa?<\/h3>\n<p>Kyll\u00e4! On olemassa useita sovelluksia, jotka voivat keskustella satunnaisten tuntemattomien kanssa. Paras, mit\u00e4 olen k\u00e4ytt\u00e4nyt, on nimelt\u00e4\u00e4n &#8221;Talk To Strangers&#8221;, joka on ollut olemassa vuodesta 2008. T\u00e4m\u00e4n sovelluksen avulla voit keskustella vieraiden kanssa ymp\u00e4ri maailmaa.<\/p>\n<h3>Onko sexting verkossa turvallista?<\/h3>\n<p>Sexting on verkkokiusaamisen muoto, joka on laitonta joissakin maissa, kuten Australiassa, Kanadassa, Englannissa, Irlannissa, Uudessa-Seelannissa, Skotlannissa, Walesissa ja muissa. Jos haluat olla turvassa l\u00e4hett\u00e4ess\u00e4si seksikk\u00e4it\u00e4 kuvia, k\u00e4yt\u00e4 suojattua viestisovellusta, kuten Signal, WhatsApp, Viber, WeChat jne.<\/p>\n","protected":false},"excerpt":{"rendered":"<div class=\"mh-excerpt\"><p>On paljon syit\u00e4, miksi joku haluaisi l\u00f6yt\u00e4\u00e4 vittukaverin. Ehk\u00e4 he ovat sinkkuja ja etsiv\u00e4t yst\u00e4v\u00e4\u00e4, jolla on samanlaiset kiinnostuksen kohteet. Tai ehk\u00e4 he haluavat vain <a class=\"mh-excerpt-more\" href=\"https:\/\/styleswp.com\/fi\/loyda-vittukaveri-alueeltasi\/\" title=\"L\u00f6yd\u00e4 vittukaveri alueeltasi\">[&#8230;]<\/a><\/p>\n<\/div>","protected":false},"author":1,"featured_media":0,"parent":0,"menu_order":0,"comment_status":"closed","ping_status":"closed","template":"","meta":[],"yoast_head":"<!-- This site is optimized with the Yoast SEO plugin v17.7.1 - https:\/\/yoast.com\/wordpress\/plugins\/seo\/ -->\n<title>L\u00f6yd\u00e4 vittukaveri alueeltasi - Relationship Guide<\/title>\n<meta name=\"robots\" content=\"index, follow, max-snippet:-1, max-image-preview:large, max-video-preview:-1\" \/>\n<link rel=\"canonical\" href=\"https:\/\/styleswp.com\/fi\/loyda-vittukaveri-alueeltasi\/\" \/>\n<meta property=\"og:locale\" content=\"fi_FI\" \/>\n<meta property=\"og:type\" content=\"article\" \/>\n<meta property=\"og:title\" content=\"L\u00f6yd\u00e4 vittukaveri alueeltasi - Relationship Guide\" \/>\n<meta property=\"og:description\" content=\"On paljon syit\u00e4, miksi joku haluaisi l\u00f6yt\u00e4\u00e4 vittukaverin. Ehk\u00e4 he ovat sinkkuja ja etsiv\u00e4t yst\u00e4v\u00e4\u00e4, jolla on samanlaiset kiinnostuksen kohteet. Tai ehk\u00e4 he haluavat vain [...]\" \/>\n<meta property=\"og:url\" content=\"https:\/\/styleswp.com\/fi\/loyda-vittukaveri-alueeltasi\/\" \/>\n<meta property=\"og:site_name\" content=\"Relationship Guide\" \/>\n<meta name=\"twitter:card\" content=\"summary_large_image\" \/>\n<meta name=\"twitter:label1\" content=\"Arvioitu lukuaika\" \/>\n\t<meta name=\"twitter:data1\" content=\"2 minuuttia\" \/>\n<script type=\"application\/ld+json\" class=\"yoast-schema-graph\">{\"@context\":\"https:\/\/schema.org\",\"@graph\":[{\"@type\":\"WebSite\",\"@id\":\"http:\/\/styleswp.com\/fi\/#website\",\"url\":\"http:\/\/styleswp.com\/fi\/\",\"name\":\"Relationship Guide\",\"description\":\"Meet Your Match\",\"potentialAction\":[{\"@type\":\"SearchAction\",\"target\":{\"@type\":\"EntryPoint\",\"urlTemplate\":\"http:\/\/styleswp.com\/fi\/?s={search_term_string}\"},\"query-input\":\"required name=search_term_string\"}],\"inLanguage\":\"fi\"},{\"@type\":\"WebPage\",\"@id\":\"https:\/\/styleswp.com\/fi\/loyda-vittukaveri-alueeltasi\/#webpage\",\"url\":\"https:\/\/styleswp.com\/fi\/loyda-vittukaveri-alueeltasi\/\",\"name\":\"L\\u00f6yd\\u00e4 vittukaveri alueeltasi - Relationship Guide\",\"isPartOf\":{\"@id\":\"http:\/\/styleswp.com\/fi\/#website\"},\"datePublished\":\"2022-09-13T11:37:43+00:00\",\"dateModified\":\"2022-09-13T11:37:43+00:00\",\"breadcrumb\":{\"@id\":\"https:\/\/styleswp.com\/fi\/loyda-vittukaveri-alueeltasi\/#breadcrumb\"},\"inLanguage\":\"fi\",\"potentialAction\":[{\"@type\":\"ReadAction\",\"target\":[\"https:\/\/styleswp.com\/fi\/loyda-vittukaveri-alueeltasi\/\"]}]},{\"@type\":\"BreadcrumbList\",\"@id\":\"https:\/\/styleswp.com\/fi\/loyda-vittukaveri-alueeltasi\/#breadcrumb\",\"itemListElement\":[{\"@type\":\"ListItem\",\"position\":1,\"name\":\"Home\",\"item\":\"http:\/\/styleswp.com\/fi\/\"},{\"@type\":\"ListItem\",\"position\":2,\"name\":\"L\\u00f6yd\\u00e4 vittukaveri alueeltasi\"}]}]}<\/script>\n<!-- \/ Yoast SEO plugin. -->","yoast_head_json":{"title":"L\u00f6yd\u00e4 vittukaveri alueeltasi - Relationship Guide","robots":{"index":"index","follow":"follow","max-snippet":"max-snippet:-1","max-image-preview":"max-image-preview:large","max-video-preview":"max-video-preview:-1"},"canonical":"https:\/\/styleswp.com\/fi\/loyda-vittukaveri-alueeltasi\/","og_locale":"fi_FI","og_type":"article","og_title":"L\u00f6yd\u00e4 vittukaveri alueeltasi - Relationship Guide","og_description":"On paljon syit\u00e4, miksi joku haluaisi l\u00f6yt\u00e4\u00e4 vittukaverin. Ehk\u00e4 he ovat sinkkuja ja etsiv\u00e4t yst\u00e4v\u00e4\u00e4, jolla on samanlaiset kiinnostuksen kohteet. Tai ehk\u00e4 he haluavat vain [...]","og_url":"https:\/\/styleswp.com\/fi\/loyda-vittukaveri-alueeltasi\/","og_site_name":"Relationship Guide","twitter_card":"summary_large_image","twitter_misc":{"Arvioitu lukuaika":"2 minuuttia"},"schema":{"@context":"https:\/\/schema.org","@graph":[{"@type":"WebSite","@id":"http:\/\/styleswp.com\/fi\/#website","url":"http:\/\/styleswp.com\/fi\/","name":"Relationship Guide","description":"Meet Your Match","potentialAction":[{"@type":"SearchAction","target":{"@type":"EntryPoint","urlTemplate":"http:\/\/styleswp.com\/fi\/?s={search_term_string}"},"query-input":"required name=search_term_string"}],"inLanguage":"fi"},{"@type":"WebPage","@id":"https:\/\/styleswp.com\/fi\/loyda-vittukaveri-alueeltasi\/#webpage","url":"https:\/\/styleswp.com\/fi\/loyda-vittukaveri-alueeltasi\/","name":"L\u00f6yd\u00e4 vittukaveri alueeltasi - Relationship Guide","isPartOf":{"@id":"http:\/\/styleswp.com\/fi\/#website"},"datePublished":"2022-09-13T11:37:43+00:00","dateModified":"2022-09-13T11:37:43+00:00","breadcrumb":{"@id":"https:\/\/styleswp.com\/fi\/loyda-vittukaveri-alueeltasi\/#breadcrumb"},"inLanguage":"fi","potentialAction":[{"@type":"ReadAction","target":["https:\/\/styleswp.com\/fi\/loyda-vittukaveri-alueeltasi\/"]}]},{"@type":"BreadcrumbList","@id":"https:\/\/styleswp.com\/fi\/loyda-vittukaveri-alueeltasi\/#breadcrumb","itemListElement":[{"@type":"ListItem","position":1,"name":"Home","item":"http:\/\/styleswp.com\/fi\/"},{"@type":"ListItem","position":2,"name":"L\u00f6yd\u00e4 vittukaveri alueeltasi"}]}]}},"_links":{"self":[{"href":"https:\/\/styleswp.com\/fi\/wp-json\/wp\/v2\/pages\/131"}],"collection":[{"href":"https:\/\/styleswp.com\/fi\/wp-json\/wp\/v2\/pages"}],"about":[{"href":"https:\/\/styleswp.com\/fi\/wp-json\/wp\/v2\/types\/page"}],"author":[{"embeddable":true,"href":"https:\/\/styleswp.com\/fi\/wp-json\/wp\/v2\/users\/1"}],"replies":[{"embeddable":true,"href":"https:\/\/styleswp.com\/fi\/wp-json\/wp\/v2\/comments?post=131"}],"version-history":[{"count":0,"href":"https:\/\/styleswp.com\/fi\/wp-json\/wp\/v2\/pages\/131\/revisions"}],"wp:attachment":[{"href":"https:\/\/styleswp.com\/fi\/wp-json\/wp\/v2\/media?parent=131"}],"curies":[{"name":"wp","href":"https:\/\/api.w.org\/{rel}","templated":true}]}}