{"id":130,"date":"2022-09-13T12:36:41","date_gmt":"2022-09-13T11:36:41","guid":{"rendered":"http:\/\/styleswp.com\/onko-tinder-sen-arvoinen-sextingissa\/"},"modified":"2022-09-13T12:36:41","modified_gmt":"2022-09-13T11:36:41","slug":"onko-tinder-sen-arvoinen-sextingissa","status":"publish","type":"page","link":"https:\/\/styleswp.com\/fi\/onko-tinder-sen-arvoinen-sextingissa\/","title":{"rendered":"Onko Tinder sen arvoinen sextingiss\u00e4?"},"content":{"rendered":"<p>Sexting on nyky\u00e4\u00e4n suosittu aktiviteetti teini-ik\u00e4isten ja nuorten aikuisten keskuudessa. Vaikka se tehd\u00e4\u00e4n tyypillisesti tekstiviestien kautta, se voi tapahtua my\u00f6s muiden viestint\u00e4muotojen, kuten Snapchatin ja Instagramin, kautta.<\/p>\n<p>Vaikka n\u00e4iden sovellusten k\u00e4yt\u00f6st\u00e4 on hy\u00f6ty\u00e4, on my\u00f6s haittoja. Sovellukset, kuten Kik ja WhatsApp, ovat v\u00e4hemm\u00e4n turvallisia kuin tekstiviestisovellusten, kuten iMessagen ja Facebook Messengerin, l\u00e4hett\u00e4minen. Ja koska niit\u00e4 ei ole salattu, ne voidaan mahdollisesti hakkeroida.<\/p>\n<p>Joten jos p\u00e4\u00e4t\u00e4t kokeilla sextingi\u00e4, varmista, ett\u00e4 valitset turvallisen sovelluksen, joka tarjoaa p\u00e4\u00e4st\u00e4 p\u00e4\u00e4h\u00e4n -salauksen. Harkitse my\u00f6s varotoimia, kuten henkil\u00f6kohtaisten tietojesi pit\u00e4mist\u00e4 yksityisin\u00e4 ja sijaintisi jakamisen v\u00e4ltt\u00e4mist\u00e4.<\/p>\n<h3>Mik\u00e4 on Tinderin onnistumisprosentti?<\/h3>\n<p>Tinderin onnistumisprosentti on noin 50%. T\u00e4m\u00e4 tarkoittaa, ett\u00e4 Tinderi\u00e4 k\u00e4ytt\u00e4vist\u00e4 100 miehest\u00e4 vain puolet heist\u00e4 tapaa jonkun, josta he pit\u00e4v\u00e4t. Naiset ovat kuitenkin yleens\u00e4 valikoivampia k\u00e4ytt\u00e4ess\u00e4\u00e4n treffisovelluksia, kuten Tinderi\u00e4.<\/p>\n<h3>Onko Tinder todella tehokas?<\/h3>\n<p>Kyll\u00e4, Tinderin on osoitettu olevan tehokas k\u00e4ytt\u00e4jien yhdist\u00e4misess\u00e4 yhteisten etujen perusteella. Sovellus lanseerattiin vuonna 2012, ja sill\u00e4 on nyt yli 40 miljoonaa aktiivista kuukausittaista k\u00e4ytt\u00e4j\u00e4\u00e4.<\/p>\n<h3>Onko Tinderiss\u00e4 seurustelu sen arvoista?<\/h3>\n<p>Tinderiss\u00e4 seurustelu on hauskaa ja helppoa, mutta sill\u00e4 on my\u00f6s joitain haittoja. Ensinn\u00e4kin sinun on oltava varovainen sen suhteen, kenelle pyyhk\u00e4iset oikealle. Jos pyyhk\u00e4iset oikealle jollekin, joka ei pid\u00e4 sinusta takaisin, tuhlaat aikaasi. Toiseksi, et tied\u00e4 millainen ihminen he ovat, ennen kuin olet tavannut heid\u00e4t. Kolmanneksi saatat p\u00e4\u00e4ty\u00e4 tapaamaan jonkun, joka ei ole yhteensopiva kanssasi. Lopuksi, saatat huomata pyyhk\u00e4isev\u00e4si vasemmalle kaikille!<\/p>\n<h3>Onko likaiseen puhumiseen sovellusta?<\/h3>\n<p>Kyll\u00e4! On olemassa Dirty Talk -niminen sovellus, jonka avulla k\u00e4ytt\u00e4j\u00e4t voivat tallentaa itsens\u00e4 sanomalla tuhmia asioita katsellessaan itse\u00e4\u00e4n tekem\u00e4ss\u00e4 sit\u00e4. Sovelluksessa on my\u00f6s ominaisuus, jossa k\u00e4ytt\u00e4j\u00e4t voivat l\u00e4hett\u00e4\u00e4 toisilleen &#8221;likaisia&#8221; viestej\u00e4.<\/p>\n<h3>Mik\u00e4 on turvallisin sovellus sextingiin?<\/h3>\n<p>Turvallisin sexting-sovellus on nimelt\u00e4\u00e4n &#8221;Tinychat&#8221;, joka on luokiteltu yhdeksi parhaista sexting-sovelluksista. Tinychat k\u00e4ytt\u00e4\u00e4 p\u00e4\u00e4st\u00e4 p\u00e4\u00e4h\u00e4n -salaustekniikkaa varmistaakseen, ett\u00e4 mik\u00e4\u00e4n kolmas osapuoli ei voi k\u00e4ytt\u00e4\u00e4 viestej\u00e4si. T\u00e4m\u00e4 tarkoittaa, ett\u00e4 vain sin\u00e4 ja henkil\u00f6, jonka kanssa keskustelet, voivat lukea kirjoittamasi.<\/p>\n<h3>Kuinka teet online-sextingi\u00e4?<\/h3>\n<p>Sexting tapahtuu sovellusten, kuten Kik, Snapchat, Grindr jne., Kautta. Paras tapa l\u00f6yt\u00e4\u00e4 joku sextingiin on k\u00e4ytt\u00e4\u00e4 treffisovellusta, kuten Tinder. Jos haluat olla huomaamaton sexting-toiminnastasi, sinun tulee k\u00e4ytt\u00e4\u00e4 yksityist\u00e4 chat-sovellusta julkisten chat-sovellusten sijaan.<\/p>\n<h3>Kuinka saada alastonkuvia verkossa?<\/h3>\n<p>Jos haluat saada alasti kuvia verkossa, sinun tulee k\u00e4ytt\u00e4\u00e4 sivustoa, kuten NudeVault.com, jossa voit ladata alastonkuvasi ilmaiseksi. Sivusto tarjoaa my\u00f6s muita ominaisuuksia, kuten videokeskusteluhuoneita, verkkokameraesityksi\u00e4 ja live-seksikameroita.<\/p>\n","protected":false},"excerpt":{"rendered":"<div class=\"mh-excerpt\"><p>Sexting on nyky\u00e4\u00e4n suosittu aktiviteetti teini-ik\u00e4isten ja nuorten aikuisten keskuudessa. Vaikka se tehd\u00e4\u00e4n tyypillisesti tekstiviestien kautta, se voi tapahtua my\u00f6s muiden viestint\u00e4muotojen, kuten Snapchatin ja <a class=\"mh-excerpt-more\" href=\"https:\/\/styleswp.com\/fi\/onko-tinder-sen-arvoinen-sextingissa\/\" title=\"Onko Tinder sen arvoinen sextingiss\u00e4?\">[&#8230;]<\/a><\/p>\n<\/div>","protected":false},"author":1,"featured_media":0,"parent":0,"menu_order":0,"comment_status":"closed","ping_status":"closed","template":"","meta":[],"yoast_head":"<!-- This site is optimized with the Yoast SEO plugin v17.7.1 - https:\/\/yoast.com\/wordpress\/plugins\/seo\/ -->\n<title>Onko Tinder sen arvoinen sextingiss\u00e4? - Relationship Guide<\/title>\n<meta name=\"robots\" content=\"index, follow, max-snippet:-1, max-image-preview:large, max-video-preview:-1\" \/>\n<link rel=\"canonical\" href=\"https:\/\/styleswp.com\/fi\/onko-tinder-sen-arvoinen-sextingissa\/\" \/>\n<meta property=\"og:locale\" content=\"fi_FI\" \/>\n<meta property=\"og:type\" content=\"article\" \/>\n<meta property=\"og:title\" content=\"Onko Tinder sen arvoinen sextingiss\u00e4? - Relationship Guide\" \/>\n<meta property=\"og:description\" content=\"Sexting on nyky\u00e4\u00e4n suosittu aktiviteetti teini-ik\u00e4isten ja nuorten aikuisten keskuudessa. Vaikka se tehd\u00e4\u00e4n tyypillisesti tekstiviestien kautta, se voi tapahtua my\u00f6s muiden viestint\u00e4muotojen, kuten Snapchatin ja [...]\" \/>\n<meta property=\"og:url\" content=\"https:\/\/styleswp.com\/fi\/onko-tinder-sen-arvoinen-sextingissa\/\" \/>\n<meta property=\"og:site_name\" content=\"Relationship Guide\" \/>\n<meta name=\"twitter:card\" content=\"summary_large_image\" \/>\n<meta name=\"twitter:label1\" content=\"Arvioitu lukuaika\" \/>\n\t<meta name=\"twitter:data1\" content=\"2 minuuttia\" \/>\n<script type=\"application\/ld+json\" class=\"yoast-schema-graph\">{\"@context\":\"https:\/\/schema.org\",\"@graph\":[{\"@type\":\"WebSite\",\"@id\":\"http:\/\/styleswp.com\/fi\/#website\",\"url\":\"http:\/\/styleswp.com\/fi\/\",\"name\":\"Relationship Guide\",\"description\":\"Meet Your Match\",\"potentialAction\":[{\"@type\":\"SearchAction\",\"target\":{\"@type\":\"EntryPoint\",\"urlTemplate\":\"http:\/\/styleswp.com\/fi\/?s={search_term_string}\"},\"query-input\":\"required name=search_term_string\"}],\"inLanguage\":\"fi\"},{\"@type\":\"WebPage\",\"@id\":\"https:\/\/styleswp.com\/fi\/onko-tinder-sen-arvoinen-sextingissa\/#webpage\",\"url\":\"https:\/\/styleswp.com\/fi\/onko-tinder-sen-arvoinen-sextingissa\/\",\"name\":\"Onko Tinder sen arvoinen sextingiss\\u00e4? - Relationship Guide\",\"isPartOf\":{\"@id\":\"http:\/\/styleswp.com\/fi\/#website\"},\"datePublished\":\"2022-09-13T11:36:41+00:00\",\"dateModified\":\"2022-09-13T11:36:41+00:00\",\"breadcrumb\":{\"@id\":\"https:\/\/styleswp.com\/fi\/onko-tinder-sen-arvoinen-sextingissa\/#breadcrumb\"},\"inLanguage\":\"fi\",\"potentialAction\":[{\"@type\":\"ReadAction\",\"target\":[\"https:\/\/styleswp.com\/fi\/onko-tinder-sen-arvoinen-sextingissa\/\"]}]},{\"@type\":\"BreadcrumbList\",\"@id\":\"https:\/\/styleswp.com\/fi\/onko-tinder-sen-arvoinen-sextingissa\/#breadcrumb\",\"itemListElement\":[{\"@type\":\"ListItem\",\"position\":1,\"name\":\"Home\",\"item\":\"http:\/\/styleswp.com\/fi\/\"},{\"@type\":\"ListItem\",\"position\":2,\"name\":\"Onko Tinder sen arvoinen sextingiss\\u00e4?\"}]}]}<\/script>\n<!-- \/ Yoast SEO plugin. -->","yoast_head_json":{"title":"Onko Tinder sen arvoinen sextingiss\u00e4? - Relationship Guide","robots":{"index":"index","follow":"follow","max-snippet":"max-snippet:-1","max-image-preview":"max-image-preview:large","max-video-preview":"max-video-preview:-1"},"canonical":"https:\/\/styleswp.com\/fi\/onko-tinder-sen-arvoinen-sextingissa\/","og_locale":"fi_FI","og_type":"article","og_title":"Onko Tinder sen arvoinen sextingiss\u00e4? - Relationship Guide","og_description":"Sexting on nyky\u00e4\u00e4n suosittu aktiviteetti teini-ik\u00e4isten ja nuorten aikuisten keskuudessa. Vaikka se tehd\u00e4\u00e4n tyypillisesti tekstiviestien kautta, se voi tapahtua my\u00f6s muiden viestint\u00e4muotojen, kuten Snapchatin ja [...]","og_url":"https:\/\/styleswp.com\/fi\/onko-tinder-sen-arvoinen-sextingissa\/","og_site_name":"Relationship Guide","twitter_card":"summary_large_image","twitter_misc":{"Arvioitu lukuaika":"2 minuuttia"},"schema":{"@context":"https:\/\/schema.org","@graph":[{"@type":"WebSite","@id":"http:\/\/styleswp.com\/fi\/#website","url":"http:\/\/styleswp.com\/fi\/","name":"Relationship Guide","description":"Meet Your Match","potentialAction":[{"@type":"SearchAction","target":{"@type":"EntryPoint","urlTemplate":"http:\/\/styleswp.com\/fi\/?s={search_term_string}"},"query-input":"required name=search_term_string"}],"inLanguage":"fi"},{"@type":"WebPage","@id":"https:\/\/styleswp.com\/fi\/onko-tinder-sen-arvoinen-sextingissa\/#webpage","url":"https:\/\/styleswp.com\/fi\/onko-tinder-sen-arvoinen-sextingissa\/","name":"Onko Tinder sen arvoinen sextingiss\u00e4? - Relationship Guide","isPartOf":{"@id":"http:\/\/styleswp.com\/fi\/#website"},"datePublished":"2022-09-13T11:36:41+00:00","dateModified":"2022-09-13T11:36:41+00:00","breadcrumb":{"@id":"https:\/\/styleswp.com\/fi\/onko-tinder-sen-arvoinen-sextingissa\/#breadcrumb"},"inLanguage":"fi","potentialAction":[{"@type":"ReadAction","target":["https:\/\/styleswp.com\/fi\/onko-tinder-sen-arvoinen-sextingissa\/"]}]},{"@type":"BreadcrumbList","@id":"https:\/\/styleswp.com\/fi\/onko-tinder-sen-arvoinen-sextingissa\/#breadcrumb","itemListElement":[{"@type":"ListItem","position":1,"name":"Home","item":"http:\/\/styleswp.com\/fi\/"},{"@type":"ListItem","position":2,"name":"Onko Tinder sen arvoinen sextingiss\u00e4?"}]}]}},"_links":{"self":[{"href":"https:\/\/styleswp.com\/fi\/wp-json\/wp\/v2\/pages\/130"}],"collection":[{"href":"https:\/\/styleswp.com\/fi\/wp-json\/wp\/v2\/pages"}],"about":[{"href":"https:\/\/styleswp.com\/fi\/wp-json\/wp\/v2\/types\/page"}],"author":[{"embeddable":true,"href":"https:\/\/styleswp.com\/fi\/wp-json\/wp\/v2\/users\/1"}],"replies":[{"embeddable":true,"href":"https:\/\/styleswp.com\/fi\/wp-json\/wp\/v2\/comments?post=130"}],"version-history":[{"count":0,"href":"https:\/\/styleswp.com\/fi\/wp-json\/wp\/v2\/pages\/130\/revisions"}],"wp:attachment":[{"href":"https:\/\/styleswp.com\/fi\/wp-json\/wp\/v2\/media?parent=130"}],"curies":[{"name":"wp","href":"https:\/\/api.w.org\/{rel}","templated":true}]}}