{"id":116,"date":"2022-09-13T12:39:25","date_gmt":"2022-09-13T11:39:25","guid":{"rendered":"http:\/\/styleswp.com\/tapaa-paikallisia-aasialaisia-seksia-varten\/"},"modified":"2022-09-13T12:39:25","modified_gmt":"2022-09-13T11:39:25","slug":"tapaa-paikallisia-aasialaisia-seksia-varten","status":"publish","type":"page","link":"https:\/\/styleswp.com\/fi\/tapaa-paikallisia-aasialaisia-seksia-varten\/","title":{"rendered":"Tapaa paikallisia aasialaisia seksi\u00e4 varten"},"content":{"rendered":"<p>Aasialaiset treffisivustot ovat yh\u00e4 suositumpia l\u00e4nsimaalaisten keskuudessa, jotka ovat kyll\u00e4styneet perinteisiin treffimenetelmiin. N\u00e4iden <a href=\"http:\/\/styleswp.com\/fi\/kink-treffit\/\">verkkoalustojen<\/a> avulla sinkut voivat olla yhteydess\u00e4 muihin aasialaisiin naisiin ja miehiin sijainnin, kiinnostuksen kohteiden ja keskin\u00e4isen yhteensopivuuden perusteella.<\/p>\n<p>Vaikka aasialaiset treffisivustot ovat saamassa vetovoimaa, niill\u00e4 on viel\u00e4 pitk\u00e4 matka kuljettavana, ennen kuin niist\u00e4 tulee valtavirtaa. T\u00e4ll\u00e4 hetkell\u00e4 saatavilla on vain kourallinen hyv\u00e4maineisia aasialaisia treffisivustoja, ja monet niist\u00e4 palvelevat yksinomaan kiinalaisia, japanilaisia, korealaisia, filippiinil\u00e4isi\u00e4, thaimaalaisia, vietnamilaisia, malesialaisia, indonesialaisia, singaporelaisia, taiwanilaisia ja intialaisia sinkkuja. Jos kuitenkin olet kiinnostunut l\u00f6yt\u00e4m\u00e4\u00e4n rakkauden ulkomailta, n\u00e4m\u00e4 sivustot voivat olla juuri sit\u00e4, mit\u00e4 etsit.<\/p>\n<h3>Onko olemassa ilmaista aasialaista treffisivustoa?<\/h3>\n<p>Kyll\u00e4, on olemassa useita ilmaisia aasialaisia treffisivustoja, jotka ovat saatavilla sinkuille ymp\u00e4ri maailmaa. Parhaita ilmaisia aasialaisia treffisivustoja ovat: OkCupid, PlentyOfFish, Match, eHarmony, Zoosk ja Tinder. N\u00e4iden verkkosivustojen avulla k\u00e4ytt\u00e4j\u00e4t voivat etsi\u00e4 muita j\u00e4seni\u00e4 sijainnin, i\u00e4n, sukupuolen, etnisen alkuper\u00e4n, uskonnon, seksuaalisen suuntautumisen ja parisuhteen tilan perusteella.<\/p>\n<h3>Mik\u00e4 on asiaasiamelody-sovellus?<\/h3>\n<p>Asiaasiamelody on uusi musiikin suoratoistopalvelu aasialaisille artisteille. Yhti\u00f6 on tehnyt yhteisty\u00f6t\u00e4 suurten levy-yhti\u00f6iden, kuten Warner Music Groupin, Universal Music Groupin, Sony Music Entertainmentin, EMI Music Publishingin ja BMG Rights Managementin, kanssa tarjotakseen p\u00e4\u00e4syn miljooniin kappaleisiin n\u00e4ilt\u00e4 levy-yhti\u00f6ilt\u00e4. Palvelu tarjoaa my\u00f6s eksklusiivista sis\u00e4lt\u00f6\u00e4 aasialaisilta huippumuusikoilta, kuten Jay Chou, Nicki Minaj ja PSY.<\/p>\n<h3>Kuinka tavata aasialaisia sinkkuja ilmaiseksi?<\/h3>\n<p>Jos haluat l\u00f6yt\u00e4\u00e4 rakkauden Aasiasta, sinun tulee yritt\u00e4\u00e4 k\u00e4ytt\u00e4\u00e4 treffisovelluksia, kuten Tinderi\u00e4. T\u00e4m\u00e4n sovelluksen avulla k\u00e4ytt\u00e4j\u00e4t voivat pyyhk\u00e4ist\u00e4 vasemmalle tai oikealle osoittaakseen, ovatko he kiinnostuneita tapaamaan jonkun uuden. Parasta n\u00e4iss\u00e4 sovelluksissa on, ett\u00e4 niiden avulla k\u00e4ytt\u00e4j\u00e4t voivat selata profiileja nimett\u00f6m\u00e4sti, mik\u00e4 tarkoittaa, ett\u00e4 sinun ei tarvitse huolehtia siit\u00e4, ett\u00e4 sinut hyl\u00e4t\u00e4\u00e4n otteluista ulkon\u00e4k\u00f6si perusteella.<\/p>\n<h3>Mik\u00e4 on asiand8-treffisivusto?<\/h3>\n<p>Asiand8 on ilmainen aasialainen treffisivusto miehille, jotka etsiv\u00e4t naisia Aasiasta. Sivusto on ollut olemassa vuodesta 2004 ja sill\u00e4 on t\u00e4ll\u00e4 hetkell\u00e4 yli 1 miljoona j\u00e4sent\u00e4 maailmanlaajuisesti. Liittymisest\u00e4 ei perit\u00e4 maksuja, ja kaikki k\u00e4ytt\u00e4jien v\u00e4linen viestint\u00e4 on t\u00e4ysin ilmaista.<\/p>\n<h3>Kuinka tavata aasialaisia sinkkuja ilmaiseksi?<\/h3>\n<p>Jos haluat l\u00f6yt\u00e4\u00e4 aasialaisia naisia treffailuun, sinun tulee k\u00e4ytt\u00e4\u00e4 yht\u00e4 parhaista aasialaisista treffisivustoista, kuten www.AsianDate.com. T\u00e4ll\u00e4 sivustolla on miljoonia j\u00e4seni\u00e4 ymp\u00e4ri maailmaa, ja he etsiv\u00e4t rakkautta aivan kuten sin\u00e4kin. Ne tarjoavat my\u00f6s upeita ominaisuuksia, kuten live-chat-huoneita, videokeskustelua ja mobiilisovelluksia.<\/p>\n<h3>Mitk\u00e4 ovat parhaat aasialaiset treffisivustot?<\/h3>\n<p>Paras aasialainen treffisivusto on luultavasti sellainen, joka on ollut olemassa jo pitk\u00e4\u00e4n, ja sill\u00e4 on suuri m\u00e4\u00e4r\u00e4 j\u00e4seni\u00e4. T\u00e4ll\u00e4 tavalla tied\u00e4t, ett\u00e4 he ovat tehneet asioita oikein jo jonkin aikaa. Katso my\u00f6s, kuinka aktiivinen yhteis\u00f6 on ja tarjoavatko ne lis\u00e4ominaisuuksia, kuten videokeskustelun.<\/p>\n<h3>Onko dateinasia aasialainen treffisivusto?<\/h3>\n<p>Kyll\u00e4, DateinAsia on aasialainen treffisivusto miehille kaikkialta Aasiasta, jotka etsiv\u00e4t rakkautta. Tarjoamme ilmaisen j\u00e4senyyden naisille, jotka haluavat l\u00f6yt\u00e4\u00e4 miehen Kiinasta, Japanista, Koreasta, Indonesiasta, Filippiineilt\u00e4, Malesiasta, Thaimaasta, Vietnamista, Singaporesta, Kambod\u017easta, Intiasta, Sri Lankasta, Bangladeshista, Pakistanista, Nepalista, Bhutanista, Mongoliasta, Ven\u00e4j\u00e4lt\u00e4, Ukrainasta, Valko-Ven\u00e4j\u00e4lt\u00e4, Kazakstanista, Kirgisiasta, Uzbekistanista, Tad\u017eikistanista, Turkmenistanista, Armeniasta, Azerbaid\u017eanista, Georgiasta, Israelista, Palestiinasta, Libanonista, Syyriasta, Jordaniasta, Egyptist\u00e4, Libyasta, Tunisiasta, Algeriasta, Marokosta, Omanista, Saudi-Arabiasta, Kuwaitista,  Qatar, Bahrain,<\/p>\n<h3>Mitk\u00e4 ovat parhaat sivustot tavata aasialaisia naisia avioliittoa varten?<\/h3>\n<p>On olemassa useita verkkosivustoja, joista l\u00f6yd\u00e4t naimattomia aasialaisia naisia, jotka etsiv\u00e4t rakkautta. Ensimm\u00e4inen asia, joka sinun on teht\u00e4v\u00e4 etsiess\u00e4si potentiaalista kumppania, on tarkastella h\u00e4nen profiiliaan ja p\u00e4\u00e4tt\u00e4\u00e4, sopiiko h\u00e4n sinulle. Jos pid\u00e4t n\u00e4kem\u00e4st\u00e4si, ota h\u00e4neen yhteytt\u00e4 s\u00e4hk\u00f6postitse tai puhelimitse.<\/p>\n","protected":false},"excerpt":{"rendered":"<div class=\"mh-excerpt\"><p>Aasialaiset treffisivustot ovat yh\u00e4 suositumpia l\u00e4nsimaalaisten keskuudessa, jotka ovat kyll\u00e4styneet perinteisiin treffimenetelmiin. N\u00e4iden verkkoalustojen avulla sinkut voivat olla yhteydess\u00e4 muihin aasialaisiin naisiin ja miehiin sijainnin, <a class=\"mh-excerpt-more\" href=\"https:\/\/styleswp.com\/fi\/tapaa-paikallisia-aasialaisia-seksia-varten\/\" title=\"Tapaa paikallisia aasialaisia seksi\u00e4 varten\">[&#8230;]<\/a><\/p>\n<\/div>","protected":false},"author":1,"featured_media":0,"parent":0,"menu_order":0,"comment_status":"closed","ping_status":"closed","template":"","meta":[],"yoast_head":"<!-- This site is optimized with the Yoast SEO plugin v17.7.1 - https:\/\/yoast.com\/wordpress\/plugins\/seo\/ -->\n<title>Tapaa paikallisia aasialaisia seksi\u00e4 varten - Relationship Guide<\/title>\n<meta name=\"robots\" content=\"index, follow, max-snippet:-1, max-image-preview:large, max-video-preview:-1\" \/>\n<link rel=\"canonical\" href=\"https:\/\/styleswp.com\/fi\/tapaa-paikallisia-aasialaisia-seksia-varten\/\" \/>\n<meta property=\"og:locale\" content=\"fi_FI\" \/>\n<meta property=\"og:type\" content=\"article\" \/>\n<meta property=\"og:title\" content=\"Tapaa paikallisia aasialaisia seksi\u00e4 varten - Relationship Guide\" \/>\n<meta property=\"og:description\" content=\"Aasialaiset treffisivustot ovat yh\u00e4 suositumpia l\u00e4nsimaalaisten keskuudessa, jotka ovat kyll\u00e4styneet perinteisiin treffimenetelmiin. N\u00e4iden verkkoalustojen avulla sinkut voivat olla yhteydess\u00e4 muihin aasialaisiin naisiin ja miehiin sijainnin, [...]\" \/>\n<meta property=\"og:url\" content=\"https:\/\/styleswp.com\/fi\/tapaa-paikallisia-aasialaisia-seksia-varten\/\" \/>\n<meta property=\"og:site_name\" content=\"Relationship Guide\" \/>\n<meta name=\"twitter:card\" content=\"summary_large_image\" \/>\n<meta name=\"twitter:label1\" content=\"Arvioitu lukuaika\" \/>\n\t<meta name=\"twitter:data1\" content=\"3 minuuttia\" \/>\n<script type=\"application\/ld+json\" class=\"yoast-schema-graph\">{\"@context\":\"https:\/\/schema.org\",\"@graph\":[{\"@type\":\"WebSite\",\"@id\":\"http:\/\/styleswp.com\/fi\/#website\",\"url\":\"http:\/\/styleswp.com\/fi\/\",\"name\":\"Relationship Guide\",\"description\":\"Meet Your Match\",\"potentialAction\":[{\"@type\":\"SearchAction\",\"target\":{\"@type\":\"EntryPoint\",\"urlTemplate\":\"http:\/\/styleswp.com\/fi\/?s={search_term_string}\"},\"query-input\":\"required name=search_term_string\"}],\"inLanguage\":\"fi\"},{\"@type\":\"WebPage\",\"@id\":\"https:\/\/styleswp.com\/fi\/tapaa-paikallisia-aasialaisia-seksia-varten\/#webpage\",\"url\":\"https:\/\/styleswp.com\/fi\/tapaa-paikallisia-aasialaisia-seksia-varten\/\",\"name\":\"Tapaa paikallisia aasialaisia seksi\\u00e4 varten - Relationship Guide\",\"isPartOf\":{\"@id\":\"http:\/\/styleswp.com\/fi\/#website\"},\"datePublished\":\"2022-09-13T11:39:25+00:00\",\"dateModified\":\"2022-09-13T11:39:25+00:00\",\"breadcrumb\":{\"@id\":\"https:\/\/styleswp.com\/fi\/tapaa-paikallisia-aasialaisia-seksia-varten\/#breadcrumb\"},\"inLanguage\":\"fi\",\"potentialAction\":[{\"@type\":\"ReadAction\",\"target\":[\"https:\/\/styleswp.com\/fi\/tapaa-paikallisia-aasialaisia-seksia-varten\/\"]}]},{\"@type\":\"BreadcrumbList\",\"@id\":\"https:\/\/styleswp.com\/fi\/tapaa-paikallisia-aasialaisia-seksia-varten\/#breadcrumb\",\"itemListElement\":[{\"@type\":\"ListItem\",\"position\":1,\"name\":\"Home\",\"item\":\"http:\/\/styleswp.com\/fi\/\"},{\"@type\":\"ListItem\",\"position\":2,\"name\":\"Tapaa paikallisia aasialaisia seksi\\u00e4 varten\"}]}]}<\/script>\n<!-- \/ Yoast SEO plugin. -->","yoast_head_json":{"title":"Tapaa paikallisia aasialaisia seksi\u00e4 varten - Relationship Guide","robots":{"index":"index","follow":"follow","max-snippet":"max-snippet:-1","max-image-preview":"max-image-preview:large","max-video-preview":"max-video-preview:-1"},"canonical":"https:\/\/styleswp.com\/fi\/tapaa-paikallisia-aasialaisia-seksia-varten\/","og_locale":"fi_FI","og_type":"article","og_title":"Tapaa paikallisia aasialaisia seksi\u00e4 varten - Relationship Guide","og_description":"Aasialaiset treffisivustot ovat yh\u00e4 suositumpia l\u00e4nsimaalaisten keskuudessa, jotka ovat kyll\u00e4styneet perinteisiin treffimenetelmiin. N\u00e4iden verkkoalustojen avulla sinkut voivat olla yhteydess\u00e4 muihin aasialaisiin naisiin ja miehiin sijainnin, [...]","og_url":"https:\/\/styleswp.com\/fi\/tapaa-paikallisia-aasialaisia-seksia-varten\/","og_site_name":"Relationship Guide","twitter_card":"summary_large_image","twitter_misc":{"Arvioitu lukuaika":"3 minuuttia"},"schema":{"@context":"https:\/\/schema.org","@graph":[{"@type":"WebSite","@id":"http:\/\/styleswp.com\/fi\/#website","url":"http:\/\/styleswp.com\/fi\/","name":"Relationship Guide","description":"Meet Your Match","potentialAction":[{"@type":"SearchAction","target":{"@type":"EntryPoint","urlTemplate":"http:\/\/styleswp.com\/fi\/?s={search_term_string}"},"query-input":"required name=search_term_string"}],"inLanguage":"fi"},{"@type":"WebPage","@id":"https:\/\/styleswp.com\/fi\/tapaa-paikallisia-aasialaisia-seksia-varten\/#webpage","url":"https:\/\/styleswp.com\/fi\/tapaa-paikallisia-aasialaisia-seksia-varten\/","name":"Tapaa paikallisia aasialaisia seksi\u00e4 varten - Relationship Guide","isPartOf":{"@id":"http:\/\/styleswp.com\/fi\/#website"},"datePublished":"2022-09-13T11:39:25+00:00","dateModified":"2022-09-13T11:39:25+00:00","breadcrumb":{"@id":"https:\/\/styleswp.com\/fi\/tapaa-paikallisia-aasialaisia-seksia-varten\/#breadcrumb"},"inLanguage":"fi","potentialAction":[{"@type":"ReadAction","target":["https:\/\/styleswp.com\/fi\/tapaa-paikallisia-aasialaisia-seksia-varten\/"]}]},{"@type":"BreadcrumbList","@id":"https:\/\/styleswp.com\/fi\/tapaa-paikallisia-aasialaisia-seksia-varten\/#breadcrumb","itemListElement":[{"@type":"ListItem","position":1,"name":"Home","item":"http:\/\/styleswp.com\/fi\/"},{"@type":"ListItem","position":2,"name":"Tapaa paikallisia aasialaisia seksi\u00e4 varten"}]}]}},"_links":{"self":[{"href":"https:\/\/styleswp.com\/fi\/wp-json\/wp\/v2\/pages\/116"}],"collection":[{"href":"https:\/\/styleswp.com\/fi\/wp-json\/wp\/v2\/pages"}],"about":[{"href":"https:\/\/styleswp.com\/fi\/wp-json\/wp\/v2\/types\/page"}],"author":[{"embeddable":true,"href":"https:\/\/styleswp.com\/fi\/wp-json\/wp\/v2\/users\/1"}],"replies":[{"embeddable":true,"href":"https:\/\/styleswp.com\/fi\/wp-json\/wp\/v2\/comments?post=116"}],"version-history":[{"count":0,"href":"https:\/\/styleswp.com\/fi\/wp-json\/wp\/v2\/pages\/116\/revisions"}],"wp:attachment":[{"href":"https:\/\/styleswp.com\/fi\/wp-json\/wp\/v2\/media?parent=116"}],"curies":[{"name":"wp","href":"https:\/\/api.w.org\/{rel}","templated":true}]}}