{"id":357,"date":"2022-09-30T12:51:13","date_gmt":"2022-09-30T11:51:13","guid":{"rendered":"http:\/\/styleswp.com\/kinky-personales\/"},"modified":"2022-09-30T12:51:13","modified_gmt":"2022-09-30T11:51:13","slug":"kinky-personales","status":"publish","type":"page","link":"https:\/\/styleswp.com\/es\/kinky-personales\/","title":{"rendered":"Kinky Personales"},"content":{"rendered":"<p>Hay una serie de sitios web que atienden a la comunidad BDSM, que puede ser un gran recurso para encontrar personas de ideas afines con las que conectarse. Estos sitios suelen tener foros y salas de chat donde los miembros pueden conectarse entre s\u00ed, y tambi\u00e9n pueden tener eventos y grupos a los que los miembros pueden unirse. Esta puede ser una excelente manera de conocer personas que comparten sus intereses e involucrarse en la comunidad BDSM. Sin embargo, es importante recordar que no todos en estos sitios est\u00e1n buscando una conexi\u00f3n casual, por lo que es importante tener claras sus intenciones antes de reunirse con alguien.<\/p>\n<h2>Sitios de citas BDSM<\/h2>\n<p>Si est\u00e1 buscando el mejor buscador de citas bdsm, entonces querr\u00e1 consultar este sitio. Es un gran recurso para encontrar parejas de citas bdsm, as\u00ed como consejos e informaci\u00f3n sobre el estilo de vida. Hay una gran comunidad de personas aqu\u00ed que est\u00e1n felices de ayudarlo a comenzar, e incluso puede encontrar un socio que lo ayude a comenzar si no est\u00e1 seguro de por d\u00f3nde comenzar. Ya sea que sea nuevo en el estilo de vida o un jugador experimentado, este es el sitio para usted.<\/p>\n<p>Hay algo para todos en personales pervertidos. Ya sea que est\u00e9 buscando un socio BDSM para dominarlo o un sumiso para servir, encontrar\u00e1 lo que est\u00e1 buscando aqu\u00ed. Puede buscar socios por ubicaci\u00f3n, edad, torceduras y m\u00e1s. Con tantos miembros, seguramente encontrar\u00e1 a alguien que satisfaga sus necesidades. Cree un perfil gratuito y comience a navegar a trav\u00e9s de personas pervertidas hoy mismo.<\/p>\n<h2>Sitios kink<\/h2>\n<p>Hay una serie de sitios de torceduras disponibles en l\u00ednea que atienden a aquellos con intereses sexuales espec\u00edficos. Estas pueden ser una excelente manera de conectarse con personas de ideas afines y explorar su sexualidad de una manera segura y consensuada. Sin embargo, es importante recordar que no todos los sitios de torcedura se crean iguales. Algunos pueden no ser tan bien moderados como otros, y siempre existe la posibilidad de encontrarse con alguien que no es respetuoso de los l\u00edmites. Al igual que con cualquier actividad en l\u00ednea, es importante tener precauci\u00f3n y ser consciente de los riesgos involucrados.<\/p>\n<h3>Milfaholic<\/h3>\n<p>Milfaholic es una aplicaci\u00f3n de citas que se dirige espec\u00edficamente a mujeres mayores, o \u00abmam\u00e1s a las que me gustar\u00eda\u00bb. La aplicaci\u00f3n est\u00e1 dise\u00f1ada para ayudar a los usuarios a reunirse con mujeres mayores para encuentros casuales y sexo. La interfaz de la aplicaci\u00f3n es simple y directa, y es f\u00e1cil de usar. Puede buscar mujeres mayores por ubicaci\u00f3n, edad e intereses. La aplicaci\u00f3n tambi\u00e9n incluye una funci\u00f3n de mensajer\u00eda, para que pueda chatear con posibles conexiones. En general, Milfaholic es una gran opci\u00f3n para cualquiera que busque una manera f\u00e1cil de conocer a mujeres mayores para tener relaciones sexuales casuales.<\/p>\n<h3>Ashley Madison<\/h3>\n<p>Ashley Madison es una aplicaci\u00f3n de citas dise\u00f1ada para personas que buscan relaciones extramatrimoniales. La aplicaci\u00f3n es f\u00e1cil de usar y tiene muchas caracter\u00edsticas que la convierten en una buena opci\u00f3n para las personas que est\u00e1n interesadas en este tipo de cosas. La aplicaci\u00f3n se puede descargar gratis y tiene muchas buenas cr\u00edticas.<\/p>\n<h3>Outpersonal.com<\/h3>\n<p>Si est\u00e1 buscando una conexi\u00f3n pervertida, Outpersonal.com es una gran opci\u00f3n. Con m\u00e1s de 1,5 millones de miembros, es uno de los sitios BDSM m\u00e1s grandes del mundo. Y, con una garant\u00eda de 3 meses, seguramente encontrar\u00e1s a alguien con quien jugar.<\/p>\n<p>El sitio es f\u00e1cil de navegar y tiene todas las caracter\u00edsticas que necesita para encontrar un socio pervertido. Puede buscar por ubicaci\u00f3n, torcedura o ambas. Y, puede enviar mensajes a los miembros de forma gratuita.<\/p>\n<p>El \u00fanico inconveniente es que hay muchos perfiles falsos. Pero, si est\u00e1s dispuesto a desmalezarlos, seguramente encontrar\u00e1s a alguien real con quien conectarte.<\/p>\n","protected":false},"excerpt":{"rendered":"<div class=\"mh-excerpt\"><p>Hay una serie de sitios web que atienden a la comunidad BDSM, que puede ser un gran recurso para encontrar personas de ideas afines con <a class=\"mh-excerpt-more\" href=\"https:\/\/styleswp.com\/es\/kinky-personales\/\" title=\"Kinky Personales\">[&#8230;]<\/a><\/p>\n<\/div>","protected":false},"author":1,"featured_media":0,"parent":0,"menu_order":0,"comment_status":"closed","ping_status":"closed","template":"","meta":[],"yoast_head":"<!-- This site is optimized with the Yoast SEO plugin v17.7.1 - https:\/\/yoast.com\/wordpress\/plugins\/seo\/ -->\n<title>Kinky Personales - Relationship Guide<\/title>\n<meta name=\"robots\" content=\"index, follow, max-snippet:-1, max-image-preview:large, max-video-preview:-1\" \/>\n<link rel=\"canonical\" href=\"https:\/\/styleswp.com\/es\/kinky-personales\/\" \/>\n<meta property=\"og:locale\" content=\"es_ES\" \/>\n<meta property=\"og:type\" content=\"article\" \/>\n<meta property=\"og:title\" content=\"Kinky Personales - Relationship Guide\" \/>\n<meta property=\"og:description\" content=\"Hay una serie de sitios web que atienden a la comunidad BDSM, que puede ser un gran recurso para encontrar personas de ideas afines con [...]\" \/>\n<meta property=\"og:url\" content=\"https:\/\/styleswp.com\/es\/kinky-personales\/\" \/>\n<meta property=\"og:site_name\" content=\"Relationship Guide\" \/>\n<meta name=\"twitter:card\" content=\"summary_large_image\" \/>\n<meta name=\"twitter:label1\" content=\"Tiempo de lectura\" \/>\n\t<meta name=\"twitter:data1\" content=\"3 minutos\" \/>\n<script type=\"application\/ld+json\" class=\"yoast-schema-graph\">{\"@context\":\"https:\/\/schema.org\",\"@graph\":[{\"@type\":\"WebSite\",\"@id\":\"http:\/\/styleswp.com\/fi\/#website\",\"url\":\"http:\/\/styleswp.com\/fi\/\",\"name\":\"Relationship Guide\",\"description\":\"Meet Your Match\",\"potentialAction\":[{\"@type\":\"SearchAction\",\"target\":{\"@type\":\"EntryPoint\",\"urlTemplate\":\"http:\/\/styleswp.com\/fi\/?s={search_term_string}\"},\"query-input\":\"required name=search_term_string\"}],\"inLanguage\":\"es\"},{\"@type\":\"WebPage\",\"@id\":\"https:\/\/styleswp.com\/es\/kinky-personales\/#webpage\",\"url\":\"https:\/\/styleswp.com\/es\/kinky-personales\/\",\"name\":\"Kinky Personales - Relationship Guide\",\"isPartOf\":{\"@id\":\"http:\/\/styleswp.com\/fi\/#website\"},\"datePublished\":\"2022-09-30T11:51:13+00:00\",\"dateModified\":\"2022-09-30T11:51:13+00:00\",\"breadcrumb\":{\"@id\":\"https:\/\/styleswp.com\/es\/kinky-personales\/#breadcrumb\"},\"inLanguage\":\"es\",\"potentialAction\":[{\"@type\":\"ReadAction\",\"target\":[\"https:\/\/styleswp.com\/es\/kinky-personales\/\"]}]},{\"@type\":\"BreadcrumbList\",\"@id\":\"https:\/\/styleswp.com\/es\/kinky-personales\/#breadcrumb\",\"itemListElement\":[{\"@type\":\"ListItem\",\"position\":1,\"name\":\"Home\",\"item\":\"https:\/\/styleswp.com\/es\/\"},{\"@type\":\"ListItem\",\"position\":2,\"name\":\"Kinky Personales\"}]}]}<\/script>\n<!-- \/ Yoast SEO plugin. -->","yoast_head_json":{"title":"Kinky Personales - Relationship Guide","robots":{"index":"index","follow":"follow","max-snippet":"max-snippet:-1","max-image-preview":"max-image-preview:large","max-video-preview":"max-video-preview:-1"},"canonical":"https:\/\/styleswp.com\/es\/kinky-personales\/","og_locale":"es_ES","og_type":"article","og_title":"Kinky Personales - Relationship Guide","og_description":"Hay una serie de sitios web que atienden a la comunidad BDSM, que puede ser un gran recurso para encontrar personas de ideas afines con [...]","og_url":"https:\/\/styleswp.com\/es\/kinky-personales\/","og_site_name":"Relationship Guide","twitter_card":"summary_large_image","twitter_misc":{"Tiempo de lectura":"3 minutos"},"schema":{"@context":"https:\/\/schema.org","@graph":[{"@type":"WebSite","@id":"http:\/\/styleswp.com\/fi\/#website","url":"http:\/\/styleswp.com\/fi\/","name":"Relationship Guide","description":"Meet Your Match","potentialAction":[{"@type":"SearchAction","target":{"@type":"EntryPoint","urlTemplate":"http:\/\/styleswp.com\/fi\/?s={search_term_string}"},"query-input":"required name=search_term_string"}],"inLanguage":"es"},{"@type":"WebPage","@id":"https:\/\/styleswp.com\/es\/kinky-personales\/#webpage","url":"https:\/\/styleswp.com\/es\/kinky-personales\/","name":"Kinky Personales - Relationship Guide","isPartOf":{"@id":"http:\/\/styleswp.com\/fi\/#website"},"datePublished":"2022-09-30T11:51:13+00:00","dateModified":"2022-09-30T11:51:13+00:00","breadcrumb":{"@id":"https:\/\/styleswp.com\/es\/kinky-personales\/#breadcrumb"},"inLanguage":"es","potentialAction":[{"@type":"ReadAction","target":["https:\/\/styleswp.com\/es\/kinky-personales\/"]}]},{"@type":"BreadcrumbList","@id":"https:\/\/styleswp.com\/es\/kinky-personales\/#breadcrumb","itemListElement":[{"@type":"ListItem","position":1,"name":"Home","item":"https:\/\/styleswp.com\/es\/"},{"@type":"ListItem","position":2,"name":"Kinky Personales"}]}]}},"_links":{"self":[{"href":"https:\/\/styleswp.com\/es\/wp-json\/wp\/v2\/pages\/357"}],"collection":[{"href":"https:\/\/styleswp.com\/es\/wp-json\/wp\/v2\/pages"}],"about":[{"href":"https:\/\/styleswp.com\/es\/wp-json\/wp\/v2\/types\/page"}],"author":[{"embeddable":true,"href":"https:\/\/styleswp.com\/es\/wp-json\/wp\/v2\/users\/1"}],"replies":[{"embeddable":true,"href":"https:\/\/styleswp.com\/es\/wp-json\/wp\/v2\/comments?post=357"}],"version-history":[{"count":0,"href":"https:\/\/styleswp.com\/es\/wp-json\/wp\/v2\/pages\/357\/revisions"}],"wp:attachment":[{"href":"https:\/\/styleswp.com\/es\/wp-json\/wp\/v2\/media?parent=357"}],"curies":[{"name":"wp","href":"https:\/\/api.w.org\/{rel}","templated":true}]}}