{"id":137,"date":"2022-09-13T12:36:41","date_gmt":"2022-09-13T11:36:41","guid":{"rendered":"http:\/\/styleswp.com\/vale-la-pena-tinder-para-el-sexting\/"},"modified":"2022-10-17T12:30:16","modified_gmt":"2022-10-17T11:30:16","slug":"vale-la-pena-tinder-para-el-sexting","status":"publish","type":"page","link":"https:\/\/styleswp.com\/es\/vale-la-pena-tinder-para-el-sexting\/","title":{"rendered":"\u00bfVale la pena Tinder para el sexting?"},"content":{"rendered":"<p>El sexting es una actividad popular entre los adolescentes y adultos j\u00f3venes de hoy. Si bien generalmente se hace a trav\u00e9s de mensajes de texto, tambi\u00e9n puede suceder a trav\u00e9s de otras formas de comunicaci\u00f3n como Snapchat e Instagram.<\/p>\n<p>Si bien hay beneficios al usar estas aplicaciones, tambi\u00e9n hay inconvenientes. Aplicaciones como Kik y WhatsApp son menos seguras que las aplicaciones de mensajes de texto como iMessage y Facebook Messenger. Y como no est\u00e1n encriptados, podr\u00edan ser pirateados.<\/p>\n<p>Entonces, si decide probar el sexting, aseg\u00farese de elegir una aplicaci\u00f3n segura que ofrezca <a href=\"https:\/\/www.sextchat.net\/es\/munecas-sexuales-ai\/\">robot sexuales precio<\/a> cifrado de extremo a extremo. Tambi\u00e9n considere tomar precauciones como mantener su informaci\u00f3n personal privada y evitar compartir su ubicaci\u00f3n.<\/p>\n<h3>\u00bfCu\u00e1l es la tasa de \u00e9xito de Tinder?<\/h3>\n<p>La tasa de \u00e9xito de Tinder es de alrededor del 50%. Esto significa que de cada 100 hombres que usan Tinder, solo la mitad de ellos conocer\u00e1 a alguien que les guste. Sin embargo, las mujeres tienden a ser m\u00e1s selectivas cuando usan aplicaciones de citas como Tinder.<\/p>\n<h3>\u00bfEs Tinder realmente efectivo?<\/h3>\n<p>S\u00ed, se ha demostrado que Tinder es eficaz para emparejar a los usuarios en funci\u00f3n de los intereses mutuos. La aplicaci\u00f3n se lanz\u00f3 en 2012 y ahora tiene m\u00e1s de 40 millones de usuarios mensuales activos.<\/p>\n<h3>\u00bfVale la pena salir en Tinder?<\/h3>\n<p>Las citas en Tinder son divertidas y f\u00e1ciles, pero tambi\u00e9n tienen algunas desventajas. Primero, debe tener cuidado con qui\u00e9n desliza el dedo hacia la derecha. Si deslizas el dedo hacia la derecha por alguien a quien no le gustas, entonces est\u00e1s perdiendo el tiempo. En segundo lugar, no sabes qu\u00e9 tipo de persona son hasta despu\u00e9s de haberlos conocido <a href=\"https:\/\/vrpguide.com\/es\/las-mejores-peliculas-porno-de-rv\/\">rv porn<\/a>. En tercer lugar, es posible que termines conociendo a alguien que no es compatible contigo. Por \u00faltimo, \u00a1es posible que te encuentres deslizando a la izquierda para todos!<\/p>\n<h3>\u00bfHay una aplicaci\u00f3n para hablar sucio?<\/h3>\n<p>\u00a1S\u00ed! Hay una aplicaci\u00f3n llamada Dirty Talk que permite a los usuarios grabarse a s\u00ed mismos diciendo cosas traviesas mientras se ven a s\u00ed mismos haci\u00e9ndolo. La aplicaci\u00f3n tambi\u00e9n tiene una funci\u00f3n donde los usuarios pueden enviarse mensajes \u00absucios\u00bb entre s\u00ed.<\/p>\n<h3>\u00bfCu\u00e1l es la aplicaci\u00f3n m\u00e1s segura para el sexting?<\/h3>\n<p>La aplicaci\u00f3n m\u00e1s segura para el sexting se llama \u00abTinychat\u00bb, que ha sido calificada como una de las mejores aplicaciones para sexting. Tinychat utiliza tecnolog\u00eda de cifrado de extremo a extremo para garantizar que ning\u00fan tercero pueda acceder a sus mensajes. Esto significa que solo t\u00fa y la persona con la que est\u00e1s chateando <a href=\"https:\/\/www.fuck-buddies.net\/es\/los-mejores-juegos-porno-en-steam\/\">los mejores juegos porno<\/a> pueden leer lo que escribes.<\/p>\n<h3>\u00bfC\u00f3mo se hace el sexting en l\u00ednea?<\/h3>\n<p>El sexting se realiza a trav\u00e9s de aplicaciones como Kik, Snapchat, Grindr, etc. La mejor manera de encontrar a alguien para el sexting es usar una aplicaci\u00f3n de citas como Tinder. Si desea ser discreto sobre sus actividades de sexting, debe usar una aplicaci\u00f3n de chat privado en lugar de aplicaciones de chat p\u00fablicas.<\/p>\n<h3>\u00bfC\u00f3mo conseguir desnudos online?<\/h3>\n<p>Si desea obtener fotos desnudas en l\u00ednea, entonces debe usar un sitio como NudeVault.com donde puede cargar sus fotos de desnudos de forma gratuita. El sitio web tambi\u00e9n ofrece otras caracter\u00edsticas, como salas de video chat, programas de c\u00e1mara web y c\u00e1maras de sexo en vivo.<\/p>\n","protected":false},"excerpt":{"rendered":"<div class=\"mh-excerpt\"><p>El sexting es una actividad popular entre los adolescentes y adultos j\u00f3venes de hoy. Si bien generalmente se hace a trav\u00e9s de mensajes de texto, <a class=\"mh-excerpt-more\" href=\"https:\/\/styleswp.com\/es\/vale-la-pena-tinder-para-el-sexting\/\" title=\"\u00bfVale la pena Tinder para el sexting?\">[&#8230;]<\/a><\/p>\n<\/div>","protected":false},"author":1,"featured_media":0,"parent":0,"menu_order":0,"comment_status":"closed","ping_status":"closed","template":"","meta":[],"yoast_head":"<!-- This site is optimized with the Yoast SEO plugin v17.7.1 - https:\/\/yoast.com\/wordpress\/plugins\/seo\/ -->\n<title>\u00bfVale la pena Tinder para el sexting? - Relationship Guide<\/title>\n<meta name=\"robots\" content=\"index, follow, max-snippet:-1, max-image-preview:large, max-video-preview:-1\" \/>\n<link rel=\"canonical\" href=\"https:\/\/styleswp.com\/es\/vale-la-pena-tinder-para-el-sexting\/\" \/>\n<meta property=\"og:locale\" content=\"es_ES\" \/>\n<meta property=\"og:type\" content=\"article\" \/>\n<meta property=\"og:title\" content=\"\u00bfVale la pena Tinder para el sexting? - Relationship Guide\" \/>\n<meta property=\"og:description\" content=\"El sexting es una actividad popular entre los adolescentes y adultos j\u00f3venes de hoy. Si bien generalmente se hace a trav\u00e9s de mensajes de texto, [...]\" \/>\n<meta property=\"og:url\" content=\"https:\/\/styleswp.com\/es\/vale-la-pena-tinder-para-el-sexting\/\" \/>\n<meta property=\"og:site_name\" content=\"Relationship Guide\" \/>\n<meta property=\"article:modified_time\" content=\"2022-10-17T11:30:16+00:00\" \/>\n<meta name=\"twitter:card\" content=\"summary_large_image\" \/>\n<meta name=\"twitter:label1\" content=\"Tiempo de lectura\" \/>\n\t<meta name=\"twitter:data1\" content=\"3 minutos\" \/>\n<script type=\"application\/ld+json\" class=\"yoast-schema-graph\">{\"@context\":\"https:\/\/schema.org\",\"@graph\":[{\"@type\":\"WebSite\",\"@id\":\"http:\/\/styleswp.com\/fi\/#website\",\"url\":\"http:\/\/styleswp.com\/fi\/\",\"name\":\"Relationship Guide\",\"description\":\"Meet Your Match\",\"potentialAction\":[{\"@type\":\"SearchAction\",\"target\":{\"@type\":\"EntryPoint\",\"urlTemplate\":\"http:\/\/styleswp.com\/fi\/?s={search_term_string}\"},\"query-input\":\"required name=search_term_string\"}],\"inLanguage\":\"es\"},{\"@type\":\"WebPage\",\"@id\":\"https:\/\/styleswp.com\/es\/vale-la-pena-tinder-para-el-sexting\/#webpage\",\"url\":\"https:\/\/styleswp.com\/es\/vale-la-pena-tinder-para-el-sexting\/\",\"name\":\"\\u00bfVale la pena Tinder para el sexting? - Relationship Guide\",\"isPartOf\":{\"@id\":\"http:\/\/styleswp.com\/fi\/#website\"},\"datePublished\":\"2022-09-13T11:36:41+00:00\",\"dateModified\":\"2022-10-17T11:30:16+00:00\",\"breadcrumb\":{\"@id\":\"https:\/\/styleswp.com\/es\/vale-la-pena-tinder-para-el-sexting\/#breadcrumb\"},\"inLanguage\":\"es\",\"potentialAction\":[{\"@type\":\"ReadAction\",\"target\":[\"https:\/\/styleswp.com\/es\/vale-la-pena-tinder-para-el-sexting\/\"]}]},{\"@type\":\"BreadcrumbList\",\"@id\":\"https:\/\/styleswp.com\/es\/vale-la-pena-tinder-para-el-sexting\/#breadcrumb\",\"itemListElement\":[{\"@type\":\"ListItem\",\"position\":1,\"name\":\"Home\",\"item\":\"https:\/\/styleswp.com\/es\/\"},{\"@type\":\"ListItem\",\"position\":2,\"name\":\"\\u00bfVale la pena Tinder para el sexting?\"}]}]}<\/script>\n<!-- \/ Yoast SEO plugin. -->","yoast_head_json":{"title":"\u00bfVale la pena Tinder para el sexting? - Relationship Guide","robots":{"index":"index","follow":"follow","max-snippet":"max-snippet:-1","max-image-preview":"max-image-preview:large","max-video-preview":"max-video-preview:-1"},"canonical":"https:\/\/styleswp.com\/es\/vale-la-pena-tinder-para-el-sexting\/","og_locale":"es_ES","og_type":"article","og_title":"\u00bfVale la pena Tinder para el sexting? - Relationship Guide","og_description":"El sexting es una actividad popular entre los adolescentes y adultos j\u00f3venes de hoy. Si bien generalmente se hace a trav\u00e9s de mensajes de texto, [...]","og_url":"https:\/\/styleswp.com\/es\/vale-la-pena-tinder-para-el-sexting\/","og_site_name":"Relationship Guide","article_modified_time":"2022-10-17T11:30:16+00:00","twitter_card":"summary_large_image","twitter_misc":{"Tiempo de lectura":"3 minutos"},"schema":{"@context":"https:\/\/schema.org","@graph":[{"@type":"WebSite","@id":"http:\/\/styleswp.com\/fi\/#website","url":"http:\/\/styleswp.com\/fi\/","name":"Relationship Guide","description":"Meet Your Match","potentialAction":[{"@type":"SearchAction","target":{"@type":"EntryPoint","urlTemplate":"http:\/\/styleswp.com\/fi\/?s={search_term_string}"},"query-input":"required name=search_term_string"}],"inLanguage":"es"},{"@type":"WebPage","@id":"https:\/\/styleswp.com\/es\/vale-la-pena-tinder-para-el-sexting\/#webpage","url":"https:\/\/styleswp.com\/es\/vale-la-pena-tinder-para-el-sexting\/","name":"\u00bfVale la pena Tinder para el sexting? - Relationship Guide","isPartOf":{"@id":"http:\/\/styleswp.com\/fi\/#website"},"datePublished":"2022-09-13T11:36:41+00:00","dateModified":"2022-10-17T11:30:16+00:00","breadcrumb":{"@id":"https:\/\/styleswp.com\/es\/vale-la-pena-tinder-para-el-sexting\/#breadcrumb"},"inLanguage":"es","potentialAction":[{"@type":"ReadAction","target":["https:\/\/styleswp.com\/es\/vale-la-pena-tinder-para-el-sexting\/"]}]},{"@type":"BreadcrumbList","@id":"https:\/\/styleswp.com\/es\/vale-la-pena-tinder-para-el-sexting\/#breadcrumb","itemListElement":[{"@type":"ListItem","position":1,"name":"Home","item":"https:\/\/styleswp.com\/es\/"},{"@type":"ListItem","position":2,"name":"\u00bfVale la pena Tinder para el sexting?"}]}]}},"_links":{"self":[{"href":"https:\/\/styleswp.com\/es\/wp-json\/wp\/v2\/pages\/137"}],"collection":[{"href":"https:\/\/styleswp.com\/es\/wp-json\/wp\/v2\/pages"}],"about":[{"href":"https:\/\/styleswp.com\/es\/wp-json\/wp\/v2\/types\/page"}],"author":[{"embeddable":true,"href":"https:\/\/styleswp.com\/es\/wp-json\/wp\/v2\/users\/1"}],"replies":[{"embeddable":true,"href":"https:\/\/styleswp.com\/es\/wp-json\/wp\/v2\/comments?post=137"}],"version-history":[{"count":1,"href":"https:\/\/styleswp.com\/es\/wp-json\/wp\/v2\/pages\/137\/revisions"}],"predecessor-version":[{"id":380,"href":"https:\/\/styleswp.com\/es\/wp-json\/wp\/v2\/pages\/137\/revisions\/380"}],"wp:attachment":[{"href":"https:\/\/styleswp.com\/es\/wp-json\/wp\/v2\/media?parent=137"}],"curies":[{"name":"wp","href":"https:\/\/api.w.org\/{rel}","templated":true}]}}