{"id":128,"date":"2022-09-13T12:37:43","date_gmt":"2022-09-13T11:37:43","guid":{"rendered":"http:\/\/styleswp.com\/encuentra-un-amigo-de-mierda-en-tu-area\/"},"modified":"2022-10-17T12:29:44","modified_gmt":"2022-10-17T11:29:44","slug":"encuentra-un-amigo-de-mierda-en-tu-area","status":"publish","type":"page","link":"https:\/\/styleswp.com\/es\/encuentra-un-amigo-de-mierda-en-tu-area\/","title":{"rendered":"Encuentra un amigo de mierda en tu \u00e1rea"},"content":{"rendered":"<p>Hay muchas razones por las que alguien querr\u00eda <a href=\"http:\/\/styleswp.com\/es\/conoce-a-los-asiaticos-locales-por-sexo\/\">encontrar un amigo de mierda<\/a>. Tal vez est\u00e1n solteros y buscan un amigo que comparta intereses similares. O tal vez solo quieren explorar su sexualidad. Cualquiera que sea la raz\u00f3n, encontrar un amigo de mierda puede ser divertido y emocionante.<\/p>\n<p>As\u00ed que ahora que entiendes los riesgos involucrados, \u00a1hablemos de c\u00f3mo encontrar <a href=\"https:\/\/www.local-horny-women.net\/es\/juegos-de-sexo-gratis-para-android\/\">juegos de sexo gratis<\/a> un amigo de mierda! Hay varias opciones diferentes disponibles para usted dependiendo de sus necesidades y deseos.<\/p>\n<h3>\u00bfQu\u00e9 es un amigo de mierda?<\/h3>\n<p>Un amigo de mierda es alguien que tiene relaciones sexuales contigo de forma gratuita. Esta persona puede ser su novia, esposa, esposo, novio o cualquier otra pareja. El t\u00e9rmino \u00abfuck buddy\u00bb fue acu\u00f1ado en la d\u00e9cada de 1980 cuando los hombres ten\u00edan menos parejas sexuales debido al SIDA.<\/p>\n<h3>\u00bfDeber\u00edas mantenerlo casual con un amigo de mierda?<\/h3>\n<p>El sexo casual es ideal para una pareja que quiere condimentar su relaci\u00f3n. Sin embargo, el sexo casual debe mantenerse solo a nivel del dormitorio. Si quieres comenzar una relaci\u00f3n seria, entonces primero debes conocer a alguien.<\/p>\n<h3>\u00bfLa mejor aplicaci\u00f3n de sexo para conocer a un amigo de mierda?<\/h3>\n<p>Las mejores aplicaciones de sexo para conocer a un amigo de mierda incluyen Tinder, Grindr, Scruff y Jack&#8217;d. Estas aplicaciones permiten a los usuarios buscar parejas potenciales en funci\u00f3n de la ubicaci\u00f3n, la edad, el g\u00e9nero, la orientaci\u00f3n sexual y otros criterios. Los usuarios tambi\u00e9n pueden enviarse mensajes entre s\u00ed a trav\u00e9s de estas aplicaciones.<\/p>\n<h3>\u00bfCu\u00e1ntos amigos de mierda puedes tener a la vez?<\/h3>\n<p>La respuesta depende de cu\u00e1nto dinero tengas. Si tienes $ 10,000, entonces puedes tener 10 amigos de mierda a la vez. Sin embargo <a href=\"https:\/\/wank.io\/es\/juegos-porno-gratis-para-iphone\/\">juegos pornos gratis<\/a>, si tienes $ 1 mill\u00f3n de d\u00f3lares, entonces puedes tener 100 amigos de mierda a la vez.<\/p>\n<h3>\u00bfD\u00f3nde puedo chatear con extra\u00f1os en l\u00ednea de forma gratuita?<\/h3>\n<p>Hay varios sitios web donde puedes conocer gente nueva de todo el mundo. Estos sitios incluyen: Facebook, Twitter, Reddit, Quora, Google Plus, LinkedIn y Meetup.com. La mejor manera de encontrar estos sitios es buscar \u00abcitas gratuitas\u00bb o \u00abconocer gente nueva\u00bb.<\/p>\n<h3>\u00bfCu\u00e1l es la mejor plataforma de texto aleatorio de extra\u00f1os?<\/h3>\n<p>TextRandomStrangers es una aplicaci\u00f3n gratuita para tel\u00e9fonos Android que permite a los usuarios enviar mensajes de texto an\u00f3nimos a otros usuarios que tambi\u00e9n usan la aplicaci\u00f3n. La aplicaci\u00f3n ha sido descargada m\u00e1s de 10 millones de veces desde su lanzamiento en 2013. Los usuarios pueden elegir entre una lista de mensajes preescritos como \u00abEstoy aburrido\u00bb, \u00abNecesito ayuda\u00bb o \u00abVamos a reunirnos\u00bb.<\/p>\n<h3>\u00bfHay una aplicaci\u00f3n gratuita para hablar con extra\u00f1os?<\/h3>\n<p>\u00a1S\u00ed! Hay varias aplicaciones disponibles para chatear con extra\u00f1os al azar. El mejor que he usado <a href=\"https:\/\/www.sextchat.net\/es\/los-mejores-juegos-de-sexo-en-steam\/\">mejores juegos hentai<\/a> se llama \u00abTalk To Strangers\u00bb, que ha existido desde 2008. Esta aplicaci\u00f3n te permite chatear con extra\u00f1os de todo el mundo.<\/p>\n<h3>\u00bfEs seguro el sexting en l\u00ednea?<\/h3>\n<p>El sexting es una forma de acoso cibern\u00e9tico que es ilegal en algunos pa\u00edses como Australia, Canad\u00e1, Inglaterra, Irlanda, Nueva Zelanda, Escocia, Gales y otros. Si desea estar seguro al enviar im\u00e1genes sexys, use una aplicaci\u00f3n de mensajer\u00eda segura como Signal, WhatsApp, Viber, WeChat, etc.<\/p>\n","protected":false},"excerpt":{"rendered":"<div class=\"mh-excerpt\"><p>Hay muchas razones por las que alguien querr\u00eda encontrar un amigo de mierda. Tal vez est\u00e1n solteros y buscan un amigo que comparta intereses similares. <a class=\"mh-excerpt-more\" href=\"https:\/\/styleswp.com\/es\/encuentra-un-amigo-de-mierda-en-tu-area\/\" title=\"Encuentra un amigo de mierda en tu \u00e1rea\">[&#8230;]<\/a><\/p>\n<\/div>","protected":false},"author":1,"featured_media":0,"parent":0,"menu_order":0,"comment_status":"closed","ping_status":"closed","template":"","meta":[],"yoast_head":"<!-- This site is optimized with the Yoast SEO plugin v17.7.1 - https:\/\/yoast.com\/wordpress\/plugins\/seo\/ -->\n<title>Encuentra un amigo de mierda en tu \u00e1rea - Relationship Guide<\/title>\n<meta name=\"robots\" content=\"index, follow, max-snippet:-1, max-image-preview:large, max-video-preview:-1\" \/>\n<link rel=\"canonical\" href=\"https:\/\/styleswp.com\/es\/encuentra-un-amigo-de-mierda-en-tu-area\/\" \/>\n<meta property=\"og:locale\" content=\"es_ES\" \/>\n<meta property=\"og:type\" content=\"article\" \/>\n<meta property=\"og:title\" content=\"Encuentra un amigo de mierda en tu \u00e1rea - Relationship Guide\" \/>\n<meta property=\"og:description\" content=\"Hay muchas razones por las que alguien querr\u00eda encontrar un amigo de mierda. Tal vez est\u00e1n solteros y buscan un amigo que comparta intereses similares. [...]\" \/>\n<meta property=\"og:url\" content=\"https:\/\/styleswp.com\/es\/encuentra-un-amigo-de-mierda-en-tu-area\/\" \/>\n<meta property=\"og:site_name\" content=\"Relationship Guide\" \/>\n<meta property=\"article:modified_time\" content=\"2022-10-17T11:29:44+00:00\" \/>\n<meta name=\"twitter:card\" content=\"summary_large_image\" \/>\n<meta name=\"twitter:label1\" content=\"Tiempo de lectura\" \/>\n\t<meta name=\"twitter:data1\" content=\"3 minutos\" \/>\n<script type=\"application\/ld+json\" class=\"yoast-schema-graph\">{\"@context\":\"https:\/\/schema.org\",\"@graph\":[{\"@type\":\"WebSite\",\"@id\":\"http:\/\/styleswp.com\/fi\/#website\",\"url\":\"http:\/\/styleswp.com\/fi\/\",\"name\":\"Relationship Guide\",\"description\":\"Meet Your Match\",\"potentialAction\":[{\"@type\":\"SearchAction\",\"target\":{\"@type\":\"EntryPoint\",\"urlTemplate\":\"http:\/\/styleswp.com\/fi\/?s={search_term_string}\"},\"query-input\":\"required name=search_term_string\"}],\"inLanguage\":\"es\"},{\"@type\":\"WebPage\",\"@id\":\"https:\/\/styleswp.com\/es\/encuentra-un-amigo-de-mierda-en-tu-area\/#webpage\",\"url\":\"https:\/\/styleswp.com\/es\/encuentra-un-amigo-de-mierda-en-tu-area\/\",\"name\":\"Encuentra un amigo de mierda en tu \\u00e1rea - Relationship Guide\",\"isPartOf\":{\"@id\":\"http:\/\/styleswp.com\/fi\/#website\"},\"datePublished\":\"2022-09-13T11:37:43+00:00\",\"dateModified\":\"2022-10-17T11:29:44+00:00\",\"breadcrumb\":{\"@id\":\"https:\/\/styleswp.com\/es\/encuentra-un-amigo-de-mierda-en-tu-area\/#breadcrumb\"},\"inLanguage\":\"es\",\"potentialAction\":[{\"@type\":\"ReadAction\",\"target\":[\"https:\/\/styleswp.com\/es\/encuentra-un-amigo-de-mierda-en-tu-area\/\"]}]},{\"@type\":\"BreadcrumbList\",\"@id\":\"https:\/\/styleswp.com\/es\/encuentra-un-amigo-de-mierda-en-tu-area\/#breadcrumb\",\"itemListElement\":[{\"@type\":\"ListItem\",\"position\":1,\"name\":\"Home\",\"item\":\"https:\/\/styleswp.com\/es\/\"},{\"@type\":\"ListItem\",\"position\":2,\"name\":\"Encuentra un amigo de mierda en tu \\u00e1rea\"}]}]}<\/script>\n<!-- \/ Yoast SEO plugin. -->","yoast_head_json":{"title":"Encuentra un amigo de mierda en tu \u00e1rea - Relationship Guide","robots":{"index":"index","follow":"follow","max-snippet":"max-snippet:-1","max-image-preview":"max-image-preview:large","max-video-preview":"max-video-preview:-1"},"canonical":"https:\/\/styleswp.com\/es\/encuentra-un-amigo-de-mierda-en-tu-area\/","og_locale":"es_ES","og_type":"article","og_title":"Encuentra un amigo de mierda en tu \u00e1rea - Relationship Guide","og_description":"Hay muchas razones por las que alguien querr\u00eda encontrar un amigo de mierda. Tal vez est\u00e1n solteros y buscan un amigo que comparta intereses similares. [...]","og_url":"https:\/\/styleswp.com\/es\/encuentra-un-amigo-de-mierda-en-tu-area\/","og_site_name":"Relationship Guide","article_modified_time":"2022-10-17T11:29:44+00:00","twitter_card":"summary_large_image","twitter_misc":{"Tiempo de lectura":"3 minutos"},"schema":{"@context":"https:\/\/schema.org","@graph":[{"@type":"WebSite","@id":"http:\/\/styleswp.com\/fi\/#website","url":"http:\/\/styleswp.com\/fi\/","name":"Relationship Guide","description":"Meet Your Match","potentialAction":[{"@type":"SearchAction","target":{"@type":"EntryPoint","urlTemplate":"http:\/\/styleswp.com\/fi\/?s={search_term_string}"},"query-input":"required name=search_term_string"}],"inLanguage":"es"},{"@type":"WebPage","@id":"https:\/\/styleswp.com\/es\/encuentra-un-amigo-de-mierda-en-tu-area\/#webpage","url":"https:\/\/styleswp.com\/es\/encuentra-un-amigo-de-mierda-en-tu-area\/","name":"Encuentra un amigo de mierda en tu \u00e1rea - Relationship Guide","isPartOf":{"@id":"http:\/\/styleswp.com\/fi\/#website"},"datePublished":"2022-09-13T11:37:43+00:00","dateModified":"2022-10-17T11:29:44+00:00","breadcrumb":{"@id":"https:\/\/styleswp.com\/es\/encuentra-un-amigo-de-mierda-en-tu-area\/#breadcrumb"},"inLanguage":"es","potentialAction":[{"@type":"ReadAction","target":["https:\/\/styleswp.com\/es\/encuentra-un-amigo-de-mierda-en-tu-area\/"]}]},{"@type":"BreadcrumbList","@id":"https:\/\/styleswp.com\/es\/encuentra-un-amigo-de-mierda-en-tu-area\/#breadcrumb","itemListElement":[{"@type":"ListItem","position":1,"name":"Home","item":"https:\/\/styleswp.com\/es\/"},{"@type":"ListItem","position":2,"name":"Encuentra un amigo de mierda en tu \u00e1rea"}]}]}},"_links":{"self":[{"href":"https:\/\/styleswp.com\/es\/wp-json\/wp\/v2\/pages\/128"}],"collection":[{"href":"https:\/\/styleswp.com\/es\/wp-json\/wp\/v2\/pages"}],"about":[{"href":"https:\/\/styleswp.com\/es\/wp-json\/wp\/v2\/types\/page"}],"author":[{"embeddable":true,"href":"https:\/\/styleswp.com\/es\/wp-json\/wp\/v2\/users\/1"}],"replies":[{"embeddable":true,"href":"https:\/\/styleswp.com\/es\/wp-json\/wp\/v2\/comments?post=128"}],"version-history":[{"count":1,"href":"https:\/\/styleswp.com\/es\/wp-json\/wp\/v2\/pages\/128\/revisions"}],"predecessor-version":[{"id":379,"href":"https:\/\/styleswp.com\/es\/wp-json\/wp\/v2\/pages\/128\/revisions\/379"}],"wp:attachment":[{"href":"https:\/\/styleswp.com\/es\/wp-json\/wp\/v2\/media?parent=128"}],"curies":[{"name":"wp","href":"https:\/\/api.w.org\/{rel}","templated":true}]}}