{"id":150,"date":"2022-09-13T12:36:36","date_gmt":"2022-09-13T11:36:36","guid":{"rendered":"http:\/\/styleswp.com\/apps-nur-fuer-affaeren-kausalsex\/"},"modified":"2022-09-13T12:36:36","modified_gmt":"2022-09-13T11:36:36","slug":"apps-nur-fuer-affaeren-kausalsex","status":"publish","type":"page","link":"https:\/\/styleswp.com\/de\/apps-nur-fuer-affaeren-kausalsex\/","title":{"rendered":"Apps nur f\u00fcr Aff\u00e4ren &amp; Kausalsex!"},"content":{"rendered":"<p>Anschl\u00fcsse machen Spa\u00df, sind einfach und bequem &#8211; aber sie sind nicht immer sicher. Es gibt viele Websites und Apps, die Verbindungen anbieten, aber sie k\u00f6nnen auch zu gef\u00e4hrlichen Situationen f\u00fchren.<\/p>\n<p>Wenn beispielsweise jemand eine Dating-App verwendet, um Fremde zu treffen, k\u00f6nnte er am Ende eine Person treffen, die entweder verheiratet ist oder in eine andere Beziehung verwickelt ist. Selbst wenn sie sich nicht mit jemand anderem treffen, k\u00f6nnten sie am Ende ungesch\u00fctzten Sex haben.<\/p>\n<h3>Was ist die beste Dating-Site, um eine Aff\u00e4re zu haben?<\/h3>\n<p>Der beste Ort, um eine Aff\u00e4re zu haben, ist die Verwendung einer Website wie <a href=\"http:\/\/styleswp.com\/de\/finde-einen-fuck-buddy-in-deiner-naehe\/\">Ashley Madison<\/a>. Dies liegt daran, dass sie diskrete Beziehungen anbieten, in denen beide Parteien keine pers\u00f6nlichen Informationen \u00fcber sich selbst preisgeben m\u00fcssen. Sie bieten auch eine sichere Umgebung, in der Benutzer andere Mitglieder finden k\u00f6nnen, die \u00e4hnliche Interessen teilen.<\/p>\n<h3>Was sind die Top 5 Dating-Sites f\u00fcr verheiratete Menschen?<\/h3>\n<p>Zu den Top-5-Dating-Sites f\u00fcr alleinstehende M\u00e4nner geh\u00f6ren Match.com, eHarmony, PlentyOfFish, OkCupid und ChristianMingle. Zu den Top-5-Dating-Sites, die Frauen nutzen, geh\u00f6ren Match.com, OK Cupid, Christian Mingle, eHarmony und Zoosk.<\/p>\n<h3>Warum nutzen Menschen Online-Dating-Sites f\u00fcr Aff\u00e4ren?<\/h3>\n<p>Online-Dating-Sites werden f\u00fcr Aff\u00e4ren verwendet, weil sie es Menschen erm\u00f6glichen, andere zu treffen, die \u00e4hnliche Interessen und Werte teilen. Die Leute benutzen sie auch, um jemanden zu finden, der sich verabredet, oder einfach nur, um mit anderen Singles zu flirten. Der beste Weg, um herauszufinden, ob eine Person an einer Aff\u00e4re interessiert ist, ist, sie direkt zu fragen.<\/p>\n<h3>Beste Cheater Dating-Apps?<\/h3>\n<p>Es gibt mehrere Betrugs-Apps f\u00fcr Android- und iOS-Ger\u00e4te. Einige von ihnen sind: Tinder, Bumble, Happn, Grindr und OkCupid. Diese Apps erm\u00f6glichen es Benutzern, andere Singles zu finden, die \u00e4hnliche Interessen teilen. Der beste Weg, diese Apps zu verwenden, besteht darin, ein Profil zu erstellen und Profile zu durchsuchen, bis Sie jemanden finden, der interessant ist. Sobald Sie jemanden gefunden haben, den Sie m\u00f6gen, k\u00f6nnen Sie ihm Nachrichten senden und ihn fragen. Wenn sie akzeptieren, k\u00f6nnen Sie anfangen zu chatten und sich schlie\u00dflich anschlie\u00dfen!<\/p>\n<h3>Ist es in Ordnung, Sex ohne Bedingungen zu haben?<\/h3>\n<p>Sex mit jemandem zu haben, der nichts von dir will, ist gro\u00dfartig! Sex f\u00fcr Geld zu haben ist jedoch falsch. Wenn Sie f\u00fcr Sex bezahlt werden m\u00f6chten, sollten Sie dies in einem Bordell tun, wo Sie w\u00e4hlen k\u00f6nnen, mit welchem M\u00e4dchen Sie Sex haben m\u00f6chten.<\/p>\n<h3>Wie hei\u00dft Sex ohne Bedingungen?<\/h3>\n<p>Sex ohne Bedingungen wird als Gelegenheitssex bezeichnet. Gelegenheitssex sind in der Regel kurzfristige sexuelle Begegnungen zwischen zwei Personen, die sich nicht gut kennen. Einige Leute verwenden jedoch den Begriff &#8222;l\u00e4ssig&#8220;, um jede Art von Sex zu beschreiben, den sie mit jemandem hatten, mit dem sie nicht ausgehen wollten.<\/p>\n<h3>Wie bittet man beim Sex um keine Bedingungen?<\/h3>\n<p>Wenn Sie vermeiden m\u00f6chten, dass beim Sex irgendwelche Bedingungen gekn\u00fcpft sind, dann sollten Sie sich von Anfang an dar\u00fcber im Klaren sein, was Sie wollen. Der beste Weg, dies zu kommunizieren, besteht darin, W\u00f6rter wie &#8222;keine Zeichenfolgen&#8220; oder &#8222;Ich will nichts anderes&#8220; zu verwenden. Auf diese Weise wissen beide Parteien genau, worauf sie sich einlassen.<\/p>\n<h3>Wie kann ein M\u00e4dchen an keine Bedingungen gekn\u00fcpft sein?<\/h3>\n<p>An keine Bedingungen gebunden zu sein, bedeutet, Sex mit jemandem zu haben, der nichts anderes von dir will als Vergn\u00fcgen. Dies geschieht normalerweise, wenn eine Person mit Casual Dating experimentieren m\u00f6chte. Der Begriff &#8222;keine Bedingungen gekn\u00fcpft&#8220; kommt von der Idee, dass es keine Erwartungen f\u00fcr eine der beteiligten Parteien gibt.<\/p>\n","protected":false},"excerpt":{"rendered":"<div class=\"mh-excerpt\"><p>Anschl\u00fcsse machen Spa\u00df, sind einfach und bequem &#8211; aber sie sind nicht immer sicher. Es gibt viele Websites und Apps, die Verbindungen anbieten, aber sie <a class=\"mh-excerpt-more\" href=\"https:\/\/styleswp.com\/de\/apps-nur-fuer-affaeren-kausalsex\/\" title=\"Apps nur f\u00fcr Aff\u00e4ren &amp; Kausalsex!\">[&#8230;]<\/a><\/p>\n<\/div>","protected":false},"author":1,"featured_media":0,"parent":0,"menu_order":0,"comment_status":"closed","ping_status":"closed","template":"","meta":[],"yoast_head":"<!-- This site is optimized with the Yoast SEO plugin v17.7.1 - https:\/\/yoast.com\/wordpress\/plugins\/seo\/ -->\n<title>Apps nur f\u00fcr Aff\u00e4ren &amp; Kausalsex! - Relationship Guide<\/title>\n<meta name=\"robots\" content=\"index, follow, max-snippet:-1, max-image-preview:large, max-video-preview:-1\" \/>\n<link rel=\"canonical\" href=\"https:\/\/styleswp.com\/de\/apps-nur-fuer-affaeren-kausalsex\/\" \/>\n<meta property=\"og:locale\" content=\"de_DE\" \/>\n<meta property=\"og:type\" content=\"article\" \/>\n<meta property=\"og:title\" content=\"Apps nur f\u00fcr Aff\u00e4ren &amp; Kausalsex! - Relationship Guide\" \/>\n<meta property=\"og:description\" content=\"Anschl\u00fcsse machen Spa\u00df, sind einfach und bequem &#8211; aber sie sind nicht immer sicher. Es gibt viele Websites und Apps, die Verbindungen anbieten, aber sie [...]\" \/>\n<meta property=\"og:url\" content=\"https:\/\/styleswp.com\/de\/apps-nur-fuer-affaeren-kausalsex\/\" \/>\n<meta property=\"og:site_name\" content=\"Relationship Guide\" \/>\n<meta name=\"twitter:card\" content=\"summary_large_image\" \/>\n<meta name=\"twitter:label1\" content=\"Gesch\u00e4tzte Lesezeit\" \/>\n\t<meta name=\"twitter:data1\" content=\"3\u00a0Minuten\" \/>\n<script type=\"application\/ld+json\" class=\"yoast-schema-graph\">{\"@context\":\"https:\/\/schema.org\",\"@graph\":[{\"@type\":\"WebSite\",\"@id\":\"http:\/\/styleswp.com\/fi\/#website\",\"url\":\"http:\/\/styleswp.com\/fi\/\",\"name\":\"Relationship Guide\",\"description\":\"Meet Your Match\",\"potentialAction\":[{\"@type\":\"SearchAction\",\"target\":{\"@type\":\"EntryPoint\",\"urlTemplate\":\"http:\/\/styleswp.com\/fi\/?s={search_term_string}\"},\"query-input\":\"required name=search_term_string\"}],\"inLanguage\":\"de\"},{\"@type\":\"WebPage\",\"@id\":\"https:\/\/styleswp.com\/de\/apps-nur-fuer-affaeren-kausalsex\/#webpage\",\"url\":\"https:\/\/styleswp.com\/de\/apps-nur-fuer-affaeren-kausalsex\/\",\"name\":\"Apps nur f\\u00fcr Aff\\u00e4ren &amp; Kausalsex! - Relationship Guide\",\"isPartOf\":{\"@id\":\"http:\/\/styleswp.com\/fi\/#website\"},\"datePublished\":\"2022-09-13T11:36:36+00:00\",\"dateModified\":\"2022-09-13T11:36:36+00:00\",\"breadcrumb\":{\"@id\":\"https:\/\/styleswp.com\/de\/apps-nur-fuer-affaeren-kausalsex\/#breadcrumb\"},\"inLanguage\":\"de\",\"potentialAction\":[{\"@type\":\"ReadAction\",\"target\":[\"https:\/\/styleswp.com\/de\/apps-nur-fuer-affaeren-kausalsex\/\"]}]},{\"@type\":\"BreadcrumbList\",\"@id\":\"https:\/\/styleswp.com\/de\/apps-nur-fuer-affaeren-kausalsex\/#breadcrumb\",\"itemListElement\":[{\"@type\":\"ListItem\",\"position\":1,\"name\":\"Home\",\"item\":\"https:\/\/styleswp.com\/de\/\"},{\"@type\":\"ListItem\",\"position\":2,\"name\":\"Apps nur f\\u00fcr Aff\\u00e4ren &amp; Kausalsex!\"}]}]}<\/script>\n<!-- \/ Yoast SEO plugin. -->","yoast_head_json":{"title":"Apps nur f\u00fcr Aff\u00e4ren &amp; Kausalsex! - Relationship Guide","robots":{"index":"index","follow":"follow","max-snippet":"max-snippet:-1","max-image-preview":"max-image-preview:large","max-video-preview":"max-video-preview:-1"},"canonical":"https:\/\/styleswp.com\/de\/apps-nur-fuer-affaeren-kausalsex\/","og_locale":"de_DE","og_type":"article","og_title":"Apps nur f\u00fcr Aff\u00e4ren &amp; Kausalsex! - Relationship Guide","og_description":"Anschl\u00fcsse machen Spa\u00df, sind einfach und bequem &#8211; aber sie sind nicht immer sicher. Es gibt viele Websites und Apps, die Verbindungen anbieten, aber sie [...]","og_url":"https:\/\/styleswp.com\/de\/apps-nur-fuer-affaeren-kausalsex\/","og_site_name":"Relationship Guide","twitter_card":"summary_large_image","twitter_misc":{"Gesch\u00e4tzte Lesezeit":"3\u00a0Minuten"},"schema":{"@context":"https:\/\/schema.org","@graph":[{"@type":"WebSite","@id":"http:\/\/styleswp.com\/fi\/#website","url":"http:\/\/styleswp.com\/fi\/","name":"Relationship Guide","description":"Meet Your Match","potentialAction":[{"@type":"SearchAction","target":{"@type":"EntryPoint","urlTemplate":"http:\/\/styleswp.com\/fi\/?s={search_term_string}"},"query-input":"required name=search_term_string"}],"inLanguage":"de"},{"@type":"WebPage","@id":"https:\/\/styleswp.com\/de\/apps-nur-fuer-affaeren-kausalsex\/#webpage","url":"https:\/\/styleswp.com\/de\/apps-nur-fuer-affaeren-kausalsex\/","name":"Apps nur f\u00fcr Aff\u00e4ren &amp; Kausalsex! - Relationship Guide","isPartOf":{"@id":"http:\/\/styleswp.com\/fi\/#website"},"datePublished":"2022-09-13T11:36:36+00:00","dateModified":"2022-09-13T11:36:36+00:00","breadcrumb":{"@id":"https:\/\/styleswp.com\/de\/apps-nur-fuer-affaeren-kausalsex\/#breadcrumb"},"inLanguage":"de","potentialAction":[{"@type":"ReadAction","target":["https:\/\/styleswp.com\/de\/apps-nur-fuer-affaeren-kausalsex\/"]}]},{"@type":"BreadcrumbList","@id":"https:\/\/styleswp.com\/de\/apps-nur-fuer-affaeren-kausalsex\/#breadcrumb","itemListElement":[{"@type":"ListItem","position":1,"name":"Home","item":"https:\/\/styleswp.com\/de\/"},{"@type":"ListItem","position":2,"name":"Apps nur f\u00fcr Aff\u00e4ren &amp; Kausalsex!"}]}]}},"_links":{"self":[{"href":"https:\/\/styleswp.com\/de\/wp-json\/wp\/v2\/pages\/150"}],"collection":[{"href":"https:\/\/styleswp.com\/de\/wp-json\/wp\/v2\/pages"}],"about":[{"href":"https:\/\/styleswp.com\/de\/wp-json\/wp\/v2\/types\/page"}],"author":[{"embeddable":true,"href":"https:\/\/styleswp.com\/de\/wp-json\/wp\/v2\/users\/1"}],"replies":[{"embeddable":true,"href":"https:\/\/styleswp.com\/de\/wp-json\/wp\/v2\/comments?post=150"}],"version-history":[{"count":0,"href":"https:\/\/styleswp.com\/de\/wp-json\/wp\/v2\/pages\/150\/revisions"}],"wp:attachment":[{"href":"https:\/\/styleswp.com\/de\/wp-json\/wp\/v2\/media?parent=150"}],"curies":[{"name":"wp","href":"https:\/\/api.w.org\/{rel}","templated":true}]}}