{"id":134,"date":"2022-09-13T12:36:41","date_gmt":"2022-09-13T11:36:41","guid":{"rendered":"http:\/\/styleswp.com\/lohnt-sich-tinder-fuer-sexting\/"},"modified":"2022-10-17T13:14:03","modified_gmt":"2022-10-17T12:14:03","slug":"lohnt-sich-tinder-fuer-sexting","status":"publish","type":"page","link":"https:\/\/styleswp.com\/de\/lohnt-sich-tinder-fuer-sexting\/","title":{"rendered":"Lohnt sich Tinder f\u00fcr Sexting?"},"content":{"rendered":"<p>Sexting ist heute eine beliebte Aktivit\u00e4t bei Jugendlichen und jungen Erwachsenen. W\u00e4hrend es in der Regel \u00fcber Textnachrichten geschieht, kann es auch \u00fcber andere Formen der Kommunikation wie Snapchat und Instagram geschehen.<\/p>\n<p>W\u00e4hrend es Vorteile bei der Verwendung dieser Apps gibt, gibt es auch <a href=\"http:\/\/www.sex-chat-rooms.com\/de\/pegging-termine\/\">pegging dates<\/a> Nachteile. Apps wie Kik und WhatsApp sind weniger sicher als SMS-Apps wie iMessage und Facebook Messenger. Und da sie nicht verschl\u00fcsselt sind, k\u00f6nnten sie m\u00f6glicherweise gehackt werden.<\/p>\n<p>Wenn Sie sich also entscheiden, Sexting auszuprobieren, stellen Sie sicher, dass Sie eine sichere App w\u00e4hlen, die Ende-zu-Ende-Verschl\u00fcsselung bietet. Erw\u00e4gen Sie auch, Vorsichtsma\u00dfnahmen zu treffen, z. B. Ihre pers\u00f6nlichen Daten privat zu halten und die Weitergabe Ihres Standorts zu vermeiden.<\/p>\n<h3>Wie hoch ist die Erfolgsquote von Tinder?<\/h3>\n<p>Die Erfolgsquote von Tinder liegt bei etwa 50%. Das bedeutet, dass <a href=\"https:\/\/www.matchmaker-sites.com\/de\/finden-sie-lokale-milfs\/\">milfs finden<\/a> von 100 M\u00e4nnern, die Tinder verwenden, nur die H\u00e4lfte von ihnen jemanden treffen wird, den sie m\u00f6gen. Frauen neigen jedoch dazu, selektiver zu sein, wenn sie Dating-Apps wie Tinder verwenden.<\/p>\n<h3>Ist Tinder tats\u00e4chlich wirksam?<\/h3>\n<p>Ja, Tinder hat sich als effektiv erwiesen, wenn es darum geht, Benutzer auf der Grundlage gemeinsamer Interessen zusammenzubringen. Die App wurde 2012 ins Leben gerufen und hat mittlerweile \u00fcber 40 Millionen aktive monatliche Nutzer.<\/p>\n<h3>Lohnt sich das Dating auf Tinder?<\/h3>\n<p>Dating auf Tinder macht Spa\u00df und ist einfach, aber es hat auch einige Nachteile. Zuerst m\u00fcssen Sie vorsichtig sein, f\u00fcr wen Sie nach rechts wischen. Wenn du f\u00fcr jemanden, der dich nicht mag, nach rechts wischst, dann verschwendest du deine Zeit. Zweitens wei\u00dft du nicht, was f\u00fcr eine Art von Person sie sind, bis du sie getroffen hast. Drittens k\u00f6nntest du am Ende jemanden treffen, der nicht mit dir kompatibel ist. Schlie\u00dflich k\u00f6nnen Sie feststellen, dass Sie f\u00fcr alle nach links wischen!<\/p>\n<h3>Gibt es eine App f\u00fcr Dirty Talking?<\/h3>\n<p>Ja! Es gibt eine App namens Dirty Talk, mit der Benutzer sich selbst aufnehmen k\u00f6nnen <a href=\"https:\/\/www.sextstrangers.com\/de\/bondage-dating\/\">bondage dating<\/a>, indem sie ungezogene Dinge sagen, w\u00e4hrend sie sich dabei beobachten. Die App verf\u00fcgt auch \u00fcber eine Funktion, mit der sich Benutzer gegenseitig &#8222;schmutzige&#8220; Nachrichten senden k\u00f6nnen.<\/p>\n<h3>Was ist die sicherste App f\u00fcr Sexting?<\/h3>\n<p>Die sicherste App f\u00fcr Sexting hei\u00dft &#8222;Tinychat&#8220;, die als eine der besten Apps f\u00fcr Sexting eingestuft wurde. Tinychat verwendet eine End-to-End-Verschl\u00fcsselungstechnologie, um sicherzustellen, dass kein Dritter auf Ihre Nachrichten zugreifen kann. Das bedeutet, dass nur Sie und die Person, mit der Sie chatten, lesen k\u00f6nnen, was Sie schreiben.<\/p>\n<h3>Wie macht man Online-Sexting?<\/h3>\n<p>Sexting erfolgt \u00fcber Apps wie Kik, Snapchat, Grindr usw. Der beste Weg, jemanden f\u00fcr Sexting zu finden, ist die Verwendung einer Dating-App wie Tinder. Wenn Sie diskret \u00fcber Ihre Sexting-Aktivit\u00e4ten sein m\u00f6chten, sollten Sie eine private Chat-Anwendung anstelle von \u00f6ffentlichen Chat-Anwendungen verwenden.<\/p>\n<h3>Wie bekomme ich Nacktbilder online?<\/h3>\n<p>Wenn Sie Nacktfotos online stellen m\u00f6chten, sollten Sie eine Website wie NudeVault.com verwenden, auf der Sie Ihre Nacktbilder kostenlos hochladen k\u00f6nnen. Die Website bietet auch andere Funktionen wie Video-Chatrooms, Webcam-Shows und Live-Sex-Cams.<\/p>\n","protected":false},"excerpt":{"rendered":"<div class=\"mh-excerpt\"><p>Sexting ist heute eine beliebte Aktivit\u00e4t bei Jugendlichen und jungen Erwachsenen. W\u00e4hrend es in der Regel \u00fcber Textnachrichten geschieht, kann es auch \u00fcber andere Formen <a class=\"mh-excerpt-more\" href=\"https:\/\/styleswp.com\/de\/lohnt-sich-tinder-fuer-sexting\/\" title=\"Lohnt sich Tinder f\u00fcr Sexting?\">[&#8230;]<\/a><\/p>\n<\/div>","protected":false},"author":1,"featured_media":0,"parent":0,"menu_order":0,"comment_status":"closed","ping_status":"closed","template":"","meta":[],"yoast_head":"<!-- This site is optimized with the Yoast SEO plugin v17.7.1 - https:\/\/yoast.com\/wordpress\/plugins\/seo\/ -->\n<title>Lohnt sich Tinder f\u00fcr Sexting? - Relationship Guide<\/title>\n<meta name=\"robots\" content=\"index, follow, max-snippet:-1, max-image-preview:large, max-video-preview:-1\" \/>\n<link rel=\"canonical\" href=\"https:\/\/styleswp.com\/de\/lohnt-sich-tinder-fuer-sexting\/\" \/>\n<meta property=\"og:locale\" content=\"de_DE\" \/>\n<meta property=\"og:type\" content=\"article\" \/>\n<meta property=\"og:title\" content=\"Lohnt sich Tinder f\u00fcr Sexting? - Relationship Guide\" \/>\n<meta property=\"og:description\" content=\"Sexting ist heute eine beliebte Aktivit\u00e4t bei Jugendlichen und jungen Erwachsenen. W\u00e4hrend es in der Regel \u00fcber Textnachrichten geschieht, kann es auch \u00fcber andere Formen [...]\" \/>\n<meta property=\"og:url\" content=\"https:\/\/styleswp.com\/de\/lohnt-sich-tinder-fuer-sexting\/\" \/>\n<meta property=\"og:site_name\" content=\"Relationship Guide\" \/>\n<meta property=\"article:modified_time\" content=\"2022-10-17T12:14:03+00:00\" \/>\n<meta name=\"twitter:card\" content=\"summary_large_image\" \/>\n<meta name=\"twitter:label1\" content=\"Gesch\u00e4tzte Lesezeit\" \/>\n\t<meta name=\"twitter:data1\" content=\"3\u00a0Minuten\" \/>\n<script type=\"application\/ld+json\" class=\"yoast-schema-graph\">{\"@context\":\"https:\/\/schema.org\",\"@graph\":[{\"@type\":\"WebSite\",\"@id\":\"http:\/\/styleswp.com\/fi\/#website\",\"url\":\"http:\/\/styleswp.com\/fi\/\",\"name\":\"Relationship Guide\",\"description\":\"Meet Your Match\",\"potentialAction\":[{\"@type\":\"SearchAction\",\"target\":{\"@type\":\"EntryPoint\",\"urlTemplate\":\"http:\/\/styleswp.com\/fi\/?s={search_term_string}\"},\"query-input\":\"required name=search_term_string\"}],\"inLanguage\":\"de\"},{\"@type\":\"WebPage\",\"@id\":\"https:\/\/styleswp.com\/de\/lohnt-sich-tinder-fuer-sexting\/#webpage\",\"url\":\"https:\/\/styleswp.com\/de\/lohnt-sich-tinder-fuer-sexting\/\",\"name\":\"Lohnt sich Tinder f\\u00fcr Sexting? - Relationship Guide\",\"isPartOf\":{\"@id\":\"http:\/\/styleswp.com\/fi\/#website\"},\"datePublished\":\"2022-09-13T11:36:41+00:00\",\"dateModified\":\"2022-10-17T12:14:03+00:00\",\"breadcrumb\":{\"@id\":\"https:\/\/styleswp.com\/de\/lohnt-sich-tinder-fuer-sexting\/#breadcrumb\"},\"inLanguage\":\"de\",\"potentialAction\":[{\"@type\":\"ReadAction\",\"target\":[\"https:\/\/styleswp.com\/de\/lohnt-sich-tinder-fuer-sexting\/\"]}]},{\"@type\":\"BreadcrumbList\",\"@id\":\"https:\/\/styleswp.com\/de\/lohnt-sich-tinder-fuer-sexting\/#breadcrumb\",\"itemListElement\":[{\"@type\":\"ListItem\",\"position\":1,\"name\":\"Home\",\"item\":\"https:\/\/styleswp.com\/de\/\"},{\"@type\":\"ListItem\",\"position\":2,\"name\":\"Lohnt sich Tinder f\\u00fcr Sexting?\"}]}]}<\/script>\n<!-- \/ Yoast SEO plugin. -->","yoast_head_json":{"title":"Lohnt sich Tinder f\u00fcr Sexting? - Relationship Guide","robots":{"index":"index","follow":"follow","max-snippet":"max-snippet:-1","max-image-preview":"max-image-preview:large","max-video-preview":"max-video-preview:-1"},"canonical":"https:\/\/styleswp.com\/de\/lohnt-sich-tinder-fuer-sexting\/","og_locale":"de_DE","og_type":"article","og_title":"Lohnt sich Tinder f\u00fcr Sexting? - Relationship Guide","og_description":"Sexting ist heute eine beliebte Aktivit\u00e4t bei Jugendlichen und jungen Erwachsenen. W\u00e4hrend es in der Regel \u00fcber Textnachrichten geschieht, kann es auch \u00fcber andere Formen [...]","og_url":"https:\/\/styleswp.com\/de\/lohnt-sich-tinder-fuer-sexting\/","og_site_name":"Relationship Guide","article_modified_time":"2022-10-17T12:14:03+00:00","twitter_card":"summary_large_image","twitter_misc":{"Gesch\u00e4tzte Lesezeit":"3\u00a0Minuten"},"schema":{"@context":"https:\/\/schema.org","@graph":[{"@type":"WebSite","@id":"http:\/\/styleswp.com\/fi\/#website","url":"http:\/\/styleswp.com\/fi\/","name":"Relationship Guide","description":"Meet Your Match","potentialAction":[{"@type":"SearchAction","target":{"@type":"EntryPoint","urlTemplate":"http:\/\/styleswp.com\/fi\/?s={search_term_string}"},"query-input":"required name=search_term_string"}],"inLanguage":"de"},{"@type":"WebPage","@id":"https:\/\/styleswp.com\/de\/lohnt-sich-tinder-fuer-sexting\/#webpage","url":"https:\/\/styleswp.com\/de\/lohnt-sich-tinder-fuer-sexting\/","name":"Lohnt sich Tinder f\u00fcr Sexting? - Relationship Guide","isPartOf":{"@id":"http:\/\/styleswp.com\/fi\/#website"},"datePublished":"2022-09-13T11:36:41+00:00","dateModified":"2022-10-17T12:14:03+00:00","breadcrumb":{"@id":"https:\/\/styleswp.com\/de\/lohnt-sich-tinder-fuer-sexting\/#breadcrumb"},"inLanguage":"de","potentialAction":[{"@type":"ReadAction","target":["https:\/\/styleswp.com\/de\/lohnt-sich-tinder-fuer-sexting\/"]}]},{"@type":"BreadcrumbList","@id":"https:\/\/styleswp.com\/de\/lohnt-sich-tinder-fuer-sexting\/#breadcrumb","itemListElement":[{"@type":"ListItem","position":1,"name":"Home","item":"https:\/\/styleswp.com\/de\/"},{"@type":"ListItem","position":2,"name":"Lohnt sich Tinder f\u00fcr Sexting?"}]}]}},"_links":{"self":[{"href":"https:\/\/styleswp.com\/de\/wp-json\/wp\/v2\/pages\/134"}],"collection":[{"href":"https:\/\/styleswp.com\/de\/wp-json\/wp\/v2\/pages"}],"about":[{"href":"https:\/\/styleswp.com\/de\/wp-json\/wp\/v2\/types\/page"}],"author":[{"embeddable":true,"href":"https:\/\/styleswp.com\/de\/wp-json\/wp\/v2\/users\/1"}],"replies":[{"embeddable":true,"href":"https:\/\/styleswp.com\/de\/wp-json\/wp\/v2\/comments?post=134"}],"version-history":[{"count":1,"href":"https:\/\/styleswp.com\/de\/wp-json\/wp\/v2\/pages\/134\/revisions"}],"predecessor-version":[{"id":396,"href":"https:\/\/styleswp.com\/de\/wp-json\/wp\/v2\/pages\/134\/revisions\/396"}],"wp:attachment":[{"href":"https:\/\/styleswp.com\/de\/wp-json\/wp\/v2\/media?parent=134"}],"curies":[{"name":"wp","href":"https:\/\/api.w.org\/{rel}","templated":true}]}}