{"id":98,"date":"2022-09-13T12:39:05","date_gmt":"2022-09-13T11:39:05","guid":{"rendered":"http:\/\/styleswp.com\/kink-dating\/"},"modified":"2022-09-13T12:39:05","modified_gmt":"2022-09-13T11:39:05","slug":"kink-dating","status":"publish","type":"page","link":"https:\/\/styleswp.com\/da\/kink-dating\/","title":{"rendered":"Kink Dating"},"content":{"rendered":"<p>BDSM er en seksuel praksis, der involverer bondage, disciplin, dominans, underkastelse, sadisme, masochisme og andre relaterede aktiviteter. Bondage dating sites henvender sig til folk, der nyder BDSM relationer. Disse typer websteder giver medlemmer mulighed for at gennemse profiler, chatte og arrangere datoer.<\/p>\n<p>Der er flere fordele ved at <a href=\"http:\/\/styleswp.com\/lgbt-dating-faq\/\">tilmelde sig en bondage dating<\/a> site. For det f\u00f8rste giver det dig mulighed for at m\u00f8de andre, der deler lignende interesser. For det andet giver det dig mulighed for at udforske forskellige kinks sikkert og anonymt. For det tredje giver det et sikkert milj\u00f8 for dig at pr\u00f8ve nye ting. Endelig kan det give dig mulighed for at udvide dit netv\u00e6rk og l\u00e6re mere om dig selv.<\/p>\n<p>Mens der er masser af fordele ved at deltage i en bondage dating service, er der ogs\u00e5 risici involveret. F\u00f8r du tilmelder dig, skal du s\u00f8rge for at l\u00e6se anmeldelser, tale med venner og unders\u00f8ge webstedet grundigt. Husk ogs\u00e5, at selvom du m\u00e5ske f\u00f8ler dig godt tilpas med at m\u00f8de nogen online, er det stadig muligt, at du kan ende med at have sex med nogen, du m\u00f8dte online. S\u00e5 v\u00e6r forsigtig!<\/p>\n<h3>Hvordan starter du et kn\u00e6k?<\/h3>\n<p>Kinky sex er en af de bedste m\u00e5der at lindre stress og angst p\u00e5. Hvis du vil pr\u00f8ve nogle nye seksuelle stillinger, skal du bes\u00f8ge en lokal voksenbutik, hvor du kan finde alle slags leget\u00f8j og andre ting til kinky sex.<\/p>\n<h3>Hvordan kan jeg tilf\u00f8je et kn\u00e6k til mit sovev\u00e6relse?<\/h3>\n<p>Den bedste m\u00e5de at tilf\u00f8je et kn\u00e6k til dit sovev\u00e6relse er at bruge et bondage kit. Bondage kits kommer i forskellige st\u00f8rrelser og former. Nogle inkluderer h\u00e5ndjern, bind for \u00f8jnene, piske, floggere, brystvorteklemmer og andet tilbeh\u00f8r. Hvis du vil have noget specifikt, s\u00e5som en vibrator, skal du kigge efter en i en sexbutik.<\/p>\n<h3>Hvad betyder kink i sengen?<\/h3>\n<p>Kinky sex betyder at have seksuelle aktiviteter, der omfatter bondage, dominans, disciplin, sadisme, masochisme, rollespil og andre former for ikke-standard sex. Udtrykket &#8220;kinky&#8221; blev f\u00f8rst brugt i 1970&#8217;erne, da BDSM blev popul\u00e6rt blandt homoseksuelle m\u00e6nd. I dag er ordet blevet synonymt med enhver form for ukonventionel seksualitet.<\/p>\n<h3>Hvad er rollespilskn\u00e6k?<\/h3>\n<p>Et rollespilskn\u00e6k er, n\u00e5r en person tager kontrol over en anden persons krop for seksuel nydelse. Dette sker normalt under sexleg, hvor en partner udspiller fantasier om at have sex med en anden. Nogle almindelige eksempler inkluderer: en mand if\u00f8rt damet\u00f8j, en kvinde, der kl\u00e6der sig ud som en mandlig karakter fra en bog eller film, eller et par, der optr\u00e6der en scene fra et tv-show sammen.<\/p>\n","protected":false},"excerpt":{"rendered":"<div class=\"mh-excerpt\"><p>BDSM er en seksuel praksis, der involverer bondage, disciplin, dominans, underkastelse, sadisme, masochisme og andre relaterede aktiviteter. Bondage dating sites henvender sig til folk, der <a class=\"mh-excerpt-more\" href=\"https:\/\/styleswp.com\/da\/kink-dating\/\" title=\"Kink Dating\">[&#8230;]<\/a><\/p>\n<\/div>","protected":false},"author":1,"featured_media":0,"parent":0,"menu_order":0,"comment_status":"closed","ping_status":"closed","template":"","meta":[],"yoast_head":"<!-- This site is optimized with the Yoast SEO plugin v17.7.1 - https:\/\/yoast.com\/wordpress\/plugins\/seo\/ -->\n<title>Kink Dating - Relationship Guide<\/title>\n<meta name=\"robots\" content=\"index, follow, max-snippet:-1, max-image-preview:large, max-video-preview:-1\" \/>\n<link rel=\"canonical\" href=\"https:\/\/styleswp.com\/da\/kink-dating\/\" \/>\n<meta property=\"og:locale\" content=\"da_DK\" \/>\n<meta property=\"og:type\" content=\"article\" \/>\n<meta property=\"og:title\" content=\"Kink Dating - Relationship Guide\" \/>\n<meta property=\"og:description\" content=\"BDSM er en seksuel praksis, der involverer bondage, disciplin, dominans, underkastelse, sadisme, masochisme og andre relaterede aktiviteter. Bondage dating sites henvender sig til folk, der [...]\" \/>\n<meta property=\"og:url\" content=\"https:\/\/styleswp.com\/da\/kink-dating\/\" \/>\n<meta property=\"og:site_name\" content=\"Relationship Guide\" \/>\n<meta name=\"twitter:card\" content=\"summary_large_image\" \/>\n<meta name=\"twitter:label1\" content=\"Estimeret l\u00e6setid\" \/>\n\t<meta name=\"twitter:data1\" content=\"2 minutter\" \/>\n<script type=\"application\/ld+json\" class=\"yoast-schema-graph\">{\"@context\":\"https:\/\/schema.org\",\"@graph\":[{\"@type\":\"WebSite\",\"@id\":\"http:\/\/styleswp.com\/fi\/#website\",\"url\":\"http:\/\/styleswp.com\/fi\/\",\"name\":\"Relationship Guide\",\"description\":\"Meet Your Match\",\"potentialAction\":[{\"@type\":\"SearchAction\",\"target\":{\"@type\":\"EntryPoint\",\"urlTemplate\":\"http:\/\/styleswp.com\/fi\/?s={search_term_string}\"},\"query-input\":\"required name=search_term_string\"}],\"inLanguage\":\"da-DK\"},{\"@type\":\"WebPage\",\"@id\":\"https:\/\/styleswp.com\/da\/kink-dating\/#webpage\",\"url\":\"https:\/\/styleswp.com\/da\/kink-dating\/\",\"name\":\"Kink Dating - Relationship Guide\",\"isPartOf\":{\"@id\":\"http:\/\/styleswp.com\/fi\/#website\"},\"datePublished\":\"2022-09-13T11:39:05+00:00\",\"dateModified\":\"2022-09-13T11:39:05+00:00\",\"breadcrumb\":{\"@id\":\"https:\/\/styleswp.com\/da\/kink-dating\/#breadcrumb\"},\"inLanguage\":\"da-DK\",\"potentialAction\":[{\"@type\":\"ReadAction\",\"target\":[\"https:\/\/styleswp.com\/da\/kink-dating\/\"]}]},{\"@type\":\"BreadcrumbList\",\"@id\":\"https:\/\/styleswp.com\/da\/kink-dating\/#breadcrumb\",\"itemListElement\":[{\"@type\":\"ListItem\",\"position\":1,\"name\":\"Home\",\"item\":\"https:\/\/styleswp.com\/da\/\"},{\"@type\":\"ListItem\",\"position\":2,\"name\":\"Kink Dating\"}]}]}<\/script>\n<!-- \/ Yoast SEO plugin. -->","yoast_head_json":{"title":"Kink Dating - Relationship Guide","robots":{"index":"index","follow":"follow","max-snippet":"max-snippet:-1","max-image-preview":"max-image-preview:large","max-video-preview":"max-video-preview:-1"},"canonical":"https:\/\/styleswp.com\/da\/kink-dating\/","og_locale":"da_DK","og_type":"article","og_title":"Kink Dating - Relationship Guide","og_description":"BDSM er en seksuel praksis, der involverer bondage, disciplin, dominans, underkastelse, sadisme, masochisme og andre relaterede aktiviteter. Bondage dating sites henvender sig til folk, der [...]","og_url":"https:\/\/styleswp.com\/da\/kink-dating\/","og_site_name":"Relationship Guide","twitter_card":"summary_large_image","twitter_misc":{"Estimeret l\u00e6setid":"2 minutter"},"schema":{"@context":"https:\/\/schema.org","@graph":[{"@type":"WebSite","@id":"http:\/\/styleswp.com\/fi\/#website","url":"http:\/\/styleswp.com\/fi\/","name":"Relationship Guide","description":"Meet Your Match","potentialAction":[{"@type":"SearchAction","target":{"@type":"EntryPoint","urlTemplate":"http:\/\/styleswp.com\/fi\/?s={search_term_string}"},"query-input":"required name=search_term_string"}],"inLanguage":"da-DK"},{"@type":"WebPage","@id":"https:\/\/styleswp.com\/da\/kink-dating\/#webpage","url":"https:\/\/styleswp.com\/da\/kink-dating\/","name":"Kink Dating - Relationship Guide","isPartOf":{"@id":"http:\/\/styleswp.com\/fi\/#website"},"datePublished":"2022-09-13T11:39:05+00:00","dateModified":"2022-09-13T11:39:05+00:00","breadcrumb":{"@id":"https:\/\/styleswp.com\/da\/kink-dating\/#breadcrumb"},"inLanguage":"da-DK","potentialAction":[{"@type":"ReadAction","target":["https:\/\/styleswp.com\/da\/kink-dating\/"]}]},{"@type":"BreadcrumbList","@id":"https:\/\/styleswp.com\/da\/kink-dating\/#breadcrumb","itemListElement":[{"@type":"ListItem","position":1,"name":"Home","item":"https:\/\/styleswp.com\/da\/"},{"@type":"ListItem","position":2,"name":"Kink Dating"}]}]}},"_links":{"self":[{"href":"https:\/\/styleswp.com\/da\/wp-json\/wp\/v2\/pages\/98"}],"collection":[{"href":"https:\/\/styleswp.com\/da\/wp-json\/wp\/v2\/pages"}],"about":[{"href":"https:\/\/styleswp.com\/da\/wp-json\/wp\/v2\/types\/page"}],"author":[{"embeddable":true,"href":"https:\/\/styleswp.com\/da\/wp-json\/wp\/v2\/users\/1"}],"replies":[{"embeddable":true,"href":"https:\/\/styleswp.com\/da\/wp-json\/wp\/v2\/comments?post=98"}],"version-history":[{"count":0,"href":"https:\/\/styleswp.com\/da\/wp-json\/wp\/v2\/pages\/98\/revisions"}],"wp:attachment":[{"href":"https:\/\/styleswp.com\/da\/wp-json\/wp\/v2\/media?parent=98"}],"curies":[{"name":"wp","href":"https:\/\/api.w.org\/{rel}","templated":true}]}}