{"id":351,"date":"2022-09-30T12:51:13","date_gmt":"2022-09-30T11:51:13","guid":{"rendered":"http:\/\/styleswp.com\/kinky-kontaktannoncer\/"},"modified":"2022-09-30T12:51:13","modified_gmt":"2022-09-30T11:51:13","slug":"kinky-kontaktannoncer","status":"publish","type":"page","link":"https:\/\/styleswp.com\/da\/kinky-kontaktannoncer\/","title":{"rendered":"Kinky kontaktannoncer"},"content":{"rendered":"<p>Der er en r\u00e6kke websteder, der henvender sig til BDSM-samfundet, hvilket kan v\u00e6re en stor ressource til at finde ligesindede at tilslutte sig. Disse websteder har typisk fora og chatrum, hvor medlemmer kan oprette forbindelse til hinanden, og de kan ogs\u00e5 have begivenheder og grupper, som medlemmer kan deltage i. Dette kan v\u00e6re en fantastisk m\u00e5de at m\u00f8de mennesker, der deler dine interesser og blive involveret i BDSM-samfundet. Det er dog vigtigt at huske, at ikke alle p\u00e5 disse websteder leder efter en afslappet tilslutning, s\u00e5 det er vigtigt at v\u00e6re klar over dine intentioner, f\u00f8r du m\u00f8des med nogen.<\/p>\n<h2>BDSM Dating Sites<\/h2>\n<p>Hvis du leder efter den bedste bdsm dating finder, s\u00e5 vil du gerne tjekke dette websted. Det er en stor ressource til at finde bdsm dating partnere, samt r\u00e5d og information om livsstilen. Der er et stort samfund af mennesker her, der er glade for at hj\u00e6lpe dig med at komme i gang, og du kan endda finde en partner til at hj\u00e6lpe dig med at komme i gang, hvis du ikke er sikker p\u00e5, hvor du skal begynde. Uanset om du er ny til livsstilen eller en erfaren spiller, er dette webstedet for dig.<\/p>\n<p>Der er noget for enhver smag p\u00e5 kinky kontaktannoncer. Uanset om du leder efter en BDSM-partner til at dominere dig eller en underdanig til at tjene, finder du det, du leder efter her. Du kan s\u00f8ge efter partnere efter placering, alder, kinks og mere. Med s\u00e5 mange medlemmer er du sikker p\u00e5 at finde nogen, der opfylder dine behov. Opret en gratis profil, og begynd at gennemse kinky kontaktannoncer i dag.<\/p>\n<h2>Kink Sites<\/h2>\n<p>Der er en r\u00e6kke kink sites tilg\u00e6ngelige online, der henvender sig til dem med specifikke seksuelle interesser. Disse kan v\u00e6re en fantastisk m\u00e5de at forbinde med ligesindede mennesker og udforske din seksualitet p\u00e5 en sikker og samtykkende m\u00e5de. Det er dog vigtigt at huske, at ikke alle kink-websteder er skabt ens. Nogle er m\u00e5ske ikke s\u00e5 velmodererede som andre, og der er altid potentiale for at l\u00f8be ind i nogen, der ikke respekterer gr\u00e6nser. Som med enhver online aktivitet er det vigtigt at udvise forsigtighed og v\u00e6re opm\u00e6rksom p\u00e5 de involverede risici.<\/p>\n<h3>Milfaholic<\/h3>\n<p>Milfaholic er en datingapp, der specifikt er m\u00e5lrettet \u00e6ldre kvinder eller &#8220;m\u00f8dre, jeg gerne vil f ** k.&#8221; Appen er designet til at hj\u00e6lpe brugerne med at m\u00f8des med \u00e6ldre kvinder til afslappede tilslutninger og sex. Appens gr\u00e6nseflade er enkel og ligetil, og den er nem at bruge. Du kan s\u00f8ge efter \u00e6ldre kvinder efter placering, alder og interesser. Appen indeholder ogs\u00e5 en beskedfunktion, s\u00e5 du kan chatte med potentielle tilslutninger. Samlet set er Milfaholic en god mulighed for alle, der leder efter en nem m\u00e5de at m\u00f8de \u00e6ldre kvinder til afslappet sex.<\/p>\n<h3>100 kr., Kj\u00e6r &amp; Sommerfeld<\/h3>\n<p>Ashley Madison er en dating app designet til folk, der leder efter udenoms\u00e6gteskabelige anliggender. Appen er nem at bruge og har mange funktioner, der g\u00f8r den til et godt valg for folk, der er interesseret i denne type ting. Appen er gratis at downloade og har mange gode anmeldelser.<\/p>\n<h3>Outpersonal.com<\/h3>\n<p>Hvis du leder efter en kinky tilslutning, er Outpersonal.com en god mulighed. Med over 1,5 millioner medlemmer er det et af de st\u00f8rste BDSM-websteder i verden. Og med 3 m\u00e5neders garanti er du sikker p\u00e5 at finde nogen at lege med.<\/p>\n<p>Webstedet er let at navigere og har alle de funktioner, du har brug for for at finde en kinky partner. Du kan s\u00f8ge efter placering, kn\u00e6k eller begge dele. Og du kan sende beskeder til medlemmer gratis.<\/p>\n<p>Den eneste ulempe er, at der er mange falske profiler. Men hvis du er villig til at luge igennem dem, er du sikker p\u00e5 at finde nogen rigtig at tilslutte dig.<\/p>\n","protected":false},"excerpt":{"rendered":"<div class=\"mh-excerpt\"><p>Der er en r\u00e6kke websteder, der henvender sig til BDSM-samfundet, hvilket kan v\u00e6re en stor ressource til at finde ligesindede at tilslutte sig. Disse websteder <a class=\"mh-excerpt-more\" href=\"https:\/\/styleswp.com\/da\/kinky-kontaktannoncer\/\" title=\"Kinky kontaktannoncer\">[&#8230;]<\/a><\/p>\n<\/div>","protected":false},"author":1,"featured_media":0,"parent":0,"menu_order":0,"comment_status":"closed","ping_status":"closed","template":"","meta":[],"yoast_head":"<!-- This site is optimized with the Yoast SEO plugin v17.7.1 - https:\/\/yoast.com\/wordpress\/plugins\/seo\/ -->\n<title>Kinky kontaktannoncer - Relationship Guide<\/title>\n<meta name=\"robots\" content=\"index, follow, max-snippet:-1, max-image-preview:large, max-video-preview:-1\" \/>\n<link rel=\"canonical\" href=\"https:\/\/styleswp.com\/da\/kinky-kontaktannoncer\/\" \/>\n<meta property=\"og:locale\" content=\"da_DK\" \/>\n<meta property=\"og:type\" content=\"article\" \/>\n<meta property=\"og:title\" content=\"Kinky kontaktannoncer - Relationship Guide\" \/>\n<meta property=\"og:description\" content=\"Der er en r\u00e6kke websteder, der henvender sig til BDSM-samfundet, hvilket kan v\u00e6re en stor ressource til at finde ligesindede at tilslutte sig. Disse websteder [...]\" \/>\n<meta property=\"og:url\" content=\"https:\/\/styleswp.com\/da\/kinky-kontaktannoncer\/\" \/>\n<meta property=\"og:site_name\" content=\"Relationship Guide\" \/>\n<meta name=\"twitter:card\" content=\"summary_large_image\" \/>\n<meta name=\"twitter:label1\" content=\"Estimeret l\u00e6setid\" \/>\n\t<meta name=\"twitter:data1\" content=\"3 minutter\" \/>\n<script type=\"application\/ld+json\" class=\"yoast-schema-graph\">{\"@context\":\"https:\/\/schema.org\",\"@graph\":[{\"@type\":\"WebSite\",\"@id\":\"http:\/\/styleswp.com\/fi\/#website\",\"url\":\"http:\/\/styleswp.com\/fi\/\",\"name\":\"Relationship Guide\",\"description\":\"Meet Your Match\",\"potentialAction\":[{\"@type\":\"SearchAction\",\"target\":{\"@type\":\"EntryPoint\",\"urlTemplate\":\"http:\/\/styleswp.com\/fi\/?s={search_term_string}\"},\"query-input\":\"required name=search_term_string\"}],\"inLanguage\":\"da-DK\"},{\"@type\":\"WebPage\",\"@id\":\"https:\/\/styleswp.com\/da\/kinky-kontaktannoncer\/#webpage\",\"url\":\"https:\/\/styleswp.com\/da\/kinky-kontaktannoncer\/\",\"name\":\"Kinky kontaktannoncer - Relationship Guide\",\"isPartOf\":{\"@id\":\"http:\/\/styleswp.com\/fi\/#website\"},\"datePublished\":\"2022-09-30T11:51:13+00:00\",\"dateModified\":\"2022-09-30T11:51:13+00:00\",\"breadcrumb\":{\"@id\":\"https:\/\/styleswp.com\/da\/kinky-kontaktannoncer\/#breadcrumb\"},\"inLanguage\":\"da-DK\",\"potentialAction\":[{\"@type\":\"ReadAction\",\"target\":[\"https:\/\/styleswp.com\/da\/kinky-kontaktannoncer\/\"]}]},{\"@type\":\"BreadcrumbList\",\"@id\":\"https:\/\/styleswp.com\/da\/kinky-kontaktannoncer\/#breadcrumb\",\"itemListElement\":[{\"@type\":\"ListItem\",\"position\":1,\"name\":\"Home\",\"item\":\"https:\/\/styleswp.com\/da\/\"},{\"@type\":\"ListItem\",\"position\":2,\"name\":\"Kinky kontaktannoncer\"}]}]}<\/script>\n<!-- \/ Yoast SEO plugin. -->","yoast_head_json":{"title":"Kinky kontaktannoncer - Relationship Guide","robots":{"index":"index","follow":"follow","max-snippet":"max-snippet:-1","max-image-preview":"max-image-preview:large","max-video-preview":"max-video-preview:-1"},"canonical":"https:\/\/styleswp.com\/da\/kinky-kontaktannoncer\/","og_locale":"da_DK","og_type":"article","og_title":"Kinky kontaktannoncer - Relationship Guide","og_description":"Der er en r\u00e6kke websteder, der henvender sig til BDSM-samfundet, hvilket kan v\u00e6re en stor ressource til at finde ligesindede at tilslutte sig. Disse websteder [...]","og_url":"https:\/\/styleswp.com\/da\/kinky-kontaktannoncer\/","og_site_name":"Relationship Guide","twitter_card":"summary_large_image","twitter_misc":{"Estimeret l\u00e6setid":"3 minutter"},"schema":{"@context":"https:\/\/schema.org","@graph":[{"@type":"WebSite","@id":"http:\/\/styleswp.com\/fi\/#website","url":"http:\/\/styleswp.com\/fi\/","name":"Relationship Guide","description":"Meet Your Match","potentialAction":[{"@type":"SearchAction","target":{"@type":"EntryPoint","urlTemplate":"http:\/\/styleswp.com\/fi\/?s={search_term_string}"},"query-input":"required name=search_term_string"}],"inLanguage":"da-DK"},{"@type":"WebPage","@id":"https:\/\/styleswp.com\/da\/kinky-kontaktannoncer\/#webpage","url":"https:\/\/styleswp.com\/da\/kinky-kontaktannoncer\/","name":"Kinky kontaktannoncer - Relationship Guide","isPartOf":{"@id":"http:\/\/styleswp.com\/fi\/#website"},"datePublished":"2022-09-30T11:51:13+00:00","dateModified":"2022-09-30T11:51:13+00:00","breadcrumb":{"@id":"https:\/\/styleswp.com\/da\/kinky-kontaktannoncer\/#breadcrumb"},"inLanguage":"da-DK","potentialAction":[{"@type":"ReadAction","target":["https:\/\/styleswp.com\/da\/kinky-kontaktannoncer\/"]}]},{"@type":"BreadcrumbList","@id":"https:\/\/styleswp.com\/da\/kinky-kontaktannoncer\/#breadcrumb","itemListElement":[{"@type":"ListItem","position":1,"name":"Home","item":"https:\/\/styleswp.com\/da\/"},{"@type":"ListItem","position":2,"name":"Kinky kontaktannoncer"}]}]}},"_links":{"self":[{"href":"https:\/\/styleswp.com\/da\/wp-json\/wp\/v2\/pages\/351"}],"collection":[{"href":"https:\/\/styleswp.com\/da\/wp-json\/wp\/v2\/pages"}],"about":[{"href":"https:\/\/styleswp.com\/da\/wp-json\/wp\/v2\/types\/page"}],"author":[{"embeddable":true,"href":"https:\/\/styleswp.com\/da\/wp-json\/wp\/v2\/users\/1"}],"replies":[{"embeddable":true,"href":"https:\/\/styleswp.com\/da\/wp-json\/wp\/v2\/comments?post=351"}],"version-history":[{"count":0,"href":"https:\/\/styleswp.com\/da\/wp-json\/wp\/v2\/pages\/351\/revisions"}],"wp:attachment":[{"href":"https:\/\/styleswp.com\/da\/wp-json\/wp\/v2\/media?parent=351"}],"curies":[{"name":"wp","href":"https:\/\/api.w.org\/{rel}","templated":true}]}}