{"id":152,"date":"2022-09-13T12:36:36","date_gmt":"2022-09-13T11:36:36","guid":{"rendered":"http:\/\/styleswp.com\/apps-til-anliggender-og-kun-kausal-sex\/"},"modified":"2022-09-13T12:36:36","modified_gmt":"2022-09-13T11:36:36","slug":"apps-til-anliggender-og-kun-kausal-sex","status":"publish","type":"page","link":"https:\/\/styleswp.com\/da\/apps-til-anliggender-og-kun-kausal-sex\/","title":{"rendered":"Apps til anliggender og kun kausal sex!"},"content":{"rendered":"<p>Tilslutninger er sjove, nemme og bekvemme &#8211; men de er ikke altid sikre. Der er masser af websteder og apps, der tilbyder tilslutninger, men de kan ogs\u00e5 f\u00f8re til farlige situationer.<\/p>\n<p>For eksempel, hvis nogen bruger en datingapp til at m\u00f8de fremmede, kan de ende med at m\u00f8de en person, der enten er gift eller involveret i et andet forhold. Selvom de ikke m\u00f8der en anden, kan de stadig ende med at have ubeskyttet sex.<\/p>\n<h3>Hvad er den bedste datingside til at have en aff\u00e6re?<\/h3>\n<p>Det bedste sted at have en aff\u00e6re er at bruge et websted som <a href=\"http:\/\/styleswp.com\/da\/find-en-fuck-buddy-i-dit-omraade\/\">Ashley Madison<\/a>. Dette skyldes, at de tilbyder diskrete forhold, hvor begge parter ikke beh\u00f8ver at afsl\u00f8re personlige oplysninger om sig selv. De giver ogs\u00e5 et sikkert milj\u00f8, hvor brugerne kan finde andre medlemmer, der deler lignende interesser.<\/p>\n<h3>Hvad er de 5 bedste datingsider for gifte mennesker?<\/h3>\n<p>De 5 bedste datingsider for enlige m\u00e6nd inkluderer Match.com, eHarmony, PlentyOfFish, OkCupid og ChristianMingle. De 5 bedste datingsider, kvinder bruger, inkluderer Match.com, OK Cupid, Christian Mingle, eHarmony og Zoosk.<\/p>\n<h3>Hvorfor bruger folk online dating sites til anliggender?<\/h3>\n<p>Online dating sites bruges til anliggender, fordi de giver folk mulighed for at m\u00f8de andre, der deler lignende interesser og v\u00e6rdier. Folk bruger dem ogs\u00e5 til at finde nogen at date, eller bare til at flirte med andre singler. Den bedste m\u00e5de at finde ud af, om en person er interesseret i at have en aff\u00e6re, er at sp\u00f8rge dem direkte.<\/p>\n<h3>Bedste snydere dating apps?<\/h3>\n<p>Der er flere snydeapps tilg\u00e6ngelige til Android- og iOS-enheder. Nogle af dem inkluderer: Tinder, Bumble, Happn, Grindr og OkCupid. Disse apps giver brugerne mulighed for at finde andre singler, der deler lignende interesser. Den bedste m\u00e5de at bruge disse apps p\u00e5 er at oprette en profil og s\u00f8ge gennem profiler, indtil du finder nogen interessant. N\u00e5r du har fundet nogen, du kan lide, kan du sende dem beskeder og sp\u00f8rge dem ud. Hvis de accepterer, kan du begynde at chatte og til sidst tilslutte dig!<\/p>\n<h3>Er det okay at have sex uden bindinger?<\/h3>\n<p>At have sex med nogen, der ikke \u00f8nsker noget fra dig, er fantastisk! Men at have sex for penge er forkert. Hvis du vil have betaling for sex, s\u00e5 skal du g\u00f8re det p\u00e5 et bordel, hvor du kan v\u00e6lge, hvilken pige du gerne vil have sex med.<\/p>\n<h3>Hvad kaldes sex uden bindinger?<\/h3>\n<p>Sex uden bindinger kaldes casual sex. Afslappet sex er normalt kortvarige seksuelle m\u00f8der mellem to personer, der ikke kender hinanden godt. Nogle mennesker bruger dog udtrykket &#8220;afslappet&#8221; til at beskrive enhver form for sex, de havde med nogen, de ikke \u00f8nskede at date.<\/p>\n<h3>Hvordan beder du om ingen strenge under sex?<\/h3>\n<p>Hvis du vil undg\u00e5 at have nogen strenge knyttet, n\u00e5r du har sex, skal du v\u00e6re klar over, hvad du vil have fra starten. Den bedste m\u00e5de at kommunikere dette p\u00e5 er at bruge ord som &#8220;ingen strenge&#8221; eller &#8220;Jeg vil ikke have noget andet.&#8221; P\u00e5 denne m\u00e5de ved begge parter pr\u00e6cis, hvad de g\u00e5r ind til.<\/p>\n<h3>Hvordan kan en pige v\u00e6re p\u00e5 ingen strenge knyttet?<\/h3>\n<p>At v\u00e6re p\u00e5 ingen strenge betyder at have sex med nogen, der ikke \u00f8nsker andet fra dig end forn\u00f8jelse. Dette g\u00f8res normalt, n\u00e5r en person \u00f8nsker at eksperimentere med casual dating. Udtrykket &#8220;uforpligtende strenge&#8221; kommer fra ideen om, at der ikke er nogen forventninger til nogen af de involverede parter.<\/p>\n","protected":false},"excerpt":{"rendered":"<div class=\"mh-excerpt\"><p>Tilslutninger er sjove, nemme og bekvemme &#8211; men de er ikke altid sikre. Der er masser af websteder og apps, der tilbyder tilslutninger, men de <a class=\"mh-excerpt-more\" href=\"https:\/\/styleswp.com\/da\/apps-til-anliggender-og-kun-kausal-sex\/\" title=\"Apps til anliggender og kun kausal sex!\">[&#8230;]<\/a><\/p>\n<\/div>","protected":false},"author":1,"featured_media":0,"parent":0,"menu_order":0,"comment_status":"closed","ping_status":"closed","template":"","meta":[],"yoast_head":"<!-- This site is optimized with the Yoast SEO plugin v17.7.1 - https:\/\/yoast.com\/wordpress\/plugins\/seo\/ -->\n<title>Apps til anliggender og kun kausal sex! - Relationship Guide<\/title>\n<meta name=\"robots\" content=\"index, follow, max-snippet:-1, max-image-preview:large, max-video-preview:-1\" \/>\n<link rel=\"canonical\" href=\"https:\/\/styleswp.com\/da\/apps-til-anliggender-og-kun-kausal-sex\/\" \/>\n<meta property=\"og:locale\" content=\"da_DK\" \/>\n<meta property=\"og:type\" content=\"article\" \/>\n<meta property=\"og:title\" content=\"Apps til anliggender og kun kausal sex! - Relationship Guide\" \/>\n<meta property=\"og:description\" content=\"Tilslutninger er sjove, nemme og bekvemme &#8211; men de er ikke altid sikre. Der er masser af websteder og apps, der tilbyder tilslutninger, men de [...]\" \/>\n<meta property=\"og:url\" content=\"https:\/\/styleswp.com\/da\/apps-til-anliggender-og-kun-kausal-sex\/\" \/>\n<meta property=\"og:site_name\" content=\"Relationship Guide\" \/>\n<meta name=\"twitter:card\" content=\"summary_large_image\" \/>\n<meta name=\"twitter:label1\" content=\"Estimeret l\u00e6setid\" \/>\n\t<meta name=\"twitter:data1\" content=\"3 minutter\" \/>\n<script type=\"application\/ld+json\" class=\"yoast-schema-graph\">{\"@context\":\"https:\/\/schema.org\",\"@graph\":[{\"@type\":\"WebSite\",\"@id\":\"http:\/\/styleswp.com\/fi\/#website\",\"url\":\"http:\/\/styleswp.com\/fi\/\",\"name\":\"Relationship Guide\",\"description\":\"Meet Your Match\",\"potentialAction\":[{\"@type\":\"SearchAction\",\"target\":{\"@type\":\"EntryPoint\",\"urlTemplate\":\"http:\/\/styleswp.com\/fi\/?s={search_term_string}\"},\"query-input\":\"required name=search_term_string\"}],\"inLanguage\":\"da-DK\"},{\"@type\":\"WebPage\",\"@id\":\"https:\/\/styleswp.com\/da\/apps-til-anliggender-og-kun-kausal-sex\/#webpage\",\"url\":\"https:\/\/styleswp.com\/da\/apps-til-anliggender-og-kun-kausal-sex\/\",\"name\":\"Apps til anliggender og kun kausal sex! - Relationship Guide\",\"isPartOf\":{\"@id\":\"http:\/\/styleswp.com\/fi\/#website\"},\"datePublished\":\"2022-09-13T11:36:36+00:00\",\"dateModified\":\"2022-09-13T11:36:36+00:00\",\"breadcrumb\":{\"@id\":\"https:\/\/styleswp.com\/da\/apps-til-anliggender-og-kun-kausal-sex\/#breadcrumb\"},\"inLanguage\":\"da-DK\",\"potentialAction\":[{\"@type\":\"ReadAction\",\"target\":[\"https:\/\/styleswp.com\/da\/apps-til-anliggender-og-kun-kausal-sex\/\"]}]},{\"@type\":\"BreadcrumbList\",\"@id\":\"https:\/\/styleswp.com\/da\/apps-til-anliggender-og-kun-kausal-sex\/#breadcrumb\",\"itemListElement\":[{\"@type\":\"ListItem\",\"position\":1,\"name\":\"Home\",\"item\":\"https:\/\/styleswp.com\/da\/\"},{\"@type\":\"ListItem\",\"position\":2,\"name\":\"Apps til anliggender og kun kausal sex!\"}]}]}<\/script>\n<!-- \/ Yoast SEO plugin. -->","yoast_head_json":{"title":"Apps til anliggender og kun kausal sex! - Relationship Guide","robots":{"index":"index","follow":"follow","max-snippet":"max-snippet:-1","max-image-preview":"max-image-preview:large","max-video-preview":"max-video-preview:-1"},"canonical":"https:\/\/styleswp.com\/da\/apps-til-anliggender-og-kun-kausal-sex\/","og_locale":"da_DK","og_type":"article","og_title":"Apps til anliggender og kun kausal sex! - Relationship Guide","og_description":"Tilslutninger er sjove, nemme og bekvemme &#8211; men de er ikke altid sikre. Der er masser af websteder og apps, der tilbyder tilslutninger, men de [...]","og_url":"https:\/\/styleswp.com\/da\/apps-til-anliggender-og-kun-kausal-sex\/","og_site_name":"Relationship Guide","twitter_card":"summary_large_image","twitter_misc":{"Estimeret l\u00e6setid":"3 minutter"},"schema":{"@context":"https:\/\/schema.org","@graph":[{"@type":"WebSite","@id":"http:\/\/styleswp.com\/fi\/#website","url":"http:\/\/styleswp.com\/fi\/","name":"Relationship Guide","description":"Meet Your Match","potentialAction":[{"@type":"SearchAction","target":{"@type":"EntryPoint","urlTemplate":"http:\/\/styleswp.com\/fi\/?s={search_term_string}"},"query-input":"required name=search_term_string"}],"inLanguage":"da-DK"},{"@type":"WebPage","@id":"https:\/\/styleswp.com\/da\/apps-til-anliggender-og-kun-kausal-sex\/#webpage","url":"https:\/\/styleswp.com\/da\/apps-til-anliggender-og-kun-kausal-sex\/","name":"Apps til anliggender og kun kausal sex! - Relationship Guide","isPartOf":{"@id":"http:\/\/styleswp.com\/fi\/#website"},"datePublished":"2022-09-13T11:36:36+00:00","dateModified":"2022-09-13T11:36:36+00:00","breadcrumb":{"@id":"https:\/\/styleswp.com\/da\/apps-til-anliggender-og-kun-kausal-sex\/#breadcrumb"},"inLanguage":"da-DK","potentialAction":[{"@type":"ReadAction","target":["https:\/\/styleswp.com\/da\/apps-til-anliggender-og-kun-kausal-sex\/"]}]},{"@type":"BreadcrumbList","@id":"https:\/\/styleswp.com\/da\/apps-til-anliggender-og-kun-kausal-sex\/#breadcrumb","itemListElement":[{"@type":"ListItem","position":1,"name":"Home","item":"https:\/\/styleswp.com\/da\/"},{"@type":"ListItem","position":2,"name":"Apps til anliggender og kun kausal sex!"}]}]}},"_links":{"self":[{"href":"https:\/\/styleswp.com\/da\/wp-json\/wp\/v2\/pages\/152"}],"collection":[{"href":"https:\/\/styleswp.com\/da\/wp-json\/wp\/v2\/pages"}],"about":[{"href":"https:\/\/styleswp.com\/da\/wp-json\/wp\/v2\/types\/page"}],"author":[{"embeddable":true,"href":"https:\/\/styleswp.com\/da\/wp-json\/wp\/v2\/users\/1"}],"replies":[{"embeddable":true,"href":"https:\/\/styleswp.com\/da\/wp-json\/wp\/v2\/comments?post=152"}],"version-history":[{"count":0,"href":"https:\/\/styleswp.com\/da\/wp-json\/wp\/v2\/pages\/152\/revisions"}],"wp:attachment":[{"href":"https:\/\/styleswp.com\/da\/wp-json\/wp\/v2\/media?parent=152"}],"curies":[{"name":"wp","href":"https:\/\/api.w.org\/{rel}","templated":true}]}}