{"id":123,"date":"2022-09-13T12:36:41","date_gmt":"2022-09-13T11:36:41","guid":{"rendered":"http:\/\/styleswp.com\/er-tinder-det-vaerd-for-sexting\/"},"modified":"2022-09-13T12:36:41","modified_gmt":"2022-09-13T11:36:41","slug":"er-tinder-det-vaerd-for-sexting","status":"publish","type":"page","link":"https:\/\/styleswp.com\/da\/er-tinder-det-vaerd-for-sexting\/","title":{"rendered":"Er Tinder det v\u00e6rd for sexting?"},"content":{"rendered":"<p>Sexting er en popul\u00e6r aktivitet blandt teenagere og unge voksne i dag. Selvom det typisk sker via tekstbeskeder, kan det ogs\u00e5 ske over andre former for kommunikation som Snapchat og Instagram.<\/p>\n<p>Selvom der er fordele ved at bruge disse apps, er der ogs\u00e5 ulemper. Apps som Kik og WhatsApp er mindre sikre end sms-apps som iMessage og Facebook Messenger. Og da de ikke er krypteret, kan de potentielt hackes.<\/p>\n<p>S\u00e5 hvis du beslutter dig for at pr\u00f8ve sexting, skal du s\u00f8rge for at v\u00e6lge en sikker app, der tilbyder ende-til-ende-kryptering. Overvej ogs\u00e5 at tage forholdsregler som at holde dine personlige oplysninger private og undg\u00e5 at dele din placering.<\/p>\n<h3>Hvad er succesraten for Tinder?<\/h3>\n<p>Succesraten for Tinder er omkring 50%. Det betyder, at ud af 100 m\u00e6nd, der bruger Tinder, vil kun halvdelen af dem m\u00f8de nogen, de kan lide. Kvinder har dog en tendens til at v\u00e6re mere selektive, n\u00e5r de bruger datingapps som Tinder.<\/p>\n<h3>Er Tinder faktisk effektiv?<\/h3>\n<p>Ja, Tinder har vist sig at v\u00e6re effektiv til at matche brugere baseret p\u00e5 gensidige interesser. Appen blev lanceret i 2012 og har nu over 40 millioner aktive m\u00e5nedlige brugere.<\/p>\n<h3>Er dating p\u00e5 Tinder det v\u00e6rd?<\/h3>\n<p>Dating p\u00e5 Tinder er sjovt og nemt, men det har ogs\u00e5 nogle ulemper. For det f\u00f8rste skal du v\u00e6re forsigtig med, hvem du stryger til h\u00f8jre for. Hvis du stryger til h\u00f8jre for en person, der ikke kan lide dig tilbage, spilder du din tid. For det andet ved du ikke, hvilken slags person de er, f\u00f8r du har m\u00f8dt dem. For det tredje kan du ende med at m\u00f8de nogen, der ikke er kompatibel med dig. Endelig kan du finde dig selv at stryge til venstre for alle!<\/p>\n<h3>Er der en app til dirty talking?<\/h3>\n<p>Ja! Der er en app kaldet Dirty Talk, som giver brugerne mulighed for at optage sig selv og sige fr\u00e6kke ting, mens de ser sig selv g\u00f8re det. Appen har ogs\u00e5 en funktion, hvor brugerne kan sende hinanden &#8220;beskidte&#8221; beskeder.<\/p>\n<h3>Hvad er den mest sikre app til sexting?<\/h3>\n<p>Den mest sikre app til sexting kaldes &#8220;Tinychat&#8221;, som er blevet bed\u00f8mt som en af de bedste apps til sexting. Tinychat bruger end-to-end krypteringsteknologi for at sikre, at ingen tredjepart kan f\u00e5 adgang til dine meddelelser. Det betyder, at kun du og den person, du chatter med, kan l\u00e6se, hvad du skriver.<\/p>\n<h3>Hvordan laver du online sexting?<\/h3>\n<p>Sexting sker gennem apps som Kik, Snapchat, Grindr osv. Den bedste m\u00e5de at finde nogen til sexting er at bruge en datingapp som Tinder. Hvis du vil v\u00e6re diskret om dine sextingaktiviteter, skal du bruge en privat chatapplikation i stedet for offentlige chatapplikationer.<\/p>\n<h3>Hvordan f\u00e5r man n\u00f8genbilleder online?<\/h3>\n<p>Hvis du vil have n\u00f8genbilleder online, skal du bruge et websted som NudeVault.com hvor du kan uploade dine n\u00f8genbilleder gratis. Webstedet tilbyder ogs\u00e5 andre funktioner s\u00e5som videochatrum, webcam-shows og live sexcams.<\/p>\n","protected":false},"excerpt":{"rendered":"<div class=\"mh-excerpt\"><p>Sexting er en popul\u00e6r aktivitet blandt teenagere og unge voksne i dag. Selvom det typisk sker via tekstbeskeder, kan det ogs\u00e5 ske over andre former <a class=\"mh-excerpt-more\" href=\"https:\/\/styleswp.com\/da\/er-tinder-det-vaerd-for-sexting\/\" title=\"Er Tinder det v\u00e6rd for sexting?\">[&#8230;]<\/a><\/p>\n<\/div>","protected":false},"author":1,"featured_media":0,"parent":0,"menu_order":0,"comment_status":"closed","ping_status":"closed","template":"","meta":[],"yoast_head":"<!-- This site is optimized with the Yoast SEO plugin v17.7.1 - https:\/\/yoast.com\/wordpress\/plugins\/seo\/ -->\n<title>Er Tinder det v\u00e6rd for sexting? - Relationship Guide<\/title>\n<meta name=\"robots\" content=\"index, follow, max-snippet:-1, max-image-preview:large, max-video-preview:-1\" \/>\n<link rel=\"canonical\" href=\"https:\/\/styleswp.com\/da\/er-tinder-det-vaerd-for-sexting\/\" \/>\n<meta property=\"og:locale\" content=\"da_DK\" \/>\n<meta property=\"og:type\" content=\"article\" \/>\n<meta property=\"og:title\" content=\"Er Tinder det v\u00e6rd for sexting? - Relationship Guide\" \/>\n<meta property=\"og:description\" content=\"Sexting er en popul\u00e6r aktivitet blandt teenagere og unge voksne i dag. Selvom det typisk sker via tekstbeskeder, kan det ogs\u00e5 ske over andre former [...]\" \/>\n<meta property=\"og:url\" content=\"https:\/\/styleswp.com\/da\/er-tinder-det-vaerd-for-sexting\/\" \/>\n<meta property=\"og:site_name\" content=\"Relationship Guide\" \/>\n<meta name=\"twitter:card\" content=\"summary_large_image\" \/>\n<meta name=\"twitter:label1\" content=\"Estimeret l\u00e6setid\" \/>\n\t<meta name=\"twitter:data1\" content=\"3 minutter\" \/>\n<script type=\"application\/ld+json\" class=\"yoast-schema-graph\">{\"@context\":\"https:\/\/schema.org\",\"@graph\":[{\"@type\":\"WebSite\",\"@id\":\"http:\/\/styleswp.com\/fi\/#website\",\"url\":\"http:\/\/styleswp.com\/fi\/\",\"name\":\"Relationship Guide\",\"description\":\"Meet Your Match\",\"potentialAction\":[{\"@type\":\"SearchAction\",\"target\":{\"@type\":\"EntryPoint\",\"urlTemplate\":\"http:\/\/styleswp.com\/fi\/?s={search_term_string}\"},\"query-input\":\"required name=search_term_string\"}],\"inLanguage\":\"da-DK\"},{\"@type\":\"WebPage\",\"@id\":\"https:\/\/styleswp.com\/da\/er-tinder-det-vaerd-for-sexting\/#webpage\",\"url\":\"https:\/\/styleswp.com\/da\/er-tinder-det-vaerd-for-sexting\/\",\"name\":\"Er Tinder det v\\u00e6rd for sexting? - Relationship Guide\",\"isPartOf\":{\"@id\":\"http:\/\/styleswp.com\/fi\/#website\"},\"datePublished\":\"2022-09-13T11:36:41+00:00\",\"dateModified\":\"2022-09-13T11:36:41+00:00\",\"breadcrumb\":{\"@id\":\"https:\/\/styleswp.com\/da\/er-tinder-det-vaerd-for-sexting\/#breadcrumb\"},\"inLanguage\":\"da-DK\",\"potentialAction\":[{\"@type\":\"ReadAction\",\"target\":[\"https:\/\/styleswp.com\/da\/er-tinder-det-vaerd-for-sexting\/\"]}]},{\"@type\":\"BreadcrumbList\",\"@id\":\"https:\/\/styleswp.com\/da\/er-tinder-det-vaerd-for-sexting\/#breadcrumb\",\"itemListElement\":[{\"@type\":\"ListItem\",\"position\":1,\"name\":\"Home\",\"item\":\"https:\/\/styleswp.com\/da\/\"},{\"@type\":\"ListItem\",\"position\":2,\"name\":\"Er Tinder det v\\u00e6rd for sexting?\"}]}]}<\/script>\n<!-- \/ Yoast SEO plugin. -->","yoast_head_json":{"title":"Er Tinder det v\u00e6rd for sexting? - Relationship Guide","robots":{"index":"index","follow":"follow","max-snippet":"max-snippet:-1","max-image-preview":"max-image-preview:large","max-video-preview":"max-video-preview:-1"},"canonical":"https:\/\/styleswp.com\/da\/er-tinder-det-vaerd-for-sexting\/","og_locale":"da_DK","og_type":"article","og_title":"Er Tinder det v\u00e6rd for sexting? - Relationship Guide","og_description":"Sexting er en popul\u00e6r aktivitet blandt teenagere og unge voksne i dag. Selvom det typisk sker via tekstbeskeder, kan det ogs\u00e5 ske over andre former [...]","og_url":"https:\/\/styleswp.com\/da\/er-tinder-det-vaerd-for-sexting\/","og_site_name":"Relationship Guide","twitter_card":"summary_large_image","twitter_misc":{"Estimeret l\u00e6setid":"3 minutter"},"schema":{"@context":"https:\/\/schema.org","@graph":[{"@type":"WebSite","@id":"http:\/\/styleswp.com\/fi\/#website","url":"http:\/\/styleswp.com\/fi\/","name":"Relationship Guide","description":"Meet Your Match","potentialAction":[{"@type":"SearchAction","target":{"@type":"EntryPoint","urlTemplate":"http:\/\/styleswp.com\/fi\/?s={search_term_string}"},"query-input":"required name=search_term_string"}],"inLanguage":"da-DK"},{"@type":"WebPage","@id":"https:\/\/styleswp.com\/da\/er-tinder-det-vaerd-for-sexting\/#webpage","url":"https:\/\/styleswp.com\/da\/er-tinder-det-vaerd-for-sexting\/","name":"Er Tinder det v\u00e6rd for sexting? - Relationship Guide","isPartOf":{"@id":"http:\/\/styleswp.com\/fi\/#website"},"datePublished":"2022-09-13T11:36:41+00:00","dateModified":"2022-09-13T11:36:41+00:00","breadcrumb":{"@id":"https:\/\/styleswp.com\/da\/er-tinder-det-vaerd-for-sexting\/#breadcrumb"},"inLanguage":"da-DK","potentialAction":[{"@type":"ReadAction","target":["https:\/\/styleswp.com\/da\/er-tinder-det-vaerd-for-sexting\/"]}]},{"@type":"BreadcrumbList","@id":"https:\/\/styleswp.com\/da\/er-tinder-det-vaerd-for-sexting\/#breadcrumb","itemListElement":[{"@type":"ListItem","position":1,"name":"Home","item":"https:\/\/styleswp.com\/da\/"},{"@type":"ListItem","position":2,"name":"Er Tinder det v\u00e6rd for sexting?"}]}]}},"_links":{"self":[{"href":"https:\/\/styleswp.com\/da\/wp-json\/wp\/v2\/pages\/123"}],"collection":[{"href":"https:\/\/styleswp.com\/da\/wp-json\/wp\/v2\/pages"}],"about":[{"href":"https:\/\/styleswp.com\/da\/wp-json\/wp\/v2\/types\/page"}],"author":[{"embeddable":true,"href":"https:\/\/styleswp.com\/da\/wp-json\/wp\/v2\/users\/1"}],"replies":[{"embeddable":true,"href":"https:\/\/styleswp.com\/da\/wp-json\/wp\/v2\/comments?post=123"}],"version-history":[{"count":0,"href":"https:\/\/styleswp.com\/da\/wp-json\/wp\/v2\/pages\/123\/revisions"}],"wp:attachment":[{"href":"https:\/\/styleswp.com\/da\/wp-json\/wp\/v2\/media?parent=123"}],"curies":[{"name":"wp","href":"https:\/\/api.w.org\/{rel}","templated":true}]}}