{"id":118,"date":"2022-09-13T12:37:43","date_gmt":"2022-09-13T11:37:43","guid":{"rendered":"http:\/\/styleswp.com\/find-en-fuck-buddy-i-dit-omraade\/"},"modified":"2022-09-13T12:37:43","modified_gmt":"2022-09-13T11:37:43","slug":"find-en-fuck-buddy-i-dit-omraade","status":"publish","type":"page","link":"https:\/\/styleswp.com\/da\/find-en-fuck-buddy-i-dit-omraade\/","title":{"rendered":"Find en fuck buddy i dit omr\u00e5de"},"content":{"rendered":"<p>Der er mange grunde til, at nogen gerne vil <a href=\"http:\/\/styleswp.com\/da\/moed-lokale-asiater-til-sex\/\">finde en kneppekammerat<\/a>. M\u00e5ske er de single og leder efter en ven, der deler lignende interesser. Eller m\u00e5ske vil de bare udforske deres seksualitet. Uanset \u00e5rsagen kan det v\u00e6re sjovt og sp\u00e6ndende at finde en kneppekammerat.<\/p>\n<p>S\u00e5 nu hvor du forst\u00e5r de involverede risici, lad os tale om, hvordan man finder en fuck buddy! Der er flere forskellige muligheder til r\u00e5dighed for dig afh\u00e6ngigt af dine behov og \u00f8nsker.<\/p>\n<h3>Hvad er en fuck buddy?<\/h3>\n<p>En kneppekammerat er en, der har sex med dig gratis. Denne person kan v\u00e6re din k\u00e6reste, kone, mand, k\u00e6reste eller enhver anden partner. Udtrykket &#8220;fuck buddy&#8221; blev opfundet i 1980&#8217;erne, da m\u00e6nd havde mindre seksuelle partnere p\u00e5 grund af AIDS.<\/p>\n<h3>Skal du holde det afslappet med en kneppekammerat?<\/h3>\n<p>Afslappet sex er fantastisk til et par, der \u00f8nsker at krydre deres forhold. Afslappet sex b\u00f8r dog kun holdes p\u00e5 sovev\u00e6relsesniveau. Hvis du vil starte et seri\u00f8st forhold, skal du f\u00f8rst m\u00f8de nogen.<\/p>\n<h3>Bedste sexapp til at m\u00f8de en kneppekammerat?<\/h3>\n<p>De bedste sexapps til at m\u00f8de en kneppekammerat inkluderer Tinder, Grindr, Scruff og Jack&#8217;d. Disse apps giver brugerne mulighed for at s\u00f8ge efter potentielle partnere baseret p\u00e5 placering, alder, k\u00f8n, seksuel orientering og andre kriterier. Brugere kan ogs\u00e5 sende beskeder til hinanden via disse apps.<\/p>\n<h3>Hvor mange kneppekammerater kan du have p\u00e5 \u00e9n gang?<\/h3>\n<p>Svaret afh\u00e6nger af, hvor mange penge du har. Hvis du har $ 10,000, kan du have 10 fuck venner p\u00e5 \u00e9n gang. Men hvis du har $ 1 million dollars, kan du have 100 fuck venner p\u00e5 \u00e9n gang.<\/p>\n<h3>Hvor kan jeg chatte med fremmede online gratis?<\/h3>\n<p>Der er flere hjemmesider, hvor du kan m\u00f8de nye mennesker fra hele verden. Disse websteder inkluderer: Facebook, Twitter, Reddit, Quora, Google Plus, LinkedIn og Meetup.com. Den bedste m\u00e5de at finde disse websteder p\u00e5 er at s\u00f8ge p\u00e5 &#8220;gratis dating&#8221; eller &#8220;m\u00f8de nye mennesker.&#8221;<\/p>\n<h3>Hvad er den bedste tekst tilf\u00e6ldige fremmede platform?<\/h3>\n<p>TextRandomStrangers er en gratis app til Android-telefoner, der giver brugerne mulighed for at sende anonyme tekster til andre brugere, der ogs\u00e5 bruger appen. Appen er blevet downloadet over 10 millioner gange siden lanceringen i 2013. Brugere kan v\u00e6lge fra en liste over forudskrevne meddelelser som &#8220;Jeg keder mig&#8221;, &#8220;Jeg har brug for hj\u00e6lp&#8221; eller &#8220;Lad os m\u00f8des&#8221;.<\/p>\n<h3>Er der en gratis app til at tale med fremmede?<\/h3>\n<p>Ja! Der er flere apps tilg\u00e6ngelige til at chatte med tilf\u00e6ldige fremmede. Den bedste, jeg har brugt, hedder &#8220;Talk To Strangers&#8221;, som har eksisteret siden 2008. Denne app giver dig mulighed for at chatte med fremmede fra hele verden.<\/p>\n<h3>Er sexting online sikkert?<\/h3>\n<p>Sexting er en form for cybermobning, som er ulovlig i nogle lande som Australien, Canada, England, Irland, New Zealand, Skotland, Wales og andre. Hvis du vil v\u00e6re sikker, n\u00e5r du sender sexede billeder, skal du bruge en sikker messaging-app som Signal, WhatsApp, Viber, WeChat osv.<\/p>\n","protected":false},"excerpt":{"rendered":"<div class=\"mh-excerpt\"><p>Der er mange grunde til, at nogen gerne vil finde en kneppekammerat. M\u00e5ske er de single og leder efter en ven, der deler lignende interesser. <a class=\"mh-excerpt-more\" href=\"https:\/\/styleswp.com\/da\/find-en-fuck-buddy-i-dit-omraade\/\" title=\"Find en fuck buddy i dit omr\u00e5de\">[&#8230;]<\/a><\/p>\n<\/div>","protected":false},"author":1,"featured_media":0,"parent":0,"menu_order":0,"comment_status":"closed","ping_status":"closed","template":"","meta":[],"yoast_head":"<!-- This site is optimized with the Yoast SEO plugin v17.7.1 - https:\/\/yoast.com\/wordpress\/plugins\/seo\/ -->\n<title>Find en fuck buddy i dit omr\u00e5de - Relationship Guide<\/title>\n<meta name=\"robots\" content=\"index, follow, max-snippet:-1, max-image-preview:large, max-video-preview:-1\" \/>\n<link rel=\"canonical\" href=\"https:\/\/styleswp.com\/da\/find-en-fuck-buddy-i-dit-omraade\/\" \/>\n<meta property=\"og:locale\" content=\"da_DK\" \/>\n<meta property=\"og:type\" content=\"article\" \/>\n<meta property=\"og:title\" content=\"Find en fuck buddy i dit omr\u00e5de - Relationship Guide\" \/>\n<meta property=\"og:description\" content=\"Der er mange grunde til, at nogen gerne vil finde en kneppekammerat. M\u00e5ske er de single og leder efter en ven, der deler lignende interesser. [...]\" \/>\n<meta property=\"og:url\" content=\"https:\/\/styleswp.com\/da\/find-en-fuck-buddy-i-dit-omraade\/\" \/>\n<meta property=\"og:site_name\" content=\"Relationship Guide\" \/>\n<meta name=\"twitter:card\" content=\"summary_large_image\" \/>\n<meta name=\"twitter:label1\" content=\"Estimeret l\u00e6setid\" \/>\n\t<meta name=\"twitter:data1\" content=\"3 minutter\" \/>\n<script type=\"application\/ld+json\" class=\"yoast-schema-graph\">{\"@context\":\"https:\/\/schema.org\",\"@graph\":[{\"@type\":\"WebSite\",\"@id\":\"http:\/\/styleswp.com\/fi\/#website\",\"url\":\"http:\/\/styleswp.com\/fi\/\",\"name\":\"Relationship Guide\",\"description\":\"Meet Your Match\",\"potentialAction\":[{\"@type\":\"SearchAction\",\"target\":{\"@type\":\"EntryPoint\",\"urlTemplate\":\"http:\/\/styleswp.com\/fi\/?s={search_term_string}\"},\"query-input\":\"required name=search_term_string\"}],\"inLanguage\":\"da-DK\"},{\"@type\":\"WebPage\",\"@id\":\"https:\/\/styleswp.com\/da\/find-en-fuck-buddy-i-dit-omraade\/#webpage\",\"url\":\"https:\/\/styleswp.com\/da\/find-en-fuck-buddy-i-dit-omraade\/\",\"name\":\"Find en fuck buddy i dit omr\\u00e5de - Relationship Guide\",\"isPartOf\":{\"@id\":\"http:\/\/styleswp.com\/fi\/#website\"},\"datePublished\":\"2022-09-13T11:37:43+00:00\",\"dateModified\":\"2022-09-13T11:37:43+00:00\",\"breadcrumb\":{\"@id\":\"https:\/\/styleswp.com\/da\/find-en-fuck-buddy-i-dit-omraade\/#breadcrumb\"},\"inLanguage\":\"da-DK\",\"potentialAction\":[{\"@type\":\"ReadAction\",\"target\":[\"https:\/\/styleswp.com\/da\/find-en-fuck-buddy-i-dit-omraade\/\"]}]},{\"@type\":\"BreadcrumbList\",\"@id\":\"https:\/\/styleswp.com\/da\/find-en-fuck-buddy-i-dit-omraade\/#breadcrumb\",\"itemListElement\":[{\"@type\":\"ListItem\",\"position\":1,\"name\":\"Home\",\"item\":\"https:\/\/styleswp.com\/da\/\"},{\"@type\":\"ListItem\",\"position\":2,\"name\":\"Find en fuck buddy i dit omr\\u00e5de\"}]}]}<\/script>\n<!-- \/ Yoast SEO plugin. -->","yoast_head_json":{"title":"Find en fuck buddy i dit omr\u00e5de - Relationship Guide","robots":{"index":"index","follow":"follow","max-snippet":"max-snippet:-1","max-image-preview":"max-image-preview:large","max-video-preview":"max-video-preview:-1"},"canonical":"https:\/\/styleswp.com\/da\/find-en-fuck-buddy-i-dit-omraade\/","og_locale":"da_DK","og_type":"article","og_title":"Find en fuck buddy i dit omr\u00e5de - Relationship Guide","og_description":"Der er mange grunde til, at nogen gerne vil finde en kneppekammerat. M\u00e5ske er de single og leder efter en ven, der deler lignende interesser. [...]","og_url":"https:\/\/styleswp.com\/da\/find-en-fuck-buddy-i-dit-omraade\/","og_site_name":"Relationship Guide","twitter_card":"summary_large_image","twitter_misc":{"Estimeret l\u00e6setid":"3 minutter"},"schema":{"@context":"https:\/\/schema.org","@graph":[{"@type":"WebSite","@id":"http:\/\/styleswp.com\/fi\/#website","url":"http:\/\/styleswp.com\/fi\/","name":"Relationship Guide","description":"Meet Your Match","potentialAction":[{"@type":"SearchAction","target":{"@type":"EntryPoint","urlTemplate":"http:\/\/styleswp.com\/fi\/?s={search_term_string}"},"query-input":"required name=search_term_string"}],"inLanguage":"da-DK"},{"@type":"WebPage","@id":"https:\/\/styleswp.com\/da\/find-en-fuck-buddy-i-dit-omraade\/#webpage","url":"https:\/\/styleswp.com\/da\/find-en-fuck-buddy-i-dit-omraade\/","name":"Find en fuck buddy i dit omr\u00e5de - Relationship Guide","isPartOf":{"@id":"http:\/\/styleswp.com\/fi\/#website"},"datePublished":"2022-09-13T11:37:43+00:00","dateModified":"2022-09-13T11:37:43+00:00","breadcrumb":{"@id":"https:\/\/styleswp.com\/da\/find-en-fuck-buddy-i-dit-omraade\/#breadcrumb"},"inLanguage":"da-DK","potentialAction":[{"@type":"ReadAction","target":["https:\/\/styleswp.com\/da\/find-en-fuck-buddy-i-dit-omraade\/"]}]},{"@type":"BreadcrumbList","@id":"https:\/\/styleswp.com\/da\/find-en-fuck-buddy-i-dit-omraade\/#breadcrumb","itemListElement":[{"@type":"ListItem","position":1,"name":"Home","item":"https:\/\/styleswp.com\/da\/"},{"@type":"ListItem","position":2,"name":"Find en fuck buddy i dit omr\u00e5de"}]}]}},"_links":{"self":[{"href":"https:\/\/styleswp.com\/da\/wp-json\/wp\/v2\/pages\/118"}],"collection":[{"href":"https:\/\/styleswp.com\/da\/wp-json\/wp\/v2\/pages"}],"about":[{"href":"https:\/\/styleswp.com\/da\/wp-json\/wp\/v2\/types\/page"}],"author":[{"embeddable":true,"href":"https:\/\/styleswp.com\/da\/wp-json\/wp\/v2\/users\/1"}],"replies":[{"embeddable":true,"href":"https:\/\/styleswp.com\/da\/wp-json\/wp\/v2\/comments?post=118"}],"version-history":[{"count":0,"href":"https:\/\/styleswp.com\/da\/wp-json\/wp\/v2\/pages\/118\/revisions"}],"wp:attachment":[{"href":"https:\/\/styleswp.com\/da\/wp-json\/wp\/v2\/media?parent=118"}],"curies":[{"name":"wp","href":"https:\/\/api.w.org\/{rel}","templated":true}]}}