{"id":108,"date":"2022-09-13T12:39:25","date_gmt":"2022-09-13T11:39:25","guid":{"rendered":"http:\/\/styleswp.com\/moed-lokale-asiater-til-sex\/"},"modified":"2022-09-13T12:39:25","modified_gmt":"2022-09-13T11:39:25","slug":"moed-lokale-asiater-til-sex","status":"publish","type":"page","link":"https:\/\/styleswp.com\/da\/moed-lokale-asiater-til-sex\/","title":{"rendered":"M\u00f8d lokale asiater til sex"},"content":{"rendered":"<p>Asiatiske datingsider bliver stadig mere popul\u00e6re blandt vesterl\u00e6ndinge, der er tr\u00e6tte af traditionelle datingmetoder. Disse <a href=\"http:\/\/styleswp.com\/da\/kink-dating\/\">online platforme<\/a> giver singler mulighed for at oprette forbindelse til andre asiatiske kvinder og m\u00e6nd baseret p\u00e5 placering, interesser og gensidig kompatibilitet.<\/p>\n<p>Mens asiatiske datingsider vinder indpas, har de stadig en lang vej at g\u00e5, f\u00f8r de bliver mainstream. Der er i \u00f8jeblikket kun en h\u00e5ndfuld velrenommerede asiatiske datingsider tilg\u00e6ngelige, og mange af dem henvender sig udelukkende til kinesiske, japanske, koreanske, filippinske, thailandske, vietnamesiske, malaysiske, indonesiske, singaporeanske, taiwanske og indiske singler. Men hvis du er interesseret i at finde k\u00e6rlighed i udlandet, kan disse websteder v\u00e6re lige det, du leder efter.<\/p>\n<h3>Er der nogen gratis asiatisk datingside?<\/h3>\n<p>Ja, der er flere gratis asiatiske datingsider tilg\u00e6ngelige for singler fra hele verden. De bedste gratis asiatiske datingsider inkluderer: OkCupid, PlentyOfFish, Match, eHarmony, Zoosk og Tinder. Disse websteder giver brugerne mulighed for at s\u00f8ge efter andre medlemmer baseret p\u00e5 placering, alder, k\u00f8n, etnicitet, religion, seksuel orientering og forholdsstatus.<\/p>\n<h3>Hvad er asiaasiamelody app?<\/h3>\n<p>Asiaasiamelody er en ny musikstreamingtjeneste for asiatiske kunstnere. Virksomheden har indg\u00e5et et samarbejde med store pladeselskaber som Warner Music Group, Universal Music Group, Sony Music Entertainment, EMI Music Publishing og BMG Rights Management for at give adgang til millioner af sange fra disse pladeselskaber. Tjenesten tilbyder ogs\u00e5 eksklusivt indhold fra top asiatiske musikere som Jay Chou, Nicki Minaj og PSY.<\/p>\n<h3>Hvordan m\u00f8der man asiatiske singler gratis?<\/h3>\n<p>Hvis du vil finde k\u00e6rligheden i Asien, s\u00e5 skal du pr\u00f8ve at bruge dating apps som Tinder. Denne app giver brugerne mulighed for at stryge til venstre eller h\u00f8jre for at angive, om de er interesserede i at m\u00f8de en ny. Det bedste ved disse apps er, at de giver brugerne mulighed for at gennemse profiler anonymt, hvilket betyder, at du ikke beh\u00f8ver at bekymre dig om at blive afvist fra kampe baseret p\u00e5 dit udseende.<\/p>\n<h3>Hvad er asiand8 dating site?<\/h3>\n<p>Asiand8 er et gratis asiatisk datingwebsted for m\u00e6nd, der leder efter kvinder fra Asien. Webstedet har eksisteret siden 2004 og har i \u00f8jeblikket over 1 million medlemmer over hele verden. Der er ingen gebyrer for at deltage, og al kommunikation mellem brugere er helt gratis.<\/p>\n<h3>Hvordan m\u00f8der man asiatiske singler gratis?<\/h3>\n<p>Hvis du vil finde asiatiske kvinder til dating, skal du bruge en af de bedste asiatiske datingsider som www.AsianDate.com. Dette websted har millioner af medlemmer fra hele verden, og de leder efter k\u00e6rlighed ligesom dig. De tilbyder ogs\u00e5 fantastiske funktioner s\u00e5som live chatrum, videochat og mobilapps.<\/p>\n<h3>Hvad er de bedste asiatiske datingsider?<\/h3>\n<p>Den bedste asiatiske datingside er sandsynligvis en, der har eksisteret i lang tid og har et stort antal medlemmer. P\u00e5 denne m\u00e5de ved du, at de har gjort tingene rigtigt i et stykke tid. Se ogs\u00e5 p\u00e5, hvor aktivt samfundet er, og om de tilbyder yderligere funktioner som videochat.<\/p>\n<h3>Er dateinasia en asiatisk datingside?<\/h3>\n<p>Ja, DateinAsia er et asiatisk datingwebsted for m\u00e6nd fra hele Asien p\u00e5 udkig efter k\u00e6rlighed. Vi tilbyder gratis medlemskab for kvinder, der \u00f8nsker at finde en mand fra Kina, Japan, Korea, Indonesien, Filippinerne, Malaysia, Thailand, Vietnam, Singapore, Cambodja, Indien, Sri Lanka, Bangladesh, Pakistan, Nepal, Bhutan, Mongoliet, Rusland, Ukraine, Hviderusland, Kasakhstan, Kirgisistan, Usbekistan, Tadsjikistan, Turkmenistan, Armenien, Aserbajdsjan, Georgien, Israel, Pal\u00e6stina, Libanon, Syrien, Jordan, Egypten, Libyen, Tunesien, Algeriet, Marokko, Oman, Saudi-Arabien, Kuwait,  Qatar, Bahrain,<\/p>\n<h3>Hvad er de bedste steder at m\u00f8de asiatiske kvinder til \u00e6gteskab?<\/h3>\n<p>Der er flere hjemmesider, hvor du kan finde enlige asiatiske kvinder p\u00e5 udkig efter k\u00e6rlighed. Den f\u00f8rste ting du skal g\u00f8re, n\u00e5r du s\u00f8ger efter en potentiel partner, er at se p\u00e5 hendes profil og beslutte, om hun passer til dig. Hvis du kan lide det, du ser, skal du kontakte hende via e-mail eller telefonopkald.<\/p>\n","protected":false},"excerpt":{"rendered":"<div class=\"mh-excerpt\"><p>Asiatiske datingsider bliver stadig mere popul\u00e6re blandt vesterl\u00e6ndinge, der er tr\u00e6tte af traditionelle datingmetoder. Disse online platforme giver singler mulighed for at oprette forbindelse til <a class=\"mh-excerpt-more\" href=\"https:\/\/styleswp.com\/da\/moed-lokale-asiater-til-sex\/\" title=\"M\u00f8d lokale asiater til sex\">[&#8230;]<\/a><\/p>\n<\/div>","protected":false},"author":1,"featured_media":0,"parent":0,"menu_order":0,"comment_status":"closed","ping_status":"closed","template":"","meta":[],"yoast_head":"<!-- This site is optimized with the Yoast SEO plugin v17.7.1 - https:\/\/yoast.com\/wordpress\/plugins\/seo\/ -->\n<title>M\u00f8d lokale asiater til sex - Relationship Guide<\/title>\n<meta name=\"robots\" content=\"index, follow, max-snippet:-1, max-image-preview:large, max-video-preview:-1\" \/>\n<link rel=\"canonical\" href=\"https:\/\/styleswp.com\/da\/moed-lokale-asiater-til-sex\/\" \/>\n<meta property=\"og:locale\" content=\"da_DK\" \/>\n<meta property=\"og:type\" content=\"article\" \/>\n<meta property=\"og:title\" content=\"M\u00f8d lokale asiater til sex - Relationship Guide\" \/>\n<meta property=\"og:description\" content=\"Asiatiske datingsider bliver stadig mere popul\u00e6re blandt vesterl\u00e6ndinge, der er tr\u00e6tte af traditionelle datingmetoder. Disse online platforme giver singler mulighed for at oprette forbindelse til [...]\" \/>\n<meta property=\"og:url\" content=\"https:\/\/styleswp.com\/da\/moed-lokale-asiater-til-sex\/\" \/>\n<meta property=\"og:site_name\" content=\"Relationship Guide\" \/>\n<meta name=\"twitter:card\" content=\"summary_large_image\" \/>\n<meta name=\"twitter:label1\" content=\"Estimeret l\u00e6setid\" \/>\n\t<meta name=\"twitter:data1\" content=\"3 minutter\" \/>\n<script type=\"application\/ld+json\" class=\"yoast-schema-graph\">{\"@context\":\"https:\/\/schema.org\",\"@graph\":[{\"@type\":\"WebSite\",\"@id\":\"http:\/\/styleswp.com\/fi\/#website\",\"url\":\"http:\/\/styleswp.com\/fi\/\",\"name\":\"Relationship Guide\",\"description\":\"Meet Your Match\",\"potentialAction\":[{\"@type\":\"SearchAction\",\"target\":{\"@type\":\"EntryPoint\",\"urlTemplate\":\"http:\/\/styleswp.com\/fi\/?s={search_term_string}\"},\"query-input\":\"required name=search_term_string\"}],\"inLanguage\":\"da-DK\"},{\"@type\":\"WebPage\",\"@id\":\"https:\/\/styleswp.com\/da\/moed-lokale-asiater-til-sex\/#webpage\",\"url\":\"https:\/\/styleswp.com\/da\/moed-lokale-asiater-til-sex\/\",\"name\":\"M\\u00f8d lokale asiater til sex - Relationship Guide\",\"isPartOf\":{\"@id\":\"http:\/\/styleswp.com\/fi\/#website\"},\"datePublished\":\"2022-09-13T11:39:25+00:00\",\"dateModified\":\"2022-09-13T11:39:25+00:00\",\"breadcrumb\":{\"@id\":\"https:\/\/styleswp.com\/da\/moed-lokale-asiater-til-sex\/#breadcrumb\"},\"inLanguage\":\"da-DK\",\"potentialAction\":[{\"@type\":\"ReadAction\",\"target\":[\"https:\/\/styleswp.com\/da\/moed-lokale-asiater-til-sex\/\"]}]},{\"@type\":\"BreadcrumbList\",\"@id\":\"https:\/\/styleswp.com\/da\/moed-lokale-asiater-til-sex\/#breadcrumb\",\"itemListElement\":[{\"@type\":\"ListItem\",\"position\":1,\"name\":\"Home\",\"item\":\"https:\/\/styleswp.com\/da\/\"},{\"@type\":\"ListItem\",\"position\":2,\"name\":\"M\\u00f8d lokale asiater til sex\"}]}]}<\/script>\n<!-- \/ Yoast SEO plugin. -->","yoast_head_json":{"title":"M\u00f8d lokale asiater til sex - Relationship Guide","robots":{"index":"index","follow":"follow","max-snippet":"max-snippet:-1","max-image-preview":"max-image-preview:large","max-video-preview":"max-video-preview:-1"},"canonical":"https:\/\/styleswp.com\/da\/moed-lokale-asiater-til-sex\/","og_locale":"da_DK","og_type":"article","og_title":"M\u00f8d lokale asiater til sex - Relationship Guide","og_description":"Asiatiske datingsider bliver stadig mere popul\u00e6re blandt vesterl\u00e6ndinge, der er tr\u00e6tte af traditionelle datingmetoder. Disse online platforme giver singler mulighed for at oprette forbindelse til [...]","og_url":"https:\/\/styleswp.com\/da\/moed-lokale-asiater-til-sex\/","og_site_name":"Relationship Guide","twitter_card":"summary_large_image","twitter_misc":{"Estimeret l\u00e6setid":"3 minutter"},"schema":{"@context":"https:\/\/schema.org","@graph":[{"@type":"WebSite","@id":"http:\/\/styleswp.com\/fi\/#website","url":"http:\/\/styleswp.com\/fi\/","name":"Relationship Guide","description":"Meet Your Match","potentialAction":[{"@type":"SearchAction","target":{"@type":"EntryPoint","urlTemplate":"http:\/\/styleswp.com\/fi\/?s={search_term_string}"},"query-input":"required name=search_term_string"}],"inLanguage":"da-DK"},{"@type":"WebPage","@id":"https:\/\/styleswp.com\/da\/moed-lokale-asiater-til-sex\/#webpage","url":"https:\/\/styleswp.com\/da\/moed-lokale-asiater-til-sex\/","name":"M\u00f8d lokale asiater til sex - Relationship Guide","isPartOf":{"@id":"http:\/\/styleswp.com\/fi\/#website"},"datePublished":"2022-09-13T11:39:25+00:00","dateModified":"2022-09-13T11:39:25+00:00","breadcrumb":{"@id":"https:\/\/styleswp.com\/da\/moed-lokale-asiater-til-sex\/#breadcrumb"},"inLanguage":"da-DK","potentialAction":[{"@type":"ReadAction","target":["https:\/\/styleswp.com\/da\/moed-lokale-asiater-til-sex\/"]}]},{"@type":"BreadcrumbList","@id":"https:\/\/styleswp.com\/da\/moed-lokale-asiater-til-sex\/#breadcrumb","itemListElement":[{"@type":"ListItem","position":1,"name":"Home","item":"https:\/\/styleswp.com\/da\/"},{"@type":"ListItem","position":2,"name":"M\u00f8d lokale asiater til sex"}]}]}},"_links":{"self":[{"href":"https:\/\/styleswp.com\/da\/wp-json\/wp\/v2\/pages\/108"}],"collection":[{"href":"https:\/\/styleswp.com\/da\/wp-json\/wp\/v2\/pages"}],"about":[{"href":"https:\/\/styleswp.com\/da\/wp-json\/wp\/v2\/types\/page"}],"author":[{"embeddable":true,"href":"https:\/\/styleswp.com\/da\/wp-json\/wp\/v2\/users\/1"}],"replies":[{"embeddable":true,"href":"https:\/\/styleswp.com\/da\/wp-json\/wp\/v2\/comments?post=108"}],"version-history":[{"count":0,"href":"https:\/\/styleswp.com\/da\/wp-json\/wp\/v2\/pages\/108\/revisions"}],"wp:attachment":[{"href":"https:\/\/styleswp.com\/da\/wp-json\/wp\/v2\/media?parent=108"}],"curies":[{"name":"wp","href":"https:\/\/api.w.org\/{rel}","templated":true}]}}