{"id":94,"date":"2022-09-13T12:39:05","date_gmt":"2022-09-13T11:39:05","guid":{"rendered":"http:\/\/styleswp.com\/kink-seznamka\/"},"modified":"2022-09-13T12:39:05","modified_gmt":"2022-09-13T11:39:05","slug":"kink-seznamka","status":"publish","type":"page","link":"https:\/\/styleswp.com\/cs\/kink-seznamka\/","title":{"rendered":"Kink Seznamka"},"content":{"rendered":"<p>BDSM je sexu\u00e1ln\u00ed praktika zahrnuj\u00edc\u00ed otroctv\u00ed, discipl\u00ednu, dominanci, pod\u0159\u00edzenost, sadismus, masochismus a dal\u0161\u00ed souvisej\u00edc\u00ed aktivity. Bondage seznamovac\u00ed str\u00e1nky se staraj\u00ed o lidi, kte\u0159\u00ed maj\u00ed r\u00e1di BDSM vztahy. Tyto typy web\u016f umo\u017e\u0148uj\u00ed \u010dlen\u016fm proch\u00e1zet profily, chatovat a domlouvat si data.<\/p>\n<p>Existuje n\u011bkolik v\u00fdhod pro <a href=\"http:\/\/styleswp.com\/lgbt-dating-faq\/\">p\u0159ipojen\u00ed k seznamce otroctv\u00ed<\/a> . Za prv\u00e9, umo\u017e\u0148uje v\u00e1m setkat se s ostatn\u00edmi, kte\u0159\u00ed sd\u00edlej\u00ed podobn\u00e9 z\u00e1jmy. Za druh\u00e9, d\u00e1v\u00e1 v\u00e1m p\u0159\u00edle\u017eitost bezpe\u010dn\u011b a anonymn\u011b prozkoumat r\u016fzn\u00e9 zlomy. Za t\u0159et\u00ed, poskytuje v\u00e1m bezpe\u010dn\u00e9 prost\u0159ed\u00ed pro vyzkou\u0161en\u00ed nov\u00fdch v\u011bc\u00ed. Nakonec v\u00e1m m\u016f\u017ee poskytnout p\u0159\u00edle\u017eitosti k roz\u0161\u00ed\u0159en\u00ed va\u0161\u00ed s\u00edt\u011b a dozv\u011bd\u011bt se v\u00edce o sob\u011b.<\/p>\n<p>Zat\u00edmco existuje spousta v\u00fdhod pro p\u0159ipojen\u00ed k bondage datovac\u00ed slu\u017eb\u011b, existuj\u00ed tak\u00e9 rizika. Ne\u017e se zaregistrujete, nezapome\u0148te si p\u0159e\u010d\u00edst recenze, mluvit s p\u0159\u00e1teli a d\u016fkladn\u011b prozkoumat web. Nezapome\u0148te tak\u00e9, \u017ee i kdy\u017e se m\u016f\u017eete c\u00edtit pohodln\u011b p\u0159i setk\u00e1n\u00ed s n\u011bk\u00fdm online, je st\u00e1le mo\u017en\u00e9, \u017ee byste mohli skon\u010dit sexem s n\u011bk\u00fdm, koho jste potkali online. Tak\u017ee bu\u010fte opatrn\u00ed!<\/p>\n<h3>Jak za\u010dnete zlom?<\/h3>\n<p>V\u00fdst\u0159edn\u00ed sex je jedn\u00edm z nejlep\u0161\u00edch zp\u016fsob\u016f, jak zm\u00edrnit stres a \u00fazkost. Pokud chcete vyzkou\u0161et n\u011bjak\u00e9 nov\u00e9 sexu\u00e1ln\u00ed pozice, m\u011bli byste nav\u0161t\u00edvit m\u00edstn\u00ed obchod pro dosp\u011bl\u00e9, kde najdete v\u0161echny druhy hra\u010dek a dal\u0161\u00edch p\u0159edm\u011bt\u016f pro v\u00fdst\u0159edn\u00ed sex.<\/p>\n<h3>Jak mohu p\u0159idat zlom do sv\u00e9 lo\u017enice?<\/h3>\n<p>Nejlep\u0161\u00ed zp\u016fsob, jak p\u0159idat zlom do va\u0161\u00ed lo\u017enice, je pou\u017e\u00edt bond\u00e1\u017en\u00ed sadu. Bond\u00e1\u017en\u00ed soupravy se dod\u00e1vaj\u00ed v r\u016fzn\u00fdch velikostech a tvarech. N\u011bkter\u00e9 zahrnuj\u00ed pouta, zav\u00e1zan\u00e9 o\u010di, bi\u010de, bi\u010de, svorky na bradavky a dal\u0161\u00ed p\u0159\u00edslu\u0161enstv\u00ed. Pokud chcete n\u011bco konkr\u00e9tn\u00edho, nap\u0159\u00edklad vibr\u00e1tor, m\u011bli byste ho hledat v sexshopu.<\/p>\n<h3>Co znamen\u00e1 zlom v posteli?<\/h3>\n<p>V\u00fdst\u0159edn\u00ed sex znamen\u00e1 m\u00edt sexu\u00e1ln\u00ed aktivity, kter\u00e9 zahrnuj\u00ed otroctv\u00ed, nadvl\u00e1du, discipl\u00ednu, sadismus, masochismus, hran\u00ed rol\u00ed a dal\u0161\u00ed formy nestandardn\u00edho sexu. Term\u00edn &#8222;v\u00fdst\u0159edn\u00ed&#8220; byl poprv\u00e9 pou\u017eit v roce 1970, kdy se BDSM stal popul\u00e1rn\u00edm mezi homosexu\u00e1ln\u00edmi mu\u017ei. Dnes se slovo stalo synonymem pro jak\u00fdkoli druh nekonven\u010dn\u00ed sexuality.<\/p>\n<h3>Co jsou to zlomy Roleplay?<\/h3>\n<p>Zlom roleplay je, kdy\u017e jedna osoba p\u0159evezme kontrolu nad t\u011blem jin\u00e9 osoby pro sexu\u00e1ln\u00ed pot\u011b\u0161en\u00ed. To se obvykle d\u011bje b\u011bhem sexu\u00e1ln\u00ed hry, kde jeden partner hraje fantazie o sexu s n\u011bk\u00fdm jin\u00fdm. N\u011bkter\u00e9 b\u011b\u017en\u00e9 p\u0159\u00edklady zahrnuj\u00ed: mu\u017e v \u017eensk\u00e9m oble\u010den\u00ed, \u017eena, kter\u00e1 se obl\u00e9k\u00e1 jako mu\u017esk\u00e1 postava z knihy nebo filmu, nebo p\u00e1r, kter\u00fd spole\u010dn\u011b hraje sc\u00e9nu z televizn\u00edho po\u0159adu.<\/p>\n","protected":false},"excerpt":{"rendered":"<div class=\"mh-excerpt\"><p>BDSM je sexu\u00e1ln\u00ed praktika zahrnuj\u00edc\u00ed otroctv\u00ed, discipl\u00ednu, dominanci, pod\u0159\u00edzenost, sadismus, masochismus a dal\u0161\u00ed souvisej\u00edc\u00ed aktivity. Bondage seznamovac\u00ed str\u00e1nky se staraj\u00ed o lidi, kte\u0159\u00ed maj\u00ed r\u00e1di <a class=\"mh-excerpt-more\" href=\"https:\/\/styleswp.com\/cs\/kink-seznamka\/\" title=\"Kink Seznamka\">[&#8230;]<\/a><\/p>\n<\/div>","protected":false},"author":1,"featured_media":0,"parent":0,"menu_order":0,"comment_status":"closed","ping_status":"closed","template":"","meta":[],"yoast_head":"<!-- This site is optimized with the Yoast SEO plugin v17.7.1 - https:\/\/yoast.com\/wordpress\/plugins\/seo\/ -->\n<title>Kink Seznamka - Relationship Guide<\/title>\n<meta name=\"robots\" content=\"index, follow, max-snippet:-1, max-image-preview:large, max-video-preview:-1\" \/>\n<link rel=\"canonical\" href=\"https:\/\/styleswp.com\/cs\/kink-seznamka\/\" \/>\n<meta property=\"og:locale\" content=\"cs_CZ\" \/>\n<meta property=\"og:type\" content=\"article\" \/>\n<meta property=\"og:title\" content=\"Kink Seznamka - Relationship Guide\" \/>\n<meta property=\"og:description\" content=\"BDSM je sexu\u00e1ln\u00ed praktika zahrnuj\u00edc\u00ed otroctv\u00ed, discipl\u00ednu, dominanci, pod\u0159\u00edzenost, sadismus, masochismus a dal\u0161\u00ed souvisej\u00edc\u00ed aktivity. Bondage seznamovac\u00ed str\u00e1nky se staraj\u00ed o lidi, kte\u0159\u00ed maj\u00ed r\u00e1di [...]\" \/>\n<meta property=\"og:url\" content=\"https:\/\/styleswp.com\/cs\/kink-seznamka\/\" \/>\n<meta property=\"og:site_name\" content=\"Relationship Guide\" \/>\n<meta name=\"twitter:card\" content=\"summary_large_image\" \/>\n<meta name=\"twitter:label1\" content=\"Odhadovan\u00e1 doba \u010dten\u00ed\" \/>\n\t<meta name=\"twitter:data1\" content=\"3 minuty\" \/>\n<script type=\"application\/ld+json\" class=\"yoast-schema-graph\">{\"@context\":\"https:\/\/schema.org\",\"@graph\":[{\"@type\":\"WebSite\",\"@id\":\"http:\/\/styleswp.com\/fi\/#website\",\"url\":\"http:\/\/styleswp.com\/fi\/\",\"name\":\"Relationship Guide\",\"description\":\"Meet Your Match\",\"potentialAction\":[{\"@type\":\"SearchAction\",\"target\":{\"@type\":\"EntryPoint\",\"urlTemplate\":\"http:\/\/styleswp.com\/fi\/?s={search_term_string}\"},\"query-input\":\"required name=search_term_string\"}],\"inLanguage\":\"cs\"},{\"@type\":\"WebPage\",\"@id\":\"https:\/\/styleswp.com\/cs\/kink-seznamka\/#webpage\",\"url\":\"https:\/\/styleswp.com\/cs\/kink-seznamka\/\",\"name\":\"Kink Seznamka - Relationship Guide\",\"isPartOf\":{\"@id\":\"http:\/\/styleswp.com\/fi\/#website\"},\"datePublished\":\"2022-09-13T11:39:05+00:00\",\"dateModified\":\"2022-09-13T11:39:05+00:00\",\"breadcrumb\":{\"@id\":\"https:\/\/styleswp.com\/cs\/kink-seznamka\/#breadcrumb\"},\"inLanguage\":\"cs\",\"potentialAction\":[{\"@type\":\"ReadAction\",\"target\":[\"https:\/\/styleswp.com\/cs\/kink-seznamka\/\"]}]},{\"@type\":\"BreadcrumbList\",\"@id\":\"https:\/\/styleswp.com\/cs\/kink-seznamka\/#breadcrumb\",\"itemListElement\":[{\"@type\":\"ListItem\",\"position\":1,\"name\":\"Home\",\"item\":\"https:\/\/styleswp.com\/cs\/\"},{\"@type\":\"ListItem\",\"position\":2,\"name\":\"Kink Seznamka\"}]}]}<\/script>\n<!-- \/ Yoast SEO plugin. -->","yoast_head_json":{"title":"Kink Seznamka - Relationship Guide","robots":{"index":"index","follow":"follow","max-snippet":"max-snippet:-1","max-image-preview":"max-image-preview:large","max-video-preview":"max-video-preview:-1"},"canonical":"https:\/\/styleswp.com\/cs\/kink-seznamka\/","og_locale":"cs_CZ","og_type":"article","og_title":"Kink Seznamka - Relationship Guide","og_description":"BDSM je sexu\u00e1ln\u00ed praktika zahrnuj\u00edc\u00ed otroctv\u00ed, discipl\u00ednu, dominanci, pod\u0159\u00edzenost, sadismus, masochismus a dal\u0161\u00ed souvisej\u00edc\u00ed aktivity. Bondage seznamovac\u00ed str\u00e1nky se staraj\u00ed o lidi, kte\u0159\u00ed maj\u00ed r\u00e1di [...]","og_url":"https:\/\/styleswp.com\/cs\/kink-seznamka\/","og_site_name":"Relationship Guide","twitter_card":"summary_large_image","twitter_misc":{"Odhadovan\u00e1 doba \u010dten\u00ed":"3 minuty"},"schema":{"@context":"https:\/\/schema.org","@graph":[{"@type":"WebSite","@id":"http:\/\/styleswp.com\/fi\/#website","url":"http:\/\/styleswp.com\/fi\/","name":"Relationship Guide","description":"Meet Your Match","potentialAction":[{"@type":"SearchAction","target":{"@type":"EntryPoint","urlTemplate":"http:\/\/styleswp.com\/fi\/?s={search_term_string}"},"query-input":"required name=search_term_string"}],"inLanguage":"cs"},{"@type":"WebPage","@id":"https:\/\/styleswp.com\/cs\/kink-seznamka\/#webpage","url":"https:\/\/styleswp.com\/cs\/kink-seznamka\/","name":"Kink Seznamka - Relationship Guide","isPartOf":{"@id":"http:\/\/styleswp.com\/fi\/#website"},"datePublished":"2022-09-13T11:39:05+00:00","dateModified":"2022-09-13T11:39:05+00:00","breadcrumb":{"@id":"https:\/\/styleswp.com\/cs\/kink-seznamka\/#breadcrumb"},"inLanguage":"cs","potentialAction":[{"@type":"ReadAction","target":["https:\/\/styleswp.com\/cs\/kink-seznamka\/"]}]},{"@type":"BreadcrumbList","@id":"https:\/\/styleswp.com\/cs\/kink-seznamka\/#breadcrumb","itemListElement":[{"@type":"ListItem","position":1,"name":"Home","item":"https:\/\/styleswp.com\/cs\/"},{"@type":"ListItem","position":2,"name":"Kink Seznamka"}]}]}},"_links":{"self":[{"href":"https:\/\/styleswp.com\/cs\/wp-json\/wp\/v2\/pages\/94"}],"collection":[{"href":"https:\/\/styleswp.com\/cs\/wp-json\/wp\/v2\/pages"}],"about":[{"href":"https:\/\/styleswp.com\/cs\/wp-json\/wp\/v2\/types\/page"}],"author":[{"embeddable":true,"href":"https:\/\/styleswp.com\/cs\/wp-json\/wp\/v2\/users\/1"}],"replies":[{"embeddable":true,"href":"https:\/\/styleswp.com\/cs\/wp-json\/wp\/v2\/comments?post=94"}],"version-history":[{"count":0,"href":"https:\/\/styleswp.com\/cs\/wp-json\/wp\/v2\/pages\/94\/revisions"}],"wp:attachment":[{"href":"https:\/\/styleswp.com\/cs\/wp-json\/wp\/v2\/media?parent=94"}],"curies":[{"name":"wp","href":"https:\/\/api.w.org\/{rel}","templated":true}]}}