{"id":347,"date":"2022-09-30T12:51:13","date_gmt":"2022-09-30T11:51:13","guid":{"rendered":"http:\/\/styleswp.com\/vystredni-osobni\/"},"modified":"2022-09-30T12:51:13","modified_gmt":"2022-09-30T11:51:13","slug":"vystredni-osobni","status":"publish","type":"page","link":"https:\/\/styleswp.com\/cs\/vystredni-osobni\/","title":{"rendered":"V\u00fdst\u0159edn\u00ed osobn\u00ed"},"content":{"rendered":"<p>Existuje \u0159ada webov\u00fdch str\u00e1nek, kter\u00e9 se staraj\u00ed o komunitu BDSM, co\u017e m\u016f\u017ee b\u00fdt skv\u011bl\u00fdm zdrojem pro nalezen\u00ed podobn\u011b sm\u00fd\u0161lej\u00edc\u00edch lid\u00ed, s nimi\u017e se m\u016f\u017eete spojit. Tyto weby maj\u00ed obvykle f\u00f3ra a chatovac\u00ed m\u00edstnosti, kde se \u010dlenov\u00e9 mohou navz\u00e1jem spojit, a mohou m\u00edt tak\u00e9 ud\u00e1losti a skupiny, ke kter\u00fdm se \u010dlenov\u00e9 mohou p\u0159ipojit. To m\u016f\u017ee b\u00fdt skv\u011bl\u00fd zp\u016fsob, jak se setkat s lidmi, kte\u0159\u00ed sd\u00edlej\u00ed va\u0161e z\u00e1jmy a zapojit se do bdSM komunity. Je v\u0161ak d\u016fle\u017eit\u00e9 si uv\u011bdomit, \u017ee ne ka\u017ed\u00fd na t\u011bchto str\u00e1nk\u00e1ch hled\u00e1 p\u0159\u00edle\u017eitostn\u00e9 p\u0159ipojen\u00ed, tak\u017ee je d\u016fle\u017eit\u00e9 m\u00edt jasno o sv\u00fdch z\u00e1m\u011brech, ne\u017e se s n\u011bk\u00fdm setk\u00e1te.<\/p>\n<h2>BDSM Seznamky<\/h2>\n<p>Pokud hled\u00e1te nejlep\u0161\u00ed bdsm seznamku, pak se budete cht\u00edt pod\u00edvat na tento web. Je to skv\u011bl\u00fd zdroj pro hled\u00e1n\u00ed bdsm seznamovac\u00edch partner\u016f, stejn\u011b jako rady a informace o \u017eivotn\u00edm stylu. Je zde velk\u00e1 komunita lid\u00ed, kte\u0159\u00ed v\u00e1m r\u00e1di pomohou za\u010d\u00edt, a dokonce m\u016f\u017eete naj\u00edt partnera, kter\u00fd v\u00e1m pom\u016f\u017ee za\u010d\u00edt, pokud si nejste jisti, kde za\u010d\u00edt. A\u0165 u\u017e jste v \u017eivotn\u00edm stylu nov\u00e1\u010dkem nebo zku\u0161en\u00fdm hr\u00e1\u010dem, toto je m\u00edsto pro v\u00e1s.<\/p>\n<p>Na v\u00fdst\u0159edn\u00edch osob\u00e1ch je n\u011bco pro ka\u017ed\u00e9ho. A\u0165 u\u017e hled\u00e1te BDSM partnera, kter\u00fd v\u00e1s ovl\u00e1dne, nebo submisivn\u00edho, kter\u00fd by slou\u017eil, najdete to, co hled\u00e1te zde. Partnery m\u016f\u017eete vyhled\u00e1vat podle um\u00edst\u011bn\u00ed, v\u011bku, zlom\u016f a dal\u0161\u00edch. S tolika \u010dleny ur\u010dit\u011b najdete n\u011bkoho, kdo spl\u0148uje va\u0161e pot\u0159eby. Vytvo\u0159te si bezplatn\u00fd profil a za\u010dn\u011bte proch\u00e1zet v\u00fdst\u0159edn\u00ed osoby je\u0161t\u011b dnes.<\/p>\n<h2>Str\u00e1nky Kink<\/h2>\n<p>Existuje cel\u00e1 \u0159ada kink str\u00e1nek k dispozici online, kter\u00e9 se staraj\u00ed o ty, kte\u0159\u00ed maj\u00ed specifick\u00e9 sexu\u00e1ln\u00ed z\u00e1jmy. To m\u016f\u017ee b\u00fdt skv\u011bl\u00fd zp\u016fsob, jak se spojit s podobn\u011b sm\u00fd\u0161lej\u00edc\u00edmi lidmi a prozkoumat svou sexualitu bezpe\u010dn\u00fdm a konsensu\u00e1ln\u00edm zp\u016fsobem. Je v\u0161ak d\u016fle\u017eit\u00e9 si uv\u011bdomit, \u017ee ne v\u0161echny str\u00e1nky zlomu jsou vytvo\u0159eny stejn\u011b. N\u011bkter\u00e9 nemus\u00ed b\u00fdt tak dob\u0159e moderovan\u00e9 jako jin\u00e9 a v\u017edy existuje potenci\u00e1l narazit na n\u011bkoho, kdo nerespektuje hranice. Stejn\u011b jako u v\u0161ech online aktivit je d\u016fle\u017eit\u00e9 b\u00fdt opatrn\u00fd a b\u00fdt si v\u011bdom souvisej\u00edc\u00edch rizik.<\/p>\n<h3>Milfaholic<\/h3>\n<p>Milfaholic je seznamovac\u00ed aplikace, kter\u00e1 se specificky zam\u011b\u0159uje na star\u0161\u00ed \u017eeny nebo &#8222;maminky, kter\u00e9 bych cht\u011bla kurva&#8220;. Aplikace je navr\u017eena tak, aby pomohla u\u017eivatel\u016fm setkat se se star\u0161\u00edmi \u017eenami pro p\u0159\u00edle\u017eitostn\u00e9 spojen\u00ed a sex. Rozhran\u00ed aplikace je jednoduch\u00e9 a p\u0159\u00edmo\u010dar\u00e9 a snadno se pou\u017e\u00edv\u00e1. Star\u0161\u00ed \u017eeny m\u016f\u017eete vyhled\u00e1vat podle m\u00edsta, v\u011bku a z\u00e1jm\u016f. Aplikace tak\u00e9 obsahuje funkci zas\u00edl\u00e1n\u00ed zpr\u00e1v, tak\u017ee m\u016f\u017eete chatovat s potenci\u00e1ln\u00edmi p\u0159ipojen\u00edmi. Celkov\u011b je Milfaholic skv\u011blou volbou pro ka\u017ed\u00e9ho, kdo hled\u00e1 snadn\u00fd zp\u016fsob, jak se setkat se star\u0161\u00edmi \u017eenami pro p\u0159\u00edle\u017eitostn\u00fd sex.<\/p>\n<h3>Ashley Madisonov\u00e1<\/h3>\n<p>Ashley Madison je seznamovac\u00ed aplikace ur\u010den\u00e1 pro lidi, kte\u0159\u00ed hledaj\u00ed mimoman\u017eelsk\u00e9 vztahy. Aplikace se snadno pou\u017e\u00edv\u00e1 a m\u00e1 mnoho funkc\u00ed, d\u00edky nim\u017e je dobrou volbou pro lidi, kte\u0159\u00ed se zaj\u00edmaj\u00ed o tento typ v\u011bc\u00ed. Aplikace je zdarma ke sta\u017een\u00ed a m\u00e1 spoustu dobr\u00fdch recenz\u00ed.<\/p>\n<h3>Outpersonal.com<\/h3>\n<p>Pokud hled\u00e1te v\u00fdst\u0159edn\u00ed p\u0159ipojen\u00ed, Outpersonal.com je skv\u011bl\u00e1 volba. S v\u00edce ne\u017e 1,5 miliony \u010dlen\u016f je to jedna z nejv\u011bt\u0161\u00edch BDSM str\u00e1nek na sv\u011bt\u011b. A s 3m\u011bs\u00ed\u010dn\u00ed z\u00e1rukou ur\u010dit\u011b najdete n\u011bkoho, s k\u00fdm si m\u016f\u017eete hr\u00e1t.<\/p>\n<p>Str\u00e1nka je snadno navigovateln\u00e1 a m\u00e1 v\u0161echny funkce, kter\u00e9 pot\u0159ebujete k nalezen\u00ed v\u00fdst\u0159edn\u00edho partnera. M\u016f\u017eete vyhled\u00e1vat podle um\u00edst\u011bn\u00ed, zlomu nebo oboj\u00edho. A \u010dlen\u016fm m\u016f\u017eete pos\u00edlat zpr\u00e1vy zdarma.<\/p>\n<p>Jedinou nev\u00fdhodou je, \u017ee existuje mnoho fale\u0161n\u00fdch profil\u016f. Ale pokud jste ochotni je plevelit, ur\u010dit\u011b najdete n\u011bkoho skute\u010dn\u00e9ho, s k\u00fdm se m\u016f\u017eete spojit.<\/p>\n","protected":false},"excerpt":{"rendered":"<div class=\"mh-excerpt\"><p>Existuje \u0159ada webov\u00fdch str\u00e1nek, kter\u00e9 se staraj\u00ed o komunitu BDSM, co\u017e m\u016f\u017ee b\u00fdt skv\u011bl\u00fdm zdrojem pro nalezen\u00ed podobn\u011b sm\u00fd\u0161lej\u00edc\u00edch lid\u00ed, s nimi\u017e se m\u016f\u017eete spojit. <a class=\"mh-excerpt-more\" href=\"https:\/\/styleswp.com\/cs\/vystredni-osobni\/\" title=\"V\u00fdst\u0159edn\u00ed osobn\u00ed\">[&#8230;]<\/a><\/p>\n<\/div>","protected":false},"author":1,"featured_media":0,"parent":0,"menu_order":0,"comment_status":"closed","ping_status":"closed","template":"","meta":[],"yoast_head":"<!-- This site is optimized with the Yoast SEO plugin v17.7.1 - https:\/\/yoast.com\/wordpress\/plugins\/seo\/ -->\n<title>V\u00fdst\u0159edn\u00ed osobn\u00ed - Relationship Guide<\/title>\n<meta name=\"robots\" content=\"index, follow, max-snippet:-1, max-image-preview:large, max-video-preview:-1\" \/>\n<link rel=\"canonical\" href=\"https:\/\/styleswp.com\/cs\/vystredni-osobni\/\" \/>\n<meta property=\"og:locale\" content=\"cs_CZ\" \/>\n<meta property=\"og:type\" content=\"article\" \/>\n<meta property=\"og:title\" content=\"V\u00fdst\u0159edn\u00ed osobn\u00ed - Relationship Guide\" \/>\n<meta property=\"og:description\" content=\"Existuje \u0159ada webov\u00fdch str\u00e1nek, kter\u00e9 se staraj\u00ed o komunitu BDSM, co\u017e m\u016f\u017ee b\u00fdt skv\u011bl\u00fdm zdrojem pro nalezen\u00ed podobn\u011b sm\u00fd\u0161lej\u00edc\u00edch lid\u00ed, s nimi\u017e se m\u016f\u017eete spojit. [...]\" \/>\n<meta property=\"og:url\" content=\"https:\/\/styleswp.com\/cs\/vystredni-osobni\/\" \/>\n<meta property=\"og:site_name\" content=\"Relationship Guide\" \/>\n<meta name=\"twitter:card\" content=\"summary_large_image\" \/>\n<meta name=\"twitter:label1\" content=\"Odhadovan\u00e1 doba \u010dten\u00ed\" \/>\n\t<meta name=\"twitter:data1\" content=\"4 minuty\" \/>\n<script type=\"application\/ld+json\" class=\"yoast-schema-graph\">{\"@context\":\"https:\/\/schema.org\",\"@graph\":[{\"@type\":\"WebSite\",\"@id\":\"http:\/\/styleswp.com\/fi\/#website\",\"url\":\"http:\/\/styleswp.com\/fi\/\",\"name\":\"Relationship Guide\",\"description\":\"Meet Your Match\",\"potentialAction\":[{\"@type\":\"SearchAction\",\"target\":{\"@type\":\"EntryPoint\",\"urlTemplate\":\"http:\/\/styleswp.com\/fi\/?s={search_term_string}\"},\"query-input\":\"required name=search_term_string\"}],\"inLanguage\":\"cs\"},{\"@type\":\"WebPage\",\"@id\":\"https:\/\/styleswp.com\/cs\/vystredni-osobni\/#webpage\",\"url\":\"https:\/\/styleswp.com\/cs\/vystredni-osobni\/\",\"name\":\"V\\u00fdst\\u0159edn\\u00ed osobn\\u00ed - Relationship Guide\",\"isPartOf\":{\"@id\":\"http:\/\/styleswp.com\/fi\/#website\"},\"datePublished\":\"2022-09-30T11:51:13+00:00\",\"dateModified\":\"2022-09-30T11:51:13+00:00\",\"breadcrumb\":{\"@id\":\"https:\/\/styleswp.com\/cs\/vystredni-osobni\/#breadcrumb\"},\"inLanguage\":\"cs\",\"potentialAction\":[{\"@type\":\"ReadAction\",\"target\":[\"https:\/\/styleswp.com\/cs\/vystredni-osobni\/\"]}]},{\"@type\":\"BreadcrumbList\",\"@id\":\"https:\/\/styleswp.com\/cs\/vystredni-osobni\/#breadcrumb\",\"itemListElement\":[{\"@type\":\"ListItem\",\"position\":1,\"name\":\"Home\",\"item\":\"https:\/\/styleswp.com\/cs\/\"},{\"@type\":\"ListItem\",\"position\":2,\"name\":\"V\\u00fdst\\u0159edn\\u00ed osobn\\u00ed\"}]}]}<\/script>\n<!-- \/ Yoast SEO plugin. -->","yoast_head_json":{"title":"V\u00fdst\u0159edn\u00ed osobn\u00ed - Relationship Guide","robots":{"index":"index","follow":"follow","max-snippet":"max-snippet:-1","max-image-preview":"max-image-preview:large","max-video-preview":"max-video-preview:-1"},"canonical":"https:\/\/styleswp.com\/cs\/vystredni-osobni\/","og_locale":"cs_CZ","og_type":"article","og_title":"V\u00fdst\u0159edn\u00ed osobn\u00ed - Relationship Guide","og_description":"Existuje \u0159ada webov\u00fdch str\u00e1nek, kter\u00e9 se staraj\u00ed o komunitu BDSM, co\u017e m\u016f\u017ee b\u00fdt skv\u011bl\u00fdm zdrojem pro nalezen\u00ed podobn\u011b sm\u00fd\u0161lej\u00edc\u00edch lid\u00ed, s nimi\u017e se m\u016f\u017eete spojit. [...]","og_url":"https:\/\/styleswp.com\/cs\/vystredni-osobni\/","og_site_name":"Relationship Guide","twitter_card":"summary_large_image","twitter_misc":{"Odhadovan\u00e1 doba \u010dten\u00ed":"4 minuty"},"schema":{"@context":"https:\/\/schema.org","@graph":[{"@type":"WebSite","@id":"http:\/\/styleswp.com\/fi\/#website","url":"http:\/\/styleswp.com\/fi\/","name":"Relationship Guide","description":"Meet Your Match","potentialAction":[{"@type":"SearchAction","target":{"@type":"EntryPoint","urlTemplate":"http:\/\/styleswp.com\/fi\/?s={search_term_string}"},"query-input":"required name=search_term_string"}],"inLanguage":"cs"},{"@type":"WebPage","@id":"https:\/\/styleswp.com\/cs\/vystredni-osobni\/#webpage","url":"https:\/\/styleswp.com\/cs\/vystredni-osobni\/","name":"V\u00fdst\u0159edn\u00ed osobn\u00ed - Relationship Guide","isPartOf":{"@id":"http:\/\/styleswp.com\/fi\/#website"},"datePublished":"2022-09-30T11:51:13+00:00","dateModified":"2022-09-30T11:51:13+00:00","breadcrumb":{"@id":"https:\/\/styleswp.com\/cs\/vystredni-osobni\/#breadcrumb"},"inLanguage":"cs","potentialAction":[{"@type":"ReadAction","target":["https:\/\/styleswp.com\/cs\/vystredni-osobni\/"]}]},{"@type":"BreadcrumbList","@id":"https:\/\/styleswp.com\/cs\/vystredni-osobni\/#breadcrumb","itemListElement":[{"@type":"ListItem","position":1,"name":"Home","item":"https:\/\/styleswp.com\/cs\/"},{"@type":"ListItem","position":2,"name":"V\u00fdst\u0159edn\u00ed osobn\u00ed"}]}]}},"_links":{"self":[{"href":"https:\/\/styleswp.com\/cs\/wp-json\/wp\/v2\/pages\/347"}],"collection":[{"href":"https:\/\/styleswp.com\/cs\/wp-json\/wp\/v2\/pages"}],"about":[{"href":"https:\/\/styleswp.com\/cs\/wp-json\/wp\/v2\/types\/page"}],"author":[{"embeddable":true,"href":"https:\/\/styleswp.com\/cs\/wp-json\/wp\/v2\/users\/1"}],"replies":[{"embeddable":true,"href":"https:\/\/styleswp.com\/cs\/wp-json\/wp\/v2\/comments?post=347"}],"version-history":[{"count":0,"href":"https:\/\/styleswp.com\/cs\/wp-json\/wp\/v2\/pages\/347\/revisions"}],"wp:attachment":[{"href":"https:\/\/styleswp.com\/cs\/wp-json\/wp\/v2\/media?parent=347"}],"curies":[{"name":"wp","href":"https:\/\/api.w.org\/{rel}","templated":true}]}}