{"id":159,"date":"2022-09-13T11:59:37","date_gmt":"2022-09-13T10:59:37","guid":{"rendered":"http:\/\/styleswp.com\/hledani-lasky-pomoci-aplikaci-pro-pripojeni\/"},"modified":"2022-09-13T11:59:37","modified_gmt":"2022-09-13T10:59:37","slug":"hledani-lasky-pomoci-aplikaci-pro-pripojeni","status":"publish","type":"page","link":"https:\/\/styleswp.com\/cs\/","title":{"rendered":"Hled\u00e1n\u00ed l\u00e1sky pomoc\u00ed aplikac\u00ed pro p\u0159ipojen\u00ed"},"content":{"rendered":"<p>P\u0159\u00edle\u017eitostn\u00e9 p\u0159ipojen\u00ed jsou kr\u00e1tkodob\u00e1 setk\u00e1n\u00ed, kter\u00e1 obvykle kon\u010d\u00ed po sexu. Jsou z\u00e1bavn\u00e9, snadn\u00e9 a neform\u00e1ln\u00ed.<\/p>\n<p>Existuje spousta str\u00e1nek online, kter\u00e9 se staraj\u00ed konkr\u00e9tn\u011b o p\u0159\u00edle\u017eitostn\u00e9 p\u0159ipojen\u00ed. Tyto str\u00e1nky umo\u017e\u0148uj\u00ed \u010dlen\u016fm setkat se s dal\u0161\u00edmi lidmi, kte\u0159\u00ed sd\u00edlej\u00ed podobn\u00e9 z\u00e1jmy a touhy. N\u011bkter\u00e9 nab\u00edzej\u00ed placen\u00e9 slu\u017eby, zat\u00edmco jin\u00e9 jsou zcela zdarma.<\/p>\n<p>A\u0165 u\u017e d\u00e1v\u00e1te p\u0159ednost placen\u00ed za slu\u017ebu nebo ne, je d\u016fle\u017eit\u00e9 si uv\u011bdomit, \u017ee p\u0159\u00edle\u017eitostn\u00e9 p\u0159ipojen\u00ed nen\u00ed v\u017edy bezpe\u010dn\u00e9. Ujist\u011bte se, \u017ee jste si vybrali renomovan\u00fd web, kter\u00fd nab\u00edz\u00ed diskr\u00e9tn\u00ed slu\u017eby a chr\u00e1n\u00ed va\u0161e soukrom\u00ed. Tak\u00e9 se sna\u017ete vyhnout setk\u00e1n\u00ed s n\u011bk\u00fdm osobn\u011b, dokud se nebudete c\u00edtit pohodln\u011b.<\/p>\n<p>Je tak\u00e9 d\u016fle\u017eit\u00e9 si uv\u011bdomit, \u017ee dosp\u011bl\u00e9 p\u0159ipojen\u00ed nikdy nenahrad\u00ed dlouhodob\u00e9 vztahy. I kdy\u017e mohou poskytnout rychlou opravu osam\u011blosti, nejsou ur\u010deny k tomu, aby byly trval\u00fdmi \u0159e\u0161en\u00edmi. M\u00edsto toho jsou jen dal\u0161\u00ed mo\u017enost\u00ed, jak naj\u00edt l\u00e1sku.<\/p>\n<h2>Seznamovac\u00ed seznamovac\u00ed str\u00e1nky<\/h2>\n<p>P\u0159ipojen\u00ed jsou dnes st\u00e1le popul\u00e1rn\u011bj\u0161\u00ed mezi nezadan\u00fdmi. A\u0165 u\u017e d\u00e1v\u00e1te p\u0159ednost setk\u00e1n\u00ed s n\u011bk\u00fdm tv\u00e1\u0159\u00ed v tv\u00e1\u0159 nebo online, p\u0159ipojen\u00ed nab\u00edz\u00ed z\u00e1bavnou alternativu k tradi\u010dn\u00edm vztah\u016fm.<\/p>\n<p>K dispozici je n\u011bkolik r\u016fzn\u00fdch typ\u016f p\u0159ipojen\u00ed, v\u010detn\u011b p\u0159\u00edle\u017eitostn\u00fdch setk\u00e1n\u00ed, trojek a skupinov\u00e9ho sexu. P\u0159\u00edle\u017eitostn\u00e1 setk\u00e1n\u00ed jsou obvykle kr\u00e1tkodob\u00e9 z\u00e1le\u017eitosti, zat\u00edmco trojky a skupinov\u00fd sex jsou obvykle dlouhodob\u00e9 z\u00e1le\u017eitosti.<\/p>\n<p>Bez ohledu na to, zda d\u00e1v\u00e1te p\u0159ednost p\u0159ipojen\u00ed online nebo offline, existuje spousta web\u016f, kter\u00e9 se staraj\u00ed konkr\u00e9tn\u011b o tento typ \u010dinnosti.<\/p>\n<h2>Pro\u010d byste m\u011bli hledat p\u0159ipojen\u00ed online<\/h2>\n<p>P\u0159ipojen\u00ed jsou z\u00e1bavn\u00e1 a vzru\u0161uj\u00edc\u00ed, ale nejsou v\u017edy bezpe\u010dn\u00e1. Neexistuje \u017e\u00e1dn\u00e1 z\u00e1ruka, \u017ee se setk\u00e1te s n\u011bk\u00fdm, kdo s v\u00e1mi chce chodit, nato\u017e utr\u00e1cet pen\u00edze za ve\u010de\u0159i a n\u00e1poje.<\/p>\n<p>To je d\u016fvod, pro\u010d se vyplat\u00ed p\u0159ipojit se online. S weby jako Tinder, OkCupid, PlentyOfFish a Match m\u016f\u017eete proch\u00e1zet profily a p\u0159ejet prstem doleva nebo doprava na z\u00e1klad\u011b fotografi\u00ed a z\u00e1jm\u016f. Pot\u00e9 m\u016f\u017eete potenci\u00e1ln\u00edm dat\u016fm pos\u00edlat zpr\u00e1vy p\u0159\u00edmo z aplikace. Tyto aplikace se snadno pou\u017e\u00edvaj\u00ed a umo\u017e\u0148uj\u00ed filtrovat shody na z\u00e1klad\u011b polohy, v\u011bku, pohlav\u00ed, rodinn\u00e9ho stavu a dal\u0161\u00edch preferenc\u00ed. Nav\u00edc m\u016f\u017eete chatovat se sv\u00fdmi prot\u011bj\u0161ky prost\u0159ednictv\u00edm textov\u00fdch zpr\u00e1v nebo hlasov\u00fdch hovor\u016f.<\/p>\n<p>I kdy\u017e jsou tyto aplikace pohodln\u00e9, nemus\u00ed b\u00fdt nutn\u011b bezpe\u010dn\u00e9. N\u011bkter\u00e9 z nich vy\u017eaduj\u00ed, aby u\u017eivatel\u00e9 sd\u00edleli osobn\u00ed \u00fadaje, v\u010detn\u011b cel\u00fdch jmen, narozenin a m\u00edst. Jin\u00ed mohou po\u017e\u00e1dat o platbu p\u0159edem. Tak\u017ee i kdy\u017e jsou skv\u011blou volbou pro p\u0159\u00edle\u017eitostn\u00fd sex, nejsou ide\u00e1ln\u00ed pro setk\u00e1n\u00ed s dlouhodob\u00fdmi partnery. Chcete-li se vyhnout podvod\u016fm, ov\u011b\u0159te identitu ka\u017ed\u00e9 osoby, se kterou komunikujete. A pamatujte, \u017ee jen proto, \u017ee n\u011bkdo \u0159\u00edk\u00e1, \u017ee \u017eije pobl\u00ed\u017e, neznamen\u00e1, \u017ee to opravdu d\u011bl\u00e1.<\/p>\n<p>Je tak\u00e9 d\u016fle\u017eit\u00e9 d\u00e1vat si pozor na to, komu d\u016fv\u011b\u0159ujete. Nepos\u00edlejte pen\u00edze ciz\u00edm lidem ani nespolupracujte s t\u00edm, \u017ee se s nimi setk\u00e1te, pokud jste se s nimi je\u0161t\u011b nesetkali. Tak\u00e9 nikdy nepla\u0165te za nic prost\u0159ednictv\u00edm t\u0159et\u00ed strany. M\u00edsto toho si v\u0161e za\u0159i\u010fte sami.<\/p>\n<h2>Pro\u010d seznamovac\u00ed aplikace funguj\u00ed pro osam\u011bl\u00e9 singles<\/h2>\n<p>Dnes je k dispozici mnoho r\u016fzn\u00fdch seznamovac\u00edch aplikac\u00ed, v\u010detn\u011b t\u011bch, kter\u00e9 jsou zam\u011b\u0159eny na konkr\u00e9tn\u00ed demografick\u00e9 \u00fadaje. N\u011bkter\u00e9 str\u00e1nky se zam\u011b\u0159uj\u00ed konkr\u00e9tn\u011b na lidi star\u0161\u00ed 40 let, zat\u00edmco jin\u00e9 se zam\u011b\u0159uj\u00ed na mlad\u0161\u00ed dosp\u011bl\u00e9. Tam jsou tak\u00e9 specializovan\u00e9 str\u00e1nky, kter\u00e9 se staraj\u00ed o lidi, kte\u0159\u00ed d\u00e1vaj\u00ed p\u0159ednost ur\u010dit\u00fdm aktivit\u00e1m, jako jsou swingers nebo polyamorie.<\/p>\n<p>Jedna v\u011bc, kterou je t\u0159eba m\u00edt na pam\u011bti p\u0159i hled\u00e1n\u00ed p\u0159\u00edle\u017eitostn\u00e9 seznamky, je, \u017ee je v\u017edy nejlep\u0161\u00ed vybrat si ten, kter\u00fd odpov\u00edd\u00e1 va\u0161emu \u017eivotn\u00edmu stylu. Str\u00e1nky, kter\u00e9 nab\u00edzej\u00ed \u010dlenstv\u00ed na z\u00e1klad\u011b sexu\u00e1ln\u00ed orientace nebo genderov\u00e9 identity, maj\u00ed tendenci p\u0159itahovat lidi, kte\u0159\u00ed jsou otev\u0159eni zkoum\u00e1n\u00ed alternativn\u00edho \u017eivotn\u00edho stylu. Mezi dal\u0161\u00ed faktory, kter\u00e9 je t\u0159eba zv\u00e1\u017eit, pat\u0159\u00ed, zda web nab\u00edz\u00ed placen\u00e9 mo\u017enosti \u010dlenstv\u00ed, umo\u017e\u0148uje \u010dlen\u016fm nahr\u00e1vat fotografie a poskytuje funkce zas\u00edl\u00e1n\u00ed zpr\u00e1v.<\/p>\n<h3>Bezpe\u010dnost<\/h3>\n<p>Je tak\u00e9 d\u016fle\u017eit\u00e9 pod\u00edvat se na z\u00e1sady ochrany osobn\u00edch \u00fadaj\u016f potenci\u00e1ln\u00edch web\u016f. Mnoho m\u00edstn\u00edch seznamovac\u00edch web\u016f vy\u017eaduje, aby \u010dlenov\u00e9 poskytovali osobn\u00ed \u00fadaje, jako jsou cel\u00e1 jm\u00e9na, data narozen\u00ed a fyzick\u00e9 adresy. Ujist\u011bte se, \u017ee p\u0159esn\u011b rozum\u00edte tomu, jak\u00e9 informace jsou shroma\u017e\u010fov\u00e1ny a ukl\u00e1d\u00e1ny a jak dlouho z\u016fst\u00e1vaj\u00ed soukrom\u00e9.<\/p>\n<p>N\u011bkter\u00e9 weby tak\u00e9 \u017e\u00e1daj\u00ed \u010dleny, aby zaplatili poplatek za p\u0159ipojen\u00ed. Zat\u00edmco placen\u00ed poplatk\u016f je b\u011b\u017enou prax\u00ed mezi seznamovac\u00edmi str\u00e1nkami pro dosp\u011bl\u00e9, st\u00e1le stoj\u00ed za zv\u00e1\u017een\u00ed, pokud pl\u00e1nujete \u010dasto nav\u0161t\u011bvovat. Pokud nap\u0159\u00edklad pl\u00e1nujete ka\u017ed\u00fd m\u011bs\u00edc utratit 20 USD za p\u0159edplatn\u00e9, m\u016f\u017eete u\u0161et\u0159it pen\u00edze t\u00edm, \u017ee se m\u00edsto toho zaregistrujete k bezplatn\u00e9 zku\u0161ebn\u00ed verzi.<\/p>\n<p>Krom\u011b nalezen\u00ed m\u00edstn\u00ed seznamky je tak\u00e9 d\u016fle\u017eit\u00e9 nastavit o\u010dek\u00e1v\u00e1n\u00ed se sv\u00fdm partnerem. Kdy\u017e se s n\u011bk\u00fdm setk\u00e1v\u00e1te poprv\u00e9, je p\u0159irozen\u00e9 c\u00edtit se vzru\u0161en\u00fd a nerv\u00f3zn\u00ed. Je v\u0161ak d\u016fle\u017eit\u00e9 jasn\u011b komunikovat se sv\u00fdm partnerem o va\u0161ich z\u00e1m\u011brech. \u0158ekn\u011bte mu, jak\u00e9ho \u010dlov\u011bka hled\u00e1te a co od t\u00e9to zku\u0161enosti o\u010dek\u00e1v\u00e1te.<\/p>\n<p>Nap\u0159\u00edklad, pokud m\u00e1te z\u00e1jem o sex s ciz\u00edmi lidmi, dejte sv\u00e9mu partnerovi v\u011bd\u011bt p\u0159edem. Tak\u00e9 se sna\u017ete vyhnout mluven\u00ed o minul\u00fdch partnerech nebo p\u0159edchoz\u00edch zku\u0161enostech. Je v po\u0159\u00e1dku mluvit o sv\u00fdch vlastn\u00edch touh\u00e1ch a fantazi\u00edch, ale je d\u016fle\u017eit\u00e9 respektovat hranice va\u0161eho partnera.<\/p>\n","protected":false},"excerpt":{"rendered":"<div class=\"mh-excerpt\"><p>P\u0159\u00edle\u017eitostn\u00e9 p\u0159ipojen\u00ed jsou kr\u00e1tkodob\u00e1 setk\u00e1n\u00ed, kter\u00e1 obvykle kon\u010d\u00ed po sexu. Jsou z\u00e1bavn\u00e9, snadn\u00e9 a neform\u00e1ln\u00ed. Existuje spousta str\u00e1nek online, kter\u00e9 se staraj\u00ed konkr\u00e9tn\u011b o p\u0159\u00edle\u017eitostn\u00e9 <a class=\"mh-excerpt-more\" href=\"https:\/\/styleswp.com\/cs\/\" title=\"Hled\u00e1n\u00ed l\u00e1sky pomoc\u00ed aplikac\u00ed pro p\u0159ipojen\u00ed\">[&#8230;]<\/a><\/p>\n<\/div>","protected":false},"author":1,"featured_media":71,"parent":0,"menu_order":0,"comment_status":"closed","ping_status":"closed","template":"","meta":[],"yoast_head":"<!-- This site is optimized with the Yoast SEO plugin v17.7.1 - https:\/\/yoast.com\/wordpress\/plugins\/seo\/ -->\n<title>Hled\u00e1n\u00ed l\u00e1sky pomoc\u00ed aplikac\u00ed pro p\u0159ipojen\u00ed - Relationship Guide<\/title>\n<meta name=\"robots\" content=\"index, follow, max-snippet:-1, max-image-preview:large, max-video-preview:-1\" \/>\n<link rel=\"canonical\" href=\"https:\/\/styleswp.com\/cs\/\" \/>\n<meta property=\"og:locale\" content=\"cs_CZ\" \/>\n<meta property=\"og:type\" content=\"article\" \/>\n<meta property=\"og:title\" content=\"Hled\u00e1n\u00ed l\u00e1sky pomoc\u00ed aplikac\u00ed pro p\u0159ipojen\u00ed - Relationship Guide\" \/>\n<meta property=\"og:description\" content=\"P\u0159\u00edle\u017eitostn\u00e9 p\u0159ipojen\u00ed jsou kr\u00e1tkodob\u00e1 setk\u00e1n\u00ed, kter\u00e1 obvykle kon\u010d\u00ed po sexu. Jsou z\u00e1bavn\u00e9, snadn\u00e9 a neform\u00e1ln\u00ed. Existuje spousta str\u00e1nek online, kter\u00e9 se staraj\u00ed konkr\u00e9tn\u011b o p\u0159\u00edle\u017eitostn\u00e9 [...]\" \/>\n<meta property=\"og:url\" content=\"https:\/\/styleswp.com\/cs\/\" \/>\n<meta property=\"og:site_name\" content=\"Relationship Guide\" \/>\n<meta property=\"og:image\" content=\"https:\/\/styleswp.com\/wp-content\/uploads\/2022\/09\/dates-and-more.jpeg\" \/>\n\t<meta property=\"og:image:width\" content=\"2249\" \/>\n\t<meta property=\"og:image:height\" content=\"1500\" \/>\n<meta name=\"twitter:card\" content=\"summary_large_image\" \/>\n<meta name=\"twitter:label1\" content=\"Odhadovan\u00e1 doba \u010dten\u00ed\" \/>\n\t<meta name=\"twitter:data1\" content=\"5 minut\" \/>\n<script type=\"application\/ld+json\" class=\"yoast-schema-graph\">{\"@context\":\"https:\/\/schema.org\",\"@graph\":[{\"@type\":\"WebSite\",\"@id\":\"http:\/\/styleswp.com\/fi\/#website\",\"url\":\"http:\/\/styleswp.com\/fi\/\",\"name\":\"Relationship Guide\",\"description\":\"Meet Your Match\",\"potentialAction\":[{\"@type\":\"SearchAction\",\"target\":{\"@type\":\"EntryPoint\",\"urlTemplate\":\"http:\/\/styleswp.com\/fi\/?s={search_term_string}\"},\"query-input\":\"required name=search_term_string\"}],\"inLanguage\":\"cs\"},{\"@type\":\"ImageObject\",\"@id\":\"https:\/\/styleswp.com\/cs\/#primaryimage\",\"inLanguage\":\"cs\",\"url\":\"https:\/\/styleswp.com\/wp-content\/uploads\/2022\/09\/dates-and-more.jpeg\",\"contentUrl\":\"https:\/\/styleswp.com\/wp-content\/uploads\/2022\/09\/dates-and-more.jpeg\",\"width\":2249,\"height\":1500},{\"@type\":\"WebPage\",\"@id\":\"https:\/\/styleswp.com\/cs\/#webpage\",\"url\":\"https:\/\/styleswp.com\/cs\/\",\"name\":\"Hled\\u00e1n\\u00ed l\\u00e1sky pomoc\\u00ed aplikac\\u00ed pro p\\u0159ipojen\\u00ed - Relationship Guide\",\"isPartOf\":{\"@id\":\"http:\/\/styleswp.com\/fi\/#website\"},\"primaryImageOfPage\":{\"@id\":\"https:\/\/styleswp.com\/cs\/#primaryimage\"},\"datePublished\":\"2022-09-13T10:59:37+00:00\",\"dateModified\":\"2022-09-13T10:59:37+00:00\",\"breadcrumb\":{\"@id\":\"https:\/\/styleswp.com\/cs\/#breadcrumb\"},\"inLanguage\":\"cs\",\"potentialAction\":[{\"@type\":\"ReadAction\",\"target\":[\"https:\/\/styleswp.com\/cs\/\"]}]},{\"@type\":\"BreadcrumbList\",\"@id\":\"https:\/\/styleswp.com\/cs\/#breadcrumb\",\"itemListElement\":[{\"@type\":\"ListItem\",\"position\":1,\"name\":\"Home\",\"item\":\"https:\/\/styleswp.com\/cs\/\"},{\"@type\":\"ListItem\",\"position\":2,\"name\":\"Hled\\u00e1n\\u00ed l\\u00e1sky pomoc\\u00ed aplikac\\u00ed pro p\\u0159ipojen\\u00ed\"}]}]}<\/script>\n<!-- \/ Yoast SEO plugin. -->","yoast_head_json":{"title":"Hled\u00e1n\u00ed l\u00e1sky pomoc\u00ed aplikac\u00ed pro p\u0159ipojen\u00ed - Relationship Guide","robots":{"index":"index","follow":"follow","max-snippet":"max-snippet:-1","max-image-preview":"max-image-preview:large","max-video-preview":"max-video-preview:-1"},"canonical":"https:\/\/styleswp.com\/cs\/","og_locale":"cs_CZ","og_type":"article","og_title":"Hled\u00e1n\u00ed l\u00e1sky pomoc\u00ed aplikac\u00ed pro p\u0159ipojen\u00ed - Relationship Guide","og_description":"P\u0159\u00edle\u017eitostn\u00e9 p\u0159ipojen\u00ed jsou kr\u00e1tkodob\u00e1 setk\u00e1n\u00ed, kter\u00e1 obvykle kon\u010d\u00ed po sexu. Jsou z\u00e1bavn\u00e9, snadn\u00e9 a neform\u00e1ln\u00ed. Existuje spousta str\u00e1nek online, kter\u00e9 se staraj\u00ed konkr\u00e9tn\u011b o p\u0159\u00edle\u017eitostn\u00e9 [...]","og_url":"https:\/\/styleswp.com\/cs\/","og_site_name":"Relationship Guide","og_image":[{"width":2249,"height":1500,"url":"https:\/\/styleswp.com\/wp-content\/uploads\/2022\/09\/dates-and-more.jpeg","type":"image\/jpeg"}],"twitter_card":"summary_large_image","twitter_misc":{"Odhadovan\u00e1 doba \u010dten\u00ed":"5 minut"},"schema":{"@context":"https:\/\/schema.org","@graph":[{"@type":"WebSite","@id":"http:\/\/styleswp.com\/fi\/#website","url":"http:\/\/styleswp.com\/fi\/","name":"Relationship Guide","description":"Meet Your Match","potentialAction":[{"@type":"SearchAction","target":{"@type":"EntryPoint","urlTemplate":"http:\/\/styleswp.com\/fi\/?s={search_term_string}"},"query-input":"required name=search_term_string"}],"inLanguage":"cs"},{"@type":"ImageObject","@id":"https:\/\/styleswp.com\/cs\/#primaryimage","inLanguage":"cs","url":"https:\/\/styleswp.com\/wp-content\/uploads\/2022\/09\/dates-and-more.jpeg","contentUrl":"https:\/\/styleswp.com\/wp-content\/uploads\/2022\/09\/dates-and-more.jpeg","width":2249,"height":1500},{"@type":"WebPage","@id":"https:\/\/styleswp.com\/cs\/#webpage","url":"https:\/\/styleswp.com\/cs\/","name":"Hled\u00e1n\u00ed l\u00e1sky pomoc\u00ed aplikac\u00ed pro p\u0159ipojen\u00ed - Relationship Guide","isPartOf":{"@id":"http:\/\/styleswp.com\/fi\/#website"},"primaryImageOfPage":{"@id":"https:\/\/styleswp.com\/cs\/#primaryimage"},"datePublished":"2022-09-13T10:59:37+00:00","dateModified":"2022-09-13T10:59:37+00:00","breadcrumb":{"@id":"https:\/\/styleswp.com\/cs\/#breadcrumb"},"inLanguage":"cs","potentialAction":[{"@type":"ReadAction","target":["https:\/\/styleswp.com\/cs\/"]}]},{"@type":"BreadcrumbList","@id":"https:\/\/styleswp.com\/cs\/#breadcrumb","itemListElement":[{"@type":"ListItem","position":1,"name":"Home","item":"https:\/\/styleswp.com\/cs\/"},{"@type":"ListItem","position":2,"name":"Hled\u00e1n\u00ed l\u00e1sky pomoc\u00ed aplikac\u00ed pro p\u0159ipojen\u00ed"}]}]}},"_links":{"self":[{"href":"https:\/\/styleswp.com\/cs\/wp-json\/wp\/v2\/pages\/159"}],"collection":[{"href":"https:\/\/styleswp.com\/cs\/wp-json\/wp\/v2\/pages"}],"about":[{"href":"https:\/\/styleswp.com\/cs\/wp-json\/wp\/v2\/types\/page"}],"author":[{"embeddable":true,"href":"https:\/\/styleswp.com\/cs\/wp-json\/wp\/v2\/users\/1"}],"replies":[{"embeddable":true,"href":"https:\/\/styleswp.com\/cs\/wp-json\/wp\/v2\/comments?post=159"}],"version-history":[{"count":0,"href":"https:\/\/styleswp.com\/cs\/wp-json\/wp\/v2\/pages\/159\/revisions"}],"wp:featuredmedia":[{"embeddable":true,"href":"https:\/\/styleswp.com\/cs\/wp-json\/wp\/v2\/media\/71"}],"wp:attachment":[{"href":"https:\/\/styleswp.com\/cs\/wp-json\/wp\/v2\/media?parent=159"}],"curies":[{"name":"wp","href":"https:\/\/api.w.org\/{rel}","templated":true}]}}