{"id":144,"date":"2022-09-13T12:36:39","date_gmt":"2022-09-13T11:36:39","guid":{"rendered":"http:\/\/styleswp.com\/najit-prilezitostny-sex-online-se-seznamovacimi-aplikacemi\/"},"modified":"2022-09-13T12:36:39","modified_gmt":"2022-09-13T11:36:39","slug":"najit-prilezitostny-sex-online-se-seznamovacimi-aplikacemi","status":"publish","type":"page","link":"https:\/\/styleswp.com\/cs\/najit-prilezitostny-sex-online-se-seznamovacimi-aplikacemi\/","title":{"rendered":"Naj\u00edt p\u0159\u00edle\u017eitostn\u00fd sex online se seznamovac\u00edmi aplikacemi?"},"content":{"rendered":"<p>P\u0159ipojen\u00ed jsou st\u00e1le popul\u00e1rn\u011bj\u0161\u00ed mezi mlad\u00fdmi dosp\u011bl\u00fdmi, zejm\u00e9na vysoko\u0161kolsk\u00fdmi studenty. Podle pr\u016fzkumu, kter\u00fd provedla spole\u010dnost Match.com, v\u00edce ne\u017e 40% americk\u00fdch mileni\u00e1l\u016f \u0159\u00edk\u00e1, \u017ee v posledn\u00edch 12 m\u011bs\u00edc\u00edch m\u011bli p\u0159ipojen\u00ed.<\/p>\n<p>Tak\u017ee pokud se chcete setkat s n\u011bk\u00fdm, kdo sd\u00edl\u00ed podobn\u00e9 z\u00e1jmy, zkuste online seznamky jako OkCupid, Tinder, PlentyOfFish nebo Bumble. Tyto aplikace umo\u017e\u0148uj\u00ed proch\u00e1zet profily na z\u00e1klad\u011b polohy, v\u011bku, pohlav\u00ed a dal\u0161\u00edch preferenc\u00ed, co\u017e usnad\u0148uje hled\u00e1n\u00ed potenci\u00e1ln\u00edch shod v okol\u00ed.<\/p>\n<p>Online seznamovac\u00ed str\u00e1nky nejsou jen pro hled\u00e1n\u00ed p\u0159\u00edle\u017eitostn\u00fdch vztah\u016f; mohou b\u00fdt tak\u00e9 pou\u017eity k nalezen\u00ed dlouhodob\u00fdch partner\u016f. Mnoho web\u016f nab\u00edz\u00ed testy kompatibility, kter\u00e9 v\u00e1m umo\u017en\u00ed spojit se s ostatn\u00edmi na z\u00e1klad\u011b osobnostn\u00edch rys\u016f. Jakmile najdete n\u011bkoho, s k\u00fdm se spoj\u00edte, m\u016f\u017eete nastavit data prost\u0159ednictv\u00edm textov\u00e9 zpr\u00e1vy nebo telefonn\u00edch hovor\u016f.<\/p>\n<p>Zat\u00edmco online seznamky jsou pohodln\u00e9, mohou b\u00fdt tak\u00e9 drah\u00e9. P\u0159ed registrac\u00ed si p\u0159e\u010dt\u011bte recenze a porovnejte ceny. Nezapome\u0148te tak\u00e9, \u017ee zat\u00edmco online seznamovac\u00ed str\u00e1nky jsou skv\u011bl\u00fdm m\u00edstem, kde se m\u016f\u017eete za\u010d\u00edt setk\u00e1vat s lidmi, nemohou nahradit osobn\u00ed interakce. Tak\u017ee pokud hled\u00e1te vztah, zva\u017ete vstup do skupiny nezadan\u00fdch nebo j\u00edt na rande naslepo.<\/p>\n<h3>Jak\u00fd je nejlep\u0161\u00ed zp\u016fsob, jak m\u00edt p\u0159\u00edle\u017eitostn\u00fd sex?<\/h3>\n<p>P\u0159\u00edle\u017eitostn\u00fd sex je skv\u011bl\u00fd, kdy\u017e chcete b\u00fdt spont\u00e1nn\u00ed a d\u011blat n\u011bco z\u00e1bavn\u00e9ho. Je v\u0161ak d\u016fle\u017eit\u00e9 v\u011bd\u011bt, co d\u011bl\u00e1te a jak se vyhnout pohlavn\u011b p\u0159enosn\u00fdm chorob\u00e1m. Pokud nepou\u017e\u00edv\u00e1te ochranu, m\u016f\u017eete nakonec ot\u011bhotn\u011bt.<\/p>\n<h3>Co je dobr\u00e1 p\u0159\u00edle\u017eitostn\u00e1 sexu\u00e1ln\u00ed aplikace?<\/h3>\n<p>Casualsexapp.com je skv\u011bl\u00fdm m\u00edstem pro p\u0159\u00edle\u017eitostn\u00e9 p\u0159ipojen\u00ed. Str\u00e1nka m\u00e1 tis\u00edce \u010dlen\u016f z cel\u00e9ho sv\u011bta, kte\u0159\u00ed hledaj\u00ed z\u00e1bavu a vzru\u0161en\u00ed. \u010clenov\u00e9 mohou proch\u00e1zet profily ostatn\u00edch u\u017eivatel\u016f a pos\u00edlat si zpr\u00e1vy. Pokud n\u011bkdo po\u0161le zpr\u00e1vu jin\u00e9mu \u010dlenovi, bude s n\u00edm moci chatovat p\u0159\u00edmo. T\u00edmto zp\u016fsobem se ob\u011b strany mohou rozhodnout, zda se cht\u011bj\u00ed setkat na rande.<\/p>\n<h3>M\u016f\u017ee b\u00fdt p\u0159\u00edle\u017eitostn\u00fd sex n\u011bkdy dobr\u00fd?<\/h3>\n<p>P\u0159\u00edle\u017eitostn\u00fd sex je skv\u011bl\u00fd pro p\u00e1ry, kter\u00e9 cht\u011bj\u00ed oko\u0159enit sv\u016fj vztah. Pokud se v\u0161ak navz\u00e1jem dob\u0159e nezn\u00e1te, mohlo by to v\u00e9st k podv\u00e1d\u011bn\u00ed. Pokud hled\u00e1te n\u011bco v\u00e1\u017en\u00e9ho, pak p\u0159\u00edle\u017eitostn\u00fd sex nemus\u00ed b\u00fdt to, co pot\u0159ebujete.<\/p>\n<h3>Jak naj\u00edt p\u0159\u00edle\u017eitostn\u00fd sex online?<\/h3>\n<p>P\u0159\u00edle\u017eitostn\u00fd sex je snadn\u00e9 naj\u00edt online. Existuje n\u011bkolik webov\u00fdch str\u00e1nek, kde se m\u016f\u017eete setkat se \u017eenami, kter\u00e9 hledaj\u00ed p\u0159\u00edle\u017eitostn\u00fd sex. Nejlep\u0161\u00ed zp\u016fsob, jak tyto str\u00e1nky naj\u00edt, je vyhled\u00e1vat na Googlu pomoc\u00ed kl\u00ed\u010dov\u00fdch slov, jako je &#8222;p\u0159\u00edle\u017eitostn\u00fd sex&#8220; nebo &#8222;str\u00e1nka pro p\u0159ipojen\u00ed&#8220;. Jakmile najdete ten, kter\u00fd vypad\u00e1 slibn\u011b, zaregistrujte se zdarma a za\u010dn\u011bte proch\u00e1zet profily.<\/p>\n<h3>Jak\u00e1 je nejlep\u0161\u00ed seznamovac\u00ed online aplikace?<\/h3>\n<p>Mezi nejlep\u0161\u00ed seznamovac\u00ed aplikace pro mu\u017ee pat\u0159\u00ed Tinder, Bumble, Grindr, OkCupid a Hinge. Tyto aplikace umo\u017e\u0148uj\u00ed u\u017eivatel\u016fm vyhled\u00e1vat potenci\u00e1ln\u00ed data na z\u00e1klad\u011b polohy a p\u0159edvoleb. U\u017eivatel\u00e9 mohou tak\u00e9 odes\u00edlat zpr\u00e1vy ostatn\u00edm u\u017eivatel\u016fm, zobrazovat profily a chatovat s nimi. N\u011bkter\u00e9 aplikace tak\u00e9 nab\u00edzej\u00ed dal\u0161\u00ed funkce, jako jsou videohovory a skupinov\u00e9 chaty.<\/p>\n<h3>Jak\u00e1 je nejlep\u0161\u00ed seznamovac\u00ed aplikace pro v\u00e1\u017en\u00e9 vztahy?<\/h3>\n<p>Nejlep\u0161\u00ed seznamovac\u00ed aplikace pro v\u00e1\u017en\u00fd vztah je Tinder. Tato aplikace existuje od roku 2012 a je jednou z nejpopul\u00e1rn\u011bj\u0161\u00edch aplikac\u00ed. Lid\u00e9 pou\u017e\u00edvaj\u00ed tinder k nalezen\u00ed dat, spojen\u00ed a dokonce i dlouhodob\u00fdch vztah\u016f. Neexistuj\u00ed \u017e\u00e1dn\u00e9 poplatky a u\u017eivatel\u00e9 mohou b\u00fdt p\u0159i\u0159azeni na z\u00e1klad\u011b um\u00edst\u011bn\u00ed, v\u011bku, pohlav\u00ed a z\u00e1jm\u016f.<\/p>\n<h3>Jak\u00e1 je nejlep\u0161\u00ed seznamovac\u00ed aplikace pro za\u010d\u00e1te\u010dn\u00edky?<\/h3>\n<p>Nejlep\u0161\u00ed seznamovac\u00ed aplikace pro za\u010d\u00e1te\u010dn\u00edky je Tinder. Tato aplikace umo\u017e\u0148uje u\u017eivatel\u016fm p\u0159ejet prstem doprava nebo doleva na fotografi\u00edch jin\u00fdch u\u017eivatel\u016f. Pokud se dva u\u017eivatel\u00e9 navz\u00e1jem l\u00edb\u00ed, mohou chatovat prost\u0159ednictv\u00edm textov\u00fdch zpr\u00e1v. Tinder byl v\u0161ak kritizov\u00e1n za propagaci sexu\u00e1ln\u00edho obt\u011b\u017eov\u00e1n\u00ed a objektivizaci \u017een.<\/p>\n<h3>Jak\u00e1 je nejobl\u00edben\u011bj\u0161\u00ed online seznamka?<\/h3>\n<p>Mezi nejobl\u00edben\u011bj\u0161\u00ed online seznamky pat\u0159\u00ed Match.com, eHarmony, OkCupid, PlentyOfFish, Zoosk a ChristianMingle. Tyto weby umo\u017e\u0148uj\u00ed u\u017eivatel\u016fm vyhled\u00e1vat potenci\u00e1ln\u00ed shody na z\u00e1klad\u011b v\u011bku, polohy, z\u00e1jm\u016f a dal\u0161\u00edch krit\u00e9ri\u00ed. U\u017eivatel\u00e9 mohou tak\u00e9 vytv\u00e1\u0159et profily a nahr\u00e1vat fotografie.<\/p>\n","protected":false},"excerpt":{"rendered":"<div class=\"mh-excerpt\"><p>P\u0159ipojen\u00ed jsou st\u00e1le popul\u00e1rn\u011bj\u0161\u00ed mezi mlad\u00fdmi dosp\u011bl\u00fdmi, zejm\u00e9na vysoko\u0161kolsk\u00fdmi studenty. Podle pr\u016fzkumu, kter\u00fd provedla spole\u010dnost Match.com, v\u00edce ne\u017e 40% americk\u00fdch mileni\u00e1l\u016f \u0159\u00edk\u00e1, \u017ee v posledn\u00edch <a class=\"mh-excerpt-more\" href=\"https:\/\/styleswp.com\/cs\/najit-prilezitostny-sex-online-se-seznamovacimi-aplikacemi\/\" title=\"Naj\u00edt p\u0159\u00edle\u017eitostn\u00fd sex online se seznamovac\u00edmi aplikacemi?\">[&#8230;]<\/a><\/p>\n<\/div>","protected":false},"author":1,"featured_media":0,"parent":0,"menu_order":0,"comment_status":"closed","ping_status":"closed","template":"","meta":[],"yoast_head":"<!-- This site is optimized with the Yoast SEO plugin v17.7.1 - https:\/\/yoast.com\/wordpress\/plugins\/seo\/ -->\n<title>Naj\u00edt p\u0159\u00edle\u017eitostn\u00fd sex online se seznamovac\u00edmi aplikacemi? - Relationship Guide<\/title>\n<meta name=\"robots\" content=\"index, follow, max-snippet:-1, max-image-preview:large, max-video-preview:-1\" \/>\n<link rel=\"canonical\" href=\"https:\/\/styleswp.com\/cs\/najit-prilezitostny-sex-online-se-seznamovacimi-aplikacemi\/\" \/>\n<meta property=\"og:locale\" content=\"cs_CZ\" \/>\n<meta property=\"og:type\" content=\"article\" \/>\n<meta property=\"og:title\" content=\"Naj\u00edt p\u0159\u00edle\u017eitostn\u00fd sex online se seznamovac\u00edmi aplikacemi? - Relationship Guide\" \/>\n<meta property=\"og:description\" content=\"P\u0159ipojen\u00ed jsou st\u00e1le popul\u00e1rn\u011bj\u0161\u00ed mezi mlad\u00fdmi dosp\u011bl\u00fdmi, zejm\u00e9na vysoko\u0161kolsk\u00fdmi studenty. Podle pr\u016fzkumu, kter\u00fd provedla spole\u010dnost Match.com, v\u00edce ne\u017e 40% americk\u00fdch mileni\u00e1l\u016f \u0159\u00edk\u00e1, \u017ee v posledn\u00edch [...]\" \/>\n<meta property=\"og:url\" content=\"https:\/\/styleswp.com\/cs\/najit-prilezitostny-sex-online-se-seznamovacimi-aplikacemi\/\" \/>\n<meta property=\"og:site_name\" content=\"Relationship Guide\" \/>\n<meta name=\"twitter:card\" content=\"summary_large_image\" \/>\n<meta name=\"twitter:label1\" content=\"Odhadovan\u00e1 doba \u010dten\u00ed\" \/>\n\t<meta name=\"twitter:data1\" content=\"4 minuty\" \/>\n<script type=\"application\/ld+json\" class=\"yoast-schema-graph\">{\"@context\":\"https:\/\/schema.org\",\"@graph\":[{\"@type\":\"WebSite\",\"@id\":\"http:\/\/styleswp.com\/fi\/#website\",\"url\":\"http:\/\/styleswp.com\/fi\/\",\"name\":\"Relationship Guide\",\"description\":\"Meet Your Match\",\"potentialAction\":[{\"@type\":\"SearchAction\",\"target\":{\"@type\":\"EntryPoint\",\"urlTemplate\":\"http:\/\/styleswp.com\/fi\/?s={search_term_string}\"},\"query-input\":\"required name=search_term_string\"}],\"inLanguage\":\"cs\"},{\"@type\":\"WebPage\",\"@id\":\"https:\/\/styleswp.com\/cs\/najit-prilezitostny-sex-online-se-seznamovacimi-aplikacemi\/#webpage\",\"url\":\"https:\/\/styleswp.com\/cs\/najit-prilezitostny-sex-online-se-seznamovacimi-aplikacemi\/\",\"name\":\"Naj\\u00edt p\\u0159\\u00edle\\u017eitostn\\u00fd sex online se seznamovac\\u00edmi aplikacemi? - Relationship Guide\",\"isPartOf\":{\"@id\":\"http:\/\/styleswp.com\/fi\/#website\"},\"datePublished\":\"2022-09-13T11:36:39+00:00\",\"dateModified\":\"2022-09-13T11:36:39+00:00\",\"breadcrumb\":{\"@id\":\"https:\/\/styleswp.com\/cs\/najit-prilezitostny-sex-online-se-seznamovacimi-aplikacemi\/#breadcrumb\"},\"inLanguage\":\"cs\",\"potentialAction\":[{\"@type\":\"ReadAction\",\"target\":[\"https:\/\/styleswp.com\/cs\/najit-prilezitostny-sex-online-se-seznamovacimi-aplikacemi\/\"]}]},{\"@type\":\"BreadcrumbList\",\"@id\":\"https:\/\/styleswp.com\/cs\/najit-prilezitostny-sex-online-se-seznamovacimi-aplikacemi\/#breadcrumb\",\"itemListElement\":[{\"@type\":\"ListItem\",\"position\":1,\"name\":\"Home\",\"item\":\"https:\/\/styleswp.com\/cs\/\"},{\"@type\":\"ListItem\",\"position\":2,\"name\":\"Naj\\u00edt p\\u0159\\u00edle\\u017eitostn\\u00fd sex online se seznamovac\\u00edmi aplikacemi?\"}]}]}<\/script>\n<!-- \/ Yoast SEO plugin. -->","yoast_head_json":{"title":"Naj\u00edt p\u0159\u00edle\u017eitostn\u00fd sex online se seznamovac\u00edmi aplikacemi? - Relationship Guide","robots":{"index":"index","follow":"follow","max-snippet":"max-snippet:-1","max-image-preview":"max-image-preview:large","max-video-preview":"max-video-preview:-1"},"canonical":"https:\/\/styleswp.com\/cs\/najit-prilezitostny-sex-online-se-seznamovacimi-aplikacemi\/","og_locale":"cs_CZ","og_type":"article","og_title":"Naj\u00edt p\u0159\u00edle\u017eitostn\u00fd sex online se seznamovac\u00edmi aplikacemi? - Relationship Guide","og_description":"P\u0159ipojen\u00ed jsou st\u00e1le popul\u00e1rn\u011bj\u0161\u00ed mezi mlad\u00fdmi dosp\u011bl\u00fdmi, zejm\u00e9na vysoko\u0161kolsk\u00fdmi studenty. Podle pr\u016fzkumu, kter\u00fd provedla spole\u010dnost Match.com, v\u00edce ne\u017e 40% americk\u00fdch mileni\u00e1l\u016f \u0159\u00edk\u00e1, \u017ee v posledn\u00edch [...]","og_url":"https:\/\/styleswp.com\/cs\/najit-prilezitostny-sex-online-se-seznamovacimi-aplikacemi\/","og_site_name":"Relationship Guide","twitter_card":"summary_large_image","twitter_misc":{"Odhadovan\u00e1 doba \u010dten\u00ed":"4 minuty"},"schema":{"@context":"https:\/\/schema.org","@graph":[{"@type":"WebSite","@id":"http:\/\/styleswp.com\/fi\/#website","url":"http:\/\/styleswp.com\/fi\/","name":"Relationship Guide","description":"Meet Your Match","potentialAction":[{"@type":"SearchAction","target":{"@type":"EntryPoint","urlTemplate":"http:\/\/styleswp.com\/fi\/?s={search_term_string}"},"query-input":"required name=search_term_string"}],"inLanguage":"cs"},{"@type":"WebPage","@id":"https:\/\/styleswp.com\/cs\/najit-prilezitostny-sex-online-se-seznamovacimi-aplikacemi\/#webpage","url":"https:\/\/styleswp.com\/cs\/najit-prilezitostny-sex-online-se-seznamovacimi-aplikacemi\/","name":"Naj\u00edt p\u0159\u00edle\u017eitostn\u00fd sex online se seznamovac\u00edmi aplikacemi? - Relationship Guide","isPartOf":{"@id":"http:\/\/styleswp.com\/fi\/#website"},"datePublished":"2022-09-13T11:36:39+00:00","dateModified":"2022-09-13T11:36:39+00:00","breadcrumb":{"@id":"https:\/\/styleswp.com\/cs\/najit-prilezitostny-sex-online-se-seznamovacimi-aplikacemi\/#breadcrumb"},"inLanguage":"cs","potentialAction":[{"@type":"ReadAction","target":["https:\/\/styleswp.com\/cs\/najit-prilezitostny-sex-online-se-seznamovacimi-aplikacemi\/"]}]},{"@type":"BreadcrumbList","@id":"https:\/\/styleswp.com\/cs\/najit-prilezitostny-sex-online-se-seznamovacimi-aplikacemi\/#breadcrumb","itemListElement":[{"@type":"ListItem","position":1,"name":"Home","item":"https:\/\/styleswp.com\/cs\/"},{"@type":"ListItem","position":2,"name":"Naj\u00edt p\u0159\u00edle\u017eitostn\u00fd sex online se seznamovac\u00edmi aplikacemi?"}]}]}},"_links":{"self":[{"href":"https:\/\/styleswp.com\/cs\/wp-json\/wp\/v2\/pages\/144"}],"collection":[{"href":"https:\/\/styleswp.com\/cs\/wp-json\/wp\/v2\/pages"}],"about":[{"href":"https:\/\/styleswp.com\/cs\/wp-json\/wp\/v2\/types\/page"}],"author":[{"embeddable":true,"href":"https:\/\/styleswp.com\/cs\/wp-json\/wp\/v2\/users\/1"}],"replies":[{"embeddable":true,"href":"https:\/\/styleswp.com\/cs\/wp-json\/wp\/v2\/comments?post=144"}],"version-history":[{"count":0,"href":"https:\/\/styleswp.com\/cs\/wp-json\/wp\/v2\/pages\/144\/revisions"}],"wp:attachment":[{"href":"https:\/\/styleswp.com\/cs\/wp-json\/wp\/v2\/media?parent=144"}],"curies":[{"name":"wp","href":"https:\/\/api.w.org\/{rel}","templated":true}]}}