{"id":125,"date":"2022-09-13T12:36:41","date_gmt":"2022-09-13T11:36:41","guid":{"rendered":"http:\/\/styleswp.com\/stoji-tinder-za-to-pro-sexting\/"},"modified":"2022-09-13T12:36:41","modified_gmt":"2022-09-13T11:36:41","slug":"stoji-tinder-za-to-pro-sexting","status":"publish","type":"page","link":"https:\/\/styleswp.com\/cs\/stoji-tinder-za-to-pro-sexting\/","title":{"rendered":"Stoj\u00ed Tinder za to pro sexting?"},"content":{"rendered":"<p>Sexting je dnes popul\u00e1rn\u00ed aktivitou mezi dosp\u00edvaj\u00edc\u00edmi a mlad\u00fdmi dosp\u011bl\u00fdmi. I kdy\u017e se to obvykle prov\u00e1d\u00ed prost\u0159ednictv\u00edm textov\u00fdch zpr\u00e1v, m\u016f\u017ee se to tak\u00e9 st\u00e1t p\u0159es jin\u00e9 formy komunikace, jako je Snapchat a Instagram.<\/p>\n<p>I kdy\u017e pou\u017e\u00edv\u00e1n\u00ed t\u011bchto aplikac\u00ed p\u0159in\u00e1\u0161\u00ed v\u00fdhody, existuj\u00ed i nev\u00fdhody. Aplikace jako Kik a WhatsApp jsou m\u00e9n\u011b bezpe\u010dn\u00e9 ne\u017e textov\u00e9 aplikace jako iMessage a Facebook Messenger. A proto\u017ee nejsou \u0161ifrov\u00e1ny, mohly by b\u00fdt potenci\u00e1ln\u011b hacknuty.<\/p>\n<p>Pokud se tedy rozhodnete zkusit sexting, ujist\u011bte se, \u017ee jste si vybrali bezpe\u010dnou aplikaci, kter\u00e1 nab\u00edz\u00ed \u0161ifrov\u00e1n\u00ed typu end-to-end. Zva\u017ete tak\u00e9 p\u0159ijet\u00ed opat\u0159en\u00ed, jako je zachov\u00e1n\u00ed soukrom\u00ed va\u0161ich osobn\u00edch \u00fadaj\u016f a vyh\u00fdb\u00e1n\u00ed se sd\u00edlen\u00ed va\u0161\u00ed polohy.<\/p>\n<h3>Jak\u00e1 je \u00fasp\u011b\u0161nost Tinderu?<\/h3>\n<p>\u00dasp\u011b\u0161nost Tinderu je asi 50%. To znamen\u00e1, \u017ee ze 100 mu\u017e\u016f, kte\u0159\u00ed pou\u017e\u00edvaj\u00ed Tinder, se jen polovina z nich setk\u00e1 s n\u011bk\u00fdm, kdo se jim l\u00edb\u00ed. \u017deny v\u0161ak maj\u00ed tendenci b\u00fdt selektivn\u011bj\u0161\u00ed p\u0159i pou\u017e\u00edv\u00e1n\u00ed seznamovac\u00edch aplikac\u00ed, jako je Tinder.<\/p>\n<h3>Je Tinder skute\u010dn\u011b \u00fa\u010dinn\u00fd?<\/h3>\n<p>Ano, Tinder se uk\u00e1zal jako \u00fa\u010dinn\u00fd p\u0159i p\u00e1rov\u00e1n\u00ed u\u017eivatel\u016f na z\u00e1klad\u011b spole\u010dn\u00fdch z\u00e1jm\u016f. Aplikace byla spu\u0161t\u011bna v roce 2012 a nyn\u00ed m\u00e1 v\u00edce ne\u017e 40 milion\u016f aktivn\u00edch m\u011bs\u00ed\u010dn\u00edch u\u017eivatel\u016f.<\/p>\n<h3>Stoj\u00ed rand\u011bn\u00ed na Tinderu za to?<\/h3>\n<p>Seznamov\u00e1n\u00ed na Tinderu je z\u00e1bavn\u00e9 a snadn\u00e9, ale m\u00e1 i n\u011bkter\u00e9 nev\u00fdhody. Nejprve mus\u00edte b\u00fdt opatrn\u00ed ohledn\u011b toho, pro koho p\u0159ejedete prstem doprava. Pokud p\u0159ejedete prstem doprava pro n\u011bkoho, kdo v\u00e1s nem\u00e1 r\u00e1d, pak ztr\u00e1c\u00edte \u010das. Za druh\u00e9, nev\u00edte, jak\u00fd druh \u010dlov\u011bka je, dokud se s nimi nesetk\u00e1te. Za t\u0159et\u00ed, m\u016f\u017eete skon\u010dit setk\u00e1n\u00edm s n\u011bk\u00fdm, kdo s v\u00e1mi nen\u00ed kompatibiln\u00ed. Nakonec se m\u016f\u017eete ocitnout v p\u0159ejet\u00ed doleva pro ka\u017ed\u00e9ho!<\/p>\n<h3>Existuje aplikace pro \u0161pinav\u00e9 mluven\u00ed?<\/h3>\n<p>Ano! K dispozici je aplikace s n\u00e1zvem Dirty Talk, kter\u00e1 umo\u017e\u0148uje u\u017eivatel\u016fm nahr\u00e1vat, jak \u0159\u00edkaj\u00ed zlobiv\u00e9 v\u011bci, zat\u00edmco se d\u00edvaj\u00ed, jak to d\u011blaj\u00ed. Aplikace m\u00e1 tak\u00e9 funkci, kde si u\u017eivatel\u00e9 mohou navz\u00e1jem pos\u00edlat &#8222;\u0161pinav\u00e9&#8220; zpr\u00e1vy.<\/p>\n<h3>Jak\u00e1 je nejbezpe\u010dn\u011bj\u0161\u00ed aplikace pro sexting?<\/h3>\n<p>Nejbezpe\u010dn\u011bj\u0161\u00ed aplikace pro sexting se naz\u00fdv\u00e1 &#8222;Tinychat&#8220;, kter\u00e1 byla hodnocena jako jedna z nejlep\u0161\u00edch aplikac\u00ed pro sexting. Tinychat pou\u017e\u00edv\u00e1 technologii \u0161ifrov\u00e1n\u00ed end-to-end, aby zajistil, \u017ee k va\u0161im zpr\u00e1v\u00e1m nebude m\u00edt p\u0159\u00edstup \u017e\u00e1dn\u00e1 t\u0159et\u00ed strana. To znamen\u00e1, \u017ee pouze vy a osoba, se kterou chatujete, m\u016f\u017eete \u010d\u00edst to, co p\u00ed\u0161ete.<\/p>\n<h3>Jak d\u011bl\u00e1te online sexting?<\/h3>\n<p>Sexting se prov\u00e1d\u00ed prost\u0159ednictv\u00edm aplikac\u00ed, jako jsou Kik, Snapchat, Grindr atd. Nejlep\u0161\u00ed zp\u016fsob, jak naj\u00edt n\u011bkoho pro sexting, je pou\u017e\u00edt seznamovac\u00ed aplikaci, jako je Tinder. Pokud chcete b\u00fdt diskr\u00e9tn\u00ed o sv\u00fdch sextingov\u00fdch aktivit\u00e1ch, m\u011bli byste m\u00edsto ve\u0159ejn\u00fdch chatovac\u00edch aplikac\u00ed pou\u017e\u00edt soukromou chatovac\u00ed aplikaci.<\/p>\n<h3>Jak z\u00edskat akty online?<\/h3>\n<p>Pokud chcete z\u00edskat nah\u00e9 fotografie online, m\u011bli byste pou\u017e\u00edt web, jako je NudeVault.com kde m\u016f\u017eete nahr\u00e1t sv\u00e9 nah\u00e9 obr\u00e1zky zdarma. Webov\u00e1 str\u00e1nka tak\u00e9 nab\u00edz\u00ed dal\u0161\u00ed funkce, jako jsou video chatovac\u00ed m\u00edstnosti, webov\u00e9 kamery a \u017eiv\u00e9 sexu\u00e1ln\u00ed kamery.<\/p>\n","protected":false},"excerpt":{"rendered":"<div class=\"mh-excerpt\"><p>Sexting je dnes popul\u00e1rn\u00ed aktivitou mezi dosp\u00edvaj\u00edc\u00edmi a mlad\u00fdmi dosp\u011bl\u00fdmi. I kdy\u017e se to obvykle prov\u00e1d\u00ed prost\u0159ednictv\u00edm textov\u00fdch zpr\u00e1v, m\u016f\u017ee se to tak\u00e9 st\u00e1t p\u0159es <a class=\"mh-excerpt-more\" href=\"https:\/\/styleswp.com\/cs\/stoji-tinder-za-to-pro-sexting\/\" title=\"Stoj\u00ed Tinder za to pro sexting?\">[&#8230;]<\/a><\/p>\n<\/div>","protected":false},"author":1,"featured_media":0,"parent":0,"menu_order":0,"comment_status":"closed","ping_status":"closed","template":"","meta":[],"yoast_head":"<!-- This site is optimized with the Yoast SEO plugin v17.7.1 - https:\/\/yoast.com\/wordpress\/plugins\/seo\/ -->\n<title>Stoj\u00ed Tinder za to pro sexting? - Relationship Guide<\/title>\n<meta name=\"robots\" content=\"index, follow, max-snippet:-1, max-image-preview:large, max-video-preview:-1\" \/>\n<link rel=\"canonical\" href=\"https:\/\/styleswp.com\/cs\/stoji-tinder-za-to-pro-sexting\/\" \/>\n<meta property=\"og:locale\" content=\"cs_CZ\" \/>\n<meta property=\"og:type\" content=\"article\" \/>\n<meta property=\"og:title\" content=\"Stoj\u00ed Tinder za to pro sexting? - Relationship Guide\" \/>\n<meta property=\"og:description\" content=\"Sexting je dnes popul\u00e1rn\u00ed aktivitou mezi dosp\u00edvaj\u00edc\u00edmi a mlad\u00fdmi dosp\u011bl\u00fdmi. I kdy\u017e se to obvykle prov\u00e1d\u00ed prost\u0159ednictv\u00edm textov\u00fdch zpr\u00e1v, m\u016f\u017ee se to tak\u00e9 st\u00e1t p\u0159es [...]\" \/>\n<meta property=\"og:url\" content=\"https:\/\/styleswp.com\/cs\/stoji-tinder-za-to-pro-sexting\/\" \/>\n<meta property=\"og:site_name\" content=\"Relationship Guide\" \/>\n<meta name=\"twitter:card\" content=\"summary_large_image\" \/>\n<meta name=\"twitter:label1\" content=\"Odhadovan\u00e1 doba \u010dten\u00ed\" \/>\n\t<meta name=\"twitter:data1\" content=\"3 minuty\" \/>\n<script type=\"application\/ld+json\" class=\"yoast-schema-graph\">{\"@context\":\"https:\/\/schema.org\",\"@graph\":[{\"@type\":\"WebSite\",\"@id\":\"http:\/\/styleswp.com\/fi\/#website\",\"url\":\"http:\/\/styleswp.com\/fi\/\",\"name\":\"Relationship Guide\",\"description\":\"Meet Your Match\",\"potentialAction\":[{\"@type\":\"SearchAction\",\"target\":{\"@type\":\"EntryPoint\",\"urlTemplate\":\"http:\/\/styleswp.com\/fi\/?s={search_term_string}\"},\"query-input\":\"required name=search_term_string\"}],\"inLanguage\":\"cs\"},{\"@type\":\"WebPage\",\"@id\":\"https:\/\/styleswp.com\/cs\/stoji-tinder-za-to-pro-sexting\/#webpage\",\"url\":\"https:\/\/styleswp.com\/cs\/stoji-tinder-za-to-pro-sexting\/\",\"name\":\"Stoj\\u00ed Tinder za to pro sexting? - Relationship Guide\",\"isPartOf\":{\"@id\":\"http:\/\/styleswp.com\/fi\/#website\"},\"datePublished\":\"2022-09-13T11:36:41+00:00\",\"dateModified\":\"2022-09-13T11:36:41+00:00\",\"breadcrumb\":{\"@id\":\"https:\/\/styleswp.com\/cs\/stoji-tinder-za-to-pro-sexting\/#breadcrumb\"},\"inLanguage\":\"cs\",\"potentialAction\":[{\"@type\":\"ReadAction\",\"target\":[\"https:\/\/styleswp.com\/cs\/stoji-tinder-za-to-pro-sexting\/\"]}]},{\"@type\":\"BreadcrumbList\",\"@id\":\"https:\/\/styleswp.com\/cs\/stoji-tinder-za-to-pro-sexting\/#breadcrumb\",\"itemListElement\":[{\"@type\":\"ListItem\",\"position\":1,\"name\":\"Home\",\"item\":\"https:\/\/styleswp.com\/cs\/\"},{\"@type\":\"ListItem\",\"position\":2,\"name\":\"Stoj\\u00ed Tinder za to pro sexting?\"}]}]}<\/script>\n<!-- \/ Yoast SEO plugin. -->","yoast_head_json":{"title":"Stoj\u00ed Tinder za to pro sexting? - Relationship Guide","robots":{"index":"index","follow":"follow","max-snippet":"max-snippet:-1","max-image-preview":"max-image-preview:large","max-video-preview":"max-video-preview:-1"},"canonical":"https:\/\/styleswp.com\/cs\/stoji-tinder-za-to-pro-sexting\/","og_locale":"cs_CZ","og_type":"article","og_title":"Stoj\u00ed Tinder za to pro sexting? - Relationship Guide","og_description":"Sexting je dnes popul\u00e1rn\u00ed aktivitou mezi dosp\u00edvaj\u00edc\u00edmi a mlad\u00fdmi dosp\u011bl\u00fdmi. I kdy\u017e se to obvykle prov\u00e1d\u00ed prost\u0159ednictv\u00edm textov\u00fdch zpr\u00e1v, m\u016f\u017ee se to tak\u00e9 st\u00e1t p\u0159es [...]","og_url":"https:\/\/styleswp.com\/cs\/stoji-tinder-za-to-pro-sexting\/","og_site_name":"Relationship Guide","twitter_card":"summary_large_image","twitter_misc":{"Odhadovan\u00e1 doba \u010dten\u00ed":"3 minuty"},"schema":{"@context":"https:\/\/schema.org","@graph":[{"@type":"WebSite","@id":"http:\/\/styleswp.com\/fi\/#website","url":"http:\/\/styleswp.com\/fi\/","name":"Relationship Guide","description":"Meet Your Match","potentialAction":[{"@type":"SearchAction","target":{"@type":"EntryPoint","urlTemplate":"http:\/\/styleswp.com\/fi\/?s={search_term_string}"},"query-input":"required name=search_term_string"}],"inLanguage":"cs"},{"@type":"WebPage","@id":"https:\/\/styleswp.com\/cs\/stoji-tinder-za-to-pro-sexting\/#webpage","url":"https:\/\/styleswp.com\/cs\/stoji-tinder-za-to-pro-sexting\/","name":"Stoj\u00ed Tinder za to pro sexting? - Relationship Guide","isPartOf":{"@id":"http:\/\/styleswp.com\/fi\/#website"},"datePublished":"2022-09-13T11:36:41+00:00","dateModified":"2022-09-13T11:36:41+00:00","breadcrumb":{"@id":"https:\/\/styleswp.com\/cs\/stoji-tinder-za-to-pro-sexting\/#breadcrumb"},"inLanguage":"cs","potentialAction":[{"@type":"ReadAction","target":["https:\/\/styleswp.com\/cs\/stoji-tinder-za-to-pro-sexting\/"]}]},{"@type":"BreadcrumbList","@id":"https:\/\/styleswp.com\/cs\/stoji-tinder-za-to-pro-sexting\/#breadcrumb","itemListElement":[{"@type":"ListItem","position":1,"name":"Home","item":"https:\/\/styleswp.com\/cs\/"},{"@type":"ListItem","position":2,"name":"Stoj\u00ed Tinder za to pro sexting?"}]}]}},"_links":{"self":[{"href":"https:\/\/styleswp.com\/cs\/wp-json\/wp\/v2\/pages\/125"}],"collection":[{"href":"https:\/\/styleswp.com\/cs\/wp-json\/wp\/v2\/pages"}],"about":[{"href":"https:\/\/styleswp.com\/cs\/wp-json\/wp\/v2\/types\/page"}],"author":[{"embeddable":true,"href":"https:\/\/styleswp.com\/cs\/wp-json\/wp\/v2\/users\/1"}],"replies":[{"embeddable":true,"href":"https:\/\/styleswp.com\/cs\/wp-json\/wp\/v2\/comments?post=125"}],"version-history":[{"count":0,"href":"https:\/\/styleswp.com\/cs\/wp-json\/wp\/v2\/pages\/125\/revisions"}],"wp:attachment":[{"href":"https:\/\/styleswp.com\/cs\/wp-json\/wp\/v2\/media?parent=125"}],"curies":[{"name":"wp","href":"https:\/\/api.w.org\/{rel}","templated":true}]}}