{"id":111,"date":"2022-09-13T12:37:43","date_gmt":"2022-09-13T11:37:43","guid":{"rendered":"http:\/\/styleswp.com\/najdete-si-kurva-kamarada-ve-vasi-oblasti\/"},"modified":"2022-09-13T12:37:43","modified_gmt":"2022-09-13T11:37:43","slug":"najdete-si-kurva-kamarada-ve-vasi-oblasti","status":"publish","type":"page","link":"https:\/\/styleswp.com\/cs\/najdete-si-kurva-kamarada-ve-vasi-oblasti\/","title":{"rendered":"Najd\u011bte si kurva kamar\u00e1da ve va\u0161\u00ed oblasti"},"content":{"rendered":"<p>Existuje spousta d\u016fvod\u016f, pro\u010d by n\u011bkdo cht\u011bl <a href=\"http:\/\/styleswp.com\/cs\/seznamte-se-s-mistnimi-asiaty-pro-sex\/\">naj\u00edt kurva kamar\u00e1da<\/a>. Mo\u017en\u00e1 jsou svobodn\u00ed a hledaj\u00ed p\u0159\u00edtele, kter\u00fd sd\u00edl\u00ed podobn\u00e9 z\u00e1jmy. Nebo mo\u017en\u00e1 jen cht\u011bj\u00ed prozkoumat svou sexualitu. A\u0165 u\u017e je d\u016fvod jak\u00fdkoli, nalezen\u00ed kurva kamar\u00e1da m\u016f\u017ee b\u00fdt z\u00e1bavn\u00e9 a vzru\u0161uj\u00edc\u00ed.<\/p>\n<p>Tak\u017ee te\u010f, kdy\u017e ch\u00e1pete rizika, promluvme si o tom, jak naj\u00edt kurva kamar\u00e1da! Existuje n\u011bkolik r\u016fzn\u00fdch mo\u017enost\u00ed, kter\u00e9 m\u00e1te k dispozici v z\u00e1vislosti na va\u0161ich pot\u0159eb\u00e1ch a p\u0159\u00e1n\u00edch.<\/p>\n<h3>Co je to kurva kamar\u00e1d?<\/h3>\n<p>Kurva kamar\u00e1d je n\u011bkdo, kdo s v\u00e1mi m\u00e1 sex zdarma. Tato osoba m\u016f\u017ee b\u00fdt va\u0161e p\u0159\u00edtelkyn\u011b, man\u017eelka, man\u017eel, p\u0159\u00edtel nebo jak\u00fdkoli jin\u00fd partner. Term\u00edn &#8222;fuck buddy&#8220; byl vytvo\u0159en v roce 1980, kdy mu\u017ei m\u011bli m\u00e9n\u011b sexu\u00e1ln\u00edch partner\u016f kv\u016fli AIDS.<\/p>\n<h3>M\u011bli byste to udr\u017eet le\u017e\u00e9rn\u00ed s kurva kamar\u00e1dem?<\/h3>\n<p>P\u0159\u00edle\u017eitostn\u00fd sex je skv\u011bl\u00fd pro p\u00e1r, kter\u00fd chce oko\u0159enit sv\u016fj vztah. P\u0159\u00edle\u017eitostn\u00fd sex by v\u0161ak m\u011bl b\u00fdt udr\u017eov\u00e1n pouze na \u00farovni lo\u017enice. Pokud chcete za\u010d\u00edt v\u00e1\u017en\u00fd vztah, mus\u00edte se nejprve s n\u011bk\u00fdm setkat.<\/p>\n<h3>Nejlep\u0161\u00ed sexu\u00e1ln\u00ed aplikace pro setk\u00e1n\u00ed s kurva kamar\u00e1dem?<\/h3>\n<p>Nejlep\u0161\u00ed sexu\u00e1ln\u00ed aplikace pro setk\u00e1n\u00ed s kurva kamar\u00e1dem zahrnuj\u00ed Tinder, Grindr, Scruff a Jack&#8217;d. Tyto aplikace umo\u017e\u0148uj\u00ed u\u017eivatel\u016fm vyhled\u00e1vat potenci\u00e1ln\u00ed partnery na z\u00e1klad\u011b polohy, v\u011bku, pohlav\u00ed, sexu\u00e1ln\u00ed orientace a dal\u0161\u00edch krit\u00e9ri\u00ed. U\u017eivatel\u00e9 si tak\u00e9 mohou navz\u00e1jem pos\u00edlat zpr\u00e1vy prost\u0159ednictv\u00edm t\u011bchto aplikac\u00ed.<\/p>\n<h3>Kolik kurva kamar\u00e1d\u016f m\u016f\u017eete m\u00edt najednou?<\/h3>\n<p>Odpov\u011b\u010f z\u00e1vis\u00ed na tom, kolik pen\u011bz m\u00e1te. Pokud m\u00e1te 10 000 dolar\u016f, pak m\u016f\u017eete m\u00edt 10 kurva kamar\u00e1d\u016f najednou. Nicm\u00e9n\u011b, pokud m\u00e1te 1 milion dolar\u016f, pak m\u016f\u017eete m\u00edt 100 kurva kamar\u00e1d\u016f najednou.<\/p>\n<h3>Kde mohu chatovat s ciz\u00edmi lidmi online zdarma?<\/h3>\n<p>Existuje n\u011bkolik webov\u00fdch str\u00e1nek, kde se m\u016f\u017eete setkat s nov\u00fdmi lidmi z cel\u00e9ho sv\u011bta. Mezi tyto weby pat\u0159\u00ed: Facebook, Twitter, Reddit, Quora, Google Plus, LinkedIn a Meetup.com. Nejlep\u0161\u00ed zp\u016fsob, jak naj\u00edt tyto str\u00e1nky, je hledat &#8222;bezplatn\u00e9 datov\u00e1n\u00ed&#8220; nebo &#8222;setkat se s nov\u00fdmi lidmi&#8220;.<\/p>\n<h3>Jak\u00e1 je nejlep\u0161\u00ed platforma pro n\u00e1hodn\u00e9 cizince?<\/h3>\n<p>TextRandomStrangers je bezplatn\u00e1 aplikace pro telefony Android, kter\u00e1 umo\u017e\u0148uje u\u017eivatel\u016fm pos\u00edlat anonymn\u00ed texty ostatn\u00edm u\u017eivatel\u016fm, kte\u0159\u00ed tak\u00e9 pou\u017e\u00edvaj\u00ed aplikaci. Aplikace byla od sv\u00e9ho uveden\u00ed na trh v roce 2013 sta\u017eena v\u00edce ne\u017e 10 milionkr\u00e1t. U\u017eivatel\u00e9 si mohou vybrat ze seznamu p\u0159edem napsan\u00fdch zpr\u00e1v, jako nap\u0159\u00edklad &#8222;Nud\u00edm se&#8220;, &#8222;Pot\u0159ebuji pomoc&#8220; nebo &#8222;Poj\u010fme se setkat&#8220;.<\/p>\n<h3>Existuje bezplatn\u00e1 aplikace pro rozhovor s ciz\u00edmi lidmi?<\/h3>\n<p>Ano! Existuje n\u011bkolik aplikac\u00ed pro chatov\u00e1n\u00ed s n\u00e1hodn\u00fdmi ciz\u00edmi lidmi. Nejlep\u0161\u00ed, kter\u00fd jsem pou\u017eil, se naz\u00fdv\u00e1 &#8222;Talk To Strangers&#8220;, kter\u00fd existuje od roku 2008. Tato aplikace v\u00e1m umo\u017en\u00ed chatovat s ciz\u00edmi lidmi z cel\u00e9ho sv\u011bta.<\/p>\n<h3>Je sexting online bezpe\u010dn\u00fd?<\/h3>\n<p>Sexting je forma kyber\u0161ikany, kter\u00e1 je v n\u011bkter\u00fdch zem\u00edch, jako je Austr\u00e1lie, Kanada, Anglie, Irsko, Nov\u00fd Z\u00e9land, Skotsko, Wales a dal\u0161\u00ed, nez\u00e1konn\u00e1. Pokud chcete b\u00fdt p\u0159i odes\u00edl\u00e1n\u00ed sexy obr\u00e1zk\u016f v bezpe\u010d\u00ed, pou\u017eijte bezpe\u010dnou aplikaci pro zas\u00edl\u00e1n\u00ed zpr\u00e1v, jako je Signal, WhatsApp, Viber, WeChat atd.<\/p>\n","protected":false},"excerpt":{"rendered":"<div class=\"mh-excerpt\"><p>Existuje spousta d\u016fvod\u016f, pro\u010d by n\u011bkdo cht\u011bl naj\u00edt kurva kamar\u00e1da. Mo\u017en\u00e1 jsou svobodn\u00ed a hledaj\u00ed p\u0159\u00edtele, kter\u00fd sd\u00edl\u00ed podobn\u00e9 z\u00e1jmy. Nebo mo\u017en\u00e1 jen cht\u011bj\u00ed prozkoumat <a class=\"mh-excerpt-more\" href=\"https:\/\/styleswp.com\/cs\/najdete-si-kurva-kamarada-ve-vasi-oblasti\/\" title=\"Najd\u011bte si kurva kamar\u00e1da ve va\u0161\u00ed oblasti\">[&#8230;]<\/a><\/p>\n<\/div>","protected":false},"author":1,"featured_media":0,"parent":0,"menu_order":0,"comment_status":"closed","ping_status":"closed","template":"","meta":[],"yoast_head":"<!-- This site is optimized with the Yoast SEO plugin v17.7.1 - https:\/\/yoast.com\/wordpress\/plugins\/seo\/ -->\n<title>Najd\u011bte si kurva kamar\u00e1da ve va\u0161\u00ed oblasti - Relationship Guide<\/title>\n<meta name=\"robots\" content=\"index, follow, max-snippet:-1, max-image-preview:large, max-video-preview:-1\" \/>\n<link rel=\"canonical\" href=\"https:\/\/styleswp.com\/cs\/najdete-si-kurva-kamarada-ve-vasi-oblasti\/\" \/>\n<meta property=\"og:locale\" content=\"cs_CZ\" \/>\n<meta property=\"og:type\" content=\"article\" \/>\n<meta property=\"og:title\" content=\"Najd\u011bte si kurva kamar\u00e1da ve va\u0161\u00ed oblasti - Relationship Guide\" \/>\n<meta property=\"og:description\" content=\"Existuje spousta d\u016fvod\u016f, pro\u010d by n\u011bkdo cht\u011bl naj\u00edt kurva kamar\u00e1da. Mo\u017en\u00e1 jsou svobodn\u00ed a hledaj\u00ed p\u0159\u00edtele, kter\u00fd sd\u00edl\u00ed podobn\u00e9 z\u00e1jmy. Nebo mo\u017en\u00e1 jen cht\u011bj\u00ed prozkoumat [...]\" \/>\n<meta property=\"og:url\" content=\"https:\/\/styleswp.com\/cs\/najdete-si-kurva-kamarada-ve-vasi-oblasti\/\" \/>\n<meta property=\"og:site_name\" content=\"Relationship Guide\" \/>\n<meta name=\"twitter:card\" content=\"summary_large_image\" \/>\n<meta name=\"twitter:label1\" content=\"Odhadovan\u00e1 doba \u010dten\u00ed\" \/>\n\t<meta name=\"twitter:data1\" content=\"3 minuty\" \/>\n<script type=\"application\/ld+json\" class=\"yoast-schema-graph\">{\"@context\":\"https:\/\/schema.org\",\"@graph\":[{\"@type\":\"WebSite\",\"@id\":\"http:\/\/styleswp.com\/fi\/#website\",\"url\":\"http:\/\/styleswp.com\/fi\/\",\"name\":\"Relationship Guide\",\"description\":\"Meet Your Match\",\"potentialAction\":[{\"@type\":\"SearchAction\",\"target\":{\"@type\":\"EntryPoint\",\"urlTemplate\":\"http:\/\/styleswp.com\/fi\/?s={search_term_string}\"},\"query-input\":\"required name=search_term_string\"}],\"inLanguage\":\"cs\"},{\"@type\":\"WebPage\",\"@id\":\"https:\/\/styleswp.com\/cs\/najdete-si-kurva-kamarada-ve-vasi-oblasti\/#webpage\",\"url\":\"https:\/\/styleswp.com\/cs\/najdete-si-kurva-kamarada-ve-vasi-oblasti\/\",\"name\":\"Najd\\u011bte si kurva kamar\\u00e1da ve va\\u0161\\u00ed oblasti - Relationship Guide\",\"isPartOf\":{\"@id\":\"http:\/\/styleswp.com\/fi\/#website\"},\"datePublished\":\"2022-09-13T11:37:43+00:00\",\"dateModified\":\"2022-09-13T11:37:43+00:00\",\"breadcrumb\":{\"@id\":\"https:\/\/styleswp.com\/cs\/najdete-si-kurva-kamarada-ve-vasi-oblasti\/#breadcrumb\"},\"inLanguage\":\"cs\",\"potentialAction\":[{\"@type\":\"ReadAction\",\"target\":[\"https:\/\/styleswp.com\/cs\/najdete-si-kurva-kamarada-ve-vasi-oblasti\/\"]}]},{\"@type\":\"BreadcrumbList\",\"@id\":\"https:\/\/styleswp.com\/cs\/najdete-si-kurva-kamarada-ve-vasi-oblasti\/#breadcrumb\",\"itemListElement\":[{\"@type\":\"ListItem\",\"position\":1,\"name\":\"Home\",\"item\":\"https:\/\/styleswp.com\/cs\/\"},{\"@type\":\"ListItem\",\"position\":2,\"name\":\"Najd\\u011bte si kurva kamar\\u00e1da ve va\\u0161\\u00ed oblasti\"}]}]}<\/script>\n<!-- \/ Yoast SEO plugin. -->","yoast_head_json":{"title":"Najd\u011bte si kurva kamar\u00e1da ve va\u0161\u00ed oblasti - Relationship Guide","robots":{"index":"index","follow":"follow","max-snippet":"max-snippet:-1","max-image-preview":"max-image-preview:large","max-video-preview":"max-video-preview:-1"},"canonical":"https:\/\/styleswp.com\/cs\/najdete-si-kurva-kamarada-ve-vasi-oblasti\/","og_locale":"cs_CZ","og_type":"article","og_title":"Najd\u011bte si kurva kamar\u00e1da ve va\u0161\u00ed oblasti - Relationship Guide","og_description":"Existuje spousta d\u016fvod\u016f, pro\u010d by n\u011bkdo cht\u011bl naj\u00edt kurva kamar\u00e1da. Mo\u017en\u00e1 jsou svobodn\u00ed a hledaj\u00ed p\u0159\u00edtele, kter\u00fd sd\u00edl\u00ed podobn\u00e9 z\u00e1jmy. Nebo mo\u017en\u00e1 jen cht\u011bj\u00ed prozkoumat [...]","og_url":"https:\/\/styleswp.com\/cs\/najdete-si-kurva-kamarada-ve-vasi-oblasti\/","og_site_name":"Relationship Guide","twitter_card":"summary_large_image","twitter_misc":{"Odhadovan\u00e1 doba \u010dten\u00ed":"3 minuty"},"schema":{"@context":"https:\/\/schema.org","@graph":[{"@type":"WebSite","@id":"http:\/\/styleswp.com\/fi\/#website","url":"http:\/\/styleswp.com\/fi\/","name":"Relationship Guide","description":"Meet Your Match","potentialAction":[{"@type":"SearchAction","target":{"@type":"EntryPoint","urlTemplate":"http:\/\/styleswp.com\/fi\/?s={search_term_string}"},"query-input":"required name=search_term_string"}],"inLanguage":"cs"},{"@type":"WebPage","@id":"https:\/\/styleswp.com\/cs\/najdete-si-kurva-kamarada-ve-vasi-oblasti\/#webpage","url":"https:\/\/styleswp.com\/cs\/najdete-si-kurva-kamarada-ve-vasi-oblasti\/","name":"Najd\u011bte si kurva kamar\u00e1da ve va\u0161\u00ed oblasti - Relationship Guide","isPartOf":{"@id":"http:\/\/styleswp.com\/fi\/#website"},"datePublished":"2022-09-13T11:37:43+00:00","dateModified":"2022-09-13T11:37:43+00:00","breadcrumb":{"@id":"https:\/\/styleswp.com\/cs\/najdete-si-kurva-kamarada-ve-vasi-oblasti\/#breadcrumb"},"inLanguage":"cs","potentialAction":[{"@type":"ReadAction","target":["https:\/\/styleswp.com\/cs\/najdete-si-kurva-kamarada-ve-vasi-oblasti\/"]}]},{"@type":"BreadcrumbList","@id":"https:\/\/styleswp.com\/cs\/najdete-si-kurva-kamarada-ve-vasi-oblasti\/#breadcrumb","itemListElement":[{"@type":"ListItem","position":1,"name":"Home","item":"https:\/\/styleswp.com\/cs\/"},{"@type":"ListItem","position":2,"name":"Najd\u011bte si kurva kamar\u00e1da ve va\u0161\u00ed oblasti"}]}]}},"_links":{"self":[{"href":"https:\/\/styleswp.com\/cs\/wp-json\/wp\/v2\/pages\/111"}],"collection":[{"href":"https:\/\/styleswp.com\/cs\/wp-json\/wp\/v2\/pages"}],"about":[{"href":"https:\/\/styleswp.com\/cs\/wp-json\/wp\/v2\/types\/page"}],"author":[{"embeddable":true,"href":"https:\/\/styleswp.com\/cs\/wp-json\/wp\/v2\/users\/1"}],"replies":[{"embeddable":true,"href":"https:\/\/styleswp.com\/cs\/wp-json\/wp\/v2\/comments?post=111"}],"version-history":[{"count":0,"href":"https:\/\/styleswp.com\/cs\/wp-json\/wp\/v2\/pages\/111\/revisions"}],"wp:attachment":[{"href":"https:\/\/styleswp.com\/cs\/wp-json\/wp\/v2\/media?parent=111"}],"curies":[{"name":"wp","href":"https:\/\/api.w.org\/{rel}","templated":true}]}}